{"id":652,"date":"2015-09-15T20:41:03","date_gmt":"2015-09-15T18:41:03","guid":{"rendered":"http:\/\/elsa.no\/tromso\/?page_id=652"},"modified":"2026-02-03T13:49:19","modified_gmt":"2026-02-03T12:49:19","slug":"forhandlingskonkurransen","status":"publish","type":"page","link":"https:\/\/elsa.no\/tromso\/aktiviteter\/forhandlingskonkurransen\/","title":{"rendered":"Forhandlingskonkurransen"},"content":{"rendered":"<div id='full_slider_1'  class='avia-fullwidth-slider main_color avia-shadow   avia-builder-el-0  el_before_av_textblock  avia-builder-el-first   container_wrap fullsize'  ><div  class='avia-slideshow av-mdp3sz2z-fac52c63103ae78dc145dcb1b57c9806 avia-slideshow-featured av_slideshow_full avia-slide-slider av-slideshow-ui av-control-default av-slideshow-manual av-loop-once av-loop-manual-endless av-default-height-applied   avia-slideshow-1' data-slideshow-options=\"{&quot;animation&quot;:&quot;slide&quot;,&quot;autoplay&quot;:false,&quot;loop_autoplay&quot;:&quot;once&quot;,&quot;interval&quot;:5,&quot;loop_manual&quot;:&quot;manual-endless&quot;,&quot;autoplay_stopper&quot;:false,&quot;noNavigation&quot;:false,&quot;bg_slider&quot;:false,&quot;keep_padding&quot;:false,&quot;hoverpause&quot;:false,&quot;show_slide_delay&quot;:0}\"  itemprop=\"image\" itemscope=\"itemscope\" itemtype=\"https:\/\/schema.org\/ImageObject\" ><ul class='avia-slideshow-inner ' style='padding-bottom: 28.666666666667%;'><li  class='avia-slideshow-slide av-mdp3sz2z-fac52c63103ae78dc145dcb1b57c9806__0  av-single-slide slide-1 slide-odd'><div data-rel='slideshow-1' class='avia-slide-wrap '   ><img decoding=\"async\" class=\"wp-image-3398 avia-img-lazy-loading-not-3398\"  src=\"https:\/\/i0.wp.com\/elsa.no\/tromso\/files\/2025\/10\/Gruppebilde-horisontal-scaled.jpg?resize=1500%2C430&ssl=1\" width=\"1500\" height=\"430\" title='Gruppebilde horisontal' alt=''  itemprop=\"thumbnailUrl\"   \/><\/div><\/li><\/ul><\/div><\/div><div id='after_full_slider_1'  class='main_color av_default_container_wrap container_wrap fullsize'  ><div class='container av-section-cont-open' ><div class='template-page content  av-content-full alpha units'><div class='post-entry post-entry-type-page post-entry-652'><div class='entry-content-wrapper clearfix'>\n<section  class='av_textblock_section av-mdp9fs42-18cb03f3b2c57beaff137cbdc40073ac'  itemscope=\"itemscope\" itemtype=\"https:\/\/schema.org\/CreativeWork\" ><div class='avia_textblock'  itemprop=\"text\" ><h1 style=\"text-align: left;\"><span style=\"color: #0a3087;\">FORHANDLINGSKONKURRANSEN<\/span><\/h1>\n<\/div><\/section>\n<div class='flex_column av-h4qnw-8605f2f0dbed71d930760b91b28f2255 av_one_full  avia-builder-el-2  el_after_av_textblock  el_before_av_tab_section  avia-builder-el-last  first flex_column_div column-top-margin'     ><div  class='avia-video av-mdowb8ut-b466f2d496c06048fdfc8ec26ace1a40 avia-video-16-9 av-no-preview-image avia-video-load-always avia-video-html5'  itemprop=\"video\" itemtype=\"https:\/\/schema.org\/VideoObject\"  data-original_url='https:\/\/elsa.no\/tromso\/files\/2025\/07\/Elsa-Forhandlingskonkurransen-1.mp4'><video class='avia_video'  autoplay playsinline loop preload=\"metadata\" muted controls id='player_652_1506759724_1225263894'><source src='https:\/\/elsa.no\/tromso\/files\/2025\/07\/Elsa-Forhandlingskonkurransen-1.mp4' type='video\/mp4' \/><\/video><\/div><\/div>\n<\/div><\/div><\/div><!-- close content main div --><\/div><\/div><div id='av-tab-section-1'  class='av-tab-section-container entry-content-wrapper main_color av-tab-no-transition av-tab-content-auto  av-tab-above-content  avia-builder-el-4  el_after_av_one_full  avia-builder-el-last  tab-section-not-first container_wrap fullsize'  ><div class='av-tab-section-outer-container av-mhl9fxbj-ed521345d23df003bcefc3c51516ae4b'><div class='av-tab-section-tab-title-container avia-tab-title-padding-default' role='tablist'><a href='#om-konkurransen' data-av-tab-section-title='1' class='av-section-tab-title av-active-tab-title no-scroll av-mhl9ku9u-0c37523c52228f9cd47384e46009e55c av-tab-with-icon av-tab-no-image ' role='tab' tabindex='0' aria-controls='av-tab-section-1-1'><span class='av-tab-section-icon' aria-hidden='true' data-av_icon='\ue81e' data-av_iconfont='entypo-fontello'><\/span><span class='av-outer-tab-title'><span class='av-inner-tab-title'>Om konkurransen<\/span><\/span><span class=\"av-tab-arrow-container\"><span><\/span><\/span><\/a><a href='#pmelding' data-av-tab-section-title='2' class='av-section-tab-title  av-mhl987f0-0ffa08edb60e578107ed94cda5512c38 av-tab-with-icon av-tab-no-image ' role='tab' tabindex='0' aria-controls='av-tab-section-1-2'><span class='av-tab-section-icon' aria-hidden='true' data-av_icon='\ue82d' data-av_iconfont='entypo-fontello'><\/span><span class='av-outer-tab-title'><span class='av-inner-tab-title'>P\u00e5melding<\/span><\/span><span class=\"av-tab-arrow-container\"><span><\/span><\/span><\/a><a href='#faktum' data-av-tab-section-title='3' class='av-section-tab-title  av-mhl98kaf-65849aae9d16992ecce72c1d05224110 av-tab-with-icon av-tab-no-image ' role='tab' tabindex='0' aria-controls='av-tab-section-1-3'><span class='av-tab-section-icon' aria-hidden='true' data-av_icon='\ue84c' data-av_iconfont='entypo-fontello'><\/span><span class='av-outer-tab-title'><span class='av-inner-tab-title'>Faktum<\/span><\/span><span class=\"av-tab-arrow-container\"><span><\/span><\/span><\/a><a href='#reglement' data-av-tab-section-title='4' class='av-section-tab-title  av-mhl97ff6-60b7a865abde7ef98b3f7111e4527e02 av-tab-with-icon av-tab-no-image ' role='tab' tabindex='0' aria-controls='av-tab-section-1-4'><span class='av-tab-section-icon' aria-hidden='true' data-av_icon='\ue83e' data-av_iconfont='entypo-fontello'><\/span><span class='av-outer-tab-title'><span class='av-inner-tab-title'>Reglement<\/span><\/span><span class=\"av-tab-arrow-container\"><span><\/span><\/span><\/a><\/div><div class='avia-slideshow-arrows av-tabsection-arrow' ><a href='#prev' class='prev-slide av_prev_tab_section av-tab-section-slide' aria-hidden='true' data-av_icon='\ue87c' data-av_iconfont='entypo-fontello'  tabindex='-1'>Previous<\/a><a href='#next' class='next-slide av_next_tab_section av-tab-section-slide' aria-hidden='true' data-av_icon='\ue87d' data-av_iconfont='entypo-fontello'  tabindex='-1'>Next<\/a><\/div><div class='av-tab-section-inner-container avia-section-default' style='width:400vw; left:0%;'><span class=\"av_prev_tab_section av_tab_navigation\"><\/span><span class=\"av_next_tab_section av_tab_navigation\"><\/span>\n\n<style type=\"text\/css\" data-created_by=\"avia_inline_auto\" id=\"style-css-av-mhl9ku9u-0c37523c52228f9cd47384e46009e55c\">\n.av-layout-tab.av-mhl9ku9u-0c37523c52228f9cd47384e46009e55c{\nvertical-align:top;\n}\n<\/style>\n<div id='av-tab-section-1-1' class='av-layout-tab av-mhl9ku9u-0c37523c52228f9cd47384e46009e55c av-animation-delay-container  avia-builder-el-5  el_before_av_tab_sub_section  avia-builder-el-first  av-active-tab-content __av_init_open ' data-av-deeplink-tabs=\"\" data-av-tab-section-content=\"1\" data-tab-section-id=\"om-konkurransen\"><div class=\"av-layout-tab-inner\"><div class=\"container\"><section  class='av_textblock_section av-mhl9m2n4-bed9281840249896c9a7ca337c58e7d7'  itemscope=\"itemscope\" itemtype=\"https:\/\/schema.org\/CreativeWork\" ><div class='avia_textblock'  itemprop=\"text\" ><p><strong>Forhandlingskonkurransen 2025<\/strong><\/p>\n<p>Det er kun et f\u00e5tall av juridiske konflikter som ender i retten, og forhandlinger er en del av hverdagen til jurister. I Forhandlingskonkurransen vil ikke deltakerne pr\u00f8ves i juridisk metode, men i forhandlingsteknikk.<\/p>\n<p>Konkurransen gir dermed en god mulighet til \u00e5 \u00f8ve seg p\u00e5 en yrkesrelevant situasjon, som i liten grad ellers er tilgjengelig i l\u00f8pet av studiet.<\/p>\n<p>Det inneb\u00e6rer dessuten at studenter stiller med like utgangspunkt p\u00e5 tvers av avdelingene.<\/p>\n<p><strong>Konkurransens gang:<\/strong><\/p>\n<p>Forhandlingskonkurransen er en konkurranse i forhandlingsteknikk der to og to lag m\u00f8ter hverandre, for \u00e5 forhandle frem en avtale. Konkurransen har tre runder, kvartfinale, semifinale og finale. For hver runde av konkurransen vil lagene som m\u00f8tes representere en part i en tvist. De to f\u00f8rste rundene holdes bak lukkede d\u00f8rer, alts\u00e5 uten publikum, og med publikum i finalerunden.<\/p>\n<p>I forkant av forhandlingene f\u00e5r lagene tildelt et dokument med felles informasjon, og et dokument med konfidensiell informasjon for sin part. Dermed vil det kunne komme frem uventede opplysninger under forhandlingsrunden, som vil utfordre deltakernes evne til \u00e5 tenke raskt i forhandlingssituasjon.<\/p>\n<p>Alle deltakende lag f\u00e5r en veileder under forberedelsene til konkurransen.<\/p>\n<p>Hver runde best\u00e5r av f\u00f8r-forhandling, hvor lagene representerer sine strategier for dommerne. Deretter er det 60 minutter \u00e5pen forhandling. Lagene har mulighet til \u00e5 trekke seg tilbake for interne diskusjoner underveis i forhandlingene, etter avtale med motpart.<\/p>\n<p>Etter forhandlingene trekker dommerne seg tilbake for \u00e5 vurdere lagene, og tildeler dem poeng etter ulike kriterier. Etter at dommerne har vurdert lagene, gir de hvert lag en tilbakemelding i 10-15 minutter. Under tilbakemeldingen f\u00e5r ikke lagene vite hvilken poengsum de eller motstanderne har f\u00e5tt.<\/p>\n<p>Etter at alle lagene har forhandlet, vil vinnerne avsl\u00f8res. De fire beste lagene fra f\u00f8rste runde g\u00e5r videre til andre runde, og vinnerne av forhandlingene i andre runde g\u00e5r videre til finalerunden. Laget som vinner finalen av den lokale forhandlingskonkurransen g\u00e5r videre til \u00e5 delta i den nasjonale konkurransen.<\/p>\n<p><strong>Veien videre<\/strong><\/p>\n<p>I tillegg til erfaring, premier, heder og \u00e6re, er ogs\u00e5 ELSA forbindelser i internasjonal sammenheng en god grunn til deltakelse. Vinnerlaget av den nasjonale konkurransen f\u00e5r anledning til \u00e5 delta i den internasjonale konkurransen, The international Negotiation Competition (INC). INC setter fokus p\u00e5 forhandlingsteknikk i forbindelse med internasjonale transaksjoner og tvister. Vinnerne av den nasjonale konkurransen f\u00e5r mulighet til \u00e5 reise til spennende steder. I 2019 ble for eksempel INC avholdt i Tokyo.<\/p>\n<\/div><\/section>\n<\/div><\/div><\/div>\n<style type=\"text\/css\" data-created_by=\"avia_inline_auto\" id=\"style-css-av-mhl987f0-0ffa08edb60e578107ed94cda5512c38\">\n.av-layout-tab.av-mhl987f0-0ffa08edb60e578107ed94cda5512c38{\nvertical-align:top;\n}\n<\/style>\n<div id='av-tab-section-1-2' class='av-layout-tab av-mhl987f0-0ffa08edb60e578107ed94cda5512c38 av-animation-delay-container  avia-builder-el-7  el_after_av_tab_sub_section  el_before_av_tab_sub_section  ' data-av-deeplink-tabs=\"\" data-av-tab-section-content=\"2\" data-tab-section-id=\"pmelding\"><div class=\"av-layout-tab-inner\"><div class=\"container\"><section  class='av_textblock_section av-mhl9b322-1a01fb5872a2a9576703702142970f3f'  itemscope=\"itemscope\" itemtype=\"https:\/\/schema.org\/CreativeWork\" ><div class='avia_textblock'  itemprop=\"text\" ><p>P\u00e5meldingen for forhandlingskonkurransen 2026 er\u00a0<strong>stengt<\/strong>.<\/p>\n<\/div><\/section>\n<\/div><\/div><\/div>\n<style type=\"text\/css\" data-created_by=\"avia_inline_auto\" id=\"style-css-av-mhl98kaf-65849aae9d16992ecce72c1d05224110\">\n.av-layout-tab.av-mhl98kaf-65849aae9d16992ecce72c1d05224110{\nvertical-align:top;\n}\n<\/style>\n<div id='av-tab-section-1-3' class='av-layout-tab av-mhl98kaf-65849aae9d16992ecce72c1d05224110 av-animation-delay-container  avia-builder-el-9  el_after_av_tab_sub_section  el_before_av_tab_sub_section  ' data-av-deeplink-tabs=\"\" data-av-tab-section-content=\"3\" data-tab-section-id=\"faktum\"><div class=\"av-layout-tab-inner\"><div class=\"container\"><div  class='togglecontainer av-mhlam2vc-4caa9e8b1e92ad57d33cb7eb4d5e8750 av-elegant-toggle  avia-builder-el-10  avia-builder-el-no-sibling  toggle_close_all' >\n<section class='av_toggle_section av-mhlakg6y-cc06c454ab52840d359eff74d5a433a2'  itemscope=\"itemscope\" itemtype=\"https:\/\/schema.org\/CreativeWork\" ><div role=\"tablist\" class=\"single_toggle\" data-tags=\"{All} \"  ><p data-fake-id='#toggle-id-1' class='toggler   '  itemprop=\"headline\"  role='tab' tabindex='0' aria-controls='toggle-id-1'>2025<span class=\"toggle_icon\"><span class=\"vert_icon\"><\/span><span class=\"hor_icon\"><\/span><\/span><\/p><div id='toggle-id-1' class='toggle_wrap  '  ><div class='toggle_content invers-color '  itemprop=\"text\" ><p>Kvartfinale<\/p>\n<p>Semifinale<\/p>\n<p>Finalen<\/p>\n<\/div><\/div><\/div><\/section>\n<section class='av_toggle_section av-mhlal1mn-fc43b73d0b1e4c8df791a27bf87475c8'  itemscope=\"itemscope\" itemtype=\"https:\/\/schema.org\/CreativeWork\" ><div role=\"tablist\" class=\"single_toggle\" data-tags=\"{All} \"  ><p data-fake-id='#toggle-id-2' class='toggler   '  itemprop=\"headline\"  role='tab' tabindex='0' aria-controls='toggle-id-2'>2024<span class=\"toggle_icon\"><span class=\"vert_icon\"><\/span><span class=\"hor_icon\"><\/span><\/span><\/p><div id='toggle-id-2' class='toggle_wrap  '  ><div class='toggle_content invers-color '  itemprop=\"text\" ><p><a href=\"https:\/\/elsa.no\/tromso\/files\/2024\/02\/Finale-forhandlingskonkurransen-faktum.docx\">Finalen<\/a><\/p>\n<\/div><\/div><\/div><\/section>\n<\/div>\n<\/div><\/div><\/div>\n<style type=\"text\/css\" data-created_by=\"avia_inline_auto\" id=\"style-css-av-mhl97ff6-60b7a865abde7ef98b3f7111e4527e02\">\n.av-layout-tab.av-mhl97ff6-60b7a865abde7ef98b3f7111e4527e02{\nvertical-align:top;\n}\n<\/style>\n<div id='av-tab-section-1-4' class='av-layout-tab av-mhl97ff6-60b7a865abde7ef98b3f7111e4527e02 av-animation-delay-container  avia-builder-el-11  el_after_av_tab_sub_section  avia-builder-el-last  ' data-av-deeplink-tabs=\"\" data-av-tab-section-content=\"4\" data-tab-section-id=\"reglement\"><div class=\"av-layout-tab-inner\"><div class=\"container\"><div class='flex_column av-9mw5o-65ab1eebc27092ecf4cbea6fa792e11b av_one_full  avia-builder-el-12  avia-builder-el-no-sibling  first flex_column_div '     ><section  class='av_textblock_section av-mhl9albo-f9917cbd165074445bfc71ebda842bc6'  itemscope=\"itemscope\" itemtype=\"https:\/\/schema.org\/CreativeWork\" ><div class='avia_textblock'  itemprop=\"text\" ><p><strong>REGLEMENT FOR ELSA TROMS\u00d8S FORHANDLINGSKONKURRANSE\u00a0<\/strong><\/p>\n<p><strong>\u00a7 1 Definisjon<\/strong><\/p>\n<p>Den lokale forhandlingskonkurransen i Troms\u00f8 er en konkurranse der studenter ved Det juridiske fakultetet ved Universitetet i Troms\u00f8 \u2013 Norges arktiske universitet forhandler mot hverandre i et simulert forhandlingsm\u00f8te.<\/p>\n<p><strong>\u00a7 2 Adgang til \u00e5 delta<\/strong><\/p>\n<p>Enhver student med studierett ved Det juridiske fakultet ved Universitetet i Troms\u00f8 \u2013 Norges arktiske universitet har mulighet til \u00e5 delta i Forhandlingskonkurransen.<\/p>\n<p><strong>\u00a7 3 Lag<\/strong><\/p>\n<p>Hvert lag skal best\u00e5 av to deltagere. Lagene settes sammen av studentene selv, uavhengig av hvilken avdeling de befinner seg p\u00e5.<\/p>\n<p>Det reserveres plass til ett lag fra hver avdeling. Ellers gjelder \u201df\u00f8rste mann til m\u00f8lla\u201d-prinsippet. Dersom en avdeling ikke blir representert skal det suppleres med det f\u00f8rste laget p\u00e5 ventelisten n\u00e5r p\u00e5meldingsfristen er utl\u00f8pt.<\/p>\n<p><strong>\u00a7 4 Gangen i konkurransen<\/strong><\/p>\n<p>Tidspunkt for p\u00e5melding kunngj\u00f8res ved oppslag eller p\u00e5 en annen hensiktsmessig m\u00e5te.<\/p>\n<p>Forhandlingskonkurransen skal best\u00e5 av \u00e5tte lag, hvorav to og to lag konkurrerer mot hverandre i hver runde. Vinnere av hver runde g\u00e5r videre til semifinale og finale. Vinnerne av den lokale Forhandlingskonkurransen vil forplikte seg til \u00e5 delta i ELSA Norges Nasjonale Forhandlingskonkurranse.<\/p>\n<p>Dersom det deltar mindre enn \u00e5tte lag vil laget uten motstander automatisk g\u00e5 videre til neste runde.<\/p>\n<p><strong>\u00a7 5 Gjennomf\u00f8ring av de enkelte rundene<\/strong><\/p>\n<p>Lagene i de enkelte rundene kunngj\u00f8res ved oppslag eller p\u00e5 en annen hensiktsmessig m\u00e5te.<\/p>\n<p>Hvert lag skal bare representere \u00e9n part i tvisten.<\/p>\n<p>Hvilken part det enkelte lag skal representere, avgj\u00f8res ved loddtrekning der deltagerne er til stede. Deretter vil det skje en orientering om hvor forhandlingene skal finne sted, samt rutiner.<\/p>\n<p>Ingen kommunikasjon og bruk av tekniske hjelpemidler er tillatt i forberedelsestiden til f\u00f8rste og andre runde. Kalkulator er tillatt.<\/p>\n<p>Det vil v\u00e6re mulighet for \u00e5 trekke seg tilbake for interne diskusjoner underveis i forhandlingene, etter avtale med motpart.<\/p>\n<p>Samtlige deltagere m\u00e5 delta i forhandlingene.<\/p>\n<p><strong>\u00a7 5-1 F\u00f8rste runde<\/strong><\/p>\n<p>Oppgaven utleveres to timer f\u00f8r forhandlingene starter. I forberedelsestiden vil hvert av lagene f\u00e5 inntil 20 minutter veiledning.<\/p>\n<p>Lagene presenterer deretter sin strategi for dommerne i fem minutter p\u00e5 forberedelsesrommet. Det skal i f\u00f8rste runde v\u00e6re en dommer tilstede under presentasjonen av lagets strategi.<\/p>\n<p>N\u00e5r dommerne har f\u00e5tt presentert strategi fra alle lagene, s\u00e5 m\u00f8tes lagene p\u00e5 forhandlingsrommet og forhandlingene starter. Maksimal tid p\u00e5 forhandlingene er 60 minutter.<\/p>\n<p>F\u00f8rste runde vil foreg\u00e5 for lukkede d\u00f8rer med kun dommere og lagene som forhandler mot hverandre tilstede.<\/p>\n<p><strong>\u00a7 5-2 Andre runde<\/strong><\/p>\n<p>Til andre runde utleveres oppgaven tre timer f\u00f8r forhandlingene starter. I forberedelsestiden vil hvert av lagene f\u00e5 inntil 30 minutter veiledning.<\/p>\n<p>Lagene presenterer deretter sin strategi for dommerne i fem minutter p\u00e5 forberedelsesrommet.<\/p>\n<p>I andre runde skal to dommere v\u00e6re tilstede under presentasjonen av lagets strategi.<\/p>\n<p>N\u00e5r dommerne har f\u00e5tt presentert strategi fra alle lagene, s\u00e5 m\u00f8tes lagene p\u00e5 forhandlingsrommet og forhandlingene starter. Maksimal tid p\u00e5 forhandlingene er 60 minutter.<\/p>\n<p>Andre runde vil foreg\u00e5 for lukkede d\u00f8rer med kun dommere og lagene som forhandler mot hverandre tilstede.<\/p>\n<p><strong>\u00a7 5-3 Finalerunden<\/strong><\/p>\n<p>I finalerunden vil lagene f\u00e5 utlevert oppgaven syv dager f\u00f8r forhandlingene starter. I forberedelsestiden vil hvert av lagene f\u00e5 mulighet til inntil to timer veiledning. Deretter presenterer hvert lag sin strategi for dommerne i ti minutter, og forhandlingene starter. I finalerunden skal alle dommerne v\u00e6re tilstede under presentasjonen av lagets strategi. Forhandlingstiden i finalerunden er p\u00e5 maksimalt 60 minutter.<\/p>\n<p>Oppgaven i finalerunden er p\u00e5 engelsk, men forhandlingsspr\u00e5ket vil v\u00e6re p\u00e5 norsk.<\/p>\n<p>Finalerunden vil v\u00e6re \u00e5pen for publikum.<\/p>\n<p><strong>\u00a7 6 Dommere<\/strong><\/p>\n<p>Dommere og veiledere i alle runder er jurister, eller kyndige personer med tilknytning til forhandlinger.<\/p>\n<p>F\u00f8rste runde bed\u00f8mmes av \u00e9n dommer. Andre runde bed\u00f8mmes av to dommere. Finalerunden bed\u00f8mmes av tre dommere.<\/p>\n<p>Dersom det blir vanskelig \u00e5 f\u00e5 tak i dommere, vil bare \u00e9n dommer d\u00f8mme i finalen.<\/p>\n<p><strong>\u00a7 7 Bed\u00f8mmelse<\/strong><\/p>\n<p>Dommerne bed\u00f8mmer hvert lag etter et dommerevalueringsskjema som dommerne er gjort kjent med i forkant av konkurransen. Vinnerne av hver runde skal k\u00e5res basert p\u00e5 den eventuelle avtalen de kommer frem til og de teknikkene som brukes underveis.<\/p>\n<p>Det er ikke adgang til \u00e5 klage p\u00e5 dommernes begrunnelse eller avgj\u00f8relse.<\/p>\n<p><strong>\u00a7 8 Oppgavens innhold<\/strong><\/p>\n<p>Oppgavene lages av jurister, eller andre kyndige personer med tilknytning til forhandlinger. I de to f\u00f8rste rundene er oppgaven p\u00e5 norsk. I finalerunden vil oppgaven v\u00e6re p\u00e5 engelsk.<\/p>\n<p>Oppgaven vil inneholde konfidensiell informasjon til hvert lag som motparten ikke har innsyn i. Dermed vil det i l\u00f8pet av konkurransen kunne komme frem opplysninger som er uventede, noe som vil utfordre deltakernes evne til \u00e5 tenke raskt i en forhandlingssituasjon. Selve oppgaven g\u00e5r ikke p\u00e5 materiell juss, men evnen til \u00e5 forhandle frem til det beste resultatet for sin klient.<\/p>\n<p><strong>\u00a7 9 Regelbrudd og diskvalifikasjon<\/strong><\/p>\n<p>Lag som uteblir fra konkurransen blir diskvalifisert.<\/p>\n<p>Brudd p\u00e5 reglementet kan f\u00f8re til diskvalifikasjon, eller utestengelse.<\/p>\n<p>Dersom et lag blir diskvalifisert g\u00e5r motstanderlaget automatisk videre til neste runde.<\/p>\n<p><strong>\u00a7 10 Endringer, utfyllende regler mv.<\/strong><\/p>\n<p>Dersom det under avviklingen av konkurransen oppst\u00e5r uavklarte problemer av noen art, har arrang\u00f8ren rett til \u00e5 avgj\u00f8re den videre framgangsm\u00e5ten.<\/p>\n<p>Det tas forbehold om endring av ordlyd i reglementet for samkj\u00f8ring med Den Nasjonale Forhandlingskonkurransen. Det kan gis utfyllende regler av arrang\u00f8ren underveis.<\/p>\n<p><em>Oppdatert og gjeldende pr. 11.11.20.<\/em><\/p>\n<\/div><\/section><\/div>\n<\/div><\/div><\/div><\/div><\/div><\/div>\n","protected":false},"excerpt":{"rendered":"","protected":false},"author":11,"featured_media":0,"parent":3579,"menu_order":3000,"comment_status":"closed","ping_status":"closed","template":"","meta":{"jetpack_post_was_ever_published":false,"footnotes":""},"class_list":["post-652","page","type-page","status-publish","hentry"],"jetpack_sharing_enabled":true,"jetpack_shortlink":"https:\/\/wp.me\/P7Vtc6-aw","jetpack-related-posts":[],"_links":{"self":[{"href":"https:\/\/elsa.no\/tromso\/wp-json\/wp\/v2\/pages\/652","targetHints":{"allow":["GET"]}}],"collection":[{"href":"https:\/\/elsa.no\/tromso\/wp-json\/wp\/v2\/pages"}],"about":[{"href":"https:\/\/elsa.no\/tromso\/wp-json\/wp\/v2\/types\/page"}],"author":[{"embeddable":true,"href":"https:\/\/elsa.no\/tromso\/wp-json\/wp\/v2\/users\/11"}],"replies":[{"embeddable":true,"href":"https:\/\/elsa.no\/tromso\/wp-json\/wp\/v2\/comments?post=652"}],"version-history":[{"count":46,"href":"https:\/\/elsa.no\/tromso\/wp-json\/wp\/v2\/pages\/652\/revisions"}],"predecessor-version":[{"id":3764,"href":"https:\/\/elsa.no\/tromso\/wp-json\/wp\/v2\/pages\/652\/revisions\/3764"}],"up":[{"embeddable":true,"href":"https:\/\/elsa.no\/tromso\/wp-json\/wp\/v2\/pages\/3579"}],"wp:attachment":[{"href":"https:\/\/elsa.no\/tromso\/wp-json\/wp\/v2\/media?parent=652"}],"curies":[{"name":"wp","href":"https:\/\/api.w.org\/{rel}","templated":true}]}}