{"id":46,"date":"2012-08-07T21:50:19","date_gmt":"2012-08-07T19:50:19","guid":{"rendered":"http:\/\/elsa.no\/tromso\/?page_id=46"},"modified":"2025-11-05T03:30:41","modified_gmt":"2025-11-05T02:30:41","slug":"prosedyrekonkurransen","status":"publish","type":"page","link":"https:\/\/elsa.no\/tromso\/aktiviteter\/prosedyrekonkurransen\/","title":{"rendered":"Prosedyrekonkurransen"},"content":{"rendered":"<div id='full_slider_1'  class='avia-fullwidth-slider main_color avia-shadow   avia-builder-el-0  el_before_av_textblock  avia-builder-el-first   container_wrap fullsize'  ><div  class='avia-slideshow av-mdp28lsi-b6ac9c85f5fc6ab9b6f2ae4eea119753 avia-slideshow-featured av_slideshow_full avia-slide-slider av-slideshow-ui av-control-default av-slideshow-manual av-loop-once av-loop-manual-endless av-default-height-applied   avia-slideshow-1' data-slideshow-options=\"{&quot;animation&quot;:&quot;slide&quot;,&quot;autoplay&quot;:false,&quot;loop_autoplay&quot;:&quot;once&quot;,&quot;interval&quot;:5,&quot;loop_manual&quot;:&quot;manual-endless&quot;,&quot;autoplay_stopper&quot;:false,&quot;noNavigation&quot;:false,&quot;bg_slider&quot;:false,&quot;keep_padding&quot;:false,&quot;hoverpause&quot;:false,&quot;show_slide_delay&quot;:0}\"  itemprop=\"image\" itemscope=\"itemscope\" itemtype=\"https:\/\/schema.org\/ImageObject\" ><ul class='avia-slideshow-inner ' style='padding-bottom: 28.666666666667%;'><li  class='avia-slideshow-slide av-mdp28lsi-b6ac9c85f5fc6ab9b6f2ae4eea119753__0  av-single-slide slide-1 slide-odd'><div data-rel='slideshow-1' class='avia-slide-wrap '   ><img decoding=\"async\" class=\"wp-image-3398 avia-img-lazy-loading-not-3398\"  src=\"https:\/\/i0.wp.com\/elsa.no\/tromso\/files\/2025\/10\/Gruppebilde-horisontal-scaled.jpg?resize=1500%2C430&ssl=1\" width=\"1500\" height=\"430\" title='Gruppebilde horisontal' alt=''  itemprop=\"thumbnailUrl\"   \/><\/div><\/li><\/ul><\/div><\/div><div id='after_full_slider_1'  class='main_color av_default_container_wrap container_wrap fullsize'  ><div class='container av-section-cont-open' ><div class='template-page content  av-content-full alpha units'><div class='post-entry post-entry-type-page post-entry-46'><div class='entry-content-wrapper clearfix'>\n<section  class='av_textblock_section av-mdp296yl-07566803f59a9486aafb46fd927603bc'  itemscope=\"itemscope\" itemtype=\"https:\/\/schema.org\/CreativeWork\" ><div class='avia_textblock'  itemprop=\"text\" ><h1><span style=\"color: #0a3087\">Prosedyrekonkurransen<\/span><\/h1>\n<\/div><\/section>\n\n<style type=\"text\/css\" data-created_by=\"avia_inline_auto\" id=\"style-css-av-mdp2dv5g-db725fca9c68f9fa3283b8fa1371af89\">\n.avia-icon-grid-container.av-mdp2dv5g-db725fca9c68f9fa3283b8fa1371af89 .avia-icongrid{\njustify-content:space-between;\n}\n.avia-icon-grid-container.av-mdp2dv5g-db725fca9c68f9fa3283b8fa1371af89 .avia-icongrid-wrapper .article-icon-entry{\nbackground-color:#ffffff;\n}\n.avia-icon-grid-container.av-mdp2dv5g-db725fca9c68f9fa3283b8fa1371af89 .avia-icongrid-wrapper .avia-icongrid-icon{\ncolor:#0a3087;\n}\n.avia-icon-grid-container.av-mdp2dv5g-db725fca9c68f9fa3283b8fa1371af89 .avia-icongrid-wrapper .avia-icongrid-content{\nbackground-color:#ffffff;\n}\n.avia-icon-grid-container.av-mdp2dv5g-db725fca9c68f9fa3283b8fa1371af89 .avia-icongrid-wrapper .avia-icongrid-flipback{\nbackground-color:#ffffff;\n}\n<\/style>\n<div  class='avia-icon-grid-container av-mdp2dv5g-db725fca9c68f9fa3283b8fa1371af89  avia-builder-el-2  el_after_av_textblock  el_before_av_hr ' ><ul id='avia-icongrid-69ea41b4cad9a' class='avia-icongrid clearfix avia_animate_when_almost_visible avia-icongrid-tooltip avia-icongrid-numrow-3 avia-cell-space-between av-flex-cells av-break-767 av-can-break-50'>\n<li class='av-icon-cell-item av-row-with-3-cells av-row-nr-1 av-cell-1 av-first-cell-row av-first-cell-item'><div class='avia-icongrid-wrapper av-mdp2catn-086b6ac85eb517d0f7963e73e1a1ce1c'><article class='article-icon-entry av-icongrid-empty'  itemscope=\"itemscope\" itemtype=\"https:\/\/schema.org\/CreativeWork\" ><div class='avia-icongrid-front '><div class=\"avia-icongrid-inner\"><div class='avia-icongrid-icon avia-font-entypo-fontello'><span class='icongrid-char' aria-hidden='true' data-av_icon='\ue80a' data-av_iconfont='entypo-fontello'><\/span><\/div><header class=\"entry-content-header\"><h4 class='av_icongrid_title icongrid_title '  itemprop=\"headline\" >Godkjent muntlig presentasjon<\/h4><\/header><\/div><\/div><div class='avia-icongrid-content' data-class-flipback=''><div class=\"avia-icongrid-inner\"><div class='avia-icongrid-text'  itemprop=\"text\" ><\/div><\/div><\/div><\/article><\/div><\/li>\n<li class='av-icon-cell-item av-row-with-3-cells av-row-nr-1 av-cell-2 av-first-cell-row av-inner-cell-item'><div class='avia-icongrid-wrapper av-mdp2cqm1-9fa3ace64994513b5c28fe17830fa19e'><article class='article-icon-entry av-icongrid-empty'  itemscope=\"itemscope\" itemtype=\"https:\/\/schema.org\/CreativeWork\" ><div class='avia-icongrid-front '><div class=\"avia-icongrid-inner\"><div class='avia-icongrid-icon avia-font-entypo-fontello'><span class='icongrid-char' aria-hidden='true' data-av_icon='\ue8c9' data-av_iconfont='entypo-fontello'><\/span><\/div><header class=\"entry-content-header\"><h4 class='av_icongrid_title icongrid_title '  itemprop=\"headline\" >L\u00e6rerikt<\/h4><\/header><\/div><\/div><div class='avia-icongrid-content' data-class-flipback=''><div class=\"avia-icongrid-inner\"><div class='avia-icongrid-text'  itemprop=\"text\" ><\/div><\/div><\/div><\/article><\/div><\/li>\n<li class='av-icon-cell-item av-row-with-3-cells av-row-nr-1 av-cell-3 av-first-cell-row av-last-cell-item'><div class='avia-icongrid-wrapper av-mdp2djs8-afd9feca964d142c8ff684aaaa68519b'><article class='article-icon-entry av-icongrid-empty'  itemscope=\"itemscope\" itemtype=\"https:\/\/schema.org\/CreativeWork\" ><div class='avia-icongrid-front '><div class=\"avia-icongrid-inner\"><div class='avia-icongrid-icon avia-font-entypo-fontello'><span class='icongrid-char' aria-hidden='true' data-av_icon='\ue8a8' data-av_iconfont='entypo-fontello'><\/span><\/div><header class=\"entry-content-header\"><h4 class='av_icongrid_title icongrid_title '  itemprop=\"headline\" >Deltakere fra alle avdelinger kan bli med<\/h4><\/header><\/div><\/div><div class='avia-icongrid-content' data-class-flipback=''><div class=\"avia-icongrid-inner\"><div class='avia-icongrid-text'  itemprop=\"text\" ><\/div><\/div><\/div><\/article><\/div><\/li>\n<\/ul><\/div>\n<div  class='hr av-2ryki-f828144b4a1c05b66ea9f04f1d2376cc hr-default  avia-builder-el-3  el_after_av_icongrid  el_before_av_tab_section  avia-builder-el-last '><span class='hr-inner '><span class=\"hr-inner-style\"><\/span><\/span><\/div>\n<\/div><\/div><\/div><!-- close content main div --><\/div><\/div><div id='av-tab-section-1'  class='av-tab-section-container entry-content-wrapper main_color av-tab-no-transition av-tab-content-auto  av-tab-above-content  avia-builder-el-4  el_after_av_hr  el_before_av_textblock  tab-section-not-first container_wrap fullsize'  ><div class='av-tab-section-outer-container av-mhlagnx9-2521567b9660474b43659931b63cd168'><div class='av-tab-section-tab-title-container avia-tab-title-padding-default' role='tablist'><a href='#om-konkurransen' data-av-tab-section-title='1' class='av-section-tab-title av-active-tab-title no-scroll av-mhla5n6d-65bc9a0eaec529c80b5e97da4c794b1f av-tab-with-icon av-tab-no-image ' role='tab' tabindex='0' aria-controls='av-tab-section-1-1'><span class='av-tab-section-icon' aria-hidden='true' data-av_icon='\ue81e' data-av_iconfont='entypo-fontello'><\/span><span class='av-outer-tab-title'><span class='av-inner-tab-title'>Om konkurransen<\/span><\/span><span class=\"av-tab-arrow-container\"><span><\/span><\/span><\/a><a href='#pmelding' data-av-tab-section-title='2' class='av-section-tab-title  av-mhla69qe-af7a2cb3a9320e27ece708724aef336f av-tab-with-icon av-tab-no-image ' role='tab' tabindex='0' aria-controls='av-tab-section-1-2'><span class='av-tab-section-icon' aria-hidden='true' data-av_icon='\ue82d' data-av_iconfont='entypo-fontello'><\/span><span class='av-outer-tab-title'><span class='av-inner-tab-title'>P\u00e5melding<\/span><\/span><span class=\"av-tab-arrow-container\"><span><\/span><\/span><\/a><a href='#faktum' data-av-tab-section-title='3' class='av-section-tab-title  av-mhla6vdk-925ba81efdbdb858583dba9a0eb4b85c av-tab-with-icon av-tab-no-image ' role='tab' tabindex='0' aria-controls='av-tab-section-1-3'><span class='av-tab-section-icon' aria-hidden='true' data-av_icon='\ue84c' data-av_iconfont='entypo-fontello'><\/span><span class='av-outer-tab-title'><span class='av-inner-tab-title'>Faktum<\/span><\/span><span class=\"av-tab-arrow-container\"><span><\/span><\/span><\/a><a href='#reglement' data-av-tab-section-title='4' class='av-section-tab-title  av-mhlafetn-2af62c54acc6a07d694a16175ba2b8aa av-tab-with-icon av-tab-no-image ' role='tab' tabindex='0' aria-controls='av-tab-section-1-4'><span class='av-tab-section-icon' aria-hidden='true' data-av_icon='\ue83e' data-av_iconfont='entypo-fontello'><\/span><span class='av-outer-tab-title'><span class='av-inner-tab-title'>Reglement<\/span><\/span><span class=\"av-tab-arrow-container\"><span><\/span><\/span><\/a><\/div><div class='avia-slideshow-arrows av-tabsection-arrow' ><a href='#prev' class='prev-slide av_prev_tab_section av-tab-section-slide' aria-hidden='true' data-av_icon='\ue87c' data-av_iconfont='entypo-fontello'  tabindex='-1'>Previous<\/a><a href='#next' class='next-slide av_next_tab_section av-tab-section-slide' aria-hidden='true' data-av_icon='\ue87d' data-av_iconfont='entypo-fontello'  tabindex='-1'>Next<\/a><\/div><div class='av-tab-section-inner-container avia-section-default' style='width:400vw; left:0%;'><span class=\"av_prev_tab_section av_tab_navigation\"><\/span><span class=\"av_next_tab_section av_tab_navigation\"><\/span>\n\n<style type=\"text\/css\" data-created_by=\"avia_inline_auto\" id=\"style-css-av-mhla5n6d-65bc9a0eaec529c80b5e97da4c794b1f\">\n.av-layout-tab.av-mhla5n6d-65bc9a0eaec529c80b5e97da4c794b1f{\nvertical-align:top;\n}\n<\/style>\n<div id='av-tab-section-1-1' class='av-layout-tab av-mhla5n6d-65bc9a0eaec529c80b5e97da4c794b1f av-animation-delay-container  avia-builder-el-5  el_before_av_tab_sub_section  avia-builder-el-first  av-active-tab-content __av_init_open ' data-av-deeplink-tabs=\"\" data-av-tab-section-content=\"1\" data-tab-section-id=\"om-konkurransen\"><div class=\"av-layout-tab-inner\"><div class=\"container\"><section  class='av_textblock_section av-mhla5zg7-6c8bd1447cbf89ef13c1c6c036b45110'  itemscope=\"itemscope\" itemtype=\"https:\/\/schema.org\/CreativeWork\" ><div class='avia_textblock'  itemprop=\"text\" ><p>ELSA Troms\u00f8 arrangerer \u00e5rlig en konkurranse i prosedyreteknikk. Konkurransen utl\u00f8per seg som en fiktiv rettssak hvor deltakerne utfordres i \u00e5 l\u00f8se faglig relevante problemstillinger foran et panel best\u00e5ende av kyndige jurister.<\/p>\n<p>To lag m\u00f8tes hver runde som henholdsvis saks\u00f8ker og saks\u00f8kte. Lagene best\u00e5r av 1-2 studenter. De prosederer i 20 minutter hver, med utgangspunkt i et p\u00e5 forh\u00e5nd utdelt faktum.<\/p>\n<p>Det avholdes tre runder, hvor de beste g\u00e5r videre fra hver runde. \u00c5tte lag deltar i kvartfinale, fire lag blir sendt videre til semifinalen, og to lag sendes videre til den storsl\u00e5tte finalen. Vinnerlaget stikker av med 15 000,- og representerer fakultetet i den nasjonale prosedyrekonkurransen. Her konkurrerer vinnerlagene fra de juridiske fakultet i Oslo, Bergen og Troms\u00f8 mot hverandre.<\/p>\n<p>Under forberedelsene f\u00e5r hvert lag tildelt en kompetent veileder som f\u00f8lger dem personlig gjennom konkurransens l\u00f8p. Som regel vil veilederne v\u00e6re frivillige jurister fra lokale advokatkontorer, n\u00e6ringslivet og fakultetet.<\/p>\n<p>Prosedyrekonkurransen gir deltakerne en unik mulighet til \u00e5 utvikle seg faglig, danne nettverk og anskaffe relevante erfaringer.<\/p>\n<\/div><\/section>\n<\/div><\/div><\/div>\n<style type=\"text\/css\" data-created_by=\"avia_inline_auto\" id=\"style-css-av-mhla69qe-af7a2cb3a9320e27ece708724aef336f\">\n.av-layout-tab.av-mhla69qe-af7a2cb3a9320e27ece708724aef336f{\nvertical-align:top;\n}\n<\/style>\n<div id='av-tab-section-1-2' class='av-layout-tab av-mhla69qe-af7a2cb3a9320e27ece708724aef336f av-animation-delay-container  avia-builder-el-7  el_after_av_tab_sub_section  el_before_av_tab_sub_section  ' data-av-deeplink-tabs=\"\" data-av-tab-section-content=\"2\" data-tab-section-id=\"pmelding\"><div class=\"av-layout-tab-inner\"><div class=\"container\"><section  class='av_textblock_section av-mhla6imw-f919a2741674af9f9d065fea47248b9e'  itemscope=\"itemscope\" itemtype=\"https:\/\/schema.org\/CreativeWork\" ><div class='avia_textblock'  itemprop=\"text\" ><p>P\u00e5meldingen for 2025 er\u00a0<strong>stengt<\/strong>.<\/p>\n<\/div><\/section>\n<\/div><\/div><\/div>\n<style type=\"text\/css\" data-created_by=\"avia_inline_auto\" id=\"style-css-av-mhla6vdk-925ba81efdbdb858583dba9a0eb4b85c\">\n.av-layout-tab.av-mhla6vdk-925ba81efdbdb858583dba9a0eb4b85c{\nvertical-align:top;\n}\n<\/style>\n<div id='av-tab-section-1-3' class='av-layout-tab av-mhla6vdk-925ba81efdbdb858583dba9a0eb4b85c av-animation-delay-container  avia-builder-el-9  el_after_av_tab_sub_section  el_before_av_tab_sub_section  ' data-av-deeplink-tabs=\"\" data-av-tab-section-content=\"3\" data-tab-section-id=\"faktum\"><div class=\"av-layout-tab-inner\"><div class=\"container\">\n<style type=\"text\/css\" data-created_by=\"avia_inline_auto\" id=\"style-css-av-mhlamwg5-35a52dcd3afecce8f8246ca79569370f\">\n#top .togglecontainer.av-mhlamwg5-35a52dcd3afecce8f8246ca79569370f p.toggler{\nbackground-color:#ffffff;\n}\n#top .togglecontainer.av-mhlamwg5-35a52dcd3afecce8f8246ca79569370f p.toggler .toggle_icon{\ncolor:#ffffff;\nborder-color:#ffffff;\n}\n#top .togglecontainer.av-mhlamwg5-35a52dcd3afecce8f8246ca79569370f p.toggler .toggle_icon > span{\ncolor:#ffffff;\nborder-color:#ffffff;\n}\n#top .togglecontainer.av-mhlamwg5-35a52dcd3afecce8f8246ca79569370f .toggle_wrap .toggle_content{\nbackground-color:#ffffff;\n}\n<\/style>\n<div  class='togglecontainer av-mhlamwg5-35a52dcd3afecce8f8246ca79569370f av-elegant-toggle  avia-builder-el-10  avia-builder-el-no-sibling  toggle_close_all' >\n<section class='av_toggle_section av-1ycwm-649b028cc5644a94d840ba9136032151'  itemscope=\"itemscope\" itemtype=\"https:\/\/schema.org\/CreativeWork\" ><div role=\"tablist\" class=\"single_toggle\" data-tags=\"{All} \"  ><p data-fake-id='#toggle-id-1' class='toggler   '  itemprop=\"headline\"  role='tab' tabindex='0' aria-controls='toggle-id-1'>2025<span class=\"toggle_icon\"><span class=\"vert_icon\"><\/span><span class=\"hor_icon\"><\/span><\/span><\/p><div id='toggle-id-1' class='toggle_wrap  '  ><div class='toggle_content invers-color '  itemprop=\"text\" ><p><a href=\"https:\/\/elsa.no\/tromso\/files\/2025\/09\/Faktum-\u2013-kvartfinalen.pdf\">Kvartfinale<\/a><\/p>\n<p><a href=\"https:\/\/elsa.no\/tromso\/files\/2025\/09\/Faktum-til-semifinale-2025.pdf\">Semifinale<\/a><\/p>\n<p><a href=\"https:\/\/elsa.no\/tromso\/files\/2025\/10\/Faktum-ELSAs-prosedyrekonkurranse-finale-2025.pdf\">Finalen<\/a><\/p>\n<\/div><\/div><\/div><\/section>\n<section class='av_toggle_section av-1m0du-6fd142e10b90a6a437ac285e8385ec3e'  itemscope=\"itemscope\" itemtype=\"https:\/\/schema.org\/CreativeWork\" ><div role=\"tablist\" class=\"single_toggle\" data-tags=\"{All} \"  ><p data-fake-id='#toggle-id-2' class='toggler   '  itemprop=\"headline\"  role='tab' tabindex='0' aria-controls='toggle-id-2'>2024<span class=\"toggle_icon\"><span class=\"vert_icon\"><\/span><span class=\"hor_icon\"><\/span><\/span><\/p><div id='toggle-id-2' class='toggle_wrap  '  ><div class='toggle_content invers-color '  itemprop=\"text\" ><p>Kvartfinale<\/p>\n<p><a href=\"https:\/\/elsa.no\/tromso\/files\/2024\/10\/ELSAs-prodedyrekonkurranse-2024-faktum-semifinale.pdf\">Semifinale<\/a><\/p>\n<p><a href=\"https:\/\/elsa.no\/tromso\/files\/2024\/10\/Finalefaktum-prosedyrekonkurransen-2024.pdf\">Finalen<\/a><\/p>\n<\/div><\/div><\/div><\/section>\n<section class='av_toggle_section av-yva6-84662724a29685c33fd7bd0dd92d3671'  itemscope=\"itemscope\" itemtype=\"https:\/\/schema.org\/CreativeWork\" ><div role=\"tablist\" class=\"single_toggle\" data-tags=\"{All} \"  ><p data-fake-id='#toggle-id-3' class='toggler   '  itemprop=\"headline\"  role='tab' tabindex='0' aria-controls='toggle-id-3'>2023<span class=\"toggle_icon\"><span class=\"vert_icon\"><\/span><span class=\"hor_icon\"><\/span><\/span><\/p><div id='toggle-id-3' class='toggle_wrap  '  ><div class='toggle_content invers-color '  itemprop=\"text\" ><p>Kvartfinale<\/p>\n<p><a href=\"https:\/\/elsa.no\/tromso\/files\/2023\/10\/Faktum-semifinale.docx\">Semifinale<\/a><\/p>\n<p><a href=\"https:\/\/elsa.no\/tromso\/files\/2023\/10\/Faktum-finale.docx\">Finalen<\/a><\/p>\n<\/div><\/div><\/div><\/section>\n<\/div>\n<\/div><\/div><\/div>\n<style type=\"text\/css\" data-created_by=\"avia_inline_auto\" id=\"style-css-av-mhlafetn-2af62c54acc6a07d694a16175ba2b8aa\">\n.av-layout-tab.av-mhlafetn-2af62c54acc6a07d694a16175ba2b8aa{\nvertical-align:top;\n}\n<\/style>\n<div id='av-tab-section-1-4' class='av-layout-tab av-mhlafetn-2af62c54acc6a07d694a16175ba2b8aa av-animation-delay-container  avia-builder-el-11  el_after_av_tab_sub_section  avia-builder-el-last  ' data-av-deeplink-tabs=\"\" data-av-tab-section-content=\"4\" data-tab-section-id=\"reglement\"><div class=\"av-layout-tab-inner\"><div class=\"container\"><section  class='av_textblock_section av-mhlafwf4-c56d4376899b31ab75218383e69ae6c9'  itemscope=\"itemscope\" itemtype=\"https:\/\/schema.org\/CreativeWork\" ><div class='avia_textblock'  itemprop=\"text\" ><p><strong>\u00a7 1 Definisjon<\/strong><\/p>\n<p>Den lokale prosedyrekonkurransen i Troms\u00f8 er en konkurranse der studenter ved Det juridiske fakultetet ved Universitetet i Troms\u00f8 prosederer mot hverandre i en simulert rettssak.<\/p>\n<p><strong>\u00a7 2 Adgang til \u00e5 delta<\/strong><\/p>\n<p>Enhver student med studierett ved Det juridiske fakultet ved Universitetet i Troms\u00f8 har mulighet til \u00e5 delta i prosedyrekonkurransen.<\/p>\n<p><strong>\u00a7 3 Lag<\/strong><\/p>\n<p>Hvert lag skal ha minimum en og maksimum to deltakere. Lagene settes sammen av studentene selv, uavhengig av hvilke studie\u00e5r de befinner seg p\u00e5.<\/p>\n<p><strong>\u00a7 4 Oppgavens innhold<\/strong><\/p>\n<p>(1) Hver runde i konkurransen tar utgangspunkt i en praktikumsoppgave. Den samme oppgaven gis til alle deltakende lag. Faktum i oppgaveteksten er utt\u00f8mmende. Deltakerne har ikke anledning til \u00e5 innhente faktiske opplysninger av betydning for rettssp\u00f8rsm\u00e5let andre steder.<\/p>\n<p>(2) Oppgaver hentes fra avtalerett, erstatningsrett, obligasjonsrett, forvaltningsrett, folkerett, EU\/E\u00d8S-rett og menneskerettigheter. Til minst en av rundene skal oppgaven inneholde elementer som reflekterer ELSA\u2019s International Focus Programme.<\/p>\n<p><strong>\u00a7 5 Gangen i konkurransen<\/strong><\/p>\n<p>(1) Tidspunkt for p\u00e5melding kunngj\u00f8res ved oppslag. Det reserveres plass til ett lag fra hver avdeling. Ellers gjelder \u201df\u00f8rste mann til m\u00f8lla\u201d-prinsippet. Dersom en avdeling ikke blir representert skal det suppleres med det f\u00f8rste laget p\u00e5 ventelisten n\u00e5r p\u00e5meldingsfristen er utl\u00f8pt.<\/p>\n<p>(2) Cup-modellen anvendes. Vinnerne i hver runde g\u00e5r videre til semifinale og finale. Dersom det deltar mindre enn 8 lag vil det bli opp til dommerpanelet \u00e5 avgj\u00f8re hvilket av de tapende lag som g\u00e5r videre. Vinnerne av den lokale Prosedyrekonkurransen forplikter seg til \u00e5 delta i ELSA Norges Nasjonale Prosedyrekonkurranse.<\/p>\n<p><strong>\u00a7 6 Gjennomf\u00f8ring av de enkelte rundene<\/strong><\/p>\n<p>(1) Lagene i de enkelte rundene kunngj\u00f8res ved oppslag eller p\u00e5 annen hensiktsmessig m\u00e5te.<\/p>\n<p>(2) Hvert lag skal representere den part eller de partene laget har blitt tildelt. Hvilken part det enkelte lag skal representere, avgj\u00f8res ved loddtrekning der deltagerne er til stede, samt en orientering av rutiner for konkurransen.<\/p>\n<p>(3) I kvart- finalen og semi-finalen skal partene prosedere de anf\u00f8rsler som er angitt i faktum. Lagene kan allikevel fritt frafalle anf\u00f8rsler.<\/p>\n<p>(4) I semifinalen og finalen skal laget som representerer saks\u00f8ker innen tre d\u00f8gn etter utlevering av oppgaven sende en oversikt over de anf\u00f8rsler laget vil gj\u00f8re gjeldende til ansvarlig for Prosedyrekonkurransen. Deretter skal ansvarlig sende oversikten til laget som representerer saks\u00f8kte.<\/p>\n<p>(5) Innen to d\u00f8gn etter overleveringen m\u00e5 laget som representerer saks\u00f8kte sende en oversikt over sine anf\u00f8rsler til ansvarlig for Prosedyrekonkurransen.. Eventuelle innsigelser mot motstanderens oversikt m\u00e5 fremsettes skriftlig til ansvarlig umiddelbart og senest innen 12 timer etter at oversikten er mottatt<\/p>\n<p>(6) Hvert av lagene f\u00e5r 20 minutter til prosedyren, med mulighet for 5 minutter til replikk eller duplikk.\u00a0<span class=\"TextRun Highlight SCXW6711372\" lang=\"NB-NO\" xml:lang=\"NB-NO\"><span class=\"NormalTextRun SCXW6711372\">Tidtakingen settes p\u00e5 pause under sp\u00f8rsm\u00e5l fra dommerne, og startes igjen n\u00e5r sp\u00f8rsm\u00e5let er besvart<\/span><\/span><\/p>\n<p>(7) Lagene vil f\u00e5 beskjed n\u00e5r tiden er ute, og har da kun mulighet til \u00e5 legge ned p\u00e5stand.<\/p>\n<p>(8) Samtlige deltagere m\u00e5 prosedere.<\/p>\n<p>(9) Prosedyrekonkurransen er \u00e5pen for publikum. Deltagende lag har ikke adgang til \u00e5 h\u00f8re andre saker enn sin egen.<\/p>\n<p>(10) Deltagerne har ikke lov til \u00e5 kommunisere med utenforst\u00e5ende, herunder veileder, underveis i prosedyren. Slik kommunikasjon kan f\u00f8re til diskvalifikasjon.<\/p>\n<p><strong>\u00a7 7 Rett til veiledere<\/strong><\/p>\n<p>Deltakerlagene har rett til veiledning fra en kyndig jurist. Veiledningen kan ikke skje under lagets prosedyre i konkurransen. Kontakt mellom veileder og lag er ikke tillatt mens noen av lagene prosederer.<\/p>\n<p><strong>\u00a7 8 Dommere<\/strong><\/p>\n<p>Dommere i alle runder er jurister. S\u00e5 vidt mulig bed\u00f8mmes kvart og semifinalene av tre dommere, finalerunden av fem dommere. Dersom det blir vanskelig \u00e5 f\u00e5 tak i dommere, vil bare en dommer d\u00f8mme i kvart og semifinalene, og tre i finalerunden.<\/p>\n<p><strong>\u00a7 9 Regelbrudd og diskvalifikasjon<\/strong><\/p>\n<p>(1) Lag som uteblir fra konkurransen blir diskvalifisert.<\/p>\n<p>(2) Brudd p\u00e5 reglementet kan f\u00f8re til utestengelse.<\/p>\n<p>(3) Dersom et lag blir diskvalifisert i kvartfinalen, gjennomf\u00f8rer motparten sin prosedyre. Dommerne vurderer laget som mangler motpart opp mot de tapende lagene i de andre rundene.<\/p>\n<p>(4) I semifinalen gjennomf\u00f8rer motparten sin prosedyre, og vurderes opp mot den tapende part i den andre runden.<\/p>\n<p><strong>\u00a7 10 Bed\u00f8mmelse<\/strong><\/p>\n<p>(1) Dommerne har 10 minutter til \u00e5 bestemme seg. Ved bed\u00f8mmelse legges det vekt p\u00e5 deltagernes juridiske kunnskaper samt deres argumentasjon, ryddighet og spr\u00e5kbruk. Juridiske kunnskaper og fremf\u00f8ring tillegges like stor vekt. Det skal tas hensyn til hvor vanskelig det er \u00e5 representere den enkelte part. For \u00f8vrig anvendes vanlig dommerskj\u00f8nn. Dommerne b\u00f8r s\u00e5 langt som mulig gi en muntlig begrunnelse for sitt resultat.<\/p>\n<p>(2) Det er ikke adgang til \u00e5 klage p\u00e5 dommernes begrunnelse eller avgj\u00f8relse.<\/p>\n<p><strong>\u00a7 11 Endringer, utfyllende regler m.v.<\/strong><\/p>\n<p>Dersom det under avviklingen av konkurransen oppst\u00e5r uavklarte problemer av noen art, har arrang\u00f8ren rett til \u00e5 avgj\u00f8re den videre framgangsm\u00e5ten. Det tas forbehold om endring av ordlyd i reglementet for samkj\u00f8ring med den Nasjonale Prosedyrekonkurransen. Det kan ikke skje etter at de muntlige rundene er innledet. Det kan gis utfyllende regler av arrang\u00f8ren.<\/p>\n<p><em>Oppdatert og gjeldende pr. 09.09.2025<\/em><\/p>\n<\/div><\/section>\n<\/div><\/div><\/div><\/div><\/div><\/div><div id='after_tab_section_1'  class='main_color av_default_container_wrap container_wrap fullsize'  ><div class='container av-section-cont-open' ><div class='template-page content  av-content-full alpha units'><div class='post-entry post-entry-type-page post-entry-46'><div class='entry-content-wrapper clearfix'><section  class='av_textblock_section av-mhla53yd-f836b4fca49c4230541be8f34024d908'  itemscope=\"itemscope\" itemtype=\"https:\/\/schema.org\/CreativeWork\" ><div class='avia_textblock'  itemprop=\"text\" ><h2>Kontakt Director for Prosedyrekonkurransen<\/h2>\n<\/div><\/section>\n\n","protected":false},"excerpt":{"rendered":"","protected":false},"author":1,"featured_media":0,"parent":3579,"menu_order":2000,"comment_status":"closed","ping_status":"closed","template":"","meta":{"jetpack_post_was_ever_published":false,"footnotes":""},"class_list":["post-46","page","type-page","status-publish","hentry"],"jetpack_sharing_enabled":true,"jetpack_shortlink":"https:\/\/wp.me\/P7Vtc6-K","jetpack-related-posts":[],"_links":{"self":[{"href":"https:\/\/elsa.no\/tromso\/wp-json\/wp\/v2\/pages\/46","targetHints":{"allow":["GET"]}}],"collection":[{"href":"https:\/\/elsa.no\/tromso\/wp-json\/wp\/v2\/pages"}],"about":[{"href":"https:\/\/elsa.no\/tromso\/wp-json\/wp\/v2\/types\/page"}],"author":[{"embeddable":true,"href":"https:\/\/elsa.no\/tromso\/wp-json\/wp\/v2\/users\/1"}],"replies":[{"embeddable":true,"href":"https:\/\/elsa.no\/tromso\/wp-json\/wp\/v2\/comments?post=46"}],"version-history":[{"count":49,"href":"https:\/\/elsa.no\/tromso\/wp-json\/wp\/v2\/pages\/46\/revisions"}],"predecessor-version":[{"id":3583,"href":"https:\/\/elsa.no\/tromso\/wp-json\/wp\/v2\/pages\/46\/revisions\/3583"}],"up":[{"embeddable":true,"href":"https:\/\/elsa.no\/tromso\/wp-json\/wp\/v2\/pages\/3579"}],"wp:attachment":[{"href":"https:\/\/elsa.no\/tromso\/wp-json\/wp\/v2\/media?parent=46"}],"curies":[{"name":"wp","href":"https:\/\/api.w.org\/{rel}","templated":true}]}}