{"id":3550,"date":"2025-11-05T02:42:41","date_gmt":"2025-11-05T01:42:41","guid":{"rendered":"https:\/\/elsa.no\/tromso\/?page_id=3550"},"modified":"2025-11-22T04:15:18","modified_gmt":"2025-11-22T03:15:18","slug":"internasjonale-moter","status":"publish","type":"page","link":"https:\/\/elsa.no\/tromso\/aktiviteter\/internasjonale-moter\/","title":{"rendered":"Nasjonale og internasjonale m\u00f8ter"},"content":{"rendered":"<div id='full_slider_1'  class='avia-fullwidth-slider main_color avia-shadow   avia-builder-el-0  el_before_av_textblock  avia-builder-el-first   container_wrap fullsize'  ><div  class='avia-slideshow av-mhlckywh-f7cd97845e318c14d94e788326be5fde avia-slideshow-featured av_slideshow_full avia-slide-slider av-slideshow-ui av-control-default av-slideshow-manual av-loop-once av-loop-manual-endless av-default-height-applied   avia-slideshow-1' data-slideshow-options=\"{&quot;animation&quot;:&quot;slide&quot;,&quot;autoplay&quot;:false,&quot;loop_autoplay&quot;:&quot;once&quot;,&quot;interval&quot;:5,&quot;loop_manual&quot;:&quot;manual-endless&quot;,&quot;autoplay_stopper&quot;:false,&quot;noNavigation&quot;:false,&quot;bg_slider&quot;:false,&quot;keep_padding&quot;:false,&quot;hoverpause&quot;:false,&quot;show_slide_delay&quot;:0}\"  itemprop=\"image\" itemscope=\"itemscope\" itemtype=\"https:\/\/schema.org\/ImageObject\" ><ul class='avia-slideshow-inner ' style='padding-bottom: 28.666666666667%;'><li  class='avia-slideshow-slide av-mhlckywh-f7cd97845e318c14d94e788326be5fde__0  av-single-slide slide-1 slide-odd'><div data-rel='slideshow-1' class='avia-slide-wrap '   ><img decoding=\"async\" class=\"wp-image-3398 avia-img-lazy-loading-not-3398\"  src=\"https:\/\/i0.wp.com\/elsa.no\/tromso\/files\/2025\/10\/Gruppebilde-horisontal-scaled.jpg?resize=1500%2C430&ssl=1\" width=\"1500\" height=\"430\" title='Gruppebilde horisontal' alt=''  itemprop=\"thumbnailUrl\"   \/><\/div><\/li><\/ul><\/div><\/div><div id='after_full_slider_1'  class='main_color av_default_container_wrap container_wrap fullsize'  ><div class='container av-section-cont-open' ><div class='template-page content  av-content-full alpha units'><div class='post-entry post-entry-type-page post-entry-3550'><div class='entry-content-wrapper clearfix'>\n<section  class='av_textblock_section av-mhlc1zb7-a51566838838046471c02d0923b23ef9'  itemscope=\"itemscope\" itemtype=\"https:\/\/schema.org\/CreativeWork\" ><div class='avia_textblock'  itemprop=\"text\" ><h1>Nasjonale og internasjonale m\u00f8ter<\/h1>\n<\/div><\/section>\n\n<style type=\"text\/css\" data-created_by=\"avia_inline_auto\" id=\"style-css-av-mhlchzxi-679cbf8ccf1d5ff4d8f395430409bd50\">\n.av-tab-section-outer-container.av-mhlchzxi-679cbf8ccf1d5ff4d8f395430409bd50 .av-tab-section-tab-title-container{\nbackground-color:#0a3087;\n}\n#top .av-tab-section-outer-container.av-mhlchzxi-679cbf8ccf1d5ff4d8f395430409bd50 .av-section-tab-title{\ncolor:#ffffff;\n}\n#top .av-tab-section-outer-container.av-mhlchzxi-679cbf8ccf1d5ff4d8f395430409bd50 .av-active-tab-title.av-section-tab-title{\ncolor:#ff7400;\n}\n#top .av-tab-section-outer-container.av-mhlchzxi-679cbf8ccf1d5ff4d8f395430409bd50 .av-section-tab-title:hover{\ncolor:#ff7400;\n}\n#top .av-tab-section-outer-container.av-mhlchzxi-679cbf8ccf1d5ff4d8f395430409bd50 .av-active-tab-title.av-section-tab-title:hover{\ncolor:#ff7400;\n}\n<\/style>\n<\/div><\/div><\/div><!-- close content main div --><\/div><\/div><div id='av-tab-section-1'  class='av-tab-section-container entry-content-wrapper main_color av-tab-slide-transition av-tab-content-auto  av-tab-above-content  avia-builder-el-2  el_after_av_textblock  avia-builder-el-last  tab-section-not-first container_wrap fullsize'  ><div class='av-tab-section-outer-container av-mhlchzxi-679cbf8ccf1d5ff4d8f395430409bd50'><div class='av-tab-section-tab-title-container avia-tab-title-padding-default av-custom-tab-color' role='tablist'><a href='#landsmtet-ncm' data-av-tab-section-title='1' class='av-section-tab-title av-active-tab-title no-scroll av-mhlc5jdu-38c0f8f1c697c51788a3289647230ce4 av-tab-no-icon av-tab-no-image ' role='tab' tabindex='0' aria-controls='av-tab-section-1-1'><span class='av-outer-tab-title'><span class='av-inner-tab-title'>Landsm\u00f8tet (NCM)<\/span><\/span><span class=\"av-tab-arrow-container\"><span><\/span><\/span><\/a><a href='#international-council-meeting-icm' data-av-tab-section-title='2' class='av-section-tab-title  av-mhlc9oct-2e75db0bfeaf171c6f9145085f47829a av-tab-no-icon av-tab-no-image ' role='tab' tabindex='0' aria-controls='av-tab-section-1-2'><span class='av-outer-tab-title'><span class='av-inner-tab-title'>International Council Meeting (ICM)<\/span><\/span><span class=\"av-tab-arrow-container\"><span><\/span><\/span><\/a><a href='#nordic-officers-meeting-nom' data-av-tab-section-title='3' class='av-section-tab-title  av-mhlcakxh-d81507438e0632229a8c84a9ec3bd8d1 av-tab-no-icon av-tab-no-image ' role='tab' tabindex='0' aria-controls='av-tab-section-1-3'><span class='av-outer-tab-title'><span class='av-inner-tab-title'>Nordic Officers\u2019 Meeting (NOM)<\/span><\/span><span class=\"av-tab-arrow-container\"><span><\/span><\/span><\/a><a href='#international-training-meeting-itm' data-av-tab-section-title='4' class='av-section-tab-title  av-mhlcbtzr-588e64fe602d98fd4c2d4faaa0e2ee8f av-tab-no-icon av-tab-no-image ' role='tab' tabindex='0' aria-controls='av-tab-section-1-4'><span class='av-outer-tab-title'><span class='av-inner-tab-title'>International Training Meeting (ITM)<\/span><\/span><span class=\"av-tab-arrow-container\"><span><\/span><\/span><\/a><a href='#international-strategy-meeting-ism' data-av-tab-section-title='5' class='av-section-tab-title  av-mhlccngw-1d4701bb38c8de821461f3890feee631 av-tab-no-icon av-tab-no-image ' role='tab' tabindex='0' aria-controls='av-tab-section-1-5'><span class='av-outer-tab-title'><span class='av-inner-tab-title'>International Strategy Meeting (ISM)  <\/span><\/span><span class=\"av-tab-arrow-container\"><span><\/span><\/span><\/a><a href='#generalforsamling' data-av-tab-section-title='6' class='av-section-tab-title  av-mhlcd8do-f3331c0db243107ab8dd4a8f151aaa53 av-tab-no-icon av-tab-no-image ' role='tab' tabindex='0' aria-controls='av-tab-section-1-6'><span class='av-outer-tab-title'><span class='av-inner-tab-title'>Generalforsamling<\/span><\/span><span class=\"av-tab-arrow-container\"><span><\/span><\/span><\/a><\/div><div class='avia-slideshow-arrows av-tabsection-arrow' ><a href='#prev' class='prev-slide av_prev_tab_section av-tab-section-slide' aria-hidden='true' data-av_icon='\ue87c' data-av_iconfont='entypo-fontello'  tabindex='-1'>Previous<\/a><a href='#next' class='next-slide av_next_tab_section av-tab-section-slide' aria-hidden='true' data-av_icon='\ue87d' data-av_iconfont='entypo-fontello'  tabindex='-1'>Next<\/a><\/div><div class='av-tab-section-inner-container avia-section-default' style='width:600vw; left:0%;'><span class=\"av_prev_tab_section av_tab_navigation\"><\/span><span class=\"av_next_tab_section av_tab_navigation\"><\/span>\n\n<style type=\"text\/css\" data-created_by=\"avia_inline_auto\" id=\"style-css-av-mhlc5jdu-38c0f8f1c697c51788a3289647230ce4\">\n.av-layout-tab.av-mhlc5jdu-38c0f8f1c697c51788a3289647230ce4{\nvertical-align:top;\n}\n<\/style>\n<div id='av-tab-section-1-1' class='av-layout-tab av-mhlc5jdu-38c0f8f1c697c51788a3289647230ce4 av-animation-delay-container  avia-builder-el-3  el_before_av_tab_sub_section  avia-builder-el-first  av-active-tab-content __av_init_open ' data-av-deeplink-tabs=\"\" data-av-tab-section-content=\"1\" data-tab-section-id=\"landsmtet-ncm\"><div class=\"av-layout-tab-inner\"><div class=\"container\"><section  class='av_textblock_section av-mhlc8h18-527c898771a348813208e7e8447e4413'  itemscope=\"itemscope\" itemtype=\"https:\/\/schema.org\/CreativeWork\" ><div class='avia_textblock'  itemprop=\"text\" ><p>Landsm\u00f8tet er ELSA Norways \u00f8verste organ, og arrangeres to ganger i \u00e5ret. P\u00e5 h\u00f8stsemesteret arrangeres det som regel mellom siste halvdel av september og f\u00f8rste halvdel av oktober. P\u00e5 v\u00e5rsemesteret arrangeres det mellom siste halvdel av februar og mars. P\u00e5 landsm\u00f8tet er det deltakere fra alle lokalgruppene til ELSA Norway &#8211; Troms\u00f8, Bergen, Oslo, Stavanger og Kristiansand.<\/p>\n<p>Deltakelse p\u00e5 landsm\u00f8tet skjer gjennom lokalgruppen din. Du kan ta kontakt med din lokale <a href=\"mailto: &#115;&#x65;c&#103;&#x65;n&#46;&#x74;r&#111;&#x6d;s&#111;&#x40;n&#111;&#x2e;e&#108;&#x73;a&#46;&#x6f;r&#103;\">Secretary General<\/a> for \u00e5 s\u00f8ke, eller ved sp\u00f8rsm\u00e5l.<\/p>\n<\/div><\/section>\n<\/div><\/div><\/div>\n<style type=\"text\/css\" data-created_by=\"avia_inline_auto\" id=\"style-css-av-mhlc9oct-2e75db0bfeaf171c6f9145085f47829a\">\n.av-layout-tab.av-mhlc9oct-2e75db0bfeaf171c6f9145085f47829a{\nvertical-align:top;\n}\n<\/style>\n<div id='av-tab-section-1-2' class='av-layout-tab av-mhlc9oct-2e75db0bfeaf171c6f9145085f47829a av-animation-delay-container  avia-builder-el-5  el_after_av_tab_sub_section  el_before_av_tab_sub_section  ' data-av-deeplink-tabs=\"\" data-av-tab-section-content=\"2\" data-tab-section-id=\"international-council-meeting-icm\"><div class=\"av-layout-tab-inner\"><div class=\"container\"><section  class='av_textblock_section av-mhlcacym-fdb07c2dcf6a42ddb4699847a35b7816'  itemscope=\"itemscope\" itemtype=\"https:\/\/schema.org\/CreativeWork\" ><div class='avia_textblock'  itemprop=\"text\" ><p>ICM er ELSA International sitt \u00f8verste organ, og samles to ganger i \u00e5ret. P\u00e5 h\u00f8stsemesteret skjer dette i oktober-november, og p\u00e5 v\u00e5rsemesteret i mars-april. ICM har mellom 400 og 600 deltakere og varer i en uke fra s\u00f8ndag til l\u00f8rdag. P\u00e5 dagene er det workshops i omr\u00e5dene eller storm\u00f8ter, og p\u00e5 kveldene er det sosial program. Her samles klart flest jusstudenter fra 44 land i Europa, i tillegg til alle samarbeidspartnerne til ELSA. Secretary General i ELSA Norwat administrerer ELSA Norways deltakelse p\u00e5 ICM, og kan kontaktes p\u00e5 <a href=\"&#109;&#x61;i&#108;&#x74;o&#58;&#x73;e&#99;&#x67;e&#110;&#x40;n&#111;&#x2e;e&#108;&#x73;a&#46;&#x6f;r&#103;\">&#x73;e&#x63;&#103;&#x65;&#x6e;&#64;&#x6e;&#111;&#x2e;&#x65;l&#x73;&#97;&#x2e;&#x6f;r&#x67;<\/a>\u00a0ved sp\u00f8rsm\u00e5l.<\/p>\n<\/div><\/section>\n<\/div><\/div><\/div>\n<style type=\"text\/css\" data-created_by=\"avia_inline_auto\" id=\"style-css-av-mhlcakxh-d81507438e0632229a8c84a9ec3bd8d1\">\n.av-layout-tab.av-mhlcakxh-d81507438e0632229a8c84a9ec3bd8d1{\nvertical-align:top;\n}\n<\/style>\n<div id='av-tab-section-1-3' class='av-layout-tab av-mhlcakxh-d81507438e0632229a8c84a9ec3bd8d1 av-animation-delay-container  avia-builder-el-7  el_after_av_tab_sub_section  el_before_av_tab_sub_section  ' data-av-deeplink-tabs=\"\" data-av-tab-section-content=\"3\" data-tab-section-id=\"nordic-officers-meeting-nom\"><div class=\"av-layout-tab-inner\"><div class=\"container\"><section  class='av_textblock_section av-mhlcb6wc-c530730a88c28fa94f5aec97c36fe26a'  itemscope=\"itemscope\" itemtype=\"https:\/\/schema.org\/CreativeWork\" ><div class='avia_textblock'  itemprop=\"text\" ><p>NOM er et m\u00f8te for aktive ELSA-medlemmer i de nordiske ELSA-landene, og samler i overkant av 100 jusstudenter fra Norge, Sverige, Danmark, Finland, Island og internasjonale gjester i november hvert \u00e5r. M\u00f8tet g\u00e5r over en helg fra fredag til s\u00f8ndag. P\u00e5 dagene er det workshops i omr\u00e5dene, og om kvelden er det sosialt program. Secretary General i ELSA Norway administrerer ELSA Norways deltakelse p\u00e5 NOM, og kan kontaktes p\u00e5 <a href=\"mai&#108;&#116;&#111;&#x3a;&#x73;&#x65;&#x63;&#x67;&#x65;n&#64;n&#111;&#46;&#101;&#108;&#x73;&#x61;&#x2e;&#x6f;&#x72;&#x67;\">&#x73;e&#x63;g&#x65;&#110;&#x40;&#110;o&#x2e;e&#x6c;&#115;&#x61;&#46;&#x6f;&#114;g<\/a>\u00a0ved sp\u00f8rsm\u00e5l.<\/p>\n<\/div><\/section>\n<\/div><\/div><\/div>\n<style type=\"text\/css\" data-created_by=\"avia_inline_auto\" id=\"style-css-av-mhlcbtzr-588e64fe602d98fd4c2d4faaa0e2ee8f\">\n.av-layout-tab.av-mhlcbtzr-588e64fe602d98fd4c2d4faaa0e2ee8f{\nvertical-align:top;\n}\n<\/style>\n<div id='av-tab-section-1-4' class='av-layout-tab av-mhlcbtzr-588e64fe602d98fd4c2d4faaa0e2ee8f av-animation-delay-container  avia-builder-el-9  el_after_av_tab_sub_section  el_before_av_tab_sub_section  ' data-av-deeplink-tabs=\"\" data-av-tab-section-content=\"4\" data-tab-section-id=\"international-training-meeting-itm\"><div class=\"av-layout-tab-inner\"><div class=\"container\"><section  class='av_textblock_section av-mhlccc4o-61de434020df86e937cfd4b2d2ef489f'  itemscope=\"itemscope\" itemtype=\"https:\/\/schema.org\/CreativeWork\" ><div class='avia_textblock'  itemprop=\"text\" ><p>ITM er et m\u00f8te der aktive ELSA-medlemmer l\u00e6res opp i vervet sitt. Forma\u030alet med m\u00f8tet er a\u030a at ELSA-medlemmene skal fa\u030a grunnleggende kunnskap og oppl\u00e6ring i sa\u030akalt ELSA-kunnskap, altsa\u030a hvordan man ut\u00f8ver vervet sitt og hvordan organisasjonen fungerer. M\u00f8tet avholdes innen de to f\u00f8rste ma\u030anedene av styreperioden, altsa\u030a i august-september. Hvert land har a\u030atte garanterte plasser og m\u00f8tet holdes digitalt fra torsdag til s\u00f8ndag.<\/p>\n<\/div><\/section>\n<\/div><\/div><\/div>\n<style type=\"text\/css\" data-created_by=\"avia_inline_auto\" id=\"style-css-av-mhlccngw-1d4701bb38c8de821461f3890feee631\">\n.av-layout-tab.av-mhlccngw-1d4701bb38c8de821461f3890feee631{\nvertical-align:top;\n}\n<\/style>\n<div id='av-tab-section-1-5' class='av-layout-tab av-mhlccngw-1d4701bb38c8de821461f3890feee631 av-animation-delay-container  avia-builder-el-11  el_after_av_tab_sub_section  el_before_av_tab_sub_section  ' data-av-deeplink-tabs=\"\" data-av-tab-section-content=\"5\" data-tab-section-id=\"international-strategy-meeting-ism\"><div class=\"av-layout-tab-inner\"><div class=\"container\"><section  class='av_textblock_section av-mhlccuw4-8c3ebfe7c92687a8c631bcaf7f2ab748'  itemscope=\"itemscope\" itemtype=\"https:\/\/schema.org\/CreativeWork\" ><div class='avia_textblock'  itemprop=\"text\" ><div>\n<div class=\"page\" title=\"Page 20\">\n<div class=\"layoutArea\">\n<div class=\"column\">\n<p>ISM er et m\u00f8te for a\u030a diskutere strategi og fremtidige prosjekter i ELSA. Forma\u030alet med ISM er a\u030a legge de langsiktige planene for organisasjonen samt komme med forslag til beslutninger som skal tas pa\u030a ICM. M\u00f8tet avholdes i starten av va\u030arsemesteret, vanligvis rundt februar. Hvert land har som utgangspunkt 3 garanterte plasser. M\u00f8tet avholdes i fysisk fra onsdag til s\u00f8ndag.<\/p>\n<\/div>\n<\/div>\n<\/div>\n<\/div>\n<h3><\/h3>\n<\/div><\/section>\n<\/div><\/div><\/div>\n<style type=\"text\/css\" data-created_by=\"avia_inline_auto\" id=\"style-css-av-mhlcd8do-f3331c0db243107ab8dd4a8f151aaa53\">\n.av-layout-tab.av-mhlcd8do-f3331c0db243107ab8dd4a8f151aaa53{\nvertical-align:top;\n}\n<\/style>\n<div id='av-tab-section-1-6' class='av-layout-tab av-mhlcd8do-f3331c0db243107ab8dd4a8f151aaa53 av-animation-delay-container  avia-builder-el-13  el_after_av_tab_sub_section  avia-builder-el-last  ' data-av-deeplink-tabs=\"\" data-av-tab-section-content=\"6\" data-tab-section-id=\"generalforsamling\"><div class=\"av-layout-tab-inner\"><div class=\"container\"><section  class='av_textblock_section av-mhlcf8tm-aaa5b54ce801f7222a5d975dc070eb3a'  itemscope=\"itemscope\" itemtype=\"https:\/\/schema.org\/CreativeWork\" ><div class='avia_textblock'  itemprop=\"text\" ><p>Generalforsamlingen er ELSA Troms\u00f8s h\u00f8yeste organ.<\/p>\n<p>Generalforsamlingen avholdes en gang i semesteret, henholdsvis pa\u030a h\u00f8st- og va\u030arsemesteret.<\/p>\n<p>Alle kan delta p\u00e5 Generalforsamlingen til ELSA Troms\u00f8, men for \u00e5 ha stemme- og forslagsrett m\u00e5 du v\u00e6re\u00a0<strong>medlem i ELSA Troms\u00f8.\u00a0<\/strong>Det er helt\u00a0<strong>gratis<\/strong> og uforpliktende.<\/p>\n<p>Du kan bli medlem <a href=\"https:\/\/elsa.no\/tromso\/innmelding\/\">HER<\/a>.<\/p>\n<\/div><\/section>\n<\/div><\/div><\/div><\/div><\/div><\/div>\n","protected":false},"excerpt":{"rendered":"","protected":false},"author":11,"featured_media":0,"parent":3579,"menu_order":0,"comment_status":"closed","ping_status":"closed","template":"","meta":{"jetpack_post_was_ever_published":false,"footnotes":""},"class_list":["post-3550","page","type-page","status-publish","hentry"],"jetpack_sharing_enabled":true,"jetpack_shortlink":"https:\/\/wp.me\/P7Vtc6-Vg","jetpack-related-posts":[],"_links":{"self":[{"href":"https:\/\/elsa.no\/tromso\/wp-json\/wp\/v2\/pages\/3550","targetHints":{"allow":["GET"]}}],"collection":[{"href":"https:\/\/elsa.no\/tromso\/wp-json\/wp\/v2\/pages"}],"about":[{"href":"https:\/\/elsa.no\/tromso\/wp-json\/wp\/v2\/types\/page"}],"author":[{"embeddable":true,"href":"https:\/\/elsa.no\/tromso\/wp-json\/wp\/v2\/users\/11"}],"replies":[{"embeddable":true,"href":"https:\/\/elsa.no\/tromso\/wp-json\/wp\/v2\/comments?post=3550"}],"version-history":[{"count":10,"href":"https:\/\/elsa.no\/tromso\/wp-json\/wp\/v2\/pages\/3550\/revisions"}],"predecessor-version":[{"id":3750,"href":"https:\/\/elsa.no\/tromso\/wp-json\/wp\/v2\/pages\/3550\/revisions\/3750"}],"up":[{"embeddable":true,"href":"https:\/\/elsa.no\/tromso\/wp-json\/wp\/v2\/pages\/3579"}],"wp:attachment":[{"href":"https:\/\/elsa.no\/tromso\/wp-json\/wp\/v2\/media?parent=3550"}],"curies":[{"name":"wp","href":"https:\/\/api.w.org\/{rel}","templated":true}]}}