{"id":2813,"date":"2024-12-02T18:32:05","date_gmt":"2024-12-02T17:32:05","guid":{"rendered":"https:\/\/elsa.no\/tromso\/?page_id=2813"},"modified":"2025-10-03T23:37:06","modified_gmt":"2025-10-03T21:37:06","slug":"innmelding","status":"publish","type":"page","link":"https:\/\/elsa.no\/tromso\/innmelding\/","title":{"rendered":"Bli medlem"},"content":{"rendered":"<div id='full_slider_1'  class='avia-fullwidth-slider main_color avia-shadow   avia-builder-el-0  el_before_av_textblock  avia-builder-el-first   container_wrap fullsize'  ><div  class='avia-slideshow av-mdp13gtb-a3a2221bc23e45a2139db499b9e320fb avia-slideshow-featured av_slideshow_full avia-slide-slider av-slideshow-ui av-control-default av-slideshow-manual av-loop-once av-loop-manual-endless av-default-height-applied   avia-slideshow-1' data-slideshow-options=\"{&quot;animation&quot;:&quot;slide&quot;,&quot;autoplay&quot;:false,&quot;loop_autoplay&quot;:&quot;once&quot;,&quot;interval&quot;:5,&quot;loop_manual&quot;:&quot;manual-endless&quot;,&quot;autoplay_stopper&quot;:false,&quot;noNavigation&quot;:false,&quot;bg_slider&quot;:false,&quot;keep_padding&quot;:false,&quot;hoverpause&quot;:false,&quot;show_slide_delay&quot;:0}\"  itemprop=\"image\" itemscope=\"itemscope\" itemtype=\"https:\/\/schema.org\/ImageObject\" ><ul class='avia-slideshow-inner ' style='padding-bottom: 28.666666666667%;'><li  class='avia-slideshow-slide av-mdp13gtb-a3a2221bc23e45a2139db499b9e320fb__0  av-single-slide slide-1 slide-odd'><div data-rel='slideshow-1' class='avia-slide-wrap '   ><img decoding=\"async\" class=\"wp-image-3398 avia-img-lazy-loading-not-3398\"  src=\"https:\/\/i0.wp.com\/elsa.no\/tromso\/files\/2025\/10\/Gruppebilde-horisontal-scaled.jpg?resize=1500%2C430&ssl=1\" width=\"1500\" height=\"430\" title='Gruppebilde horisontal' alt=''  itemprop=\"thumbnailUrl\"   \/><\/div><\/li><\/ul><\/div><\/div><div id='after_full_slider_1'  class='main_color av_default_container_wrap container_wrap fullsize'  ><div class='container av-section-cont-open' ><div class='template-page content  av-content-full alpha units'><div class='post-entry post-entry-type-page post-entry-2813'><div class='entry-content-wrapper clearfix'>\n<section  class='av_textblock_section av-mdp1kl92-059e88ad68749cbe770abbd039aa918e'  itemscope=\"itemscope\" itemtype=\"https:\/\/schema.org\/CreativeWork\" ><div class='avia_textblock'  itemprop=\"text\" ><h1 style=\"text-align: left\"><span style=\"color: #0a3087\">Bli medlem i ELSA Troms\u00f8<\/span><\/h1>\n<\/div><\/section>\n<div  class='av_promobox av-meumpdwv-83f893fbfe623a399fe20dde4e46c7b2 avia-button-yes  avia-builder-el-2  el_after_av_textblock  el_before_av_one_half '><div class='avia-promocontent'><p>Klikk her for \u00e5 bli medlem helt kostnadsfritt. Du blir videresendt til v\u00e5rt medlemskapssystem <strong>Rubic\u00a0<\/strong>hvor du fyller ut din informasjon.<\/p>\n<\/div><div  class='avia-button-wrap av-meumpdwv-993aa8c8a3fd2dbf391f2ccc01eeaf40-wrap avia-button-right '><a href='https:\/\/app.rubic.no\/account\/signup#\/form\/profile' class='avia-button av-meumpdwv-993aa8c8a3fd2dbf391f2ccc01eeaf40 avia-icon_select-no avia-size-large avia-position-right avia-color-theme-color' target=\"_blank\" rel=\"noopener noreferrer\"><span class='avia_iconbox_title' >Bli medlem<\/span><\/a><\/div><\/div>\n<div class='flex_column av-9qpml-cb8e31b8554fdbb846a74f47b55d8ff9 av_one_half  avia-builder-el-3  el_after_av_promobox  el_before_av_one_half  first flex_column_div '     ><style type=\"text\/css\" data-created_by=\"avia_inline_auto\" id=\"style-css-av-mdp11nhf-4abac31a05e29c8d92d82cc274414448\">\n#top .avia-icon-list-container.av-mdp11nhf-4abac31a05e29c8d92d82cc274414448 .iconlist_icon{\nbackground-color:#0a3087;\n}\n<\/style>\n<div  class='avia-icon-list-container av-mdp11nhf-4abac31a05e29c8d92d82cc274414448  avia-builder-el-4  avia-builder-el-no-sibling '><ul class='avia-icon-list avia_animate_when_almost_visible avia-icon-list-left av-iconlist-big av-mdp11nhf-4abac31a05e29c8d92d82cc274414448 avia-iconlist-animate'>\n<li><div class='iconlist_icon av-mdp0zndv-7958ae5f32faa3aa68350cbf7cadc762 avia-font-entypo-fontello'><span class='iconlist-char' aria-hidden='true' data-av_icon='\ue8e2' data-av_iconfont='entypo-fontello'><\/span><\/div><article class=\"article-icon-entry av-iconlist-empty\"  itemscope=\"itemscope\" itemtype=\"https:\/\/schema.org\/CreativeWork\" ><div class=\"iconlist_content_wrap\"><header class=\"entry-content-header\"><h4 class='av_iconlist_title iconlist_title  '  itemprop=\"headline\" >Gratis medlemskap<\/h4><\/header><div class='iconlist_content '  itemprop=\"text\" ><\/div><\/div><footer class=\"entry-footer\"><\/footer><\/article><div class=\"iconlist-timeline\"><\/div><\/li>\n<li><div class='iconlist_icon av-mdp10dd9-da8c05a1ffee6a6b6df5bc6af206fca3 avia-font-entypo-fontello'><span class='iconlist-char' aria-hidden='true' data-av_icon='\ue8c9' data-av_iconfont='entypo-fontello'><\/span><\/div><article class=\"article-icon-entry av-iconlist-empty\"  itemscope=\"itemscope\" itemtype=\"https:\/\/schema.org\/CreativeWork\" ><div class=\"iconlist_content_wrap\"><header class=\"entry-content-header\"><h4 class='av_iconlist_title iconlist_title  '  itemprop=\"headline\" >Sosiale og faglige aktiviteter<\/h4><\/header><div class='iconlist_content '  itemprop=\"text\" ><\/div><\/div><footer class=\"entry-footer\"><\/footer><\/article><div class=\"iconlist-timeline\"><\/div><\/li>\n<li><div class='iconlist_icon av-mdp10ywt-ee3fda00d34e9d48786254a5a822f0c5 avia-font-entypo-fontello'><span class='iconlist-char' aria-hidden='true' data-av_icon='\ue8b6' data-av_iconfont='entypo-fontello'><\/span><\/div><article class=\"article-icon-entry av-iconlist-empty\"  itemscope=\"itemscope\" itemtype=\"https:\/\/schema.org\/CreativeWork\" ><div class=\"iconlist_content_wrap\"><header class=\"entry-content-header\"><h4 class='av_iconlist_title iconlist_title  '  itemprop=\"headline\" >Internasjonale arrangementer<\/h4><\/header><div class='iconlist_content '  itemprop=\"text\" ><\/div><\/div><footer class=\"entry-footer\"><\/footer><\/article><div class=\"iconlist-timeline\"><\/div><\/li>\n<li><div class='iconlist_icon av-mdp11f8e-890ee0ba588815c35e9f4f514d1a7d77 avia-font-entypo-fontello'><span class='iconlist-char' aria-hidden='true' data-av_icon='\ue80c' data-av_iconfont='entypo-fontello'><\/span><\/div><article class=\"article-icon-entry av-iconlist-empty\"  itemscope=\"itemscope\" itemtype=\"https:\/\/schema.org\/CreativeWork\" ><div class=\"iconlist_content_wrap\"><header class=\"entry-content-header\"><h4 class='av_iconlist_title iconlist_title  '  itemprop=\"headline\" >Bli en del av ELSAs nettverk<\/h4><\/header><div class='iconlist_content '  itemprop=\"text\" ><\/div><\/div><footer class=\"entry-footer\"><\/footer><\/article><div class=\"iconlist-timeline\"><\/div><\/li>\n<li><div class='iconlist_icon av-mdp11m9k-8011db0eb868db9411dcc25913a6b14f avia-font-entypo-fontello'><span class='iconlist-char' aria-hidden='true' data-av_icon='\ue80c' data-av_iconfont='entypo-fontello'><\/span><\/div><article class=\"article-icon-entry av-iconlist-empty\"  itemscope=\"itemscope\" itemtype=\"https:\/\/schema.org\/CreativeWork\" ><div class=\"iconlist_content_wrap\"><header class=\"entry-content-header\"><h4 class='av_iconlist_title iconlist_title  '  itemprop=\"headline\" >Stemme- og forslagsrett p\u00e5 generalforsamling<\/h4><\/header><div class='iconlist_content '  itemprop=\"text\" ><\/div><\/div><footer class=\"entry-footer\"><\/footer><\/article><div class=\"iconlist-timeline\"><\/div><\/li>\n<\/ul><\/div><\/div>\n<div class='flex_column av-4ptyh9-777b42cf92f3be4c96460ea786568667 av_one_half  avia-builder-el-5  el_after_av_one_half  el_before_av_hr  flex_column_div '     ><section  class='av_textblock_section av-m47bjaob-c8bf25e759b8db5f8ea9b35acbaef16b'  itemscope=\"itemscope\" itemtype=\"https:\/\/schema.org\/CreativeWork\" ><div class='avia_textblock'  itemprop=\"text\" ><p>ELSA Troms\u00f8 er under stadig utvikling. Vi trenger flere ambisi\u00f8se og engasjerte studenter til \u00e5 hjelpe til med denne utviklingen.<\/p>\n<p>Som medlem blir du del av et hyggelig og aktivt nettverk p\u00e5 juridisk fakultet i Troms\u00f8, med alt vi har \u00e5 tilby av sosiale og akademiske aktiviteter. Du f\u00e5r ogs\u00e5 tilgang til \u00e5 s\u00f8ke p\u00e5 arrangementer ELSA tilbyr nasjonalt og internasjonalt. Du kan ogs\u00e5 som medlem av ELSA Troms\u00f8\u00a0delta p\u00e5 ELSA Norway sitt landsm\u00f8te.<\/p>\n<p>Du f\u00e5r ogs\u00e5 tale-, forslags- og stemmerett ved ELSA Troms\u00f8 sine generalforsamlinger.<\/p>\n<p><strong>Merk at du m\u00e5 ha studierett ved Det juridiske fakultet i Troms\u00f8 for \u00e5 bli medlem.\u00a0<\/strong><\/p>\n<p>Ferdig utdannede jurister kan f\u00e5 et personlig medlemskap i ELSA Norway inntil 18 m\u00e5neder etter at de ble ferdig utdannet, dette gj\u00f8res <a href=\"http:\/\/elsa.no\/personlig_medlemskap\/.\">her.<\/a> Dette gjelder ogs\u00e5 studenter p\u00e5 3-\u00e5rig juridisk utdannelse.<\/p>\n<\/div><\/section><\/div>\n<div  class='hr av-2b7te5-e414f9ad24d1baef943b814f545146e7 hr-default  avia-builder-el-7  el_after_av_one_half  el_before_av_video '><span class='hr-inner '><span class=\"hr-inner-style\"><\/span><\/span><\/div>\n<div  class='avia-video av-meunz2rh-6ebae0301f035e497ff75a2ace730601 avia-video-16-9 av-no-preview-image avia-video-load-always avia-video-html5'  itemprop=\"video\" itemtype=\"https:\/\/schema.org\/VideoObject\"  data-original_url='https:\/\/elsa.no\/tromso\/files\/2025\/08\/Hvordanblimedlem.mp4'><video class='avia_video'    preload=\"auto\"  controls id='player_2813_496483118_298292144'><source src='https:\/\/elsa.no\/tromso\/files\/2025\/08\/Hvordanblimedlem.mp4' type='video\/mp4' \/><\/video><\/div>\n","protected":false},"excerpt":{"rendered":"","protected":false},"author":1,"featured_media":0,"parent":0,"menu_order":0,"comment_status":"closed","ping_status":"closed","template":"","meta":{"jetpack_post_was_ever_published":false,"footnotes":""},"class_list":["post-2813","page","type-page","status-publish","hentry"],"jetpack_sharing_enabled":true,"jetpack_shortlink":"https:\/\/wp.me\/P7Vtc6-Jn","jetpack-related-posts":[],"_links":{"self":[{"href":"https:\/\/elsa.no\/tromso\/wp-json\/wp\/v2\/pages\/2813","targetHints":{"allow":["GET"]}}],"collection":[{"href":"https:\/\/elsa.no\/tromso\/wp-json\/wp\/v2\/pages"}],"about":[{"href":"https:\/\/elsa.no\/tromso\/wp-json\/wp\/v2\/types\/page"}],"author":[{"embeddable":true,"href":"https:\/\/elsa.no\/tromso\/wp-json\/wp\/v2\/users\/1"}],"replies":[{"embeddable":true,"href":"https:\/\/elsa.no\/tromso\/wp-json\/wp\/v2\/comments?post=2813"}],"version-history":[{"count":21,"href":"https:\/\/elsa.no\/tromso\/wp-json\/wp\/v2\/pages\/2813\/revisions"}],"predecessor-version":[{"id":3406,"href":"https:\/\/elsa.no\/tromso\/wp-json\/wp\/v2\/pages\/2813\/revisions\/3406"}],"wp:attachment":[{"href":"https:\/\/elsa.no\/tromso\/wp-json\/wp\/v2\/media?parent=2813"}],"curies":[{"name":"wp","href":"https:\/\/api.w.org\/{rel}","templated":true}]}}