{"id":24,"date":"2012-08-07T21:35:47","date_gmt":"2012-08-07T19:35:47","guid":{"rendered":"http:\/\/elsa.no\/tromso\/?page_id=24"},"modified":"2025-11-19T20:59:04","modified_gmt":"2025-11-19T19:59:04","slug":"om-elsa-tromso","status":"publish","type":"page","link":"https:\/\/elsa.no\/tromso\/om-elsa-tromso\/","title":{"rendered":"Om ELSA Troms\u00f8"},"content":{"rendered":"<div id='full_slider_1'  class='avia-fullwidth-slider main_color avia-shadow   avia-builder-el-0  el_before_av_textblock  avia-builder-el-first   container_wrap fullsize'  ><div  class='avia-slideshow av-mdp0lkbm-3e5271f9458b816e147e1fae7c275630 avia-slideshow-featured av_slideshow_full avia-slide-slider av-slideshow-ui av-control-default av-slideshow-manual av-loop-once av-loop-manual-endless av-default-height-applied   avia-slideshow-1' data-slideshow-options=\"{&quot;animation&quot;:&quot;slide&quot;,&quot;autoplay&quot;:false,&quot;loop_autoplay&quot;:&quot;once&quot;,&quot;interval&quot;:5,&quot;loop_manual&quot;:&quot;manual-endless&quot;,&quot;autoplay_stopper&quot;:false,&quot;noNavigation&quot;:false,&quot;bg_slider&quot;:false,&quot;keep_padding&quot;:false,&quot;hoverpause&quot;:false,&quot;show_slide_delay&quot;:0}\"  itemprop=\"image\" itemscope=\"itemscope\" itemtype=\"https:\/\/schema.org\/ImageObject\" ><ul class='avia-slideshow-inner ' style='padding-bottom: 28.666666666667%;'><li  class='avia-slideshow-slide av-mdp0lkbm-3e5271f9458b816e147e1fae7c275630__0  av-single-slide slide-1 slide-odd'><div data-rel='slideshow-1' class='avia-slide-wrap '   ><img decoding=\"async\" class=\"wp-image-3398 avia-img-lazy-loading-not-3398\"  src=\"https:\/\/i0.wp.com\/elsa.no\/tromso\/files\/2025\/10\/Gruppebilde-horisontal-scaled.jpg?resize=1500%2C430&ssl=1\" width=\"1500\" height=\"430\" title='Gruppebilde horisontal' alt=''  itemprop=\"thumbnailUrl\"   \/><\/div><\/li><\/ul><\/div><\/div><div id='after_full_slider_1'  class='main_color av_default_container_wrap container_wrap fullsize'  ><div class='container av-section-cont-open' ><div class='template-page content  av-content-full alpha units'><div class='post-entry post-entry-type-page post-entry-24'><div class='entry-content-wrapper clearfix'>\n<section  class='av_textblock_section av-mdp1m9yl-06797e4e9a8f8f173b6e6a956cad683a'  itemscope=\"itemscope\" itemtype=\"https:\/\/schema.org\/CreativeWork\" ><div class='avia_textblock'  itemprop=\"text\" ><h1><span style=\"color: #0a3087;\">OM ELSA TROMS\u00d8<\/span><\/h1>\n<\/div><\/section>\n<section  class='av_textblock_section av-m19ignjr-dd95f53b606d05b00f213193f3d37fff'  itemscope=\"itemscope\" itemtype=\"https:\/\/schema.org\/CreativeWork\" ><div class='avia_textblock'  itemprop=\"text\" ><p>The European Law Students\u2019 Association Troms\u00f8 er \u00e9n av fire lokalgrupper i ELSA Norge. ELSA har 43 nasjonalgrupper i Europa, og er verdens st\u00f8rste uavhengige internasjonale organisasjonen for jusstudenter med ca 60 000 medlemmer fra 300 ulike studiesteder. ELSA Norge har fire lokalgrupper ved de juridiske fakultetene i Bergen, Kristiansand, Oslo og Troms\u00f8.<\/p>\n<p>Lokalgruppen ELSA Troms\u00f8 ble stiftet i 1998, og har over 500 medlemmer ved Det juridiske fakultet UiT, Norges arktiske universitet.<\/p>\n<\/div><\/section>\n<div class='flex_column av-1meso-9117e9df6f8aaa17c74a3a1b33cd30c6 av_one_half  avia-builder-el-3  el_after_av_textblock  el_before_av_one_half  first flex_column_div column-top-margin'     ><style type=\"text\/css\" data-created_by=\"avia_inline_auto\" id=\"style-css-av-mhnxx3xn-5bc57336f3af55a20fdb1c2d40fbeb0a\">\n@-webkit-keyframes av_sonarEffect_av-mhnxx3xn-5bc57336f3af55a20fdb1c2d40fbeb0a {\n  0% {opacity: 0.3;}\n 40% {opacity: 0.5; box-shadow: 0 0 0 2px rgba(255,255,255,0.1), 0 0 10px 10px #ffffff, 0 0 0 10px rgba(255,255,255,0.5);}\n100% {opacity: 0.5; box-shadow: 0 0 0 2px rgba(255,255,255,0.1), 0 0 10px 10px #ffffff, 0 0 0 10px rgba(255,255,255,0.5); -webkit-transform: scale(1.5); transform: scale(1.5);}\n}\n@keyframes av_sonarEffect_av-mhnxx3xn-5bc57336f3af55a20fdb1c2d40fbeb0a {\n  0% {opacity: 0.3;}\n 40% {opacity: 0.5; box-shadow: 0 0 0 2px rgba(255,255,255,0.1), 0 0 10px 10px #ffffff, 0 0 0 10px rgba(255,255,255,0.5);}\n100% {opacity: 0.5; box-shadow: 0 0 0 2px rgba(255,255,255,0.1), 0 0 10px 10px #ffffff, 0 0 0 10px rgba(255,255,255,0.5); -webkit-transform: scale(1.5); transform: scale(1.5);}\n}\n#top .avia-icon-list-container.av-mhnxx3xn-5bc57336f3af55a20fdb1c2d40fbeb0a .iconlist_icon{\ncolor:#ffffff;\nbackground-color:#0a3087;\n}\n#top .avia-icon-list-container.av-mhnxx3xn-5bc57336f3af55a20fdb1c2d40fbeb0a .iconlist_icon:hover{\n-webkit-animation:av_sonarEffect_av-mhnxx3xn-5bc57336f3af55a20fdb1c2d40fbeb0a 1s ease-in-out;\n-moz-animation:av_sonarEffect_av-mhnxx3xn-5bc57336f3af55a20fdb1c2d40fbeb0a 1s ease-in-out;\n-o-animation:av_sonarEffect_av-mhnxx3xn-5bc57336f3af55a20fdb1c2d40fbeb0a 1s ease-in-out;\nanimation:av_sonarEffect_av-mhnxx3xn-5bc57336f3af55a20fdb1c2d40fbeb0a 1s ease-in-out;\n}\n<\/style>\n<div  class='avia-icon-list-container av-mhnxx3xn-5bc57336f3af55a20fdb1c2d40fbeb0a  avia-builder-el-4  avia-builder-el-no-sibling '><ul class='avia-icon-list avia_animate_when_almost_visible avia-icon-list-left av-iconlist-big av-mhnxx3xn-5bc57336f3af55a20fdb1c2d40fbeb0a avia-iconlist-animate avia-sonar-shadow'>\n<li><div class='iconlist_icon av-29qrk-624010193a71dd20db29f0353fd94ccd avia-font-entypo-fontello'><span class='iconlist-char' aria-hidden='true' data-av_icon='\ue80c' data-av_iconfont='entypo-fontello'><\/span><\/div><article class=\"article-icon-entry av-iconlist-empty\"  itemscope=\"itemscope\" itemtype=\"https:\/\/schema.org\/CreativeWork\" ><div class=\"iconlist_content_wrap\"><header class=\"entry-content-header\"><h4 class='av_iconlist_title iconlist_title  '  itemprop=\"headline\" >60.000+ medlemmer<\/h4><\/header><div class='iconlist_content '  itemprop=\"text\" ><\/div><\/div><footer class=\"entry-footer\"><\/footer><\/article><div class=\"iconlist-timeline\"><\/div><\/li>\n<li><div class='iconlist_icon av-1rhcw-732c1da54c4767643469aef476df59bb avia-font-entypo-fontello'><span class='iconlist-char' aria-hidden='true' data-av_icon='\ue8b1' data-av_iconfont='entypo-fontello'><\/span><\/div><article class=\"article-icon-entry av-iconlist-empty\"  itemscope=\"itemscope\" itemtype=\"https:\/\/schema.org\/CreativeWork\" ><div class=\"iconlist_content_wrap\"><header class=\"entry-content-header\"><h4 class='av_iconlist_title iconlist_title  '  itemprop=\"headline\" >41 medlemsland<\/h4><\/header><div class='iconlist_content '  itemprop=\"text\" ><\/div><\/div><footer class=\"entry-footer\"><\/footer><\/article><div class=\"iconlist-timeline\"><\/div><\/li>\n<li><div class='iconlist_icon av-q7m4-03bcc545bd164df7710ce375054e147c avia-font-entypo-fontello'><span class='iconlist-char' aria-hidden='true' data-av_icon='\ue8c9' data-av_iconfont='entypo-fontello'><\/span><\/div><article class=\"article-icon-entry av-iconlist-empty\"  itemscope=\"itemscope\" itemtype=\"https:\/\/schema.org\/CreativeWork\" ><div class=\"iconlist_content_wrap\"><header class=\"entry-content-header\"><h4 class='av_iconlist_title iconlist_title  '  itemprop=\"headline\" >400+ fakulteter<\/h4><\/header><div class='iconlist_content '  itemprop=\"text\" ><\/div><\/div><footer class=\"entry-footer\"><\/footer><\/article><div class=\"iconlist-timeline\"><\/div><\/li>\n<\/ul><\/div><\/div>\n<div class='flex_column av-oxe8-a8024af11ee76a040443e97f73768f71 av_one_half  avia-builder-el-5  el_after_av_one_half  el_before_av_hr  flex_column_div column-top-margin'     ><section  class='av_textblock_section av-mho2vbko-c72ea2eec8f2406f2ddbc6465ae2bb40'  itemscope=\"itemscope\" itemtype=\"https:\/\/schema.org\/CreativeWork\" ><div class='avia_textblock'  itemprop=\"text\" ><h2 style=\"text-align: center;\">Lokalgrupper<\/h2>\n<\/div><\/section><br \/>\n\n<style type=\"text\/css\" data-created_by=\"avia_inline_auto\" id=\"style-css-sub-av-av_image_hotspot-83de92593c0e19890273a8b071822f66\">\n.av-hotspot-image-container .av-image-hotspot.av-av_image_spot-b552b078df17e644e01c48adc88a7061{\ntop:16.9%;\nleft:48.6%;\n}\n.av-hotspot-image-container .av-image-hotspot.av-av_image_spot-b552b078df17e644e01c48adc88a7061 .av-image-hotspot_inner{\nbackground-color:#ff7400;\ncolor:#888888;\n}\n.av-hotspot-image-container .av-image-hotspot.av-av_image_spot-b552b078df17e644e01c48adc88a7061 .av-image-hotspot-pulse{\nbackground-color:#ff7400;\n}\n.av-hotspot-image-container .av-image-hotspot.av-av_image_spot-644a52fdb35af3457392d19c2f76116d{\ntop:84.7%;\nleft:31.5%;\n}\n.av-hotspot-image-container .av-image-hotspot.av-av_image_spot-644a52fdb35af3457392d19c2f76116d .av-image-hotspot_inner{\nbackground-color:#ff7400;\ncolor:#888888;\n}\n.av-hotspot-image-container .av-image-hotspot.av-av_image_spot-644a52fdb35af3457392d19c2f76116d .av-image-hotspot-pulse{\nbackground-color:#ff7400;\n}\n.av-hotspot-image-container .av-image-hotspot.av-av_image_spot-1853c8a9dc96856bfcf2079c6b0c41f8{\ntop:94.7%;\nleft:23.5%;\n}\n.av-hotspot-image-container .av-image-hotspot.av-av_image_spot-1853c8a9dc96856bfcf2079c6b0c41f8 .av-image-hotspot_inner{\nbackground-color:#ff7400;\ncolor:#888888;\n}\n.av-hotspot-image-container .av-image-hotspot.av-av_image_spot-1853c8a9dc96856bfcf2079c6b0c41f8 .av-image-hotspot-pulse{\nbackground-color:#ff7400;\n}\n.av-hotspot-image-container .av-image-hotspot.av-av_image_spot-eb7a0294781a5b3f3dcc55e9c32ed54d{\ntop:84.8%;\nleft:20.9%;\n}\n.av-hotspot-image-container .av-image-hotspot.av-av_image_spot-eb7a0294781a5b3f3dcc55e9c32ed54d .av-image-hotspot_inner{\nbackground-color:#ff7400;\ncolor:#888888;\n}\n.av-hotspot-image-container .av-image-hotspot.av-av_image_spot-eb7a0294781a5b3f3dcc55e9c32ed54d .av-image-hotspot-pulse{\nbackground-color:#ff7400;\n}\n.av-hotspot-image-container .av-image-hotspot.av-av_image_spot-d82ee2de3ec07e372dae2b5189d47817{\ntop:76.5%;\nleft:19.6%;\n}\n.av-hotspot-image-container .av-image-hotspot.av-av_image_spot-d82ee2de3ec07e372dae2b5189d47817 .av-image-hotspot_inner{\nbackground-color:#ff7400;\ncolor:#888888;\n}\n.av-hotspot-image-container .av-image-hotspot.av-av_image_spot-d82ee2de3ec07e372dae2b5189d47817 .av-image-hotspot-pulse{\nbackground-color:#ff7400;\n}\n<\/style>\n<div  class='av-hotspot-image-container av-av_image_hotspot-83de92593c0e19890273a8b071822f66  avia-builder-el-7  el_after_av_textblock  avia-builder-el-last  av-hotspot-blank av-mobile-fallback-active  av-non-fullwidth-hotspot-image'  itemprop=\"image\" itemscope=\"itemscope\" itemtype=\"https:\/\/schema.org\/ImageObject\" ><div class='av-hotspot-container'><div class='av-hotspot-container-inner-cell'><div class='av-hotspot-container-inner-wrap'><div class='av-image-hotspot av-av_image_spot-b552b078df17e644e01c48adc88a7061 av-image-hotspot-1 ' data-avia-tooltip-position='top' data-avia-tooltip-alignment='left' data-avia-tooltip-class='av-tt-default-width av-tt-pos-above av-tt-align-left  av-mobile-fallback-active  main_color av-tt-hotspot' data-avia-tooltip='&lt;p&gt;Troms\u00f8&lt;\/p&gt;\n'><a href=elsa.no\/tromso  target=\"_blank\"  rel=\"noopener noreferrer\" class='av-image-hotspot_inner'>1<\/a><div class='av-image-hotspot-pulse'><\/div><\/div><div class='av-image-hotspot av-av_image_spot-644a52fdb35af3457392d19c2f76116d av-image-hotspot-2 ' data-avia-tooltip-position='top' data-avia-tooltip-alignment='left' data-avia-tooltip-class='av-tt-default-width av-tt-pos-above av-tt-align-left  av-mobile-fallback-active  main_color av-tt-hotspot' data-avia-tooltip='&lt;p&gt;Oslo&lt;\/p&gt;\n'><a href=\"elsa.no\/oslo\" target=\"_blank\" rel=\"noopener noreferrer\" class='av-image-hotspot_inner'>2<\/a><div class='av-image-hotspot-pulse'><\/div><\/div><div class='av-image-hotspot av-av_image_spot-1853c8a9dc96856bfcf2079c6b0c41f8 av-image-hotspot-3 ' data-avia-tooltip-position='top' data-avia-tooltip-alignment='left' data-avia-tooltip-class='av-tt-default-width av-tt-pos-above av-tt-align-left  av-mobile-fallback-active  main_color av-tt-hotspot' data-avia-tooltip='&lt;p&gt;Kristiansand&lt;\/p&gt;\n'><a href=\"elsa.no\/kristiansand\" target=\"_blank\" rel=\"noopener noreferrer\" class='av-image-hotspot_inner'>3<\/a><div class='av-image-hotspot-pulse'><\/div><\/div><div class='av-image-hotspot av-av_image_spot-eb7a0294781a5b3f3dcc55e9c32ed54d av-image-hotspot-4 ' data-avia-tooltip-position='top' data-avia-tooltip-alignment='left' data-avia-tooltip-class='av-tt-default-width av-tt-pos-above av-tt-align-left  av-mobile-fallback-active  main_color av-tt-hotspot' data-avia-tooltip='&lt;p&gt;Stavanger&lt;\/p&gt;\n'><a href=\"elsa.no\/stavanger\" target=\"_blank\" rel=\"noopener noreferrer\" class='av-image-hotspot_inner'>4<\/a><div class='av-image-hotspot-pulse'><\/div><\/div><div class='av-image-hotspot av-av_image_spot-d82ee2de3ec07e372dae2b5189d47817 av-image-hotspot-5 ' data-avia-tooltip-position='top' data-avia-tooltip-alignment='left' data-avia-tooltip-class='av-tt-default-width av-tt-pos-above av-tt-align-left  av-mobile-fallback-active  main_color av-tt-hotspot' data-avia-tooltip='&lt;p&gt;Bergen&lt;\/p&gt;\n'><a href=\"elsa.no\/bergen\" target=\"_blank\" rel=\"noopener noreferrer\" class='av-image-hotspot_inner'>5<\/a><div class='av-image-hotspot-pulse'><\/div><\/div><img decoding=\"async\" class='wp-image-3716 avia-img-lazy-loading-not-3716 avia_image' src=\"https:\/\/elsa.no\/tromso\/files\/2025\/11\/Norgeskart.svg\" alt='' title='Norgeskart'  height=\"1\" width=\"1\"  itemprop=\"thumbnailUrl\"  \/><\/div><\/div><\/div><div class='av-hotspot-fallback-tooltip av-image-hotspot-1 '><div class=\"av-hotspot-fallback-tooltip-count\">1<div class=\"avia-arrow\"><\/div><\/div><div class=\"av-hotspot-fallback-tooltip-inner clearfix\"><p>\nTroms\u00f8<\/p>\n<\/div><\/div><div class='av-hotspot-fallback-tooltip av-image-hotspot-2 '><div class=\"av-hotspot-fallback-tooltip-count\">2<div class=\"avia-arrow\"><\/div><\/div><div class=\"av-hotspot-fallback-tooltip-inner clearfix\"><p>\nOslo<\/p>\n<\/div><\/div><div class='av-hotspot-fallback-tooltip av-image-hotspot-3 '><div class=\"av-hotspot-fallback-tooltip-count\">3<div class=\"avia-arrow\"><\/div><\/div><div class=\"av-hotspot-fallback-tooltip-inner clearfix\"><p>\nKristiansand<\/p>\n<\/div><\/div><div class='av-hotspot-fallback-tooltip av-image-hotspot-4 '><div class=\"av-hotspot-fallback-tooltip-count\">4<div class=\"avia-arrow\"><\/div><\/div><div class=\"av-hotspot-fallback-tooltip-inner clearfix\"><p>\nStavanger<\/p>\n<\/div><\/div><div class='av-hotspot-fallback-tooltip av-image-hotspot-5 '><div class=\"av-hotspot-fallback-tooltip-count\">5<div class=\"avia-arrow\"><\/div><\/div><div class=\"av-hotspot-fallback-tooltip-inner clearfix\"><p>\nBergen<\/p>\n<\/div><\/div><\/div><\/p><\/div><div  class='hr av-pztk-ced886d0ee703c859f969b90aee8849f hr-default  avia-builder-el-8  el_after_av_one_half  el_before_av_promobox '><span class='hr-inner '><span class=\"hr-inner-style\"><\/span><\/span><\/div>\n<div  class='av_promobox av-mdp0jv0g-4914c09dc7ddc49d9cd638f86880a98a avia-button-yes  avia-builder-el-9  el_after_av_hr  el_before_av_social_share '><div class='avia-promocontent'><p>Synes du dette h\u00f8rtes spennende ut? Du er hjertelig velkommen til \u00e5 bli medlem. Det er helt gratis og uforpliktende.<\/p>\n<\/div><div  class='avia-button-wrap av-mdp0jv0g-91d499dc66d37cd8a2df3f0116f75299-wrap avia-button-right '><a href='https:\/\/elsa.no\/tromso\/innmelding\/'  class='avia-button av-mdp0jv0g-91d499dc66d37cd8a2df3f0116f75299 avia-icon_select-no avia-size-large avia-position-right avia-color-theme-color'  target=\"_blank\"  rel=\"noopener noreferrer\" ><span class='avia_iconbox_title' >Bli medlem<\/span><\/a><\/div><\/div>\n<div  class='av-social-sharing-box av-mdp178jf-d856cc905922bce6c1ff96c40086e0c3 av-social-sharing-box-rounded  avia-builder-el-10  el_after_av_promobox  avia-builder-el-last  av-social-sharing-box-color-bg av-social-sharing-box-fullwidth'><div class=\"av-share-box\"><h5 class='av-share-link-description av-no-toc '>F\u00f8lg gjerne med p\u00e5 v\u00e5re sosiale medier for \u00e5 f\u00e5 med deg siste nytt!<\/h5><ul class=\"av-share-box-list noLightbox\"><li class='av-share-link av-social-link-facebook' ><a target=\"_blank\" aria-label=\"Share on Facebook\" href='https:\/\/www.facebook.com\/sharer.php?u=https:\/\/elsa.no\/tromso\/om-elsa-tromso\/&#038;t=Om%20ELSA%20Troms%C3%B8' aria-hidden='false' data-av_icon='\ue8f3' data-av_iconfont='entypo-fontello' title='' data-avia-related-tooltip='Share on Facebook' rel=\"noopener\"><span class='avia_hidden_link_text'>Share on Facebook<\/span><\/a><\/li><li class='av-share-link av-social-link-instagram' ><a target=\"_blank\" aria-label=\"Link to Instagram\" href='https:\/\/www.instagram.com\/elsatromso\/' aria-hidden='false' data-av_icon='\uf16d' data-av_iconfont='entypo-fontello' title='' data-avia-related-tooltip='Link to Instagram' rel=\"noopener\"><span class='avia_hidden_link_text'>Link to Instagram<\/span><\/a><\/li><\/ul><\/div><\/div>\n","protected":false},"excerpt":{"rendered":"","protected":false},"author":1,"featured_media":0,"parent":0,"menu_order":0,"comment_status":"closed","ping_status":"closed","template":"","meta":{"jetpack_post_was_ever_published":false,"footnotes":""},"class_list":["post-24","page","type-page","status-publish","hentry"],"jetpack_sharing_enabled":true,"jetpack_shortlink":"https:\/\/wp.me\/P7Vtc6-o","jetpack-related-posts":[],"_links":{"self":[{"href":"https:\/\/elsa.no\/tromso\/wp-json\/wp\/v2\/pages\/24","targetHints":{"allow":["GET"]}}],"collection":[{"href":"https:\/\/elsa.no\/tromso\/wp-json\/wp\/v2\/pages"}],"about":[{"href":"https:\/\/elsa.no\/tromso\/wp-json\/wp\/v2\/types\/page"}],"author":[{"embeddable":true,"href":"https:\/\/elsa.no\/tromso\/wp-json\/wp\/v2\/users\/1"}],"replies":[{"embeddable":true,"href":"https:\/\/elsa.no\/tromso\/wp-json\/wp\/v2\/comments?post=24"}],"version-history":[{"count":54,"href":"https:\/\/elsa.no\/tromso\/wp-json\/wp\/v2\/pages\/24\/revisions"}],"predecessor-version":[{"id":3723,"href":"https:\/\/elsa.no\/tromso\/wp-json\/wp\/v2\/pages\/24\/revisions\/3723"}],"wp:attachment":[{"href":"https:\/\/elsa.no\/tromso\/wp-json\/wp\/v2\/media?parent=24"}],"curies":[{"name":"wp","href":"https:\/\/api.w.org\/{rel}","templated":true}]}}