{"id":207,"date":"2013-08-19T23:26:34","date_gmt":"2013-08-19T21:26:34","guid":{"rendered":"http:\/\/elsa.no\/tromso\/?page_id=207"},"modified":"2026-03-07T15:56:26","modified_gmt":"2026-03-07T14:56:26","slug":"traineeships","status":"publish","type":"page","link":"https:\/\/elsa.no\/tromso\/aktiviteter\/traineeships\/","title":{"rendered":"Traineeships"},"content":{"rendered":"<div id='full_slider_1'  class='avia-fullwidth-slider main_color avia-shadow   avia-builder-el-0  el_before_av_textblock  avia-builder-el-first   container_wrap fullsize'  ><div  class='avia-slideshow av-mdp5s4va-719cac5728a2bfbaf558a311e7a915ed avia-slideshow-featured av_slideshow_full avia-slide-slider av-slideshow-ui av-control-default av-slideshow-manual av-loop-once av-loop-manual-endless av-default-height-applied   avia-slideshow-1' data-slideshow-options=\"{&quot;animation&quot;:&quot;slide&quot;,&quot;autoplay&quot;:false,&quot;loop_autoplay&quot;:&quot;once&quot;,&quot;interval&quot;:5,&quot;loop_manual&quot;:&quot;manual-endless&quot;,&quot;autoplay_stopper&quot;:false,&quot;noNavigation&quot;:false,&quot;bg_slider&quot;:false,&quot;keep_padding&quot;:false,&quot;hoverpause&quot;:false,&quot;show_slide_delay&quot;:0}\"  itemprop=\"image\" itemscope=\"itemscope\" itemtype=\"https:\/\/schema.org\/ImageObject\" ><ul class='avia-slideshow-inner ' style='padding-bottom: 28.666666666667%;'><li  class='avia-slideshow-slide av-mdp5s4va-719cac5728a2bfbaf558a311e7a915ed__0  av-single-slide slide-1 slide-odd'><div data-rel='slideshow-1' class='avia-slide-wrap '   ><img decoding=\"async\" class=\"wp-image-3398 avia-img-lazy-loading-not-3398\"  src=\"https:\/\/i0.wp.com\/elsa.no\/tromso\/files\/2025\/10\/Gruppebilde-horisontal-scaled.jpg?resize=1500%2C430&ssl=1\" width=\"1500\" height=\"430\" title='Gruppebilde horisontal' alt=''  itemprop=\"thumbnailUrl\"   \/><\/div><\/li><\/ul><\/div><\/div><div id='after_full_slider_1'  class='main_color av_default_container_wrap container_wrap fullsize'  ><div class='container av-section-cont-open' ><div class='template-page content  av-content-full alpha units'><div class='post-entry post-entry-type-page post-entry-207'><div class='entry-content-wrapper clearfix'>\n<section  class='av_textblock_section av-mdp5ti4z-f06804f0cc1abfa47682ebc7b3b7f19a'  itemscope=\"itemscope\" itemtype=\"https:\/\/schema.org\/CreativeWork\" ><div class='avia_textblock'  itemprop=\"text\" ><h1><span style=\"color: #67ac5f;\">TRAINEESHIPS<\/span><\/h1>\n<\/div><\/section>\n<div  class='av_promobox av-mhnzdb5q-5a5a93c455e4aecfc85dc06c9a4b80f3 avia-button-yes  avia-builder-el-2  el_after_av_textblock  el_before_av_notification '><div class='avia-promocontent'><p>Visste du at studenter med gyldig studieplass ved Det Juridiske Fakultet ved UiT, som er medlem i ELSA Troms\u00f8, kan s\u00f8ke om \u00e5 f\u00e5 dekt inntil 1\/3 av kostnadsestimatet for boutgifter, deltagerkontigent, fly tur\/retur og transport tur\/retur flyplass. Ved s\u00e6rlige tilfeller kan medlemmet fa\u030adekket mer enn 1\/3 av kostnadsestimatet?<\/p>\n<\/div><div  class='avia-button-wrap av-mhnzdb5q-019e38e1864daa1d90b2b682998a1c1c-wrap avia-button-right '><a href='https:\/\/elsa.no\/tromso\/aktiviteter\/go-international-fondet\/'  class='avia-button av-mhnzdb5q-019e38e1864daa1d90b2b682998a1c1c avia-icon_select-no avia-size-large avia-position-right avia-color-green'  ><span class='avia_iconbox_title' >Les mer<\/span><\/a><\/div><\/div>\n\n<style type=\"text\/css\" data-created_by=\"avia_inline_auto\" id=\"style-css-av-mdp6f7ty-1b16ea201d7938139274d5446a33e310\">\n.avia_message_box.av-mdp6f7ty-1b16ea201d7938139274d5446a33e310{\nbackground-color:#67ac5f;\ncolor:#ffffff;\n}\n<\/style>\n<div id='avia-messagebox-' class='avia_message_box av_notification av-mdp6f7ty-1b16ea201d7938139274d5446a33e310 avia-color-custom avia-size-large avia-icon_select-no avia-border-  avia-builder-el-3  el_after_av_promobox  el_before_av_textblock ' ><div class=\"avia_message_box_content\"><p>P\u00e5meldingen for Traineeships er \u00e5pnet og stenger 30.november 2025<\/p>\n<\/div><\/div>\n<section  class='av_textblock_section av-mdp5ufzv-7b4edae23851ed6d0a933973233a3273'  itemscope=\"itemscope\" itemtype=\"https:\/\/schema.org\/CreativeWork\" ><div class='avia_textblock'  itemprop=\"text\" ><p>To ganger i \u00e5ret blir det sluppet en oversikt over alle traineeshipsene som tilbys i den aktuelle perioden, og du bestemmer selv hvilket som passer best for deg. Du f\u00e5r tilgang gjennom\u00a0<strong>traineeships.elsa.org<\/strong> eller ved \u00e5 ta direkte kontakt med Vice President in charge of Professional Development i Troms\u00f8.<\/p>\n<p>De ansvarlige for ELSA traineeships i Troms\u00f8 jobber videre med \u00e5 f\u00e5 ulike akt\u00f8rer fra hele Nord-Norge til \u00e5 tilby traineestillinger for jusstudenter og nyutdannede jurister fra utlandet. I tillegg jobber vi for at jusstudentene ved det juridiske fakultet i Troms\u00f8 f\u00e5r informasjon om traineeshipene som finnes i de ulike europeiske landende, og hvilken fantastisk mulighet det er \u00e5 reise p\u00e5 et traineeopphold.<\/p>\n<\/div><\/section>\n<div  class='avia-button-wrap av-mdp5ywdw-61e9dab1183a830cdc7a603524132642-wrap avia-button-left  avia-builder-el-5  el_after_av_textblock  el_before_av_hr '>\n<style type=\"text\/css\" data-created_by=\"avia_inline_auto\" id=\"style-css-av-mdp5ywdw-61e9dab1183a830cdc7a603524132642\">\n#top #wrap_all .avia-button.av-mdp5ywdw-61e9dab1183a830cdc7a603524132642{\nbackground-color:#67ac5f;\nborder-color:#67ac5f;\ncolor:#ffffff;\n-webkit-transition:all 0.4s ease-in-out;\n-moz-transition:all 0.4s ease-in-out;\n-ms-transition:all 0.4s ease-in-out;\n-o-transition:all 0.4s ease-in-out;\ntransition:all 0.4s ease-in-out;\n}\n<\/style>\n<a href='https:\/\/traineeships.elsa.org\/' class='avia-button av-mdp5ywdw-61e9dab1183a830cdc7a603524132642 avia-icon_select-no avia-size-large avia-position-left' target=\"_blank\" rel=\"noopener noreferrer\"><span class='avia_iconbox_title' >S\u00d8K TRAINEESHIPS HER<\/span><\/a><\/div>\n<div  class='hr av-3pnb-8ad4545cc2110ae81e25b1c62cfe22a8 hr-default  avia-builder-el-6  el_after_av_button  el_before_av_textblock '><span class='hr-inner '><span class=\"hr-inner-style\"><\/span><\/span><\/div>\n<section  class='av_textblock_section av-mdp64r2o-d90f1dfbb86aaf3899d0323fbf2b152e'  itemscope=\"itemscope\" itemtype=\"https:\/\/schema.org\/CreativeWork\" ><div class='avia_textblock'  itemprop=\"text\" ><h1><span style=\"color: #67ac5f;\">S\u00d8KNADSGUIDE FOR TRAINEESHIPS<\/span><\/h1>\n<\/div><\/section>\n\n<style type=\"text\/css\" data-created_by=\"avia_inline_auto\" id=\"style-css-av-mhnz0iux-681958790b56472a6a5834c4a7d9aa84\">\n#top .togglecontainer.av-mhnz0iux-681958790b56472a6a5834c4a7d9aa84 p.toggler{\ncolor:#ffffff;\nbackground-color:#67ac5f;\n}\n#top .togglecontainer.av-mhnz0iux-681958790b56472a6a5834c4a7d9aa84 p.toggler .toggle_icon{\ncolor:#67ac5f;\nborder-color:#67ac5f;\n}\n#top .togglecontainer.av-mhnz0iux-681958790b56472a6a5834c4a7d9aa84 p.toggler .toggle_icon > span{\ncolor:#67ac5f;\nborder-color:#67ac5f;\n}\n#top .togglecontainer.av-mhnz0iux-681958790b56472a6a5834c4a7d9aa84 .toggle_wrap .toggle_content{\ncolor:#ffffff;\nbackground-color:#67ac5f;\n}\n<\/style>\n<div  class='togglecontainer av-mhnz0iux-681958790b56472a6a5834c4a7d9aa84 av-minimal-toggle  avia-builder-el-8  el_after_av_textblock  el_before_av_hr  toggle_close_all' >\n<section class='av_toggle_section av-av_toggle-95e01dfb621530e7115a545d5f6d5aea'  itemscope=\"itemscope\" itemtype=\"https:\/\/schema.org\/CreativeWork\" ><div role=\"tablist\" class=\"single_toggle\" data-tags=\"{All} \"  ><p data-fake-id='#toggle-id-1' class='toggler   '  itemprop=\"headline\"  role='tab' tabindex='0' aria-controls='toggle-id-1'>Generell info om s\u00f8knad<span class=\"toggle_icon\"><span class=\"vert_icon\"><\/span><span class=\"hor_icon\"><\/span><\/span><\/p><div id='toggle-id-1' class='toggle_wrap  '  ><div class='toggle_content invers-color '  itemprop=\"text\" ><p>S\u00f8knad foreg\u00e5r elektronisk, gjennom portalen\u00a0<strong>traineeships.elsa.org.\u00a0<\/strong>Her s\u00f8ker du direkte p\u00e5 traineeshippet du \u00f8nsker, og du kan s\u00f8ke p\u00e5 inntil 3 stykker. P\u00e5 den elektroniske s\u00f8knaden fyller du ut fagkrav i samsvar med oversikten over hvilke fagkrav som oppfylles av fagene p\u00e5 UiT, spr\u00e5k, CV og motivasjonsbrev. S\u00f8knaden kan ikke trekkes tilbake etter den sendt inn, men det er mulig \u00e5 takke nei til plassen om du ikke f\u00e5r mulighet til \u00e5 delta.<\/p>\n<\/div><\/div><\/div><\/section>\n<section class='av_toggle_section av-av_toggle-84f5055afa556b753da5da23ff909c9c'  itemscope=\"itemscope\" itemtype=\"https:\/\/schema.org\/CreativeWork\" ><div role=\"tablist\" class=\"single_toggle\" data-tags=\"{All} \"  ><p data-fake-id='#toggle-id-2' class='toggler   '  itemprop=\"headline\"  role='tab' tabindex='0' aria-controls='toggle-id-2'>Motivasjonsbrev og CV<span class=\"toggle_icon\"><span class=\"vert_icon\"><\/span><span class=\"hor_icon\"><\/span><\/span><\/p><div id='toggle-id-2' class='toggle_wrap  '  ><div class='toggle_content invers-color '  itemprop=\"text\" ><p>Ettersom utvelgelsesprosessen ikke er basert p\u00e5 karakterer er det sv\u00e6rt viktig \u00e5 legge ned en innsats i \u00e5 utforme CV og motivasjonsbrev. Dette er arbeidsgiverens eneste mulighet til \u00e5 vurdere deg som kandidat. B\u00e5de CV og motivasjonsbrev m\u00e5 fylles inn i angitt felt i s\u00f8knadsskjemaet.<\/p>\n<p>Dersom du \u00f8nsker ytterligere hjelp med motivasjonsbrevet eller CV er det mulig \u00e5 ta kontakt med karrieresenteret, ved:\u00a0<a href=\"&#109;&#97;&#x69;l&#116;&#x6f;&#x3a;k&#97;&#x72;&#x72;i&#101;&#x72;&#x65;s&#101;&#x6e;&#x74;e&#114;&#x65;&#x74;&#64;&#117;&#x69;t&#46;&#110;&#x6f;\">&#x6b;&#x61;&#114;r&#x69;&#x65;&#114;&#101;s&#x65;&#x6e;&#116;&#101;r&#x65;&#x74;&#64;ui&#x74;&#x2e;&#110;o<\/a>\u00a0eller Professional Development ansvarlig ved:\u00a0<a href=\"&#x6d;&#x61;&#x69;&#x6c;&#116;&#111;&#58;pr&#x6f;&#x66;&#x65;&#x73;&#x73;&#105;&#111;&#110;al&#x64;&#x65;&#x76;&#x65;&#x6c;&#111;&#112;&#109;en&#x74;&#x2e;&#x74;&#x72;&#x6f;&#109;&#115;&#111;&#64;n&#x6f;&#x2e;&#x65;&#x6c;&#x73;&#97;&#46;&#111;rg\">&#x70;&#x72;&#111;&#102;es&#x73;&#x69;&#x6f;&#110;al&#x64;&#x65;&#x76;&#101;&#108;o&#x70;&#x6d;&#x65;&#110;&#116;&#46;&#x74;&#x72;&#x6f;&#109;&#115;o&#64;&#x6e;&#x6f;&#x2e;&#101;ls&#x61;&#x2e;&#x6f;&#114;&#103;<\/a><\/p>\n<\/div><\/div><\/div><\/section>\n<section class='av_toggle_section av-av_toggle-3f84ed7fe515b68f0af5d99c2f82b4e1'  itemscope=\"itemscope\" itemtype=\"https:\/\/schema.org\/CreativeWork\" ><div role=\"tablist\" class=\"single_toggle\" data-tags=\"{All} \"  ><p data-fake-id='#toggle-id-3' class='toggler   '  itemprop=\"headline\"  role='tab' tabindex='0' aria-controls='toggle-id-3'>Fagkrav<span class=\"toggle_icon\"><span class=\"vert_icon\"><\/span><span class=\"hor_icon\"><\/span><\/span><\/p><div id='toggle-id-3' class='toggle_wrap  '  ><div class='toggle_content invers-color '  itemprop=\"text\" ><p>Det skilles mellom tre niv\u00e5er<\/p>\n<ul>\n<li><strong>Undergraduate<\/strong>: det stilles da ingen krav til hvor langt du har kommet i studiet.<\/li>\n<li><strong>Graduate Bachelor<\/strong>: Det kreves at du har fullf\u00f8rt en bachelor-grad eller tilsvarende (3 \u00e5r av en integrert master i Norge)<\/li>\n<li><strong>Graduate Master<\/strong>: fullf\u00f8rt mastergrad.<\/li>\n<li><strong>Postgraduate PhD<\/strong>: dette krever at du har p\u00e5begynt en doktorgrad.<\/li>\n<\/ul>\n<\/div><\/div><\/div><\/section>\n<section class='av_toggle_section av-av_toggle-b3ea782a174d551b3ef2036e50625913'  itemscope=\"itemscope\" itemtype=\"https:\/\/schema.org\/CreativeWork\" ><div role=\"tablist\" class=\"single_toggle\" data-tags=\"{All} \"  ><p data-fake-id='#toggle-id-4' class='toggler   '  itemprop=\"headline\"  role='tab' tabindex='0' aria-controls='toggle-id-4'>\u201dLanguage skills\u201d<span class=\"toggle_icon\"><span class=\"vert_icon\"><\/span><span class=\"hor_icon\"><\/span><\/span><\/p><div id='toggle-id-4' class='toggle_wrap  '  ><div class='toggle_content invers-color '  itemprop=\"text\" ><p>Her skilles det mellom fire niv\u00e5er<\/p>\n<ul>\n<li>Native: morsm\u00e5l.<\/li>\n<li>Fluent: Du snakker spr\u00e5ket flytende og kan skrive klare og detaljerte tekster. Du kan forst\u00e5 komplekse tekster om b\u00e5de konkrete og abstrakte temaer.<\/li>\n<li>Good: Du forst\u00e5r hovedpoengene om vanlige temaer og kan delta i dagligdagse samtaler.<\/li>\n<li>Basic: du har en overordnet forst\u00e5else for spr\u00e5ket og kan kommunisere om enkle og rutinemessige oppgaver.<\/li>\n<\/ul>\n<\/div><\/div><\/div><\/section>\n<section class='av_toggle_section av-av_toggle-3a65158f0b46387b08644e503e30192c'  itemscope=\"itemscope\" itemtype=\"https:\/\/schema.org\/CreativeWork\" ><div role=\"tablist\" class=\"single_toggle\" data-tags=\"{All} \"  ><p data-fake-id='#toggle-id-5' class='toggler   '  itemprop=\"headline\"  role='tab' tabindex='0' aria-controls='toggle-id-5'>\u201dLegal studies\u201d<span class=\"toggle_icon\"><span class=\"vert_icon\"><\/span><span class=\"hor_icon\"><\/span><\/span><\/p><div id='toggle-id-5' class='toggle_wrap  '  ><div class='toggle_content invers-color '  itemprop=\"text\" ><p>Her skilles det mellom tre niv\u00e5er:<\/p>\n<ul>\n<li>None: du har ingen eller veldig begrenset kunnskap om rettsomr\u00e5det.<\/li>\n<li>General: du har en generell oversikt over rettsomr\u00e5det og er kjent med temaet. Du har for eksempel fullf\u00f8rt et introduksjonskurs. Et eksempel p\u00e5 et fag ved det juridiske fakultet p\u00e5 UiT som gir \u201dgeneral\u201d kunnskaper er \u201dcontract law\u201d som man oppn\u00e5r gjennom avtalerett (1.avd). Det er ogs\u00e5 mulig \u00e5 lese seg opp til dette niv\u00e5et p\u00e5 egen h\u00e5nd.<\/li>\n<li>Advanced: du har en bredere kunnskap om rettsomr\u00e5det og god innsikt i materielle regler og hvordan disse anvendes. Du har studert fagomr\u00e5det over en lengre periode, deltatt p\u00e5 seminarer\/grupper og skrevet oppgaver om emnet. Flere av de obligatoriske fagene ved studiemodellen i Troms\u00f8 vil gi \u201dadvanced\u201d kunnskap om et rettsomr\u00e5de (Se oversikten under punktet &#8220;<strong>Veiledning for studiemodellen ved det juridiske fakultetet i Troms\u00f8&#8221;.<\/strong>).<\/li>\n<\/ul>\n<p>Bruk oversikten over niv\u00e5et du oppfyller etter hvilke fag fullf\u00f8rt p\u00e5 juss ved UiT. Med mindre du kan dokumentere s\u00e6rlige kunnskaper innen fagomr\u00e5de fra tidligere studier eller arbeidserfaring innen et visst emne m\u00e5 du fylle ut kompetansen i samsvar med oversikten. Du risikerer \u00e5 f\u00e5 s\u00f8knaden underkjent hvis dette er galt.<\/p>\n<\/div><\/div><\/div><\/section>\n<section class='av_toggle_section av-av_toggle-54496180498c03ce88ec83efac5b44c6'  itemscope=\"itemscope\" itemtype=\"https:\/\/schema.org\/CreativeWork\" ><div role=\"tablist\" class=\"single_toggle\" data-tags=\"{All} \"  ><p data-fake-id='#toggle-id-6' class='toggler   '  itemprop=\"headline\"  role='tab' tabindex='0' aria-controls='toggle-id-6'>Veiledning for studiemodellen ved det juridiske fakultetet i Troms\u00f8Toggle Title<span class=\"toggle_icon\"><span class=\"vert_icon\"><\/span><span class=\"hor_icon\"><\/span><\/span><\/p><div id='toggle-id-6' class='toggle_wrap  '  ><div class='toggle_content invers-color '  itemprop=\"text\" ><p><strong>1.avdeling<\/strong><\/p>\n<p>Statsrett<\/p>\n<ul>\n<li>Constitutional law (advanced)<\/li>\n<\/ul>\n<p>Familie- og arverett<\/p>\n<ul>\n<li>Family and inheritance law (advanced)<\/li>\n<\/ul>\n<p>Avtalerett<\/p>\n<ul>\n<li>Contract law (general)<\/li>\n<\/ul>\n<p>Folkerett<\/p>\n<ul>\n<li>Public international law (general)<\/li>\n<\/ul>\n<p><strong>2.avdeling<\/strong><\/p>\n<p>Forvaltningsrett<\/p>\n<ul>\n<li>Administrative law (advanced)<\/li>\n<\/ul>\n<p>Spesiell forvaltningsrett \u2013 Milj\u00f8forvaltningsrett<\/p>\n<ul>\n<li>Enviromental law (general)<\/li>\n<\/ul>\n<p>Spesiell forvaltningsrett \u2013 velferdsrett<\/p>\n<ul>\n<li>Social security law (general)<\/li>\n<li>Welfare law (general)<\/li>\n<\/ul>\n<p>Rettshistorie<\/p>\n<ul>\n<li>Legal history (general)<\/li>\n<\/ul>\n<p>Erstatningsrett<\/p>\n<ul>\n<li>Tort law (general)<\/li>\n<\/ul>\n<p>Internasjonal privatrett<\/p>\n<ul>\n<li>International private law (general)<\/li>\n<\/ul>\n<p>EU\/E\u00d8S-rett<\/p>\n<ul>\n<li>European constitutional law (general)<\/li>\n<\/ul>\n<p><strong>3.avdeling<\/strong><\/p>\n<p>Juridisk metode og etikk<\/p>\n<ul>\n<li>Legal theory (advanced)<\/li>\n<\/ul>\n<p>Alminnelig obligasjonsrett<\/p>\n<ul>\n<li>Contracts law (advanced)<\/li>\n<li>Consumer protection law (general)<\/li>\n<\/ul>\n<p>Panterett<\/p>\n<ul>\n<li>Securities (general)<\/li>\n<\/ul>\n<p>Tingsrett<\/p>\n<ul>\n<li>Property law (general)<\/li>\n<\/ul>\n<p>Gjeldsforf\u00f8lgningsrett<\/p>\n<ul>\n<li>Insolvency law (general)<\/li>\n<\/ul>\n<p><strong>4.avdeling<\/strong><\/p>\n<p>Strafferett<\/p>\n<ul>\n<li>Criminal law (advanced)<\/li>\n<\/ul>\n<p>Rettergang<\/p>\n<ul>\n<li>Civil procedure (advanced)<\/li>\n<li>Criminal procedure (advanced)<\/li>\n<\/ul>\n<p>Menneskerettigheter<\/p>\n<ul>\n<li>Human rights (advanced)<\/li>\n<\/ul>\n<p><strong>5.avdeling<\/strong><\/p>\n<p>Se generelle retningslinjer for oversettelse av fagkravene under.<\/p>\n<\/div><\/div><\/div><\/section>\n<section class='av_toggle_section av-av_toggle-f42928554e5192d5e4b32da13d295cc1'  itemscope=\"itemscope\" itemtype=\"https:\/\/schema.org\/CreativeWork\" ><div role=\"tablist\" class=\"single_toggle\" data-tags=\"{All} \"  ><p data-fake-id='#toggle-id-7' class='toggler   '  itemprop=\"headline\"  role='tab' tabindex='0' aria-controls='toggle-id-7'>Generelle retningslinjer<span class=\"toggle_icon\"><span class=\"vert_icon\"><\/span><span class=\"hor_icon\"><\/span><\/span><\/p><div id='toggle-id-7' class='toggle_wrap  '  ><div class='toggle_content invers-color '  itemprop=\"text\" ><p>N\u00e5r du skal krysse av for fagkrav m\u00e5 du f\u00f8rst og fremst vurdere din egen kunnskap. Kunnskapen i fagene g\u00e5r hovedsakelig ut p\u00e5 hva du kan om de materielle reglene og anvendelsen av disse. Fagets varighet og st\u00f8rrelse kan ha betydning for hvor godt du har satt deg inn i de materielle reglene.<\/p>\n<p>Dersom du har tatt valgfag som ikke befinner seg p\u00e5 den veiledende listen under m\u00e5 du vurdere hvilken materiell kunnskap du har f\u00e5tt gjennom \u00e5 ha faget. Har du for eksempel l\u00f8st mange oppgaver, lest mye, hatt undervisning osv. I tillegg kan det v\u00e6re av betydning hvor mange studiepoeng faget er og hvor lang tid det strekker seg over.<\/p>\n<p>Du m\u00e5 vurdere det du l\u00e6rer i kurset opp mot fagdisiplinen generelt. Et eksempel er Contract law. Etter \u00e5 ha hatt avtalerett p\u00e5 1.avdeling vil du besitte god kunnskap om avtalerett, men ikke kj\u00f8psrett. Du vil derfor f\u00f8rst n\u00e5 niv\u00e5et \u00abadvanced\u00bb n\u00e5r du har hatt alminnelig obligasjonsrett p\u00e5 3.avdeling.<\/p>\n<\/div><\/div><\/div><\/section>\n<section class='av_toggle_section av-av_toggle-a20a3dbc10eb62d9128be22f80e8abaa'  itemscope=\"itemscope\" itemtype=\"https:\/\/schema.org\/CreativeWork\" ><div role=\"tablist\" class=\"single_toggle\" data-tags=\"{All} \"  ><p data-fake-id='#toggle-id-8' class='toggler   '  itemprop=\"headline\"  role='tab' tabindex='0' aria-controls='toggle-id-8'>Forskjeller p\u00e5 \u00abgeneral\u00bb og \u00abadvanced\u00bb<span class=\"toggle_icon\"><span class=\"vert_icon\"><\/span><span class=\"hor_icon\"><\/span><\/span><\/p><div id='toggle-id-8' class='toggle_wrap  '  ><div class='toggle_content invers-color '  itemprop=\"text\" ><p>For \u00e5 krysse av for \u00abadvanced\u00bb er det p\u00e5krevd \u00e5 ha gjennomf\u00f8rt et kurs i faget. Under kan du finne hvilke fag i studiemodellen ved det juridiske fakultet i Troms\u00f8 som isolert sett kvalifiserer til \u00abadvanced\u00bb.<\/p>\n<p>For kravet \u00abgeneral\u00bb er det ogs\u00e5 en fordel \u00e5 ha gjennomf\u00f8rt kurs, men det er mulig \u00e5 skaffe seg dette kunnskapsniv\u00e5et p\u00e5 andre m\u00e5ter. Du kan for eksempel lese og l\u00f8se oppgaver i et fag, du kan ha jobbet med det enten deltid eller som trainee osv.<\/p>\n<p>Husk at du m\u00e5 besitte en viss kunnskap om materielle regler ogs\u00e5 for \u00e5 kunne krysse av for \u00abgeneral\u00bb. Et traineeopphold p\u00e5 fire uker vil neppe v\u00e6re tilstrekkelig for \u00e5 kunne krysse av for \u00abgeneral\u00bb, men har du for eksempel b\u00e5de v\u00e6rt trainee innenfor rettsomr\u00e5det og lest deg opp p\u00e5 egenh\u00e5nd i tillegg kan det v\u00e6re tilstrekkelig.<\/p>\n<p>N\u00e5r det gjelder arbeid m\u00e5 du vurdere hvilken kunnskap du f\u00e5r om rettsreglene p\u00e5 det aktuelle omr\u00e5det gjennom arbeid. Det er eksempelvis forskjell p\u00e5 arbeid der du m\u00e5 kunne tolke og anvende de materielle reglene og mer rutinepreget arbeid som g\u00e5r ut p\u00e5 \u00e5 sjekke om vilk\u00e5r er oppfylt.<\/p>\n<\/div><\/div><\/div><\/section>\n<section class='av_toggle_section av-av_toggle-568de0b2a72cbb798958b0b3c6b8fe73'  itemscope=\"itemscope\" itemtype=\"https:\/\/schema.org\/CreativeWork\" ><div role=\"tablist\" class=\"single_toggle\" data-tags=\"{All} \"  ><p data-fake-id='#toggle-id-9' class='toggler   '  itemprop=\"headline\"  role='tab' tabindex='0' aria-controls='toggle-id-9'>Oversettelse av fagkravene<span class=\"toggle_icon\"><span class=\"vert_icon\"><\/span><span class=\"hor_icon\"><\/span><\/span><\/p><div id='toggle-id-9' class='toggle_wrap  '  ><div class='toggle_content invers-color '  itemprop=\"text\" ><p><strong>Administrative law:\u00a0<\/strong>Forvaltningsrett<\/p>\n<p><strong>Banking law:\u00a0<\/strong>Bankrett, transaksjonsrett, finansavtaler, pengekravsret<\/p>\n<p><strong>Civil law:\u00a0<\/strong>Privatrett. En samlebetegnelse p\u00e5 alle privatrettslige fag, som en motsetning til offentligrettslige fag.<\/p>\n<p><strong>Civil procedure:\u00a0<\/strong>Sivilprosess<\/p>\n<p><strong>Corporate\u00a0law:\u00a0<\/strong>Selskapsrett<\/p>\n<p><strong>Commercial law:\u00a0<\/strong>Forretningsjuss<\/p>\n<p><strong>Comparative law:\u00a0<\/strong>Komparativ rett<\/p>\n<p><strong>Competition law:\u00a0<\/strong>Konkurranserett<\/p>\n<p><strong>Constitutional law:\u00a0<\/strong>Statsrett<\/p>\n<p><strong>Consumer protection law:\u00a0<\/strong>Forbrukerrett<\/p>\n<p><strong>Contract law:\u00a0<\/strong>Kontraktsrett\/avtalerett<\/p>\n<p><strong>Criminal law:\u00a0<\/strong>Strafferett<\/p>\n<p><strong>Environmental law:\u00a0<\/strong>Milj\u00f8rett<\/p>\n<p><strong>European competition law:\u00a0<\/strong>EU-konkurranserett<\/p>\n<p><strong>European constitutional law: \u00a0<\/strong>EU-rett<\/p>\n<p><strong>European economic law:\u00a0<\/strong>EU-forretningsjuss og kontraktsrett<\/p>\n<p><strong>Family and Inheritance law:\u00a0<\/strong>Familie- og arverett<\/p>\n<p><strong>Human rights:\u00a0<\/strong>Menneskerettigheter<\/p>\n<p><strong>Industrial and intellectual property law:\u00a0<\/strong>Immaterial rett<\/p>\n<p><strong>Information technology law:\u00a0<\/strong>IT-rett<\/p>\n<p><strong>Insolvency law:\u00a0<\/strong>Materiell og prosessuell gjeldsforf\u00f8lgning<\/p>\n<p><strong>Insurance law:\u00a0<\/strong>Forsikringsrett<\/p>\n<p><strong>International arbitration:\u00a0<\/strong>Internasjonal voldgift\/kontraktsrett<\/p>\n<p><strong>International Private law:\u00a0<\/strong>Internasjonal privatrett<\/p>\n<p><strong>International Taxation:\u00a0<\/strong>Internasjonal skatterett<\/p>\n<p><strong>Labour law:\u00a0<\/strong>Arbeidsrett<\/p>\n<p><strong>Legal history:\u00a0<\/strong>Rettshistorie<\/p>\n<p><strong>Legal Theory:\u00a0<\/strong>Rettskildel\u00e6re\/ juridisk metode<\/p>\n<p><strong>Maritime and transport law:\u00a0<\/strong>Sj\u00f8- og transportrett, shipping, petroleumsrett<\/p>\n<p><strong>Mergers and Acquisitions:\u00a0<\/strong>Sammenslutningsrett: fusjon, fisjon, selskapsrett<\/p>\n<p><strong>Public international law:\u00a0<\/strong>Folkerett<\/p>\n<p><strong>Property law:\u00a0<\/strong>Eiendomsrett, tingsrett<\/p>\n<p><strong>Securities (shares, stocks, bonds):\u00a0<\/strong>Verdipapirer, kausjon, panterett, dynamisk tingsrett, pengekrav<\/p>\n<p><strong>Social security law:\u00a0<\/strong>Trygderett<\/p>\n<p><strong>Tax law:\u00a0<\/strong>Skatterett<\/p>\n<p><strong>Technology law:\u00a0<\/strong>Opphavsrett, panterett<\/p>\n<p><strong>Tort law:\u00a0<\/strong>Skadeserstatningsrett<\/p>\n<\/div><\/div><\/div><\/section>\n<\/div>\n<div  class='hr av-av_hr-f04ef840c2b66cff6c43fead44ee8d66 hr-default  avia-builder-el-9  el_after_av_toggle_container  avia-builder-el-last '><span class='hr-inner '><span class=\"hr-inner-style\"><\/span><\/span><\/div>\n","protected":false},"excerpt":{"rendered":"","protected":false},"author":11,"featured_media":0,"parent":3579,"menu_order":1031,"comment_status":"closed","ping_status":"closed","template":"","meta":{"jetpack_post_was_ever_published":false,"footnotes":""},"class_list":["post-207","page","type-page","status-publish","hentry"],"jetpack_sharing_enabled":true,"jetpack_shortlink":"https:\/\/wp.me\/P7Vtc6-3l","jetpack-related-posts":[],"_links":{"self":[{"href":"https:\/\/elsa.no\/tromso\/wp-json\/wp\/v2\/pages\/207","targetHints":{"allow":["GET"]}}],"collection":[{"href":"https:\/\/elsa.no\/tromso\/wp-json\/wp\/v2\/pages"}],"about":[{"href":"https:\/\/elsa.no\/tromso\/wp-json\/wp\/v2\/types\/page"}],"author":[{"embeddable":true,"href":"https:\/\/elsa.no\/tromso\/wp-json\/wp\/v2\/users\/11"}],"replies":[{"embeddable":true,"href":"https:\/\/elsa.no\/tromso\/wp-json\/wp\/v2\/comments?post=207"}],"version-history":[{"count":27,"href":"https:\/\/elsa.no\/tromso\/wp-json\/wp\/v2\/pages\/207\/revisions"}],"predecessor-version":[{"id":3635,"href":"https:\/\/elsa.no\/tromso\/wp-json\/wp\/v2\/pages\/207\/revisions\/3635"}],"up":[{"embeddable":true,"href":"https:\/\/elsa.no\/tromso\/wp-json\/wp\/v2\/pages\/3579"}],"wp:attachment":[{"href":"https:\/\/elsa.no\/tromso\/wp-json\/wp\/v2\/media?parent=207"}],"curies":[{"name":"wp","href":"https:\/\/api.w.org\/{rel}","templated":true}]}}