{"id":1606,"date":"2018-03-06T14:23:01","date_gmt":"2018-03-06T13:23:01","guid":{"rendered":"http:\/\/elsa.no\/tromso\/?page_id=1606"},"modified":"2026-02-02T14:06:23","modified_gmt":"2026-02-02T13:06:23","slug":"go-international-fondet","status":"publish","type":"page","link":"https:\/\/elsa.no\/tromso\/aktiviteter\/go-international-fondet\/","title":{"rendered":"Go International-fondet"},"content":{"rendered":"<div id='full_slider_1'  class='avia-fullwidth-slider main_color avia-shadow   avia-builder-el-0  el_before_av_textblock  avia-builder-el-first   container_wrap fullsize'  ><div  class='avia-slideshow av-mdp4ctiu-2579cad94c19ae49505884a266a78353 avia-slideshow-featured av_slideshow_full avia-slide-slider av-slideshow-ui av-control-default av-slideshow-manual av-loop-once av-loop-manual-endless av-default-height-applied   avia-slideshow-1' data-slideshow-options=\"{&quot;animation&quot;:&quot;slide&quot;,&quot;autoplay&quot;:false,&quot;loop_autoplay&quot;:&quot;once&quot;,&quot;interval&quot;:5,&quot;loop_manual&quot;:&quot;manual-endless&quot;,&quot;autoplay_stopper&quot;:false,&quot;noNavigation&quot;:false,&quot;bg_slider&quot;:false,&quot;keep_padding&quot;:false,&quot;hoverpause&quot;:false,&quot;show_slide_delay&quot;:0}\"  itemprop=\"image\" itemscope=\"itemscope\" itemtype=\"https:\/\/schema.org\/ImageObject\" ><ul class='avia-slideshow-inner ' style='padding-bottom: 28.666666666667%;'><li  class='avia-slideshow-slide av-mdp4ctiu-2579cad94c19ae49505884a266a78353__0  av-single-slide slide-1 slide-odd'><div data-rel='slideshow-1' class='avia-slide-wrap '   ><img decoding=\"async\" class=\"wp-image-3398 avia-img-lazy-loading-not-3398\"  src=\"https:\/\/i0.wp.com\/elsa.no\/tromso\/files\/2025\/10\/Gruppebilde-horisontal-scaled.jpg?resize=1500%2C430&ssl=1\" width=\"1500\" height=\"430\" title='Gruppebilde horisontal' alt=''  itemprop=\"thumbnailUrl\"   \/><\/div><\/li><\/ul><\/div><\/div><div id='after_full_slider_1'  class='main_color av_default_container_wrap container_wrap fullsize'  ><div class='container av-section-cont-open' ><div class='template-page content  av-content-full alpha units'><div class='post-entry post-entry-type-page post-entry-1606'><div class='entry-content-wrapper clearfix'>\n<section  class='av_textblock_section av-mdp4dcav-172f4ce94fde67b09271745ebcd0a844'  itemscope=\"itemscope\" itemtype=\"https:\/\/schema.org\/CreativeWork\" ><div class='avia_textblock'  itemprop=\"text\" ><h1><span style=\"color: #0a3087;\">GO INTERNATIONAL FONDET<\/span><\/h1>\n<\/div><\/section>\n<div class='flex_column av-4u96km-50bd38af2ef2151b0379fdf1e94ca132 av_two_fifth  avia-builder-el-2  el_after_av_textblock  el_before_av_three_fifth  first flex_column_div column-top-margin'     ><section  class='av_textblock_section av-2piu4m-a93147ab45524b0d7c391218deb9023c'  itemscope=\"itemscope\" itemtype=\"https:\/\/schema.org\/CreativeWork\" ><div class='avia_textblock'  itemprop=\"text\" ><p>Generalforsamlingen besluttet 30. mars 2017 \u00e5 stille seg bak styrets forslag om \u00e5 opprette Go International fondet. Fondets form\u00e5l er \u00e5 bidra til at flere medlemmer av ELSA Troms\u00f8 f\u00e5r mulighet til \u00e5 delta p\u00e5\u00a0<a href=\"https:\/\/step.elsa.org\/\">ELSAs Traineeordning<\/a>,\u00a0<a href=\"https:\/\/lawschools.elsa.org\/\">ELSA Law Schools<\/a>,\u00a0<a href=\"https:\/\/delegations.elsa.org\/\">ELSA Delegations<\/a>\u00a0og\u00a0<a href=\"https:\/\/elsa.org\/\">ELSAs internasjonale konkurranser<\/a>.<\/p>\n<p>Fondet er regulert gjennom ELSA Troms\u00f8s vedtekter kap. 6, vi ber om at du setter deg inn i disse i forbindelse med din s\u00f8knad. Du finner vedtektene <a href=\"https:\/\/elsa.no\/tromso\/om-elsa-tromso\/dokumenter\/\" target=\"_blank\" rel=\"noopener\">HER<\/a>.<\/p>\n<\/div><\/section><\/div>\n<div class='flex_column av-2de0ti-2de88deb24bb996f163ea3b911a7da88 av_three_fifth  avia-builder-el-4  el_after_av_two_fifth  el_before_av_hr  flex_column_div column-top-margin'     ><div  class='avia-video av-mdow82mg-14f8123f5ade51109d44a7c0cec9e942 avia-video-16-9 av-no-preview-image avia-video-load-always avia-video-html5'  itemprop=\"video\" itemtype=\"https:\/\/schema.org\/VideoObject\"  data-original_url='https:\/\/elsa.no\/tromso\/files\/2025\/07\/Elsa-Internasjonale-Tilbud-1.mp4'><video class='avia_video'  autoplay playsinline loop preload=\"metadata\" muted controls id='player_1606_2010844430_1665656546'><source src='https:\/\/elsa.no\/tromso\/files\/2025\/07\/Elsa-Internasjonale-Tilbud-1.mp4' type='video\/mp4' \/><\/video><\/div><\/div>\n<div  class='hr av-4u2bnq-e39c1f733ebc54d6de39ff1ad74655cb hr-default  avia-builder-el-6  el_after_av_three_fifth  el_before_av_textblock '><span class='hr-inner '><span class=\"hr-inner-style\"><\/span><\/span><\/div>\n<section  class='av_textblock_section av-mhnyqs0r-27f4d9bbd89c4b6282afb655f4775395'  itemscope=\"itemscope\" itemtype=\"https:\/\/schema.org\/CreativeWork\" ><div class='avia_textblock'  itemprop=\"text\" ><h3>Hva m\u00e5 s\u00f8knaden inneholde?<\/h3>\n<\/div><\/section>\n\n<style type=\"text\/css\" data-created_by=\"avia_inline_auto\" id=\"style-css-av-mhnyptdv-814fc8250dd20829d8051bc055b57dc3\">\n#top .avia-icon-list-container.av-mhnyptdv-814fc8250dd20829d8051bc055b57dc3 .iconlist_icon{\nbackground-color:#0a3087;\n}\n<\/style>\n<div  class='avia-icon-list-container av-mhnyptdv-814fc8250dd20829d8051bc055b57dc3  avia-builder-el-8  el_after_av_textblock  el_before_av_hr '><ul class='avia-icon-list avia_animate_when_almost_visible avia-icon-list-left av-iconlist-big av-mhnyptdv-814fc8250dd20829d8051bc055b57dc3 avia-iconlist-animate'>\n<li><div class='iconlist_icon av-mhnyilz8-19c25c9df545791b6e5a2e471a3eab1d avia-font-entypo-fontello'><span class='iconlist-char' aria-hidden='true' data-av_icon='\ue827' data-av_iconfont='entypo-fontello'><\/span><\/div><article class=\"article-icon-entry \"  itemscope=\"itemscope\" itemtype=\"https:\/\/schema.org\/CreativeWork\" ><div class=\"iconlist_content_wrap\"><header class=\"entry-content-header\"><h4 class='av_iconlist_title iconlist_title  '  itemprop=\"headline\" >Kostnadsestimat<\/h4><\/header><div class='iconlist_content '  itemprop=\"text\" ><p>Medlemmet kan fa\u030adekket inntil 1\/3 av kostnadsestimatet for boutgifter, deltagerkontigent, fly tur\/retur og transport tur\/retur flyplass. Ved s\u00e6rlige tilfeller kan medlemmet fa\u030adekket mer enn 1\/3 av kostnadsestimatet.<\/p>\n<\/div><\/div><footer class=\"entry-footer\"><\/footer><\/article><div class=\"iconlist-timeline\"><\/div><\/li>\n<li><div class='iconlist_icon av-mhnyjoll-a152fff18f9c70edc07ecc1cbfa1d261 avia-font-entypo-fontello'><span class='iconlist-char' aria-hidden='true' data-av_icon='\ue836' data-av_iconfont='entypo-fontello'><\/span><\/div><article class=\"article-icon-entry \"  itemscope=\"itemscope\" itemtype=\"https:\/\/schema.org\/CreativeWork\" ><div class=\"iconlist_content_wrap\"><header class=\"entry-content-header\"><h4 class='av_iconlist_title iconlist_title  '  itemprop=\"headline\" >Personlig s\u00f8knadstekst<\/h4><\/header><div class='iconlist_content '  itemprop=\"text\" ><p>Skriv en personlig s\u00f8knadstekst om hvorfor du \u00f8nsker \u00e5 delta, hva du forventer \u00e5 f\u00e5 ut av deltakelsen etc.<\/p>\n<\/div><\/div><footer class=\"entry-footer\"><\/footer><\/article><div class=\"iconlist-timeline\"><\/div><\/li>\n<li><div class='iconlist_icon av-mhnykx75-137688f49c207cd630f53a4d4b6c60a1 avia-font-entypo-fontello'><span class='iconlist-char' aria-hidden='true' data-av_icon='\ue80c' data-av_iconfont='entypo-fontello'><\/span><\/div><article class=\"article-icon-entry \"  itemscope=\"itemscope\" itemtype=\"https:\/\/schema.org\/CreativeWork\" ><div class=\"iconlist_content_wrap\"><header class=\"entry-content-header\"><h4 class='av_iconlist_title iconlist_title  '  itemprop=\"headline\" >Medlemskap<\/h4><\/header><div class='iconlist_content '  itemprop=\"text\" ><p>Legg ved medlemskapsbevis p\u00e5 at du er medlem i ELSA Troms\u00f8. Om du ikke er medlem kan du melde deg inn\u00a0<strong>gratis<\/strong>.<\/p>\n<\/div><\/div><footer class=\"entry-footer\"><\/footer><\/article><div class=\"iconlist-timeline\"><\/div><\/li>\n<li><div class='iconlist_icon av-mhnylmlz-6cb8d0d6039b376ad38f23edcd2e0fd6 avia-font-entypo-fontello'><span class='iconlist-char' aria-hidden='true' data-av_icon='\ue8c9' data-av_iconfont='entypo-fontello'><\/span><\/div><article class=\"article-icon-entry \"  itemscope=\"itemscope\" itemtype=\"https:\/\/schema.org\/CreativeWork\" ><div class=\"iconlist_content_wrap\"><header class=\"entry-content-header\"><h4 class='av_iconlist_title iconlist_title  '  itemprop=\"headline\" >Studierett<\/h4><\/header><div class='iconlist_content '  itemprop=\"text\" ><p>Legg ved dokumentasjon p\u00e5 at du har studierett ved Det Juridiske Fakultetet ved UiT.<\/p>\n<\/div><\/div><footer class=\"entry-footer\"><\/footer><\/article><div class=\"iconlist-timeline\"><\/div><\/li>\n<li><div class='iconlist_icon av-mhnyoied-348ce4a97d5cbe363354bbace3269772 avia-font-entypo-fontello'><span class='iconlist-char' aria-hidden='true' data-av_icon='\ue84e' data-av_iconfont='entypo-fontello'><\/span><\/div><article class=\"article-icon-entry \"  itemscope=\"itemscope\" itemtype=\"https:\/\/schema.org\/CreativeWork\" ><div class=\"iconlist_content_wrap\"><header class=\"entry-content-header\"><h4 class='av_iconlist_title iconlist_title  '  itemprop=\"headline\" >Type arrangement<\/h4><\/header><div class='iconlist_content '  itemprop=\"text\" ><p>Legg ved hvilket arrangement du skal delta p\u00e5. Go-International fondet dekker kun deltakelse til\u00a0<strong>ELSAs Traineeships, ELSAs Lawschools, ELSA Delegations <\/strong>og<strong> ELSAs internasjonale konkurranser.<\/strong><\/p>\n<\/div><\/div><footer class=\"entry-footer\"><\/footer><\/article><div class=\"iconlist-timeline\"><\/div><\/li>\n<\/ul><\/div>\n<div  class='hr av-469ew6-37dceb4bb95889e7e36f4a8dcf766df1 hr-default  avia-builder-el-9  el_after_av_iconlist  el_before_av_promobox '><span class='hr-inner '><span class=\"hr-inner-style\"><\/span><\/span><\/div>\n<div  class='av_promobox av-mhnyhqo5-e62583c76af72b89310feca6c3ed7df4 avia-button-yes  avia-builder-el-10  el_after_av_hr  el_before_av_hr '><div class='avia-promocontent'><p>Dersom du \u00f8nsker \u00e5 s\u00f8ke om st\u00f8tte via Go-International Fondet kan du gj\u00f8re det her. Vi ber deg imidlertid om \u00e5 sette deg inn i ELSA Troms\u00f8 sine vedtekter\u00a0<strong>f\u00f8r<\/strong> du s\u00f8ker.<\/p>\n<\/div><div  class='avia-button-wrap av-mhnyhqo5-9cf66aef08486d1580367fb0b4d24a03-wrap avia-button-right '><a href='m&#97;&#x69;&#x6c;&#x74;o&#58;&#x70;&#x72;&#x65;s&#105;&#x64;&#x65;&#x6e;t&#46;&#x74;&#x72;&#x6f;m&#115;&#x6f;&#x40;&#x6e;o&#46;&#x65;&#x6c;&#x73;a&#46;&#x6f;&#x72;&#x67;' class='avia-button av-mhnyhqo5-9cf66aef08486d1580367fb0b4d24a03 avia-icon_select-no avia-size-large avia-position-right avia-color-theme-color' target=\"_blank\" rel=\"noopener noreferrer\"><span class='avia_iconbox_title' >S\u00d8K HER<\/span><\/a><\/div><\/div>\n<div  class='hr av-2phc46-8ed93ff52045a2ccd7058d9fda7b1a74 hr-default  avia-builder-el-11  el_after_av_promobox  el_before_av_content_slider '><span class='hr-inner '><span class=\"hr-inner-style\"><\/span><\/span><\/div>\n<div  class='avia-content-slider-element-container av-mhnye1sz-550702d4c000b139fd1052cccdf2cbb9 avia-content-slider-element-slider avia-content-slider avia-smallarrow-slider avia-content-slider-active avia-content-slider-odd  avia-builder-el-12  el_after_av_hr  el_before_av_textblock  av-slideshow-ui av-control-default av-nav-arrows-visible av-nav-dots-visible av-no-slider-navigation av-slideshow-manual av-loop-once av-loop-manual-endless avia-content-slider1' data-slideshow-options=\"{&quot;animation&quot;:&quot;slide&quot;,&quot;autoplay&quot;:false,&quot;loop_autoplay&quot;:&quot;once&quot;,&quot;interval&quot;:5,&quot;loop_manual&quot;:&quot;manual-endless&quot;,&quot;autoplay_stopper&quot;:false,&quot;noNavigation&quot;:false,&quot;bg_slider&quot;:false,&quot;keep_padding&quot;:&quot;&quot;,&quot;hoverpause&quot;:false,&quot;show_slide_delay&quot;:30}\"><div class='avia-smallarrow-slider-heading '><div class='new-special-heading'><h3 class=''>Om Go-International fondet<\/h3><\/div><div class='avia-slideshow-arrows avia-slideshow-controls' ><a href='#prev' class='prev-slide ' aria-hidden='true' data-av_icon='\ue87c' data-av_iconfont='entypo-fontello'  tabindex='-1'>Previous<\/a><a href='#next' class='next-slide ' aria-hidden='true' data-av_icon='\ue87d' data-av_iconfont='entypo-fontello'  tabindex='-1'>Next<\/a><\/div><\/div><div class=\"avia-content-slider-inner\"><div class=\"slide-entry-wrap\"><section class='slide-entry av-2ab7me-f8db87843e3d588a02a0543175460562 flex_column av_fullwidth post-entry slide-entry-overview slide-loop-1 slide-parity-odd  first'  itemscope=\"itemscope\" itemtype=\"https:\/\/schema.org\/CreativeWork\" ><h3 class='slide-entry-title entry-title '  itemprop=\"headline\" >Fondets form\u00e5l<\/h3><div class='slide-entry-excerpt entry-content'  itemprop=\"text\" ><p>Fondets form\u00e5l er \u00e5 bidra til at flere medlemmer av ELSA Troms\u00f8 f\u00e5r mulighet til \u00e5 delta p\u00e5 ELSAs Traineeordning, ELSA Law Schools, ELSA Delegations og ELSAs internasjonale konkurranser. Fondet skal v\u00e6re permanent.<\/p>\n<\/div><\/section><\/div><div class=\"slide-entry-wrap\"><section class='slide-entry av-mhnyc9uf-b54c1d3dee37a9d34cb82912f2416852 flex_column av_fullwidth post-entry slide-entry-overview slide-loop-2 slide-parity-odd  first'  itemscope=\"itemscope\" itemtype=\"https:\/\/schema.org\/CreativeWork\" ><h3 class='slide-entry-title entry-title '  itemprop=\"headline\" >Overskuddet<\/h3><div class='slide-entry-excerpt entry-content'  itemprop=\"text\" ><p>Styret i ELSA Troms\u00f8 skal avgj\u00f8re hvor mye av overskuddet fra innev\u00e6rende styreperiode som skal avsettes til Go International-fondet. Minimum 10% av overskuddet skal avsettes hvert \u00e5r.<\/p>\n<\/div><\/section><\/div><div class=\"slide-entry-wrap\"><section class='slide-entry av-mhnyc9uf-6-d34c270eef08e468e5f2457132b67b6a flex_column av_fullwidth post-entry slide-entry-overview slide-loop-3 slide-parity-odd  first'  itemscope=\"itemscope\" itemtype=\"https:\/\/schema.org\/CreativeWork\" ><h3 class='slide-entry-title entry-title '  itemprop=\"headline\" >Fondets komit\u00e9 <\/h3><div class='slide-entry-excerpt entry-content'  itemprop=\"text\" ><p>Midlene skal fordeles av en komite best\u00e5ende av tre representanter. ELSA Troms\u00f8 skal ha minst en representant i komiteen. Styret i JSU og Det juridiske fakultet skal tilbys hver sin plass. Skulle JSU eller Det juridiske fakultet ikke stille med representanter utnevner ELSA Troms\u00f8 den eller de manglende representantene. Ingen representanter kan delta i avstemninger som direkte eller indirekte ang\u00e5r en selv, eller sine n\u00e6rst\u00e5ende. Hver representants habilitet skal vurderes f\u00f8r behandlingen av den enkelte s\u00f8knad. Komiteen skal behandle s\u00f8knadene fortl\u00f8pende. Under komiteens m\u00f8te skal det skrives referat og fattes skriftlig vedtak.<\/p>\n<\/div><\/section><\/div><div class=\"slide-entry-wrap\"><section class='slide-entry av-mhnyc9uf-5-65f82511a3825b19abbc90b19280994f flex_column av_fullwidth post-entry slide-entry-overview slide-loop-4 slide-parity-odd  first'  itemscope=\"itemscope\" itemtype=\"https:\/\/schema.org\/CreativeWork\" ><h3 class='slide-entry-title entry-title '  itemprop=\"headline\" >Vurdering<\/h3><div class='slide-entry-excerpt entry-content'  itemprop=\"text\" ><p>Medlemmet kan fa\u030adekket inntil 1\/3 av kostnadsestimatet for boutgifter, deltagerkontigent, fly tur\/retur og transport tur\/retur flyplass. Ved s\u00e6rlige tilfeller kan medlemmet fa\u030adekket mer enn 1\/3 av kostnadsestimatet. I vurderingen av den enkelte s\u00f8knad skal det legges vekt p\u00e5 innholdet i studentens s\u00f8knad, kostnadene forbundet med deltakelsen, antallet mottatte s\u00f8knader til det enkelte arrangement, fondets form\u00e5l og \u00f8konomiske forhold. Midler kan kun gis til deltagelse p\u00e5 arrangement i regi av ELSA.<\/p>\n<\/div><\/section><\/div><div class=\"slide-entry-wrap\"><section class='slide-entry av-mhnyc9uf-4-ca3f625cd3b511af9050e7a9cea45479 flex_column av_fullwidth post-entry slide-entry-overview slide-loop-5 slide-parity-odd  first'  itemscope=\"itemscope\" itemtype=\"https:\/\/schema.org\/CreativeWork\" ><h3 class='slide-entry-title entry-title '  itemprop=\"headline\" >Utbetaling<\/h3><div class='slide-entry-excerpt entry-content'  itemprop=\"text\" ><p>Utbetaling av midler skal skje i forkant av deltakelsen p\u00e5 arrangementet, med forbehold om at medlemmet forplikter seg til a\u030aoversende kvitteringer innen tre uker etter at oppholdet er avsluttet. Dersom bel\u00f8pet medlemmet f\u00e5r utbetalt i forkant overskrider de reelle kostnadene, skal differansen tilbakef\u00f8res til fondet ved oppfordring. Dersom medlemmet ikke deltar p\u00e5 arrangementet skal midlene tilbakebetales, uavhengig av \u00e5rsak.<\/p>\n<\/div><\/section><\/div><div class=\"slide-entry-wrap\"><section class='slide-entry av-mhnydsbg-3b6d4974a2ada7c90bbe994e1cb6c22d flex_column av_fullwidth post-entry slide-entry-overview slide-loop-6 slide-parity-odd  first'  itemscope=\"itemscope\" itemtype=\"https:\/\/schema.org\/CreativeWork\" ><h3 class='slide-entry-title entry-title '  itemprop=\"headline\" >Styrets rolle<\/h3><div class='slide-entry-excerpt entry-content'  itemprop=\"text\" ><p>Styret skal godkjenne utbetalinger fra GO International-fondet slik at aktiviteten fremga\u030ar av m\u00f8tereferatene. Styret har kun anledning til a\u030apr\u00f8ve at GO International-komit\u00e9ens vedtak er fattet i henhold til ELSA Troms\u00f8s vedtekter.<\/p>\n<\/div><\/section><\/div><div class=\"slide-entry-wrap\"><section class='slide-entry av-mhnye1h4-c870588d4f15e58dd9d1734edaa657be flex_column av_fullwidth post-entry slide-entry-overview slide-loop-7 slide-parity-odd  post-entry-last  first'  itemscope=\"itemscope\" itemtype=\"https:\/\/schema.org\/CreativeWork\" ><h3 class='slide-entry-title entry-title '  itemprop=\"headline\" >Opph\u00f8r<\/h3><div class='slide-entry-excerpt entry-content'  itemprop=\"text\" ><p>Fondet opph\u00f8rer n\u00e5r alle midlene er fordelt. Skulle ELSA Troms\u00f8s \u00f8konomiske situasjon tilsi det, kan Generalforsamlingen avvikle fondet med 4\/5 flertall. Midlene st\u00e5r da til ELSA Troms\u00f8s frie disposisjon.<\/p>\n<\/div><\/section><\/div><\/div><\/div>\n<section  class='av_textblock_section av-mhnzkjlu-bfb681ed2f5500c0103e3dd0c0df2621'  itemscope=\"itemscope\" itemtype=\"https:\/\/schema.org\/CreativeWork\" ><div class='avia_textblock'  itemprop=\"text\" ><p><em>*Oppdatert 6. november 2025, vi ber deg alltid lese vedtektene v\u00e5re for korrekt og oppdatert informasjon.<\/em><\/p>\n<\/div><\/section>\n","protected":false},"excerpt":{"rendered":"","protected":false},"author":11,"featured_media":0,"parent":3579,"menu_order":0,"comment_status":"closed","ping_status":"closed","template":"","meta":{"jetpack_post_was_ever_published":false,"footnotes":""},"class_list":["post-1606","page","type-page","status-publish","hentry"],"jetpack_sharing_enabled":true,"jetpack_shortlink":"https:\/\/wp.me\/P7Vtc6-pU","jetpack-related-posts":[],"_links":{"self":[{"href":"https:\/\/elsa.no\/tromso\/wp-json\/wp\/v2\/pages\/1606","targetHints":{"allow":["GET"]}}],"collection":[{"href":"https:\/\/elsa.no\/tromso\/wp-json\/wp\/v2\/pages"}],"about":[{"href":"https:\/\/elsa.no\/tromso\/wp-json\/wp\/v2\/types\/page"}],"author":[{"embeddable":true,"href":"https:\/\/elsa.no\/tromso\/wp-json\/wp\/v2\/users\/11"}],"replies":[{"embeddable":true,"href":"https:\/\/elsa.no\/tromso\/wp-json\/wp\/v2\/comments?post=1606"}],"version-history":[{"count":28,"href":"https:\/\/elsa.no\/tromso\/wp-json\/wp\/v2\/pages\/1606\/revisions"}],"predecessor-version":[{"id":3763,"href":"https:\/\/elsa.no\/tromso\/wp-json\/wp\/v2\/pages\/1606\/revisions\/3763"}],"up":[{"embeddable":true,"href":"https:\/\/elsa.no\/tromso\/wp-json\/wp\/v2\/pages\/3579"}],"wp:attachment":[{"href":"https:\/\/elsa.no\/tromso\/wp-json\/wp\/v2\/media?parent=1606"}],"curies":[{"name":"wp","href":"https:\/\/api.w.org\/{rel}","templated":true}]}}