{"id":256,"date":"2025-12-23T13:17:12","date_gmt":"2025-12-23T13:17:12","guid":{"rendered":"https:\/\/elsa.no\/stavanger\/?page_id=256"},"modified":"2025-12-23T14:23:44","modified_gmt":"2025-12-23T14:23:44","slug":"nasjonale-og-internasjonale-moter","status":"publish","type":"page","link":"https:\/\/elsa.no\/stavanger\/nasjonale-og-internasjonale-moter\/","title":{"rendered":"Nasjonale og internasjonale m\u00f8ter"},"content":{"rendered":"<section  class='av_textblock_section av-78bc8-a1da6e3010f538929cf395630a4e8903'  itemscope=\"itemscope\" itemtype=\"https:\/\/schema.org\/CreativeWork\" ><div class='avia_textblock'  itemprop=\"text\" ><p>Vi i ELSA Stavanger kan delta b\u00e5de p\u00e5 nasjonale og internasjonale m\u00f8ter. Eksempler p\u00e5 slike m\u00f8ter er <a href=\"https:\/\/elsa.no\/stavanger\/landsmotet\/\">Landsm\u00f8tet<\/a> og <a href=\"https:\/\/elsa.no\/stavanger\/international-council-meeting\/\">International Council Meeting<\/a>.<\/p>\n<p>Disse kan du lese mer om ved \u00e5 trykke p\u00e5 det enkelte m\u00f8tet. Du finner ogs\u00e5 mer informasjon om andre m\u00f8ter ved \u00e5 trykke <a href=\"https:\/\/elsa.no\">her.<\/a><\/p>\n<\/div><\/section>\n<div  class='avia-slideshow av-mjiodufc-2fc7a2857a51142e820022b16c2f3fe1 avia-slideshow-featured av_slideshow avia-slide-slider  avia-builder-el-1  el_after_av_textblock  avia-builder-el-last  av-slideshow-ui av-control-default av-slideshow-manual av-loop-once av-loop-manual-endless av-default-height-applied avia-slideshow-1' data-slideshow-options=\"{&quot;animation&quot;:&quot;slide&quot;,&quot;autoplay&quot;:false,&quot;loop_autoplay&quot;:&quot;once&quot;,&quot;interval&quot;:5,&quot;loop_manual&quot;:&quot;manual-endless&quot;,&quot;autoplay_stopper&quot;:false,&quot;noNavigation&quot;:false,&quot;bg_slider&quot;:false,&quot;keep_padding&quot;:false,&quot;hoverpause&quot;:false,&quot;show_slide_delay&quot;:0}\"  itemprop=\"image\" itemscope=\"itemscope\" itemtype=\"https:\/\/schema.org\/ImageObject\" ><ul class='avia-slideshow-inner ' style='padding-bottom: 28.666666666667%;'><li  class='avia-slideshow-slide av-mjiodufc-2fc7a2857a51142e820022b16c2f3fe1__0  av-single-slide slide-1 slide-odd'><div data-rel='slideshow-1' class='avia-slide-wrap '   ><img decoding=\"async\" class=\"wp-image-34 avia-img-lazy-loading-not-34\"  src=\"https:\/\/elsa.no\/stavanger\/files\/2025\/11\/photo-1739890723805-e0b373bd9671-1500x430.avif\" width=\"1500\" height=\"430\" title='photo-1739890723805-e0b373bd9671' alt=''  itemprop=\"thumbnailUrl\"   \/><\/div><\/li><\/ul><\/div>\n","protected":false},"excerpt":{"rendered":"","protected":false},"author":27,"featured_media":0,"parent":0,"menu_order":0,"comment_status":"closed","ping_status":"closed","template":"","meta":{"footnotes":""},"class_list":["post-256","page","type-page","status-publish","hentry"],"yoast_head":"<!-- This site is optimized with the Yoast SEO plugin v27.5 - https:\/\/yoast.com\/product\/yoast-seo-wordpress\/ -->\n<title>Nasjonale og internasjonale m\u00f8ter - ELSA Stavanger<\/title>\n<meta name=\"robots\" content=\"index, follow, max-snippet:-1, max-image-preview:large, max-video-preview:-1\" \/>\n<link rel=\"canonical\" href=\"https:\/\/elsa.no\/stavanger\/nasjonale-og-internasjonale-moter\/\" \/>\n<meta property=\"og:locale\" content=\"nb_NO\" \/>\n<meta property=\"og:type\" content=\"article\" \/>\n<meta property=\"og:title\" content=\"Nasjonale og internasjonale m\u00f8ter - ELSA Stavanger\" \/>\n<meta property=\"og:url\" content=\"https:\/\/elsa.no\/stavanger\/nasjonale-og-internasjonale-moter\/\" \/>\n<meta property=\"og:site_name\" content=\"ELSA Stavanger\" \/>\n<meta property=\"article:modified_time\" content=\"2025-12-23T14:23:44+00:00\" \/>\n<meta name=\"twitter:card\" content=\"summary_large_image\" \/>\n<meta name=\"twitter:label1\" content=\"Ansl. lesetid\" \/>\n\t<meta name=\"twitter:data1\" content=\"1 minutt\" \/>\n<script type=\"application\/ld+json\" class=\"yoast-schema-graph\">{\"@context\":\"https:\\\/\\\/schema.org\",\"@graph\":[{\"@type\":\"WebPage\",\"@id\":\"https:\\\/\\\/elsa.no\\\/stavanger\\\/nasjonale-og-internasjonale-moter\\\/\",\"url\":\"https:\\\/\\\/elsa.no\\\/stavanger\\\/nasjonale-og-internasjonale-moter\\\/\",\"name\":\"Nasjonale og internasjonale m\u00f8ter - ELSA Stavanger\",\"isPartOf\":{\"@id\":\"https:\\\/\\\/elsa.no\\\/stavanger\\\/#website\"},\"datePublished\":\"2025-12-23T13:17:12+00:00\",\"dateModified\":\"2025-12-23T14:23:44+00:00\",\"breadcrumb\":{\"@id\":\"https:\\\/\\\/elsa.no\\\/stavanger\\\/nasjonale-og-internasjonale-moter\\\/#breadcrumb\"},\"inLanguage\":\"nb-NO\",\"potentialAction\":[{\"@type\":\"ReadAction\",\"target\":[\"https:\\\/\\\/elsa.no\\\/stavanger\\\/nasjonale-og-internasjonale-moter\\\/\"]}]},{\"@type\":\"BreadcrumbList\",\"@id\":\"https:\\\/\\\/elsa.no\\\/stavanger\\\/nasjonale-og-internasjonale-moter\\\/#breadcrumb\",\"itemListElement\":[{\"@type\":\"ListItem\",\"position\":1,\"name\":\"Home\",\"item\":\"https:\\\/\\\/elsa.no\\\/stavanger\\\/forside\\\/\"},{\"@type\":\"ListItem\",\"position\":2,\"name\":\"Nasjonale og internasjonale m\u00f8ter\"}]},{\"@type\":\"WebSite\",\"@id\":\"https:\\\/\\\/elsa.no\\\/stavanger\\\/#website\",\"url\":\"https:\\\/\\\/elsa.no\\\/stavanger\\\/\",\"name\":\"ELSA Stavanger\",\"description\":\"\",\"potentialAction\":[{\"@type\":\"SearchAction\",\"target\":{\"@type\":\"EntryPoint\",\"urlTemplate\":\"https:\\\/\\\/elsa.no\\\/stavanger\\\/?s={search_term_string}\"},\"query-input\":{\"@type\":\"PropertyValueSpecification\",\"valueRequired\":true,\"valueName\":\"search_term_string\"}}],\"inLanguage\":\"nb-NO\"}]}<\/script>\n<!-- \/ Yoast SEO plugin. -->","yoast_head_json":{"title":"Nasjonale og internasjonale m\u00f8ter - ELSA Stavanger","robots":{"index":"index","follow":"follow","max-snippet":"max-snippet:-1","max-image-preview":"max-image-preview:large","max-video-preview":"max-video-preview:-1"},"canonical":"https:\/\/elsa.no\/stavanger\/nasjonale-og-internasjonale-moter\/","og_locale":"nb_NO","og_type":"article","og_title":"Nasjonale og internasjonale m\u00f8ter - ELSA Stavanger","og_url":"https:\/\/elsa.no\/stavanger\/nasjonale-og-internasjonale-moter\/","og_site_name":"ELSA Stavanger","article_modified_time":"2025-12-23T14:23:44+00:00","twitter_card":"summary_large_image","twitter_misc":{"Ansl. lesetid":"1 minutt"},"schema":{"@context":"https:\/\/schema.org","@graph":[{"@type":"WebPage","@id":"https:\/\/elsa.no\/stavanger\/nasjonale-og-internasjonale-moter\/","url":"https:\/\/elsa.no\/stavanger\/nasjonale-og-internasjonale-moter\/","name":"Nasjonale og internasjonale m\u00f8ter - ELSA Stavanger","isPartOf":{"@id":"https:\/\/elsa.no\/stavanger\/#website"},"datePublished":"2025-12-23T13:17:12+00:00","dateModified":"2025-12-23T14:23:44+00:00","breadcrumb":{"@id":"https:\/\/elsa.no\/stavanger\/nasjonale-og-internasjonale-moter\/#breadcrumb"},"inLanguage":"nb-NO","potentialAction":[{"@type":"ReadAction","target":["https:\/\/elsa.no\/stavanger\/nasjonale-og-internasjonale-moter\/"]}]},{"@type":"BreadcrumbList","@id":"https:\/\/elsa.no\/stavanger\/nasjonale-og-internasjonale-moter\/#breadcrumb","itemListElement":[{"@type":"ListItem","position":1,"name":"Home","item":"https:\/\/elsa.no\/stavanger\/forside\/"},{"@type":"ListItem","position":2,"name":"Nasjonale og internasjonale m\u00f8ter"}]},{"@type":"WebSite","@id":"https:\/\/elsa.no\/stavanger\/#website","url":"https:\/\/elsa.no\/stavanger\/","name":"ELSA Stavanger","description":"","potentialAction":[{"@type":"SearchAction","target":{"@type":"EntryPoint","urlTemplate":"https:\/\/elsa.no\/stavanger\/?s={search_term_string}"},"query-input":{"@type":"PropertyValueSpecification","valueRequired":true,"valueName":"search_term_string"}}],"inLanguage":"nb-NO"}]}},"_links":{"self":[{"href":"https:\/\/elsa.no\/stavanger\/wp-json\/wp\/v2\/pages\/256","targetHints":{"allow":["GET"]}}],"collection":[{"href":"https:\/\/elsa.no\/stavanger\/wp-json\/wp\/v2\/pages"}],"about":[{"href":"https:\/\/elsa.no\/stavanger\/wp-json\/wp\/v2\/types\/page"}],"author":[{"embeddable":true,"href":"https:\/\/elsa.no\/stavanger\/wp-json\/wp\/v2\/users\/27"}],"replies":[{"embeddable":true,"href":"https:\/\/elsa.no\/stavanger\/wp-json\/wp\/v2\/comments?post=256"}],"version-history":[{"count":6,"href":"https:\/\/elsa.no\/stavanger\/wp-json\/wp\/v2\/pages\/256\/revisions"}],"predecessor-version":[{"id":297,"href":"https:\/\/elsa.no\/stavanger\/wp-json\/wp\/v2\/pages\/256\/revisions\/297"}],"wp:attachment":[{"href":"https:\/\/elsa.no\/stavanger\/wp-json\/wp\/v2\/media?parent=256"}],"curies":[{"name":"wp","href":"https:\/\/api.w.org\/{rel}","templated":true}]}}