{"id":247,"date":"2025-12-23T13:13:42","date_gmt":"2025-12-23T13:13:42","guid":{"rendered":"https:\/\/elsa.no\/stavanger\/?page_id=247"},"modified":"2025-12-23T14:02:53","modified_gmt":"2025-12-23T14:02:53","slug":"traineeships","status":"publish","type":"page","link":"https:\/\/elsa.no\/stavanger\/traineeships\/","title":{"rendered":"Traineeships"},"content":{"rendered":"<section  class='av_textblock_section av-mjilwdbe-40e2f855b0364404b314d93c8d5b8992'  itemscope=\"itemscope\" itemtype=\"https:\/\/schema.org\/CreativeWork\" ><div class='avia_textblock'  itemprop=\"text\" ><h1>Traineeships<\/h1>\n<\/div><\/section>\n<section  class='av_textblock_section av-mjim718k-0750a569764b493d34d6ab313407bba4'  itemscope=\"itemscope\" itemtype=\"https:\/\/schema.org\/CreativeWork\" ><div class='avia_textblock'  itemprop=\"text\" ><p>To ganger i \u00e5ret blir det sluppet en oversikt over alle traineeshipsene som tilbys i den aktuelle perioden, og du bestemmer selv hvilket som passer best for deg. Du f\u00e5r tilgang gjennom\u00a0<strong>traineeships.elsa.org<\/strong> eller ved \u00e5 ta direkte kontakt med Vice President in charge of Professional Development i Troms\u00f8.<\/p>\n<p>De ansvarlige for ELSA traineeships i Troms\u00f8 jobber videre med \u00e5 f\u00e5 ulike akt\u00f8rer fra hele Nord-Norge til \u00e5 tilby traineestillinger for jusstudenter og nyutdannede jurister fra utlandet. I tillegg jobber vi for at jusstudentene ved det juridiske fakultet i Troms\u00f8 f\u00e5r informasjon om traineeshipene som finnes i de ulike europeiske landende, og hvilken fantastisk mulighet det er \u00e5 reise p\u00e5 et traineeopphold.<\/p>\n<\/div><\/section>\n<div  class='avia-slideshow av-mjimea1f-66c9440ffa3d638b92ecbf8a7a0fb17f avia-slideshow-featured av_slideshow avia-slide-slider  avia-builder-el-2  el_after_av_textblock  el_before_av_icon_box  av-slideshow-ui av-control-default av-slideshow-manual av-loop-once av-loop-manual-endless av-default-height-applied avia-slideshow-1' data-slideshow-options=\"{&quot;animation&quot;:&quot;slide&quot;,&quot;autoplay&quot;:false,&quot;loop_autoplay&quot;:&quot;once&quot;,&quot;interval&quot;:5,&quot;loop_manual&quot;:&quot;manual-endless&quot;,&quot;autoplay_stopper&quot;:false,&quot;noNavigation&quot;:false,&quot;bg_slider&quot;:false,&quot;keep_padding&quot;:false,&quot;hoverpause&quot;:false,&quot;show_slide_delay&quot;:0}\"  itemprop=\"image\" itemscope=\"itemscope\" itemtype=\"https:\/\/schema.org\/ImageObject\" ><ul class='avia-slideshow-inner ' style='padding-bottom: 28.666666666667%;'><li  class='avia-slideshow-slide av-mjimea1f-66c9440ffa3d638b92ecbf8a7a0fb17f__0  av-single-slide slide-1 slide-odd'><div data-rel='slideshow-1' class='avia-slide-wrap '   ><div class='av-slideshow-caption av-mjimea1f-66c9440ffa3d638b92ecbf8a7a0fb17f__0 avia-caption'><div class=\"avia-inner-caption\"><h2 class='avia-caption-title '  itemprop=\"name\" >P\u00c5MELDINGEN FOR TRAINEESHIPS STENGTE 30.NOVEMBER 2025<\/h2><\/div><\/div><img decoding=\"async\" class=\"wp-image-34 avia-img-lazy-loading-not-34\"  src=\"https:\/\/elsa.no\/stavanger\/files\/2025\/11\/photo-1739890723805-e0b373bd9671-1500x430.avif\" width=\"1500\" height=\"430\" title='photo-1739890723805-e0b373bd9671' alt=''  itemprop=\"thumbnailUrl\"   \/><\/div><\/li><\/ul><\/div>\n<article  class='iconbox iconbox_left av-mjimm16z-42e7120a424b6cadabfe5eeb372b0477  avia-builder-el-3  el_after_av_slideshow  el_before_av_section  avia-builder-el-last '  itemscope=\"itemscope\" itemtype=\"https:\/\/schema.org\/CreativeWork\" ><div class=\"iconbox_content\"><header class=\"entry-content-header\"><div class=\"iconbox_icon heading-color\" aria-hidden='true' data-av_icon='\ue805' data-av_iconfont='entypo-fontello'><\/div><h3 class='iconbox_content_title '  itemprop=\"headline\" >N\u00e5r s\u00f8knadsprosessen for 2026 \u00e5pner, anbefaler vi deg \u00e5 s\u00f8ke!<\/h3><\/header><div class='iconbox_content_container '  itemprop=\"text\" ><\/div><\/div><footer class=\"entry-footer\"><\/footer><\/article>\n<\/div><\/div><\/div><!-- close content main div --><\/div><\/div>\n<style type=\"text\/css\" data-created_by=\"avia_inline_auto\" id=\"style-css-av-81c33-55a6c4df2a63ed4f638af6e1167c56f8\">\n.avia-section.av-81c33-55a6c4df2a63ed4f638af6e1167c56f8{\nbackground-color:#0a3087;\nbackground-image:unset;\n}\n<\/style>\n<div id='av_section_1'  class='avia-section av-81c33-55a6c4df2a63ed4f638af6e1167c56f8 main_color avia-section-default avia-no-border-styling  avia-builder-el-4  el_after_av_icon_box  el_before_av_textblock  avia-bg-style-scroll container_wrap fullsize'  ><div class='container av-section-cont-open' ><div class='template-page content  av-content-full alpha units'><div class='post-entry post-entry-type-page post-entry-247'><div class='entry-content-wrapper clearfix'>\n\n<style type=\"text\/css\" data-created_by=\"avia_inline_auto\" id=\"style-css-av-mjimtzar-dbf10a90d728d53e5cd2a48b44c850ab\">\n#top .av_textblock_section.av-mjimtzar-dbf10a90d728d53e5cd2a48b44c850ab .avia_textblock{\nfont-size:14px;\ncolor:#ffffff;\n}\n<\/style>\n<section  class='av_textblock_section av-mjimtzar-dbf10a90d728d53e5cd2a48b44c850ab'  itemscope=\"itemscope\" itemtype=\"https:\/\/schema.org\/CreativeWork\" ><div class='avia_textblock av_inherit_color'  itemprop=\"text\" ><h3 style=\"text-align: center\"><a href=\"https:\/\/traineeships.elsa.org\">Du s\u00f8ker her!<\/a><\/h3>\n<\/div><\/section>\n<\/div><\/div><\/div><!-- close content main div --><\/div><\/div><div id='after_section_1'  class='main_color av_default_container_wrap container_wrap fullsize'  ><div class='container av-section-cont-open' ><div class='template-page content  av-content-full alpha units'><div class='post-entry post-entry-type-page post-entry-247'><div class='entry-content-wrapper clearfix'>\n<style type=\"text\/css\" data-created_by=\"avia_inline_auto\" id=\"style-css-av-mjin6u1h-b24b51031194fae265b4e332c6cee025\">\n#top .av_textblock_section.av-mjin6u1h-b24b51031194fae265b4e332c6cee025 .avia_textblock{\nfont-size:15px;\n}\n<\/style>\n<section  class='av_textblock_section av-mjin6u1h-b24b51031194fae265b4e332c6cee025'  itemscope=\"itemscope\" itemtype=\"https:\/\/schema.org\/CreativeWork\" ><div class='avia_textblock'  itemprop=\"text\" ><p>Ved sp\u00f8rsm\u00e5l, kontakt <a href=\"&#112;&#x72;o&#x66;&#x65;&#115;&#x73;i&#x6f;&#x6e;&#97;&#x6c;d&#x65;&#x76;&#101;&#x6c;o&#x70;&#x6d;&#101;&#x6e;t&#x2e;&#x73;&#116;&#x61;v&#x61;&#x6e;&#103;&#x65;r&#x40;&#x6e;&#111;&#x2e;e&#x6c;&#x73;&#97;&#x2e;o&#x72;&#x67;\">Professional Development i ELSA Stavanger.<\/a><\/p>\n<p>Du finner ogs\u00e5 mer informasjon p\u00e5 nettsiden til <a href=\"https:\/\/elsa.no\/pd\/hvordan-soke\/\">ELSA Norway.<\/a><\/p>\n<\/div><\/section>\n","protected":false},"excerpt":{"rendered":"","protected":false},"author":27,"featured_media":0,"parent":0,"menu_order":0,"comment_status":"closed","ping_status":"closed","template":"","meta":{"footnotes":""},"class_list":["post-247","page","type-page","status-publish","hentry"],"yoast_head":"<!-- This site is optimized with the Yoast SEO plugin v27.5 - https:\/\/yoast.com\/product\/yoast-seo-wordpress\/ -->\n<title>Traineeships - ELSA Stavanger<\/title>\n<meta name=\"robots\" content=\"index, follow, max-snippet:-1, max-image-preview:large, max-video-preview:-1\" \/>\n<link rel=\"canonical\" href=\"https:\/\/elsa.no\/stavanger\/traineeships\/\" \/>\n<meta property=\"og:locale\" content=\"nb_NO\" \/>\n<meta property=\"og:type\" content=\"article\" \/>\n<meta property=\"og:title\" content=\"Traineeships - ELSA Stavanger\" \/>\n<meta property=\"og:url\" content=\"https:\/\/elsa.no\/stavanger\/traineeships\/\" \/>\n<meta property=\"og:site_name\" content=\"ELSA Stavanger\" \/>\n<meta property=\"article:modified_time\" content=\"2025-12-23T14:02:53+00:00\" \/>\n<meta name=\"twitter:card\" content=\"summary_large_image\" \/>\n<meta name=\"twitter:label1\" content=\"Ansl. lesetid\" \/>\n\t<meta name=\"twitter:data1\" content=\"2 minutter\" \/>\n<script type=\"application\/ld+json\" class=\"yoast-schema-graph\">{\"@context\":\"https:\\\/\\\/schema.org\",\"@graph\":[{\"@type\":\"WebPage\",\"@id\":\"https:\\\/\\\/elsa.no\\\/stavanger\\\/traineeships\\\/\",\"url\":\"https:\\\/\\\/elsa.no\\\/stavanger\\\/traineeships\\\/\",\"name\":\"Traineeships - ELSA Stavanger\",\"isPartOf\":{\"@id\":\"https:\\\/\\\/elsa.no\\\/stavanger\\\/#website\"},\"datePublished\":\"2025-12-23T13:13:42+00:00\",\"dateModified\":\"2025-12-23T14:02:53+00:00\",\"breadcrumb\":{\"@id\":\"https:\\\/\\\/elsa.no\\\/stavanger\\\/traineeships\\\/#breadcrumb\"},\"inLanguage\":\"nb-NO\",\"potentialAction\":[{\"@type\":\"ReadAction\",\"target\":[\"https:\\\/\\\/elsa.no\\\/stavanger\\\/traineeships\\\/\"]}]},{\"@type\":\"BreadcrumbList\",\"@id\":\"https:\\\/\\\/elsa.no\\\/stavanger\\\/traineeships\\\/#breadcrumb\",\"itemListElement\":[{\"@type\":\"ListItem\",\"position\":1,\"name\":\"Home\",\"item\":\"https:\\\/\\\/elsa.no\\\/stavanger\\\/forside\\\/\"},{\"@type\":\"ListItem\",\"position\":2,\"name\":\"Traineeships\"}]},{\"@type\":\"WebSite\",\"@id\":\"https:\\\/\\\/elsa.no\\\/stavanger\\\/#website\",\"url\":\"https:\\\/\\\/elsa.no\\\/stavanger\\\/\",\"name\":\"ELSA Stavanger\",\"description\":\"\",\"potentialAction\":[{\"@type\":\"SearchAction\",\"target\":{\"@type\":\"EntryPoint\",\"urlTemplate\":\"https:\\\/\\\/elsa.no\\\/stavanger\\\/?s={search_term_string}\"},\"query-input\":{\"@type\":\"PropertyValueSpecification\",\"valueRequired\":true,\"valueName\":\"search_term_string\"}}],\"inLanguage\":\"nb-NO\"}]}<\/script>\n<!-- \/ Yoast SEO plugin. -->","yoast_head_json":{"title":"Traineeships - ELSA Stavanger","robots":{"index":"index","follow":"follow","max-snippet":"max-snippet:-1","max-image-preview":"max-image-preview:large","max-video-preview":"max-video-preview:-1"},"canonical":"https:\/\/elsa.no\/stavanger\/traineeships\/","og_locale":"nb_NO","og_type":"article","og_title":"Traineeships - ELSA Stavanger","og_url":"https:\/\/elsa.no\/stavanger\/traineeships\/","og_site_name":"ELSA Stavanger","article_modified_time":"2025-12-23T14:02:53+00:00","twitter_card":"summary_large_image","twitter_misc":{"Ansl. lesetid":"2 minutter"},"schema":{"@context":"https:\/\/schema.org","@graph":[{"@type":"WebPage","@id":"https:\/\/elsa.no\/stavanger\/traineeships\/","url":"https:\/\/elsa.no\/stavanger\/traineeships\/","name":"Traineeships - ELSA Stavanger","isPartOf":{"@id":"https:\/\/elsa.no\/stavanger\/#website"},"datePublished":"2025-12-23T13:13:42+00:00","dateModified":"2025-12-23T14:02:53+00:00","breadcrumb":{"@id":"https:\/\/elsa.no\/stavanger\/traineeships\/#breadcrumb"},"inLanguage":"nb-NO","potentialAction":[{"@type":"ReadAction","target":["https:\/\/elsa.no\/stavanger\/traineeships\/"]}]},{"@type":"BreadcrumbList","@id":"https:\/\/elsa.no\/stavanger\/traineeships\/#breadcrumb","itemListElement":[{"@type":"ListItem","position":1,"name":"Home","item":"https:\/\/elsa.no\/stavanger\/forside\/"},{"@type":"ListItem","position":2,"name":"Traineeships"}]},{"@type":"WebSite","@id":"https:\/\/elsa.no\/stavanger\/#website","url":"https:\/\/elsa.no\/stavanger\/","name":"ELSA Stavanger","description":"","potentialAction":[{"@type":"SearchAction","target":{"@type":"EntryPoint","urlTemplate":"https:\/\/elsa.no\/stavanger\/?s={search_term_string}"},"query-input":{"@type":"PropertyValueSpecification","valueRequired":true,"valueName":"search_term_string"}}],"inLanguage":"nb-NO"}]}},"_links":{"self":[{"href":"https:\/\/elsa.no\/stavanger\/wp-json\/wp\/v2\/pages\/247","targetHints":{"allow":["GET"]}}],"collection":[{"href":"https:\/\/elsa.no\/stavanger\/wp-json\/wp\/v2\/pages"}],"about":[{"href":"https:\/\/elsa.no\/stavanger\/wp-json\/wp\/v2\/types\/page"}],"author":[{"embeddable":true,"href":"https:\/\/elsa.no\/stavanger\/wp-json\/wp\/v2\/users\/27"}],"replies":[{"embeddable":true,"href":"https:\/\/elsa.no\/stavanger\/wp-json\/wp\/v2\/comments?post=247"}],"version-history":[{"count":17,"href":"https:\/\/elsa.no\/stavanger\/wp-json\/wp\/v2\/pages\/247\/revisions"}],"predecessor-version":[{"id":283,"href":"https:\/\/elsa.no\/stavanger\/wp-json\/wp\/v2\/pages\/247\/revisions\/283"}],"wp:attachment":[{"href":"https:\/\/elsa.no\/stavanger\/wp-json\/wp\/v2\/media?parent=247"}],"curies":[{"name":"wp","href":"https:\/\/api.w.org\/{rel}","templated":true}]}}