{"id":110,"date":"2025-11-11T15:52:00","date_gmt":"2025-11-11T15:52:00","guid":{"rendered":"https:\/\/elsa.no\/stavanger\/?page_id=110"},"modified":"2025-11-12T07:46:08","modified_gmt":"2025-11-12T07:46:08","slug":"ulike-styreverv","status":"publish","type":"page","link":"https:\/\/elsa.no\/stavanger\/ulike-styreverv\/","title":{"rendered":"Ulike styreverv"},"content":{"rendered":"<div id='full_slider_1'  class='avia-fullwidth-slider main_color avia-shadow   avia-builder-el-0  el_before_av_textblock  avia-builder-el-first   container_wrap fullsize'  ><div  class='avia-slideshow av-mhldns05-08dd9e1fbe288eb5f837043c0e3689c0 avia-slideshow-featured av_slideshow_full avia-slide-slider av-slideshow-ui av-control-default av-slideshow-manual av-loop-once av-loop-manual-endless av-default-height-applied   avia-slideshow-1' data-slideshow-options=\"{&quot;animation&quot;:&quot;slide&quot;,&quot;autoplay&quot;:false,&quot;loop_autoplay&quot;:&quot;once&quot;,&quot;interval&quot;:5,&quot;loop_manual&quot;:&quot;manual-endless&quot;,&quot;autoplay_stopper&quot;:false,&quot;noNavigation&quot;:false,&quot;bg_slider&quot;:false,&quot;keep_padding&quot;:false,&quot;hoverpause&quot;:false,&quot;show_slide_delay&quot;:0}\"  itemprop=\"image\" itemscope=\"itemscope\" itemtype=\"https:\/\/schema.org\/ImageObject\" ><ul class='avia-slideshow-inner ' style='padding-bottom: 28.666666666667%;'><\/ul><\/div><\/div><div id='after_full_slider_1'  class='main_color av_default_container_wrap container_wrap fullsize'  ><div class='container av-section-cont-open' ><div class='template-page content  av-content-full alpha units'><div class='post-entry post-entry-type-page post-entry-110'><div class='entry-content-wrapper clearfix'>\n<section  class='av_textblock_section av-mdp1o6f5-8f71e8495e1bf2a829d4e1c2aa95a2b3'  itemscope=\"itemscope\" itemtype=\"https:\/\/schema.org\/CreativeWork\" ><div class='avia_textblock'  itemprop=\"text\" ><h1><span style=\"color: #0a3087\">OM DE ULIKE STYREVERVENE<\/span><\/h1>\n<\/div><\/section>\n\n<style type=\"text\/css\" data-created_by=\"avia_inline_auto\" id=\"style-css-av-mhld8qo4-4ead5b2aa041bb33ac04302631923341\">\n#top .togglecontainer.av-mhld8qo4-4ead5b2aa041bb33ac04302631923341 p.toggler.activeTitle{\ncolor:#0a3087;\nborder-color:#0a3087;\n}\n#top .togglecontainer.av-mhld8qo4-4ead5b2aa041bb33ac04302631923341 p.toggler:not(.activeTitle):hover .toggle_icon, #top .togglecontainer.av-mhld8qo4-4ead5b2aa041bb33ac04302631923341 p.toggler:not(.activeTitle):hover .toggle_icon *{\nborder-color: !important;\n}\n<\/style>\n<div  class='togglecontainer av-mhld8qo4-4ead5b2aa041bb33ac04302631923341 av-elegant-toggle  avia-builder-el-2  el_after_av_textblock  avia-builder-el-last  toggle_close_all hasCurrentStyle' >\n<section class='av_toggle_section av-kk56-826988b2a97e3634efed86dd24782312'  itemscope=\"itemscope\" itemtype=\"https:\/\/schema.org\/CreativeWork\" ><div role=\"tablist\" class=\"single_toggle\" data-tags=\"{Alle} \"  ><p data-fake-id='#toggle-id-1' class='toggler   '  itemprop=\"headline\"  role='tab' tabindex='0' aria-controls='toggle-id-1'>President<span class=\"toggle_icon\"><span class=\"vert_icon\"><\/span><span class=\"hor_icon\"><\/span><\/span><\/p><div id='toggle-id-1' class='toggle_wrap  '  ><div class='toggle_content invers-color '  itemprop=\"text\" ><p style=\"font-weight: 400\">Presidentvervet g\u00e5r ut p\u00e5 \u00e5 v\u00e6re ELSA Stavanger sin \u00f8verste representant. Dette innb\u00e6rer kontakt med hovedsponsor, samtaler med andre potensielle samarbeidspartnere og generelt v\u00e6re organisasjonens stemme utad.<\/p>\n<p style=\"font-weight: 400\">Videre har man ansvar for at alle arrangementetne g\u00e5r som de skal, og skal v\u00e6re behjelpelig rundt alle konkrete avgj\u00f8relser innad i organisasjonen. Man er ogs\u00e5 ordstyrer p\u00e5 styremter og generalforsamling, og sammen med generealsekret\u00e6ren, ansvarlig for styrets r\u00e5dgivning og st\u00f8tte.<\/p>\n<p style=\"font-weight: 400\">Det meste av arbeid gj\u00f8res i samr\u00e5d med generalsekret\u00e6r, markedsf\u00f8ringsansvarlig og treasurer. Forkunnskaper innen vedtak, organisasjonsoppsetning eller ELSA generelt er oppfordret, men ikke n\u00f8dvendig. Tidligere president hjelper til med oppl\u00e6ring gjennom hele perioden.<\/p>\n<\/div><\/div><\/div><\/section>\n<section class='av_toggle_section av-52f2m-9c155d0ccde25d1883018bd5821a0285'  itemscope=\"itemscope\" itemtype=\"https:\/\/schema.org\/CreativeWork\" ><div role=\"tablist\" class=\"single_toggle\" data-tags=\"{Alle} \"  ><p data-fake-id='#toggle-id-2' class='toggler   '  itemprop=\"headline\"  role='tab' tabindex='0' aria-controls='toggle-id-2'>Secretary General<span class=\"toggle_icon\"><span class=\"vert_icon\"><\/span><span class=\"hor_icon\"><\/span><\/span><\/p><div id='toggle-id-2' class='toggle_wrap  '  ><div class='toggle_content invers-color '  itemprop=\"text\" ><p style=\"font-weight: 400\">Vervet som Secretary General er et spennende verv med mye \u00e5 by p\u00e5. Som generalsekret\u00e6r vil du ha ansvaret for den interne organiseringen av ELSA Stavanger. I hovedsak g\u00e5r dette ut p\u00e5 \u00e5 referere fra m\u00f8ter, holde nettsiden oppdatert og v\u00e6re tilgjengelig for de i styret. I tillegg har du HR ansvaret innad i styret. Ved deltakelse p\u00e5 nasjonale og internasjonale arrangementer fungerer du ogs\u00e5 som reiseleder.<\/p>\n<p style=\"font-weight: 400\">Vervet forutsetter at du er en som liker mye ansvar og har tid til overs. Som generalsekret\u00e6r er det du som h\u00e5ndterer konflikter og uenigheter som m\u00e5tte oppst\u00e5. Det er derfor viktig at du er flink med mennesker, og t\u00f8rr \u00e5 ta avgj\u00f8relser.<\/p>\n<\/div><\/div><\/div><\/section>\n<section class='av_toggle_section av-4dn6a-db80ad3a45b35fcfe30b35605047c084'  itemscope=\"itemscope\" itemtype=\"https:\/\/schema.org\/CreativeWork\" ><div role=\"tablist\" class=\"single_toggle\" data-tags=\"{Alle} \"  ><p data-fake-id='#toggle-id-3' class='toggler   '  itemprop=\"headline\"  role='tab' tabindex='0' aria-controls='toggle-id-3'>Treasurer<span class=\"toggle_icon\"><span class=\"vert_icon\"><\/span><span class=\"hor_icon\"><\/span><\/span><\/p><div id='toggle-id-3' class='toggle_wrap  '  ><div class='toggle_content invers-color '  itemprop=\"text\" ><p style=\"font-weight: 400\">Som Treasurer for ELSA Stavanger er det du som styrer ELSA Stavanger sin \u00f8konomi. Hoveddelen av arbeidet best\u00e5r i \u00e5 lage budsjett, bokf\u00f8re, fakturering og betaling. Vervet krever tett samarbeid med styret og hver enkelt vervholder.<\/p>\n<p style=\"font-weight: 400\">Som Treasurer har du omtrent lik arbeidsmengde gjennom hele \u00e5ret, og en god struktur i hverdagen kommer godt med. Vervet er givende og dersom du synes \u00f8konomi er spennende er dette vervet absolutt for deg. Vervet krever ingen forkunnskaper i \u00f8konomi.<\/p>\n<\/div><\/div><\/div><\/section>\n<section class='av_toggle_section av-3t77u-dc30be310e8a0f54a371d17bcdc4cbe3'  itemscope=\"itemscope\" itemtype=\"https:\/\/schema.org\/CreativeWork\" ><div role=\"tablist\" class=\"single_toggle\" data-tags=\"{Alle} \"  ><p data-fake-id='#toggle-id-4' class='toggler   '  itemprop=\"headline\"  role='tab' tabindex='0' aria-controls='toggle-id-4'>Vice President in charge of Marketing (MKT)<span class=\"toggle_icon\"><span class=\"vert_icon\"><\/span><span class=\"hor_icon\"><\/span><\/span><\/p><div id='toggle-id-4' class='toggle_wrap  '  ><div class='toggle_content invers-color '  itemprop=\"text\" ><p style=\"font-weight: 400\">Som markedsf\u00f8ringsansvarlig i ELSA Stavanger er du ansvarlig for alt som legges ut p\u00e5 ELSA Stavanger sine sosiale medier.\u00a0 Man har ogs\u00e5 ansvar for \u00e5 bestille inn merch og \u00e5 opprette arrangementer. Markedsf\u00f8ringsansvarlig jobber tett med alle de andre i styret og markedsf\u00f8ringsansvarlig i ELSA Norge.<\/p>\n<p style=\"font-weight: 400\">Vervet inneb\u00e6rer en jevn arbeidsmengde gjennom hele \u00e5ret, hvor det i perioder vil v\u00e6re mer eller mindre arbeid. Det g\u00e5r helt fint \u00e5 kombinere vervet med studiet.<\/p>\n<p style=\"font-weight: 400\">Vervet krevet ingen forkunnskaper for markedsf\u00f8ring og redigeringsprogrammer, men passer nok ekstra godt for dem som er glad i \u00e5 v\u00e6re kreativ.<\/p>\n<\/div><\/div><\/div><\/section>\n<section class='av_toggle_section av-36dx6-1f6355189a7a2f23270504afcda0ea88'  itemscope=\"itemscope\" itemtype=\"https:\/\/schema.org\/CreativeWork\" ><div role=\"tablist\" class=\"single_toggle\" data-tags=\"{Alle} \"  ><p data-fake-id='#toggle-id-5' class='toggler   '  itemprop=\"headline\"  role='tab' tabindex='0' aria-controls='toggle-id-5'>Vice President in charge of Academic Activities (AA)<span class=\"toggle_icon\"><span class=\"vert_icon\"><\/span><span class=\"hor_icon\"><\/span><\/span><\/p><div id='toggle-id-5' class='toggle_wrap  '  ><div class='toggle_content invers-color '  itemprop=\"text\" ><p style=\"font-weight: 400\">Vervet inneb\u00e6rer \u00e5 spre og opplyse jusstudenter om menneskerettighetsbrudd i Norge og i verden. Det er viktig for vervholderne \u00e5 bidra til \u00e5 faktisk gj\u00f8re en forskjell, og derfor best\u00e5r vervet av tre undergrupper &#8211; arrangement,- innsamlingsaksjons- og researchgruppe.<\/p>\n<p style=\"font-weight: 400\">P\u00e5 den m\u00e5ten jobber vervet med \u00e5 b\u00e5de arrangere ulike faglige arrangementer, ulike innsamlinger og skriver ofte faglig relevante artikler. Vervet har derimot stor frihet og det er opp til den enkelte hva man \u00f8nsker \u00e5 gjennomf\u00f8re.<\/p>\n<\/div><\/div><\/div><\/section>\n<section class='av_toggle_section av-2hyg2-b9ed3c5bfac625a3a43be0239821b544'  itemscope=\"itemscope\" itemtype=\"https:\/\/schema.org\/CreativeWork\" ><div role=\"tablist\" class=\"single_toggle\" data-tags=\"{Alle} \"  ><p data-fake-id='#toggle-id-6' class='toggler   '  itemprop=\"headline\"  role='tab' tabindex='0' aria-controls='toggle-id-6'>Vice President in charge of Seminars &amp; Conferences (S&amp;C)<span class=\"toggle_icon\"><span class=\"vert_icon\"><\/span><span class=\"hor_icon\"><\/span><\/span><\/p><div id='toggle-id-6' class='toggle_wrap  '  ><div class='toggle_content invers-color '  itemprop=\"text\" ><p style=\"font-weight: 400\">Som Vice President for Seminars &amp; Conferences f\u00e5r du mulighet til \u00e5 arrangere faglige og sosiale arrangementer for studentene. Du har ogs\u00e5 ansvar for ELSA Lawschools.<\/p>\n<p style=\"font-weight: 400\">Man har stor frihet til \u00e5 arrangere det man selv \u00f8nsker og det er dermed et g\u00f8y verv hvor man kan v\u00e6re kreativ. Nytt fra 2025 er at ogs\u00e5 ansvarsomr\u00e5dene for studietur og social faller innunder dette vervet, dette vil man imidlertid ha egne undergrupper og directors til.<\/p>\n<\/div><\/div><\/div><\/section>\n<section class='av_toggle_section av-221wy-013b6d867d0766bf85f148520fd40bdd'  itemscope=\"itemscope\" itemtype=\"https:\/\/schema.org\/CreativeWork\" ><div role=\"tablist\" class=\"single_toggle\" data-tags=\"{Alle} \"  ><p data-fake-id='#toggle-id-7' class='toggler   '  itemprop=\"headline\"  role='tab' tabindex='0' aria-controls='toggle-id-7'>Vice President in charge of Professional Development (PD)<span class=\"toggle_icon\"><span class=\"vert_icon\"><\/span><span class=\"hor_icon\"><\/span><\/span><\/p><div id='toggle-id-7' class='toggle_wrap  '  ><div class='toggle_content invers-color '  itemprop=\"text\" ><p style=\"font-weight: 400\">Vice President for Professional Development er et vev med flere sider. Hoveddelen av arbeidet er \u00e5 v\u00e6re ansvarlig for ELSA Traineeships, men ELSA \u00f8nsker \u00e5 legge mange nye spennende prosjekter under vervet!<\/p>\n<p style=\"font-weight: 400\">Som VP PD er man ogs\u00e5 med p\u00e5 \u00e5 arrangere Arbeidslivsdagene. Dermed gir vervet erfaring og innsikt i mange av ELSA sine arbeidsomr\u00e5der!<\/p>\n<\/div><\/div><\/div><\/section>\n<section class='av_toggle_section av-1l3kq-f6abe3ac111b855745939a5004d5cccc'  itemscope=\"itemscope\" itemtype=\"https:\/\/schema.org\/CreativeWork\" ><div role=\"tablist\" class=\"single_toggle\" data-tags=\"{Alle} \"  ><p data-fake-id='#toggle-id-8' class='toggler   '  itemprop=\"headline\"  role='tab' tabindex='0' aria-controls='toggle-id-8'>Vice President in charge of Competitions (C)<span class=\"toggle_icon\"><span class=\"vert_icon\"><\/span><span class=\"hor_icon\"><\/span><\/span><\/p><div id='toggle-id-8' class='toggle_wrap  '  ><div class='toggle_content invers-color '  itemprop=\"text\" ><p style=\"font-weight: 400\">Vervet som VP in charge of Competitions g\u00e5r hovedsakelig ut p\u00e5 \u00e5 planlegge og gjennomf\u00f8re prosedyrekonkurransen p\u00e5 h\u00f8stsemesteret og forhandlingskonkurransen p\u00e5 v\u00e5rsemesteret.\u00a0 Det inneb\u00e6rer blant annet kontakt med veiledere og lag, sponsing av premier og et overordnet ansvar for at ting g\u00e5r som det skal<\/p>\n<p style=\"font-weight: 400\">Innad i vervet er det mulighet for \u00e5 opprette directorstillinger\/\u201dundergruppe\u201d slik at man kan fordele arbeidsmengden og ansvarsomr\u00e5der.<\/p>\n<p style=\"font-weight: 400\">\n<\/div><\/div><\/div><\/section>\n<section class='av_toggle_section av-1l3kq-1-91441d76fc7040117a2ea8377d269bf1'  itemscope=\"itemscope\" itemtype=\"https:\/\/schema.org\/CreativeWork\" ><div role=\"tablist\" class=\"single_toggle\" data-tags=\"{Alle} \"  ><p data-fake-id='#toggle-id-9' class='toggler   '  itemprop=\"headline\"  role='tab' tabindex='0' aria-controls='toggle-id-9'>Vice President Social<span class=\"toggle_icon\"><span class=\"vert_icon\"><\/span><span class=\"hor_icon\"><\/span><\/span><\/p><div id='toggle-id-9' class='toggle_wrap  '  ><div class='toggle_content invers-color '  itemprop=\"text\" ><p style=\"font-weight: 400\">Vervet som VP Social g\u00e5r hovedsakelig ut p\u00e5 \u00e5 planlegge og gjennomf\u00f8re sosiale arrangementer for styremedlemmene.<\/p>\n<\/div><\/div><\/div><\/section>\n<\/div>\n","protected":false},"excerpt":{"rendered":"","protected":false},"author":27,"featured_media":0,"parent":0,"menu_order":0,"comment_status":"closed","ping_status":"closed","template":"","meta":{"footnotes":""},"class_list":["post-110","page","type-page","status-publish","hentry"],"yoast_head":"<!-- This site is optimized with the Yoast SEO plugin v27.5 - https:\/\/yoast.com\/product\/yoast-seo-wordpress\/ -->\n<title>Ulike styreverv - ELSA Stavanger<\/title>\n<meta name=\"robots\" content=\"index, follow, max-snippet:-1, max-image-preview:large, max-video-preview:-1\" \/>\n<link rel=\"canonical\" href=\"https:\/\/elsa.no\/stavanger\/ulike-styreverv\/\" \/>\n<meta property=\"og:locale\" content=\"nb_NO\" \/>\n<meta property=\"og:type\" content=\"article\" \/>\n<meta property=\"og:title\" content=\"Ulike styreverv - ELSA Stavanger\" \/>\n<meta property=\"og:url\" content=\"https:\/\/elsa.no\/stavanger\/ulike-styreverv\/\" \/>\n<meta property=\"og:site_name\" content=\"ELSA Stavanger\" \/>\n<meta property=\"article:modified_time\" content=\"2025-11-12T07:46:08+00:00\" \/>\n<meta name=\"twitter:card\" content=\"summary_large_image\" \/>\n<meta name=\"twitter:label1\" content=\"Ansl. lesetid\" \/>\n\t<meta name=\"twitter:data1\" content=\"4 minutter\" \/>\n<script type=\"application\/ld+json\" class=\"yoast-schema-graph\">{\"@context\":\"https:\\\/\\\/schema.org\",\"@graph\":[{\"@type\":\"WebPage\",\"@id\":\"https:\\\/\\\/elsa.no\\\/stavanger\\\/ulike-styreverv\\\/\",\"url\":\"https:\\\/\\\/elsa.no\\\/stavanger\\\/ulike-styreverv\\\/\",\"name\":\"Ulike styreverv - ELSA Stavanger\",\"isPartOf\":{\"@id\":\"https:\\\/\\\/elsa.no\\\/stavanger\\\/#website\"},\"datePublished\":\"2025-11-11T15:52:00+00:00\",\"dateModified\":\"2025-11-12T07:46:08+00:00\",\"breadcrumb\":{\"@id\":\"https:\\\/\\\/elsa.no\\\/stavanger\\\/ulike-styreverv\\\/#breadcrumb\"},\"inLanguage\":\"nb-NO\",\"potentialAction\":[{\"@type\":\"ReadAction\",\"target\":[\"https:\\\/\\\/elsa.no\\\/stavanger\\\/ulike-styreverv\\\/\"]}]},{\"@type\":\"BreadcrumbList\",\"@id\":\"https:\\\/\\\/elsa.no\\\/stavanger\\\/ulike-styreverv\\\/#breadcrumb\",\"itemListElement\":[{\"@type\":\"ListItem\",\"position\":1,\"name\":\"Home\",\"item\":\"https:\\\/\\\/elsa.no\\\/stavanger\\\/forside\\\/\"},{\"@type\":\"ListItem\",\"position\":2,\"name\":\"Ulike styreverv\"}]},{\"@type\":\"WebSite\",\"@id\":\"https:\\\/\\\/elsa.no\\\/stavanger\\\/#website\",\"url\":\"https:\\\/\\\/elsa.no\\\/stavanger\\\/\",\"name\":\"ELSA Stavanger\",\"description\":\"\",\"potentialAction\":[{\"@type\":\"SearchAction\",\"target\":{\"@type\":\"EntryPoint\",\"urlTemplate\":\"https:\\\/\\\/elsa.no\\\/stavanger\\\/?s={search_term_string}\"},\"query-input\":{\"@type\":\"PropertyValueSpecification\",\"valueRequired\":true,\"valueName\":\"search_term_string\"}}],\"inLanguage\":\"nb-NO\"}]}<\/script>\n<!-- \/ Yoast SEO plugin. -->","yoast_head_json":{"title":"Ulike styreverv - ELSA Stavanger","robots":{"index":"index","follow":"follow","max-snippet":"max-snippet:-1","max-image-preview":"max-image-preview:large","max-video-preview":"max-video-preview:-1"},"canonical":"https:\/\/elsa.no\/stavanger\/ulike-styreverv\/","og_locale":"nb_NO","og_type":"article","og_title":"Ulike styreverv - ELSA Stavanger","og_url":"https:\/\/elsa.no\/stavanger\/ulike-styreverv\/","og_site_name":"ELSA Stavanger","article_modified_time":"2025-11-12T07:46:08+00:00","twitter_card":"summary_large_image","twitter_misc":{"Ansl. lesetid":"4 minutter"},"schema":{"@context":"https:\/\/schema.org","@graph":[{"@type":"WebPage","@id":"https:\/\/elsa.no\/stavanger\/ulike-styreverv\/","url":"https:\/\/elsa.no\/stavanger\/ulike-styreverv\/","name":"Ulike styreverv - ELSA Stavanger","isPartOf":{"@id":"https:\/\/elsa.no\/stavanger\/#website"},"datePublished":"2025-11-11T15:52:00+00:00","dateModified":"2025-11-12T07:46:08+00:00","breadcrumb":{"@id":"https:\/\/elsa.no\/stavanger\/ulike-styreverv\/#breadcrumb"},"inLanguage":"nb-NO","potentialAction":[{"@type":"ReadAction","target":["https:\/\/elsa.no\/stavanger\/ulike-styreverv\/"]}]},{"@type":"BreadcrumbList","@id":"https:\/\/elsa.no\/stavanger\/ulike-styreverv\/#breadcrumb","itemListElement":[{"@type":"ListItem","position":1,"name":"Home","item":"https:\/\/elsa.no\/stavanger\/forside\/"},{"@type":"ListItem","position":2,"name":"Ulike styreverv"}]},{"@type":"WebSite","@id":"https:\/\/elsa.no\/stavanger\/#website","url":"https:\/\/elsa.no\/stavanger\/","name":"ELSA Stavanger","description":"","potentialAction":[{"@type":"SearchAction","target":{"@type":"EntryPoint","urlTemplate":"https:\/\/elsa.no\/stavanger\/?s={search_term_string}"},"query-input":{"@type":"PropertyValueSpecification","valueRequired":true,"valueName":"search_term_string"}}],"inLanguage":"nb-NO"}]}},"_links":{"self":[{"href":"https:\/\/elsa.no\/stavanger\/wp-json\/wp\/v2\/pages\/110","targetHints":{"allow":["GET"]}}],"collection":[{"href":"https:\/\/elsa.no\/stavanger\/wp-json\/wp\/v2\/pages"}],"about":[{"href":"https:\/\/elsa.no\/stavanger\/wp-json\/wp\/v2\/types\/page"}],"author":[{"embeddable":true,"href":"https:\/\/elsa.no\/stavanger\/wp-json\/wp\/v2\/users\/27"}],"replies":[{"embeddable":true,"href":"https:\/\/elsa.no\/stavanger\/wp-json\/wp\/v2\/comments?post=110"}],"version-history":[{"count":6,"href":"https:\/\/elsa.no\/stavanger\/wp-json\/wp\/v2\/pages\/110\/revisions"}],"predecessor-version":[{"id":190,"href":"https:\/\/elsa.no\/stavanger\/wp-json\/wp\/v2\/pages\/110\/revisions\/190"}],"wp:attachment":[{"href":"https:\/\/elsa.no\/stavanger\/wp-json\/wp\/v2\/media?parent=110"}],"curies":[{"name":"wp","href":"https:\/\/api.w.org\/{rel}","templated":true}]}}