{"id":94,"date":"2012-08-07T21:13:16","date_gmt":"2012-08-07T19:13:16","guid":{"rendered":"http:\/\/elsa.no\/oslo\/?page_id=94"},"modified":"2022-08-06T18:11:39","modified_gmt":"2022-08-06T16:11:39","slug":"pd","status":"publish","type":"page","link":"https:\/\/elsa.no\/oslo\/pd\/","title":{"rendered":"Professional Development"},"content":{"rendered":"\n<style type=\"text\/css\" data-created_by=\"avia_inline_auto\" id=\"style-css-av-av_two_third-6126cab7d8fab8d08143dd2dacdf673c\">\n.flex_column.av-av_two_third-6126cab7d8fab8d08143dd2dacdf673c{\n-webkit-border-radius:0px 0px 0px 0px;\n-moz-border-radius:0px 0px 0px 0px;\nborder-radius:0px 0px 0px 0px;\npadding:0px 0px 0px 0px;\n}\n<\/style>\n<div class='flex_column av-av_two_third-6126cab7d8fab8d08143dd2dacdf673c av_two_third  avia-builder-el-0  el_before_av_one_third  avia-builder-el-first  first flex_column_div av-zero-column-padding '     ><section  class='av_textblock_section av-av_textblock-2de302bf1aa3cf4c9157dbe6f50ac7eb'  itemscope=\"itemscope\" itemtype=\"https:\/\/schema.org\/CreativeWork\" ><div class='avia_textblock'  itemprop=\"text\" ><p>Professional Development er et nytt ansvarsomr\u00e5de som er under stadig utvikling. Omr\u00e5det vil, med tiden, omfatte flere spennende prosjekter!<\/p>\n<p>Hovedprosjektet under Professional Development er ELSA Traineeships (tidl. STEP). PD-gruppen tar i mot og sender studenter som er med i ELSAs traineeordning. Lokalt jobber vi med \u00e5 skaffe traineestillinger i advokatfirmaer som studenter fra andre ELSA-land kan s\u00f8ke p\u00e5. Vi hjelper ogs\u00e5 norske studenter med \u00e5 s\u00f8ke p\u00e5 trainee-stillinger rundt om i Europa , samt enkelte i andre deler av verden.<\/p>\n<p>Informasjon om aktuelle traineestillinger samt s\u00f8knadsfrister kommer to ganger i \u00e5ret. Stillingene varer i alt fra et par uker til et helt \u00e5r. Studenter p\u00e5 alle avdelinger kan s\u00f8ke. En stor fordel er at s\u00f8knaden ikke er karakterbasert, s\u00e5 her er det gode muligheter for \u00e5 skaffe seg relevant erfaring og stille seg foran i k\u00f8en, selv uten straight A&#8217;s!<\/p>\n<p>De fleste stillingene er i advokatfirmaer, men vi har ogs\u00e5 hatt endel i andre institusjoner, bl.a. EFTA-domstolen. I mange tilfeller holder det \u00e5 kunne engelsk, mens det andre ganger kreves litt kunnskaper i f.eks. tysk, fransk eller spansk. De fleste stillingene er enten betalte, eller kommer med bolig inkludert.<\/p>\n<p>ELSA vil alltid v\u00e6re behjelpelig med det praktiske rundt oppholdet, bl.a. med \u00e5 finne bolig.<\/p>\n<p><a href=\"http:\/\/elsa.no\/bergen\/2016\/05\/02\/traineeopphold-gjennom-step-hos-council-of-europe-2\/\">Her<\/a> kan du lese om en Bergensstudent som fikk et ettertraktet traineeship hos Europar\u00e5det!<\/p>\n<p>Se mer om hvordan du kan s\u00f8ke traineeship i undermenyen, eller ved \u00e5 trykke <a href=\"https:\/\/elsa.no\/oslo\/pd\/hvordan-soke-traineeship\/\"><u>her<\/u><\/a>.<\/p>\n<p>Ta gjerne kontakt med VP for PD, Silje Urteg\u00e5rd, p\u00e5&nbsp;<strong>&#x70;&#114;&#x6f;&#x66;&#101;&#x73;&#x73;&#105;&#x6f;&#x6e;&#97;&#x6c;&#x64;e&#x76;&#x65;l&#x6f;&#112;m&#x65;&#110;t&#x2e;&#111;s&#x6c;&#111;&#64;&#x6e;&#111;&#46;&#x65;&#108;s&#x61;&#46;o&#x72;&#103;<\/strong>&nbsp;for mer informasjon!<\/p>\n<\/div><\/section><\/div>\n<style type=\"text\/css\" data-created_by=\"avia_inline_auto\" id=\"style-css-av-av_one_third-0aa7055fe62c3622faec82866afbaeb2\">\n.flex_column.av-av_one_third-0aa7055fe62c3622faec82866afbaeb2{\n-webkit-border-radius:0px 0px 0px 0px;\n-moz-border-radius:0px 0px 0px 0px;\nborder-radius:0px 0px 0px 0px;\npadding:0px 0px 0px 0px;\n}\n<\/style>\n<div class='flex_column av-av_one_third-0aa7055fe62c3622faec82866afbaeb2 av_one_third  avia-builder-el-2  el_after_av_two_third  avia-builder-el-last  flex_column_div av-zero-column-padding '     ><p>\n<style type=\"text\/css\" data-created_by=\"avia_inline_auto\" id=\"style-css-av-av_image-a42d292fc4739ea37092668ade7a133f\">\n.avia-image-container.av-av_image-a42d292fc4739ea37092668ade7a133f img.avia_image{\nbox-shadow:none;\n}\n.avia-image-container.av-av_image-a42d292fc4739ea37092668ade7a133f .av-image-caption-overlay-center{\ncolor:#ffffff;\n}\n<\/style>\n<div  class='avia-image-container av-av_image-a42d292fc4739ea37092668ade7a133f av-styling- avia-align-center  avia-builder-el-3  el_before_av_image  avia-builder-el-first '   itemprop=\"image\" itemscope=\"itemscope\" itemtype=\"https:\/\/schema.org\/ImageObject\" ><div class=\"avia-image-container-inner\"><div class=\"avia-image-overlay-wrap\"><img decoding=\"async\" class='wp-image-1650 avia-img-lazy-loading-not-1650 avia_image ' src=\"https:\/\/i0.wp.com\/elsa.no\/oslo\/files\/2016\/11\/wall-photo-4.png?fit=300%2C300&ssl=1\" alt='' title='wall-photo-4'  height=\"300\" width=\"300\"  itemprop=\"thumbnailUrl\" srcset=\"https:\/\/i0.wp.com\/elsa.no\/oslo\/files\/2016\/11\/wall-photo-4.png?w=2028&amp;ssl=1 2028w, https:\/\/i0.wp.com\/elsa.no\/oslo\/files\/2016\/11\/wall-photo-4.png?resize=200%2C200&amp;ssl=1 200w, https:\/\/i0.wp.com\/elsa.no\/oslo\/files\/2016\/11\/wall-photo-4.png?resize=300%2C300&amp;ssl=1 300w, https:\/\/i0.wp.com\/elsa.no\/oslo\/files\/2016\/11\/wall-photo-4.png?resize=1030%2C1030&amp;ssl=1 1030w, https:\/\/i0.wp.com\/elsa.no\/oslo\/files\/2016\/11\/wall-photo-4.png?resize=36%2C36&amp;ssl=1 36w, https:\/\/i0.wp.com\/elsa.no\/oslo\/files\/2016\/11\/wall-photo-4.png?resize=180%2C180&amp;ssl=1 180w, https:\/\/i0.wp.com\/elsa.no\/oslo\/files\/2016\/11\/wall-photo-4.png?resize=1500%2C1500&amp;ssl=1 1500w, https:\/\/i0.wp.com\/elsa.no\/oslo\/files\/2016\/11\/wall-photo-4.png?resize=705%2C705&amp;ssl=1 705w, https:\/\/i0.wp.com\/elsa.no\/oslo\/files\/2016\/11\/wall-photo-4.png?resize=120%2C120&amp;ssl=1 120w, https:\/\/i0.wp.com\/elsa.no\/oslo\/files\/2016\/11\/wall-photo-4.png?resize=450%2C450&amp;ssl=1 450w\" sizes=\"(max-width: 300px) 100vw, 300px\" \/><\/div><\/div><\/div><br \/>\n\n<style type=\"text\/css\" data-created_by=\"avia_inline_auto\" id=\"style-css-av-av_image-b1c7647cf34f6b25764591916657c314\">\n.avia-image-container.av-av_image-b1c7647cf34f6b25764591916657c314 img.avia_image{\nbox-shadow:none;\n}\n.avia-image-container.av-av_image-b1c7647cf34f6b25764591916657c314 .av-image-caption-overlay-center{\ncolor:#ffffff;\n}\n<\/style>\n<div  class='avia-image-container av-av_image-b1c7647cf34f6b25764591916657c314 av-styling- avia-align-center  avia-builder-el-4  el_after_av_image  avia-builder-el-last '   itemprop=\"image\" itemscope=\"itemscope\" itemtype=\"https:\/\/schema.org\/ImageObject\" ><div class=\"avia-image-container-inner\"><div class=\"avia-image-overlay-wrap\"><img decoding=\"async\" class='wp-image-1648 avia-img-lazy-loading-not-1648 avia_image ' src=\"https:\/\/i0.wp.com\/elsa.no\/oslo\/files\/2016\/11\/wall-photo-3.png?fit=300%2C300&ssl=1\" alt='' title='wall-photo-3'  height=\"300\" width=\"300\"  itemprop=\"thumbnailUrl\" srcset=\"https:\/\/i0.wp.com\/elsa.no\/oslo\/files\/2016\/11\/wall-photo-3.png?w=2028&amp;ssl=1 2028w, https:\/\/i0.wp.com\/elsa.no\/oslo\/files\/2016\/11\/wall-photo-3.png?resize=200%2C200&amp;ssl=1 200w, https:\/\/i0.wp.com\/elsa.no\/oslo\/files\/2016\/11\/wall-photo-3.png?resize=300%2C300&amp;ssl=1 300w, https:\/\/i0.wp.com\/elsa.no\/oslo\/files\/2016\/11\/wall-photo-3.png?resize=1030%2C1030&amp;ssl=1 1030w, https:\/\/i0.wp.com\/elsa.no\/oslo\/files\/2016\/11\/wall-photo-3.png?resize=36%2C36&amp;ssl=1 36w, https:\/\/i0.wp.com\/elsa.no\/oslo\/files\/2016\/11\/wall-photo-3.png?resize=180%2C180&amp;ssl=1 180w, https:\/\/i0.wp.com\/elsa.no\/oslo\/files\/2016\/11\/wall-photo-3.png?resize=1500%2C1500&amp;ssl=1 1500w, https:\/\/i0.wp.com\/elsa.no\/oslo\/files\/2016\/11\/wall-photo-3.png?resize=705%2C705&amp;ssl=1 705w, https:\/\/i0.wp.com\/elsa.no\/oslo\/files\/2016\/11\/wall-photo-3.png?resize=120%2C120&amp;ssl=1 120w, https:\/\/i0.wp.com\/elsa.no\/oslo\/files\/2016\/11\/wall-photo-3.png?resize=450%2C450&amp;ssl=1 450w\" sizes=\"(max-width: 300px) 100vw, 300px\" \/><\/div><\/div><\/div><\/p><\/div>\n","protected":false},"excerpt":{"rendered":"","protected":false},"author":1,"featured_media":0,"parent":0,"menu_order":0,"comment_status":"closed","ping_status":"closed","template":"","meta":{"jetpack_post_was_ever_published":false,"footnotes":""},"class_list":["post-94","page","type-page","status-publish","hentry"],"jetpack_sharing_enabled":true,"jetpack_shortlink":"https:\/\/wp.me\/P7PccC-1w","jetpack-related-posts":[],"_links":{"self":[{"href":"https:\/\/elsa.no\/oslo\/wp-json\/wp\/v2\/pages\/94","targetHints":{"allow":["GET"]}}],"collection":[{"href":"https:\/\/elsa.no\/oslo\/wp-json\/wp\/v2\/pages"}],"about":[{"href":"https:\/\/elsa.no\/oslo\/wp-json\/wp\/v2\/types\/page"}],"author":[{"embeddable":true,"href":"https:\/\/elsa.no\/oslo\/wp-json\/wp\/v2\/users\/1"}],"replies":[{"embeddable":true,"href":"https:\/\/elsa.no\/oslo\/wp-json\/wp\/v2\/comments?post=94"}],"version-history":[{"count":20,"href":"https:\/\/elsa.no\/oslo\/wp-json\/wp\/v2\/pages\/94\/revisions"}],"predecessor-version":[{"id":2983,"href":"https:\/\/elsa.no\/oslo\/wp-json\/wp\/v2\/pages\/94\/revisions\/2983"}],"wp:attachment":[{"href":"https:\/\/elsa.no\/oslo\/wp-json\/wp\/v2\/media?parent=94"}],"curies":[{"name":"wp","href":"https:\/\/api.w.org\/{rel}","templated":true}]}}