{"id":9,"date":"2012-04-02T12:57:52","date_gmt":"2012-04-02T12:57:52","guid":{"rendered":"http:\/\/elsa.no\/oslo\/?page_id=9"},"modified":"2025-04-08T16:38:02","modified_gmt":"2025-04-08T14:38:02","slug":"om-elsa-oslo","status":"publish","type":"page","link":"https:\/\/elsa.no\/oslo\/om-elsa-oslo\/","title":{"rendered":"Om oss"},"content":{"rendered":"\n<style type=\"text\/css\" data-created_by=\"avia_inline_auto\" id=\"style-css-av-i1xh-3cc1d234de073cde0e4333a0bb9828ac\">\n.flex_column.av-i1xh-3cc1d234de073cde0e4333a0bb9828ac{\n-webkit-border-radius:0px 0px 0px 0px;\n-moz-border-radius:0px 0px 0px 0px;\nborder-radius:0px 0px 0px 0px;\npadding:0px 0px 0px 0px;\n}\n<\/style>\n<div class='flex_column av-i1xh-3cc1d234de073cde0e4333a0bb9828ac av_two_third  avia-builder-el-0  el_before_av_one_third  avia-builder-el-first  first flex_column_div av-zero-column-padding '     ><section  class='av_textblock_section av-faef-f851687021f577fe2a657be1fec01aa8'  itemscope=\"itemscope\" itemtype=\"https:\/\/schema.org\/CreativeWork\" ><div class='avia_textblock'  itemprop=\"text\" ><p>ELSA Oslo er den st\u00f8rste internasjonalt rettede studentorganisasjonen ved Det Juridiske Fakultet i Oslo. Vi er en del av the European Law Students\u2019 Association, som er verdens st\u00f8rste uavhengige organisasjon for jusstudenter, med over 60 000 medlemmer p\u00e5 rundt 300 fakulteter i 43 land.<\/p>\n<p>Det internasjonale utgangspunktet gir unike muligheter. Blant annet tilbyr vi studieturer, traineeships og sommer- og vinterskoler i utlandet og ikke minst et verdifullt nettverk av kommende jurister. ELSA har observat\u00f8rstatus i flere internasjonale organer, blant annet FN, og vi kan derfor tilby v\u00e5re medlemmer muligheten til \u00e5 reise som delegat til internasjonale toppm\u00f8ter.<\/p>\n<p>P\u00e5 fakultetet arrangerer vi faglige aktiviteter som prosedyrekonkurranse, forhandlingskonkurranse og manuduksjoner. Her er det muligheter til b\u00e5de \u00e5 v\u00e6re med p\u00e5 organisering og arrangering, samt \u00e5 delta.<\/p>\n<p>I tillegg til det faglige og internasjonale perspektivet er det\u00a0mye sosialt som foreg\u00e5r p\u00e5 fakultetet. Vi har et godt\u00a0sosialt milj\u00f8, med bl.a. fester, hytteturer, julebord og vaffelfredager. Det er lav terskel for \u00e5 delta, og medlemskap i ELSA krever ikke noe fast oppm\u00f8te eller engasjement. Det er ogs\u00e5 mange internasjonale studenter som deltar p\u00e5 arrangementene v\u00e5re, s\u00e5 her er det muligheter for \u00e5 f\u00e5 seg venner p\u00e5 tvers av landegrenser.<\/p>\n<p>ELSA Oslo holder til i kjelleren p\u00e5 Domus Academica, i rom KJ301. Ikke n\u00f8l med \u00e5 ta kontakt med oss dersom du har noen sp\u00f8rsm\u00e5l, eller om du bare vil sl\u00e5 av en prat.<\/p>\n<p>Se medlemsfordeler og bli medlem <a href=\"https:\/\/elsa.no\/oslo\/innmelding\/\">h<\/a><a href=\"https:\/\/elsa.no\/oslo\/innmelding\/\">er<\/a>.<\/p>\n<\/div><\/section><\/div>\n<style type=\"text\/css\" data-created_by=\"avia_inline_auto\" id=\"style-css-av-dbbj-5de254a48ccda37c7ddc06691bfb305c\">\n.flex_column.av-dbbj-5de254a48ccda37c7ddc06691bfb305c{\n-webkit-border-radius:0px 0px 0px 0px;\n-moz-border-radius:0px 0px 0px 0px;\nborder-radius:0px 0px 0px 0px;\npadding:0px 0px 0px 0px;\n}\n<\/style>\n<div class='flex_column av-dbbj-5de254a48ccda37c7ddc06691bfb305c av_one_third  avia-builder-el-2  el_after_av_two_third  el_before_av_textblock  flex_column_div av-zero-column-padding '     ><p>\n<style type=\"text\/css\" data-created_by=\"avia_inline_auto\" id=\"style-css-av-cbk1-748fdd2f215cef4fd114629051d1ba17\">\n.avia-image-container.av-cbk1-748fdd2f215cef4fd114629051d1ba17 img.avia_image{\nbox-shadow:none;\n}\n.avia-image-container.av-cbk1-748fdd2f215cef4fd114629051d1ba17 .av-image-caption-overlay-center{\ncolor:#ffffff;\n}\n<\/style>\n<div  class='avia-image-container av-cbk1-748fdd2f215cef4fd114629051d1ba17 av-styling- avia-align-center  avia-builder-el-3  el_before_av_image  avia-builder-el-first '   itemprop=\"image\" itemscope=\"itemscope\" itemtype=\"https:\/\/schema.org\/ImageObject\" ><div class=\"avia-image-container-inner\"><div class=\"avia-image-overlay-wrap\"><img decoding=\"async\" class='wp-image-3038 avia-img-lazy-loading-not-3038 avia_image ' src=\"https:\/\/i0.wp.com\/elsa.no\/oslo\/files\/2023\/04\/IMG_0638-1-scaled.jpg?fit=300%2C169&ssl=1\" alt='' title='IMG_0638'  height=\"169\" width=\"300\"  itemprop=\"thumbnailUrl\" srcset=\"https:\/\/i0.wp.com\/elsa.no\/oslo\/files\/2023\/04\/IMG_0638-1-scaled.jpg?w=2560&amp;ssl=1 2560w, https:\/\/i0.wp.com\/elsa.no\/oslo\/files\/2023\/04\/IMG_0638-1-scaled.jpg?resize=300%2C169&amp;ssl=1 300w, https:\/\/i0.wp.com\/elsa.no\/oslo\/files\/2023\/04\/IMG_0638-1-scaled.jpg?resize=1030%2C579&amp;ssl=1 1030w, https:\/\/i0.wp.com\/elsa.no\/oslo\/files\/2023\/04\/IMG_0638-1-scaled.jpg?resize=1536%2C864&amp;ssl=1 1536w, https:\/\/i0.wp.com\/elsa.no\/oslo\/files\/2023\/04\/IMG_0638-1-scaled.jpg?resize=2048%2C1152&amp;ssl=1 2048w, https:\/\/i0.wp.com\/elsa.no\/oslo\/files\/2023\/04\/IMG_0638-1-scaled.jpg?resize=1500%2C844&amp;ssl=1 1500w, https:\/\/i0.wp.com\/elsa.no\/oslo\/files\/2023\/04\/IMG_0638-1-scaled.jpg?resize=705%2C397&amp;ssl=1 705w\" sizes=\"(max-width: 300px) 100vw, 300px\" \/><\/div><\/div><\/div><br \/>\n\n<style type=\"text\/css\" data-created_by=\"avia_inline_auto\" id=\"style-css-av-9el5-3a4efb14a9be7644597d36a5c7518a32\">\n.avia-image-container.av-9el5-3a4efb14a9be7644597d36a5c7518a32 img.avia_image{\nbox-shadow:none;\n}\n.avia-image-container.av-9el5-3a4efb14a9be7644597d36a5c7518a32 .av-image-caption-overlay-center{\ncolor:#ffffff;\n}\n<\/style>\n<div  class='avia-image-container av-9el5-3a4efb14a9be7644597d36a5c7518a32 av-styling- avia-align-center  avia-builder-el-4  el_after_av_image  el_before_av_image '   itemprop=\"image\" itemscope=\"itemscope\" itemtype=\"https:\/\/schema.org\/ImageObject\" ><div class=\"avia-image-container-inner\"><div class=\"avia-image-overlay-wrap\"><img decoding=\"async\" class='wp-image-3077 avia-img-lazy-loading-not-3077 avia_image ' src=\"https:\/\/i0.wp.com\/elsa.no\/oslo\/files\/2024\/06\/IMG_0305-scaled.jpeg?fit=300%2C200&ssl=1\" alt='' title='IMG_0305'  height=\"200\" width=\"300\"  itemprop=\"thumbnailUrl\" srcset=\"https:\/\/i0.wp.com\/elsa.no\/oslo\/files\/2024\/06\/IMG_0305-scaled.jpeg?w=2560&amp;ssl=1 2560w, https:\/\/i0.wp.com\/elsa.no\/oslo\/files\/2024\/06\/IMG_0305-scaled.jpeg?resize=300%2C200&amp;ssl=1 300w, https:\/\/i0.wp.com\/elsa.no\/oslo\/files\/2024\/06\/IMG_0305-scaled.jpeg?resize=1030%2C687&amp;ssl=1 1030w, https:\/\/i0.wp.com\/elsa.no\/oslo\/files\/2024\/06\/IMG_0305-scaled.jpeg?resize=1536%2C1024&amp;ssl=1 1536w, https:\/\/i0.wp.com\/elsa.no\/oslo\/files\/2024\/06\/IMG_0305-scaled.jpeg?resize=2048%2C1365&amp;ssl=1 2048w, https:\/\/i0.wp.com\/elsa.no\/oslo\/files\/2024\/06\/IMG_0305-scaled.jpeg?resize=1500%2C1000&amp;ssl=1 1500w, https:\/\/i0.wp.com\/elsa.no\/oslo\/files\/2024\/06\/IMG_0305-scaled.jpeg?resize=705%2C470&amp;ssl=1 705w\" sizes=\"(max-width: 300px) 100vw, 300px\" \/><\/div><\/div><\/div><br \/>\n\n<style type=\"text\/css\" data-created_by=\"avia_inline_auto\" id=\"style-css-av-6p9t-4d903b08f9f0332081a15b25593ce247\">\n.avia-image-container.av-6p9t-4d903b08f9f0332081a15b25593ce247 img.avia_image{\nbox-shadow:none;\n}\n.avia-image-container.av-6p9t-4d903b08f9f0332081a15b25593ce247 .av-image-caption-overlay-center{\ncolor:#ffffff;\n}\n<\/style>\n<div  class='avia-image-container av-6p9t-4d903b08f9f0332081a15b25593ce247 av-styling- avia-align-center  avia-builder-el-5  el_after_av_image  avia-builder-el-last '   itemprop=\"image\" itemscope=\"itemscope\" itemtype=\"https:\/\/schema.org\/ImageObject\" ><div class=\"avia-image-container-inner\"><div class=\"avia-image-overlay-wrap\"><img decoding=\"async\" class='wp-image-3078 avia-img-lazy-loading-not-3078 avia_image ' src=\"https:\/\/i0.wp.com\/elsa.no\/oslo\/files\/2024\/06\/IMG_3164.jpg?fit=300%2C200&ssl=1\" alt='' title='IMG_3164'  height=\"200\" width=\"300\"  itemprop=\"thumbnailUrl\" srcset=\"https:\/\/i0.wp.com\/elsa.no\/oslo\/files\/2024\/06\/IMG_3164.jpg?w=1125&amp;ssl=1 1125w, https:\/\/i0.wp.com\/elsa.no\/oslo\/files\/2024\/06\/IMG_3164.jpg?resize=300%2C200&amp;ssl=1 300w, https:\/\/i0.wp.com\/elsa.no\/oslo\/files\/2024\/06\/IMG_3164.jpg?resize=1030%2C687&amp;ssl=1 1030w, https:\/\/i0.wp.com\/elsa.no\/oslo\/files\/2024\/06\/IMG_3164.jpg?resize=705%2C470&amp;ssl=1 705w\" sizes=\"(max-width: 300px) 100vw, 300px\" \/><\/div><\/div><\/div><\/p><\/div><section  class='av_textblock_section av-5lun-0a6513c683b3dee65af356d0b98aec80'  itemscope=\"itemscope\" itemtype=\"https:\/\/schema.org\/CreativeWork\" ><div class='avia_textblock'  itemprop=\"text\" ><p><a href=\"https:\/\/elsa.no\/oslo\/files\/2024\/06\/ELSA-Oslos-vedtekter-V24.docx.pdf\">ELSA Oslos vedtekter (oppdatert V24).docx<\/a><\/p>\n<\/div><\/section>\n<section  class='av_textblock_section av-2wfp-02f2587e45eec4b28460d8810e0220a5'  itemscope=\"itemscope\" itemtype=\"https:\/\/schema.org\/CreativeWork\" ><div class='avia_textblock'  itemprop=\"text\" ><p><a href=\"https:\/\/elsa.no\/oslo\/files\/2024\/06\/ELSA-Oslos-arbeidsregler-V24.docx.pdf\">ELSA Oslos arbeidsregler (oppdatert V24).docx<\/a><\/p>\n<\/div><\/section>\n","protected":false},"excerpt":{"rendered":"","protected":false},"author":1,"featured_media":0,"parent":0,"menu_order":0,"comment_status":"closed","ping_status":"closed","template":"","meta":{"jetpack_post_was_ever_published":false,"footnotes":""},"class_list":["post-9","page","type-page","status-publish","hentry"],"jetpack_sharing_enabled":true,"jetpack_shortlink":"https:\/\/wp.me\/P7PccC-9","jetpack-related-posts":[],"_links":{"self":[{"href":"https:\/\/elsa.no\/oslo\/wp-json\/wp\/v2\/pages\/9","targetHints":{"allow":["GET"]}}],"collection":[{"href":"https:\/\/elsa.no\/oslo\/wp-json\/wp\/v2\/pages"}],"about":[{"href":"https:\/\/elsa.no\/oslo\/wp-json\/wp\/v2\/types\/page"}],"author":[{"embeddable":true,"href":"https:\/\/elsa.no\/oslo\/wp-json\/wp\/v2\/users\/1"}],"replies":[{"embeddable":true,"href":"https:\/\/elsa.no\/oslo\/wp-json\/wp\/v2\/comments?post=9"}],"version-history":[{"count":56,"href":"https:\/\/elsa.no\/oslo\/wp-json\/wp\/v2\/pages\/9\/revisions"}],"predecessor-version":[{"id":3300,"href":"https:\/\/elsa.no\/oslo\/wp-json\/wp\/v2\/pages\/9\/revisions\/3300"}],"wp:attachment":[{"href":"https:\/\/elsa.no\/oslo\/wp-json\/wp\/v2\/media?parent=9"}],"curies":[{"name":"wp","href":"https:\/\/api.w.org\/{rel}","templated":true}]}}