{"id":760,"date":"2014-10-28T15:33:48","date_gmt":"2014-10-28T14:33:48","guid":{"rendered":"http:\/\/elsa.no\/oslo\/?page_id=760"},"modified":"2025-03-03T21:22:32","modified_gmt":"2025-03-03T20:22:32","slug":"fk","status":"publish","type":"page","link":"https:\/\/elsa.no\/oslo\/aa\/fk\/","title":{"rendered":"Forhandlingskonkurransen"},"content":{"rendered":"\n<style type=\"text\/css\" data-created_by=\"avia_inline_auto\" id=\"style-css-av-ug58g-039602c65caa84f88420dae5658b6aac\">\n.flex_column.av-ug58g-039602c65caa84f88420dae5658b6aac{\n-webkit-border-radius:0px 0px 0px 0px;\n-moz-border-radius:0px 0px 0px 0px;\nborder-radius:0px 0px 0px 0px;\npadding:0px 0px 0px 0px;\n}\n<\/style>\n<div class='flex_column av-ug58g-039602c65caa84f88420dae5658b6aac av_two_third  avia-builder-el-0  el_before_av_one_third  avia-builder-el-first  first flex_column_div av-zero-column-padding '     ><section  class='av_textblock_section av-qz3ow-1779f0d8ca5cd4fb4c7a51abca458247'  itemscope=\"itemscope\" itemtype=\"https:\/\/schema.org\/CreativeWork\" ><div class='avia_textblock'  itemprop=\"text\" ><p>Hvert v\u00e5rsemester arrangerer ELSA Oslo en forhandlingskonkurranse i samarbeid med <strong>R\u00e6der Bing advokatfirma<\/strong>!<\/p>\n<p>Kun et f\u00e5tall av juridiske konflikter ender i retten, og forhandlinger utgj\u00f8r faktisk en dominerende del av hverdagen som jurist. Dette er likevel ikke en realitet som gjenspeiles i studiet og vi er derfor veldig stolte over \u00e5 arrangere konkurransen. Her gis studentene en anledning til \u00e5 bli bedre kjent med hvordan jussen brukes i praksis, samt at forhandlingsevnene som tilegnes underveis er et viktig verkt\u00f8y for senere arbeidsliv!<\/p>\n<p>Konkurransen innledes av et kurs i grunnleggende forhandlingsteknikk. Etter kurset sender lagene inn en skriftlig oppgave, der de \u00e5tte beste lagene g\u00e5r videre til kvartfinalens muntlige forhandlinger. Vinnerne herfra g\u00e5r videre til forhandlinger i semifinalen, for deretter at vinnerlaget endelig k\u00e5res i en spennende finale! ELSA Bergen og ELSA Troms\u00f8 avholder ogs\u00e5 forhandlingskonkurranser i samme tidsrom.<\/p>\n<p>Nytt for 2025 er at vinnerne av de tre lokale forhandlingskonkurranse g\u00e5r videre til en <strong>nordisk finalerunde<\/strong>\u00a0arrangert av ELSA Norge. Vinnerne g\u00e5r s\u00e5 videre, og f\u00e5r sponset reise, opphold, coaching og deltakelse i the International Negotiation Competition (<strong>INC<\/strong>).<\/p>\n<p>Vi h\u00e5per \u00e5 se deg enten som deltaker eller medarbeider!<\/p>\n<p>Lurer du p\u00e5 noe ang\u00e5ende konkurransen? Ta gjerne kontakt med <strong>VP AA<\/strong> p\u00e5 <a href=\"&#109;&#x61;&#105;&#x6c;t&#x6f;:&#97;&#x63;&#97;&#x64;e&#x6d;i&#99;&#x61;&#99;&#x74;i&#x76;i&#116;&#x69;&#101;&#x73;&#46;&#x6f;s&#108;&#x6f;&#64;&#x6e;o&#x2e;e&#108;&#x73;&#97;&#x2e;o&#x72;g\">&#x61;&#99;&#97;d&#x65;&#x6d;&#105;c&#x61;&#x63;&#116;iv&#x69;&#116;&#105;e&#x73;&#x2e;&#111;s&#x6c;&#x6f;&#64;&#110;o&#x2e;&#x65;&#108;s&#x61;&#x2e;&#111;r&#x67;<\/a>.<\/p>\n<p>Datoene for 2025 er f\u00f8lgende:<\/p>\n<p>Kurs: 26. februar og 4. mars<\/p>\n<p>Selekteringsoppgaven sendes ut p\u00e5 ettermiddagen 4. mars. Innleveringsfrist er tirsdag 11. mars kl 1400.<\/p>\n<p>Kvartfinale: 18. og 19. mars<\/p>\n<p>Semifinale: 25. mars<\/p>\n<p>Finale m\/bankett: 3. april<\/p>\n<p>P\u00e5meldingsfrist var 21. februar kl 2359.<\/p>\n<\/div><\/section><\/div>\n<style type=\"text\/css\" data-created_by=\"avia_inline_auto\" id=\"style-css-av-mgiao-2606c4c9da7d232a0b1816ae10f784fa\">\n.flex_column.av-mgiao-2606c4c9da7d232a0b1816ae10f784fa{\n-webkit-border-radius:0px 0px 0px 0px;\n-moz-border-radius:0px 0px 0px 0px;\nborder-radius:0px 0px 0px 0px;\npadding:0px 0px 0px 0px;\n}\n<\/style>\n<div class='flex_column av-mgiao-2606c4c9da7d232a0b1816ae10f784fa av_one_third  avia-builder-el-2  el_after_av_two_third  avia-builder-el-last  flex_column_div av-zero-column-padding '     ><p>\n<style type=\"text\/css\" data-created_by=\"avia_inline_auto\" id=\"style-css-av-dfelc-52fa5d142ebad715fdcf5c7a3e3151a7\">\n.avia-image-container.av-dfelc-52fa5d142ebad715fdcf5c7a3e3151a7 img.avia_image{\nbox-shadow:none;\n}\n.avia-image-container.av-dfelc-52fa5d142ebad715fdcf5c7a3e3151a7 .av-image-caption-overlay-center{\ncolor:#ffffff;\n}\n<\/style>\n<div  class='avia-image-container av-dfelc-52fa5d142ebad715fdcf5c7a3e3151a7 av-styling- avia-align-center  avia-builder-el-3  el_before_av_image  avia-builder-el-first '   itemprop=\"image\" itemscope=\"itemscope\" itemtype=\"https:\/\/schema.org\/ImageObject\" ><div class=\"avia-image-container-inner\"><div class=\"avia-image-overlay-wrap\"><img decoding=\"async\" class='wp-image-3120 avia-img-lazy-loading-not-3120 avia_image ' src=\"https:\/\/i0.wp.com\/elsa.no\/oslo\/files\/2025\/02\/att.v82OVnf1HXA0d6IyRGxyP6bz_jfwvOxRcvNThdU-86k.jpg?resize=200%2C200&ssl=1\" alt='' title='att.v82OVnf1HXA0d6IyRGxyP6bz_jfwvOxRcvNThdU-86k'  height=\"200\" width=\"200\"  itemprop=\"thumbnailUrl\" srcset=\"https:\/\/i0.wp.com\/elsa.no\/oslo\/files\/2025\/02\/att.v82OVnf1HXA0d6IyRGxyP6bz_jfwvOxRcvNThdU-86k.jpg?resize=200%2C200&amp;ssl=1 200w, https:\/\/i0.wp.com\/elsa.no\/oslo\/files\/2025\/02\/att.v82OVnf1HXA0d6IyRGxyP6bz_jfwvOxRcvNThdU-86k.jpg?resize=36%2C36&amp;ssl=1 36w, https:\/\/i0.wp.com\/elsa.no\/oslo\/files\/2025\/02\/att.v82OVnf1HXA0d6IyRGxyP6bz_jfwvOxRcvNThdU-86k.jpg?resize=180%2C180&amp;ssl=1 180w, https:\/\/i0.wp.com\/elsa.no\/oslo\/files\/2025\/02\/att.v82OVnf1HXA0d6IyRGxyP6bz_jfwvOxRcvNThdU-86k.jpg?zoom=2&amp;resize=200%2C200&amp;ssl=1 400w, https:\/\/i0.wp.com\/elsa.no\/oslo\/files\/2025\/02\/att.v82OVnf1HXA0d6IyRGxyP6bz_jfwvOxRcvNThdU-86k.jpg?zoom=3&amp;resize=200%2C200&amp;ssl=1 600w\" sizes=\"(max-width: 200px) 100vw, 200px\" \/><\/div><\/div><\/div><br \/>\n\n<style type=\"text\/css\" data-created_by=\"avia_inline_auto\" id=\"style-css-av-7zf1c-44fd0d40e3cefaf84b2f92b1a5ac6046\">\n.avia-image-container.av-7zf1c-44fd0d40e3cefaf84b2f92b1a5ac6046 img.avia_image{\nbox-shadow:none;\n}\n.avia-image-container.av-7zf1c-44fd0d40e3cefaf84b2f92b1a5ac6046 .av-image-caption-overlay-center{\ncolor:#ffffff;\n}\n<\/style>\n<div  class='avia-image-container av-7zf1c-44fd0d40e3cefaf84b2f92b1a5ac6046 av-styling- avia-align-center  avia-builder-el-4  el_after_av_image  avia-builder-el-last '   itemprop=\"image\" itemscope=\"itemscope\" itemtype=\"https:\/\/schema.org\/ImageObject\" ><div class=\"avia-image-container-inner\"><div class=\"avia-image-overlay-wrap\"><img decoding=\"async\" class='wp-image-3119 avia-img-lazy-loading-not-3119 avia_image ' src=\"https:\/\/i0.wp.com\/elsa.no\/oslo\/files\/2025\/02\/att.rpRSHZpmvBzwAzG9ExiQ533UCDlOTJPwRuNJf4xqVNU.jpg?fit=225%2C300&ssl=1\" alt='' title='att.rpRSHZpmvBzwAzG9ExiQ533UCDlOTJPwRuNJf4xqVNU'  height=\"300\" width=\"225\"  itemprop=\"thumbnailUrl\" srcset=\"https:\/\/i0.wp.com\/elsa.no\/oslo\/files\/2025\/02\/att.rpRSHZpmvBzwAzG9ExiQ533UCDlOTJPwRuNJf4xqVNU.jpg?w=1536&amp;ssl=1 1536w, https:\/\/i0.wp.com\/elsa.no\/oslo\/files\/2025\/02\/att.rpRSHZpmvBzwAzG9ExiQ533UCDlOTJPwRuNJf4xqVNU.jpg?resize=225%2C300&amp;ssl=1 225w, https:\/\/i0.wp.com\/elsa.no\/oslo\/files\/2025\/02\/att.rpRSHZpmvBzwAzG9ExiQ533UCDlOTJPwRuNJf4xqVNU.jpg?resize=773%2C1030&amp;ssl=1 773w, https:\/\/i0.wp.com\/elsa.no\/oslo\/files\/2025\/02\/att.rpRSHZpmvBzwAzG9ExiQ533UCDlOTJPwRuNJf4xqVNU.jpg?resize=1152%2C1536&amp;ssl=1 1152w, https:\/\/i0.wp.com\/elsa.no\/oslo\/files\/2025\/02\/att.rpRSHZpmvBzwAzG9ExiQ533UCDlOTJPwRuNJf4xqVNU.jpg?resize=1125%2C1500&amp;ssl=1 1125w, https:\/\/i0.wp.com\/elsa.no\/oslo\/files\/2025\/02\/att.rpRSHZpmvBzwAzG9ExiQ533UCDlOTJPwRuNJf4xqVNU.jpg?resize=529%2C705&amp;ssl=1 529w\" sizes=\"(max-width: 225px) 100vw, 225px\" \/><\/div><\/div><\/div><\/p><\/div>\n","protected":false},"excerpt":{"rendered":"","protected":false},"author":13,"featured_media":0,"parent":90,"menu_order":0,"comment_status":"closed","ping_status":"closed","template":"","meta":{"jetpack_post_was_ever_published":false,"footnotes":""},"class_list":["post-760","page","type-page","status-publish","hentry"],"jetpack_sharing_enabled":true,"jetpack_shortlink":"https:\/\/wp.me\/P7PccC-cg","jetpack-related-posts":[],"_links":{"self":[{"href":"https:\/\/elsa.no\/oslo\/wp-json\/wp\/v2\/pages\/760","targetHints":{"allow":["GET"]}}],"collection":[{"href":"https:\/\/elsa.no\/oslo\/wp-json\/wp\/v2\/pages"}],"about":[{"href":"https:\/\/elsa.no\/oslo\/wp-json\/wp\/v2\/types\/page"}],"author":[{"embeddable":true,"href":"https:\/\/elsa.no\/oslo\/wp-json\/wp\/v2\/users\/13"}],"replies":[{"embeddable":true,"href":"https:\/\/elsa.no\/oslo\/wp-json\/wp\/v2\/comments?post=760"}],"version-history":[{"count":25,"href":"https:\/\/elsa.no\/oslo\/wp-json\/wp\/v2\/pages\/760\/revisions"}],"predecessor-version":[{"id":3172,"href":"https:\/\/elsa.no\/oslo\/wp-json\/wp\/v2\/pages\/760\/revisions\/3172"}],"up":[{"embeddable":true,"href":"https:\/\/elsa.no\/oslo\/wp-json\/wp\/v2\/pages\/90"}],"wp:attachment":[{"href":"https:\/\/elsa.no\/oslo\/wp-json\/wp\/v2\/media?parent=760"}],"curies":[{"name":"wp","href":"https:\/\/api.w.org\/{rel}","templated":true}]}}