{"id":749,"date":"2014-10-28T15:29:54","date_gmt":"2014-10-28T14:29:54","guid":{"rendered":"http:\/\/elsa.no\/oslo\/?page_id=749"},"modified":"2023-05-22T00:54:35","modified_gmt":"2023-05-21T22:54:35","slug":"lawschools","status":"publish","type":"page","link":"https:\/\/elsa.no\/oslo\/sc\/lawschools\/","title":{"rendered":"ELSA Law Schools"},"content":{"rendered":"\n<style type=\"text\/css\" data-created_by=\"avia_inline_auto\" id=\"style-css-av-14l2kl-8778519769894f62678783cf2c006275\">\n.flex_column.av-14l2kl-8778519769894f62678783cf2c006275{\n-webkit-border-radius:0px 0px 0px 0px;\n-moz-border-radius:0px 0px 0px 0px;\nborder-radius:0px 0px 0px 0px;\npadding:0px 0px 0px 0px;\n}\n<\/style>\n<div class='flex_column av-14l2kl-8778519769894f62678783cf2c006275 av_two_third  avia-builder-el-0  el_before_av_one_third  avia-builder-el-first  first flex_column_div av-zero-column-padding '     ><section  class='av_textblock_section av-z8em5-e25905c65d43a4e7e8619605158d035e'  itemscope=\"itemscope\" itemtype=\"https:\/\/schema.org\/CreativeWork\" ><div class='avia_textblock'  itemprop=\"text\" ><p>Hvert \u00e5r arrangeres det rundt 30 ELSA Law Schools i ELSA-nettverket. De aller fleste foreg\u00e5r i sommerferien, og er en god anledning til \u00e5 kombinere et godt faglig opplegg med opplevelsen av en ny by, samtidig som du treffer jusstudenter fra hele Europa. Det arrangeres ogs\u00e5 enkelte Law Schools om vinteren.<\/p>\n<p>ELSA Law Schools arrangeres av forskjellige lokale ELSA-grupper, i samarbeid med lokale akademiske partnere som universiteter og advokatfirmaer. De gjestes gjerne ogs\u00e5 av anerkjente professorer fra andre europeiske land. Kursene preges av et godt faglig opplegg om dagen, men har ogs\u00e5 et bra sosialt program. Slik f\u00e5r du b\u00e5de faglig og sosialt utbytte av oppholdet.<\/p>\n<p>For ELSA-medlemmer koster ELSA Law Schools maks 350 euro for de f\u00f8rste 7 dagene, som inkluderer akademisk opplegg, kost og losji, samt hoveddelen av det sosiale programmet.\u00a0Enkelte sosiale aktiviteter og utflukter kan komme i tillegg. De er alts\u00e5 sv\u00e6rt mye billigere enn andre sommerskoler. Hvis du ikke allerede er medlem av ELSA Oslo kan du melde deg inn gratis <a href=\"https:\/\/elsa.no\/oslo\/meld-deg-inn-i-elsa-oslo\/\">her<\/a>.<\/p>\n<p>Du kan se alle skolene som tilbys, datoer og pris <a href=\"https:\/\/lawschools.elsa.org\/\">her<\/a>.<\/p>\n<p>Har du sp\u00f8rsm\u00e5l, kan du kontakte VP S&amp;C p\u00e5 <a href=\"&#x6d;&#x61;&#105;lt&#x6f;&#x3a;&#115;&#101;m&#x69;&#x6e;&#97;&#114;s&#x63;&#x6f;&#x6e;&#102;er&#x65;&#x6e;&#99;&#101;s&#x2e;&#x6f;&#115;&#108;o&#x40;&#x6e;&#111;&#46;e&#x6c;&#x73;&#x61;&#46;or&#x67;\">&#115;&#x65;m&#105;&#x6e;a&#114;&#x73;c&#x6f;&#x6e;&#102;&#x65;r&#101;&#x6e;c&#101;&#x73;&#46;&#x6f;&#x73;&#108;&#x6f;&#x40;&#110;&#x6f;&#46;&#101;&#x6c;s&#97;&#x2e;o&#x72;&#x67;<\/a>.<\/p>\n<\/div><\/section><\/div>\n<style type=\"text\/css\" data-created_by=\"avia_inline_auto\" id=\"style-css-av-sp7sl-2c7c80e719eb95ab3f46b0b216c326d6\">\n.flex_column.av-sp7sl-2c7c80e719eb95ab3f46b0b216c326d6{\n-webkit-border-radius:0px 0px 0px 0px;\n-moz-border-radius:0px 0px 0px 0px;\nborder-radius:0px 0px 0px 0px;\npadding:0px 0px 0px 0px;\n}\n<\/style>\n<div class='flex_column av-sp7sl-2c7c80e719eb95ab3f46b0b216c326d6 av_one_third  avia-builder-el-2  el_after_av_two_third  el_before_av_textblock  flex_column_div av-zero-column-padding '     ><style type=\"text\/css\" data-created_by=\"avia_inline_auto\" id=\"style-css-av-m753h-c9c136e9f70ad38e4312b43b2c2fa605\">\n.avia-image-container.av-m753h-c9c136e9f70ad38e4312b43b2c2fa605 img.avia_image{\nbox-shadow:none;\n}\n.avia-image-container.av-m753h-c9c136e9f70ad38e4312b43b2c2fa605 .av-image-caption-overlay-center{\ncolor:#ffffff;\n}\n<\/style>\n<div  class='avia-image-container av-m753h-c9c136e9f70ad38e4312b43b2c2fa605 av-styling- avia-align-center  avia-builder-el-3  avia-builder-el-no-sibling '   itemprop=\"image\" itemscope=\"itemscope\" itemtype=\"https:\/\/schema.org\/ImageObject\" ><div class=\"avia-image-container-inner\"><div class=\"avia-image-overlay-wrap\"><img decoding=\"async\" class='wp-image-1851 avia-img-lazy-loading-not-1851 avia_image ' src=\"https:\/\/i0.wp.com\/elsa.no\/oslo\/files\/2014\/10\/Wall-Photo-4.png?fit=300%2C300&ssl=1\" alt='' title='SELS'  height=\"300\" width=\"300\"  itemprop=\"thumbnailUrl\" srcset=\"https:\/\/i0.wp.com\/elsa.no\/oslo\/files\/2014\/10\/Wall-Photo-4.png?w=4167&amp;ssl=1 4167w, https:\/\/i0.wp.com\/elsa.no\/oslo\/files\/2014\/10\/Wall-Photo-4.png?resize=200%2C200&amp;ssl=1 200w, https:\/\/i0.wp.com\/elsa.no\/oslo\/files\/2014\/10\/Wall-Photo-4.png?resize=300%2C300&amp;ssl=1 300w, https:\/\/i0.wp.com\/elsa.no\/oslo\/files\/2014\/10\/Wall-Photo-4.png?resize=1030%2C1030&amp;ssl=1 1030w, https:\/\/i0.wp.com\/elsa.no\/oslo\/files\/2014\/10\/Wall-Photo-4.png?resize=36%2C36&amp;ssl=1 36w, https:\/\/i0.wp.com\/elsa.no\/oslo\/files\/2014\/10\/Wall-Photo-4.png?resize=180%2C180&amp;ssl=1 180w, https:\/\/i0.wp.com\/elsa.no\/oslo\/files\/2014\/10\/Wall-Photo-4.png?resize=1500%2C1500&amp;ssl=1 1500w, https:\/\/i0.wp.com\/elsa.no\/oslo\/files\/2014\/10\/Wall-Photo-4.png?resize=705%2C705&amp;ssl=1 705w, https:\/\/i0.wp.com\/elsa.no\/oslo\/files\/2014\/10\/Wall-Photo-4.png?resize=120%2C120&amp;ssl=1 120w, https:\/\/i0.wp.com\/elsa.no\/oslo\/files\/2014\/10\/Wall-Photo-4.png?resize=450%2C450&amp;ssl=1 450w, https:\/\/i0.wp.com\/elsa.no\/oslo\/files\/2014\/10\/Wall-Photo-4.png?w=3000&amp;ssl=1 3000w\" sizes=\"(max-width: 300px) 100vw, 300px\" \/><\/div><\/div><\/div><\/div>\n<section  class='av_textblock_section av-cmshp-77caca5a598a4fbb1452802eea255315'  itemscope=\"itemscope\" itemtype=\"https:\/\/schema.org\/CreativeWork\" ><div class='avia_textblock'  itemprop=\"text\" ><p>Se video fra en ELSA Law School her:<\/p>\n<\/div><\/section>\n<div  class='avia-video av-837lp-adcdce63734778f07ea545dc10f36ee5 avia-video-16-9 av-no-preview-image avia-video-load-always av-lazyload-immediate av-lazyload-video-embed'  itemprop=\"video\" itemtype=\"https:\/\/schema.org\/VideoObject\"  data-original_url='https:\/\/www.youtube.com\/watch?v=rJRLO2IzMIQ'><script type='text\/html' class='av-video-tmpl'><span class=\"embed-youtube\" style=\"text-align:center; display: block;\"><iframe loading=\"lazy\" class=\"youtube-player\" width=\"1500\" height=\"844\" src=\"https:\/\/www.youtube.com\/embed\/rJRLO2IzMIQ?version=3&#038;rel=1&#038;showsearch=0&#038;showinfo=1&#038;iv_load_policy=1&#038;fs=1&#038;hl=en-US&#038;autohide=2&#038;wmode=transparent&autoplay=0&loop=0&controls=1&mute=0\" allowfullscreen=\"true\" style=\"border:0;\" sandbox=\"allow-scripts allow-same-origin allow-popups allow-presentation allow-popups-to-escape-sandbox\"><\/iframe><\/span><\/script><div class='av-click-to-play-overlay'><div class=\"avia_playpause_icon\"><\/div><\/div><\/div>\n","protected":false},"excerpt":{"rendered":"","protected":false},"author":13,"featured_media":0,"parent":92,"menu_order":0,"comment_status":"closed","ping_status":"closed","template":"","meta":{"jetpack_post_was_ever_published":false,"footnotes":""},"class_list":["post-749","page","type-page","status-publish","hentry"],"jetpack_sharing_enabled":true,"jetpack_shortlink":"https:\/\/wp.me\/P7PccC-c5","jetpack-related-posts":[],"_links":{"self":[{"href":"https:\/\/elsa.no\/oslo\/wp-json\/wp\/v2\/pages\/749","targetHints":{"allow":["GET"]}}],"collection":[{"href":"https:\/\/elsa.no\/oslo\/wp-json\/wp\/v2\/pages"}],"about":[{"href":"https:\/\/elsa.no\/oslo\/wp-json\/wp\/v2\/types\/page"}],"author":[{"embeddable":true,"href":"https:\/\/elsa.no\/oslo\/wp-json\/wp\/v2\/users\/13"}],"replies":[{"embeddable":true,"href":"https:\/\/elsa.no\/oslo\/wp-json\/wp\/v2\/comments?post=749"}],"version-history":[{"count":16,"href":"https:\/\/elsa.no\/oslo\/wp-json\/wp\/v2\/pages\/749\/revisions"}],"predecessor-version":[{"id":3059,"href":"https:\/\/elsa.no\/oslo\/wp-json\/wp\/v2\/pages\/749\/revisions\/3059"}],"up":[{"embeddable":true,"href":"https:\/\/elsa.no\/oslo\/wp-json\/wp\/v2\/pages\/92"}],"wp:attachment":[{"href":"https:\/\/elsa.no\/oslo\/wp-json\/wp\/v2\/media?parent=749"}],"curies":[{"name":"wp","href":"https:\/\/api.w.org\/{rel}","templated":true}]}}