{"id":747,"date":"2014-10-28T15:29:32","date_gmt":"2014-10-28T14:29:32","guid":{"rendered":"http:\/\/elsa.no\/oslo\/?page_id=747"},"modified":"2021-08-01T11:37:48","modified_gmt":"2021-08-01T09:37:48","slug":"seminarer-konferanser","status":"publish","type":"page","link":"https:\/\/elsa.no\/oslo\/sc\/seminarer-konferanser\/","title":{"rendered":"Seminarer og konferanser"},"content":{"rendered":"\n<style type=\"text\/css\" data-created_by=\"avia_inline_auto\" id=\"style-css-av-av_two_third-6126cab7d8fab8d08143dd2dacdf673c\">\n.flex_column.av-av_two_third-6126cab7d8fab8d08143dd2dacdf673c{\n-webkit-border-radius:0px 0px 0px 0px;\n-moz-border-radius:0px 0px 0px 0px;\nborder-radius:0px 0px 0px 0px;\npadding:0px 0px 0px 0px;\n}\n<\/style>\n<div class='flex_column av-av_two_third-6126cab7d8fab8d08143dd2dacdf673c av_two_third  avia-builder-el-0  el_before_av_one_third  avia-builder-el-first  first flex_column_div av-zero-column-padding '     ><section  class='av_textblock_section av-av_textblock-2de302bf1aa3cf4c9157dbe6f50ac7eb'  itemscope=\"itemscope\" itemtype=\"https:\/\/schema.org\/CreativeWork\" ><div class='avia_textblock'  itemprop=\"text\" ><p>ELSA Oslo arrangerer flere manuduksjoner og forelesninger gjennom \u00e5ret. N\u00e5r det n\u00e6rmer seg eksamen tilbyr vi eksamensrettede manuduksjoner i samarbeid med Schj\u00f8dt.<\/p>\n<p>F\u00f8lg med p\u00e5\u00a0<a href=\"https:\/\/www.facebook.com\/elsaoslo\/?fref=ts\">Facebooksiden v\u00e5r<\/a>\u00a0for mer informasjon.<\/p>\n<\/div><\/section><\/div>\n<style type=\"text\/css\" data-created_by=\"avia_inline_auto\" id=\"style-css-av-av_one_third-0aa7055fe62c3622faec82866afbaeb2\">\n.flex_column.av-av_one_third-0aa7055fe62c3622faec82866afbaeb2{\n-webkit-border-radius:0px 0px 0px 0px;\n-moz-border-radius:0px 0px 0px 0px;\nborder-radius:0px 0px 0px 0px;\npadding:0px 0px 0px 0px;\n}\n<\/style>\n<div class='flex_column av-av_one_third-0aa7055fe62c3622faec82866afbaeb2 av_one_third  avia-builder-el-2  el_after_av_two_third  avia-builder-el-last  flex_column_div av-zero-column-padding '     ><style type=\"text\/css\" data-created_by=\"avia_inline_auto\" id=\"style-css-av-av_image-20b5adbd3a8825323c54cef9a57729d2\">\n.avia-image-container.av-av_image-20b5adbd3a8825323c54cef9a57729d2 img.avia_image{\nbox-shadow:none;\n}\n.avia-image-container.av-av_image-20b5adbd3a8825323c54cef9a57729d2 .av-image-caption-overlay-center{\ncolor:#ffffff;\n}\n<\/style>\n<div  class='avia-image-container av-av_image-20b5adbd3a8825323c54cef9a57729d2 av-styling- avia-align-center  avia-builder-el-3  avia-builder-el-no-sibling '   itemprop=\"image\" itemscope=\"itemscope\" itemtype=\"https:\/\/schema.org\/ImageObject\" ><div class=\"avia-image-container-inner\"><div class=\"avia-image-overlay-wrap\"><img decoding=\"async\" class='wp-image-1408 avia-img-lazy-loading-not-1408 avia_image ' src=\"https:\/\/i0.wp.com\/elsa.no\/oslo\/files\/2016\/09\/IMG_8177.jpg?fit=300%2C200&ssl=1\" alt='' title='img_8177'  height=\"200\" width=\"300\"  itemprop=\"thumbnailUrl\" srcset=\"https:\/\/i0.wp.com\/elsa.no\/oslo\/files\/2016\/09\/IMG_8177.jpg?w=5184&amp;ssl=1 5184w, https:\/\/i0.wp.com\/elsa.no\/oslo\/files\/2016\/09\/IMG_8177.jpg?resize=300%2C200&amp;ssl=1 300w, https:\/\/i0.wp.com\/elsa.no\/oslo\/files\/2016\/09\/IMG_8177.jpg?resize=1030%2C687&amp;ssl=1 1030w, https:\/\/i0.wp.com\/elsa.no\/oslo\/files\/2016\/09\/IMG_8177.jpg?resize=1500%2C1000&amp;ssl=1 1500w, https:\/\/i0.wp.com\/elsa.no\/oslo\/files\/2016\/09\/IMG_8177.jpg?resize=705%2C470&amp;ssl=1 705w, https:\/\/i0.wp.com\/elsa.no\/oslo\/files\/2016\/09\/IMG_8177.jpg?resize=450%2C300&amp;ssl=1 450w, https:\/\/i0.wp.com\/elsa.no\/oslo\/files\/2016\/09\/IMG_8177.jpg?w=3000&amp;ssl=1 3000w, https:\/\/i0.wp.com\/elsa.no\/oslo\/files\/2016\/09\/IMG_8177.jpg?w=4500&amp;ssl=1 4500w\" sizes=\"(max-width: 300px) 100vw, 300px\" \/><\/div><\/div><\/div><\/div>\n","protected":false},"excerpt":{"rendered":"","protected":false},"author":13,"featured_media":0,"parent":92,"menu_order":0,"comment_status":"closed","ping_status":"closed","template":"","meta":{"jetpack_post_was_ever_published":false,"footnotes":""},"class_list":["post-747","page","type-page","status-publish","hentry"],"jetpack_sharing_enabled":true,"jetpack_shortlink":"https:\/\/wp.me\/P7PccC-c3","jetpack-related-posts":[],"_links":{"self":[{"href":"https:\/\/elsa.no\/oslo\/wp-json\/wp\/v2\/pages\/747","targetHints":{"allow":["GET"]}}],"collection":[{"href":"https:\/\/elsa.no\/oslo\/wp-json\/wp\/v2\/pages"}],"about":[{"href":"https:\/\/elsa.no\/oslo\/wp-json\/wp\/v2\/types\/page"}],"author":[{"embeddable":true,"href":"https:\/\/elsa.no\/oslo\/wp-json\/wp\/v2\/users\/13"}],"replies":[{"embeddable":true,"href":"https:\/\/elsa.no\/oslo\/wp-json\/wp\/v2\/comments?post=747"}],"version-history":[{"count":6,"href":"https:\/\/elsa.no\/oslo\/wp-json\/wp\/v2\/pages\/747\/revisions"}],"predecessor-version":[{"id":2642,"href":"https:\/\/elsa.no\/oslo\/wp-json\/wp\/v2\/pages\/747\/revisions\/2642"}],"up":[{"embeddable":true,"href":"https:\/\/elsa.no\/oslo\/wp-json\/wp\/v2\/pages\/92"}],"wp:attachment":[{"href":"https:\/\/elsa.no\/oslo\/wp-json\/wp\/v2\/media?parent=747"}],"curies":[{"name":"wp","href":"https:\/\/api.w.org\/{rel}","templated":true}]}}