{"id":744,"date":"2014-10-28T15:28:11","date_gmt":"2014-10-28T14:28:11","guid":{"rendered":"http:\/\/elsa.no\/oslo\/?page_id=744"},"modified":"2023-05-22T00:53:11","modified_gmt":"2023-05-21T22:53:11","slug":"delegations","status":"publish","type":"page","link":"https:\/\/elsa.no\/oslo\/sc\/delegations\/","title":{"rendered":"Delegat for ELSA"},"content":{"rendered":"\n<style type=\"text\/css\" data-created_by=\"avia_inline_auto\" id=\"style-css-av-ued6g-47d721c7bdc021dd13447a56741d0269\">\n.flex_column.av-ued6g-47d721c7bdc021dd13447a56741d0269{\n-webkit-border-radius:0px 0px 0px 0px;\n-moz-border-radius:0px 0px 0px 0px;\nborder-radius:0px 0px 0px 0px;\npadding:0px 0px 0px 0px;\n}\n<\/style>\n<div class='flex_column av-ued6g-47d721c7bdc021dd13447a56741d0269 av_two_third  avia-builder-el-0  el_before_av_one_third  avia-builder-el-first  first flex_column_div av-zero-column-padding '     ><section  class='av_textblock_section av-svqcw-c8f06b3cccaf4b3483516b7a33fe114f'  itemscope=\"itemscope\" itemtype=\"https:\/\/schema.org\/CreativeWork\" ><div class='avia_textblock'  itemprop=\"text\" ><p>ELSA har observat\u00f8rstatus hos en rekke internasjonale organer, og gir derfor ELSA-medlemmer mulighet til \u00e5 representere ELSA p\u00e5 internasjonale konferanser.\u00a0Vi\u00a0sender delegasjoner til blant annet UN ECOSOC, UNCITRAL, Council of Europe, UNESCO og European Court of Justice.<\/p>\n<p>\u00c5 reise som delegat\u00a0er en unik mulighet til \u00e5 f\u00e5 innsyn i diskusjoner og beslutningsprosesser i viktige internasjonale organer. Videre er det en god akademisk erfaring og krydder til CV-en. Attp\u00e5til f\u00e5r du mulighet til \u00e5 knytte nye kontakter, og f\u00e5 venner fra hele Europa.<\/p>\n<p>Medlemmer av ELSA og ELS (alumni) kan s\u00f8ke om \u00e5 v\u00e6re en del av ELSA-delegasjonen.\u00a0Det er det internasjonale styret som velger hvem som f\u00e5r lov til \u00e5 representere ELSA. Det er en fordel om du har v\u00e6rt aktiv i ELSA, men dette er ikke avgj\u00f8rende. I tillegg b\u00f8r du har en viss interesse og kunnskap om organisasjonen og temaet for konferansen.<\/p>\n<p>Utlysningen av delegasjonene skjer <a href=\"https:\/\/delegations.elsa.org\/\">her<\/a>.\u00a0Det vil ogs\u00e5 bli formidlet via\u00a0<a href=\"http:\/\/www.elsa.no\">ELSA Norges nettside\u00a0<\/a>og\u00a0<a href=\"https:\/\/www.facebook.com\/elsaoslo\/?fref=ts\">ELSA Oslo sin facebook-side<\/a>.<\/p>\n<p><em>NB: det er ofte relativt korte s\u00f8knadsfrister, og kort tid fra utnevning til konferansen finner sted.<\/em><\/p>\n<p>Dersom du \u00f8nsker hjelp til s\u00f8knaden eller har andre sp\u00f8rsm\u00e5l kan du ta kontakt med VP S&amp;C p\u00e5 <a href=\"&#x6d;&#x61;&#x69;&#x6c;&#x74;&#x6f;&#58;&#115;&#101;&#109;inar&#x73;&#x63;&#x6f;&#x6e;&#x66;&#x65;&#114;&#101;&#110;&#99;&#101;s&#46;o&#x73;&#x6c;&#x6f;&#x40;&#x6e;&#x6f;&#46;&#101;&#108;&#115;&#97;&#46;or&#x67;\">&#115;&#x65;&#x6d;i&#110;&#x61;r&#115;&#x63;&#x6f;&#110;&#x66;&#x65;r&#101;&#x6e;c&#101;&#x73;&#x2e;&#111;&#x73;&#x6c;o&#64;&#x6e;o&#46;&#x65;&#x6c;&#115;&#x61;&#x2e;o&#114;&#x67;<\/a>. Vi kan ogs\u00e5 bidra med tips ifm. reise, overnatting, forberedelse etc. Du kan lese reisebrev fra tidligere delegater <a href=\"http:\/\/elsa.no\/sc\/delegations\/reisebrev\/\">her<\/a>.<\/p>\n<\/div><\/section><\/div>\n<style type=\"text\/css\" data-created_by=\"avia_inline_auto\" id=\"style-css-av-1vqug-c94c090b4f4b5fadb915c8b6c651ce5c\">\n.flex_column.av-1vqug-c94c090b4f4b5fadb915c8b6c651ce5c{\n-webkit-border-radius:0px 0px 0px 0px;\n-moz-border-radius:0px 0px 0px 0px;\nborder-radius:0px 0px 0px 0px;\npadding:0px 0px 0px 0px;\n}\n<\/style>\n<div class='flex_column av-1vqug-c94c090b4f4b5fadb915c8b6c651ce5c av_one_third  avia-builder-el-2  el_after_av_two_third  avia-builder-el-last  flex_column_div av-zero-column-padding '     ><p>\n<style type=\"text\/css\" data-created_by=\"avia_inline_auto\" id=\"style-css-av-ex1wo-a6a79db892c46b33f8e8792608f4561a\">\n.avia-image-container.av-ex1wo-a6a79db892c46b33f8e8792608f4561a img.avia_image{\nbox-shadow:none;\n}\n.avia-image-container.av-ex1wo-a6a79db892c46b33f8e8792608f4561a .av-image-caption-overlay-center{\ncolor:#ffffff;\n}\n<\/style>\n<div  class='avia-image-container av-ex1wo-a6a79db892c46b33f8e8792608f4561a av-styling- avia-align-center  avia-builder-el-3  el_before_av_image  avia-builder-el-first '   itemprop=\"image\" itemscope=\"itemscope\" itemtype=\"https:\/\/schema.org\/ImageObject\" ><div class=\"avia-image-container-inner\"><div class=\"avia-image-overlay-wrap\"><img decoding=\"async\" class='wp-image-842 avia-img-lazy-loading-not-842 avia_image ' src=\"https:\/\/i0.wp.com\/elsa.no\/oslo\/files\/2015\/03\/newyork_3.jpg?fit=225%2C300&ssl=1\" alt='' title='newyork_3'  height=\"300\" width=\"225\"  itemprop=\"thumbnailUrl\" srcset=\"https:\/\/i0.wp.com\/elsa.no\/oslo\/files\/2015\/03\/newyork_3.jpg?w=720&amp;ssl=1 720w, https:\/\/i0.wp.com\/elsa.no\/oslo\/files\/2015\/03\/newyork_3.jpg?resize=225%2C300&amp;ssl=1 225w, https:\/\/i0.wp.com\/elsa.no\/oslo\/files\/2015\/03\/newyork_3.jpg?resize=158%2C210&amp;ssl=1 158w, https:\/\/i0.wp.com\/elsa.no\/oslo\/files\/2015\/03\/newyork_3.jpg?resize=675%2C900&amp;ssl=1 675w\" sizes=\"(max-width: 225px) 100vw, 225px\" \/><\/div><\/div><\/div><br \/>\n\n<style type=\"text\/css\" data-created_by=\"avia_inline_auto\" id=\"style-css-av-9184w-578553d72ec2beaced9527c1a424c974\">\n.avia-image-container.av-9184w-578553d72ec2beaced9527c1a424c974 img.avia_image{\nbox-shadow:none;\n}\n.avia-image-container.av-9184w-578553d72ec2beaced9527c1a424c974 .av-image-caption-overlay-center{\ncolor:#ffffff;\n}\n<\/style>\n<div  class='avia-image-container av-9184w-578553d72ec2beaced9527c1a424c974 av-styling- avia-align-center  avia-builder-el-4  el_after_av_image  avia-builder-el-last '   itemprop=\"image\" itemscope=\"itemscope\" itemtype=\"https:\/\/schema.org\/ImageObject\" ><div class=\"avia-image-container-inner\"><div class=\"avia-image-overlay-wrap\"><img decoding=\"async\" class='wp-image-897 avia-img-lazy-loading-not-897 avia_image ' src=\"https:\/\/i0.wp.com\/elsa.no\/oslo\/files\/2015\/04\/10402404_824431394298268_5980480961735359814_n.jpg?fit=300%2C157&ssl=1\" alt='' title='10402404_824431394298268_5980480961735359814_n'  height=\"157\" width=\"300\"  itemprop=\"thumbnailUrl\" srcset=\"https:\/\/i0.wp.com\/elsa.no\/oslo\/files\/2015\/04\/10402404_824431394298268_5980480961735359814_n.jpg?w=960&amp;ssl=1 960w, https:\/\/i0.wp.com\/elsa.no\/oslo\/files\/2015\/04\/10402404_824431394298268_5980480961735359814_n.jpg?resize=300%2C157&amp;ssl=1 300w, https:\/\/i0.wp.com\/elsa.no\/oslo\/files\/2015\/04\/10402404_824431394298268_5980480961735359814_n.jpg?resize=210%2C110&amp;ssl=1 210w, https:\/\/i0.wp.com\/elsa.no\/oslo\/files\/2015\/04\/10402404_824431394298268_5980480961735359814_n.jpg?resize=900%2C470&amp;ssl=1 900w\" sizes=\"(max-width: 300px) 100vw, 300px\" \/><\/div><\/div><\/div><\/p><\/div>\n","protected":false},"excerpt":{"rendered":"","protected":false},"author":13,"featured_media":0,"parent":92,"menu_order":0,"comment_status":"closed","ping_status":"closed","template":"","meta":{"jetpack_post_was_ever_published":false,"footnotes":""},"class_list":["post-744","page","type-page","status-publish","hentry"],"jetpack_sharing_enabled":true,"jetpack_shortlink":"https:\/\/wp.me\/P7PccC-c0","jetpack-related-posts":[],"_links":{"self":[{"href":"https:\/\/elsa.no\/oslo\/wp-json\/wp\/v2\/pages\/744","targetHints":{"allow":["GET"]}}],"collection":[{"href":"https:\/\/elsa.no\/oslo\/wp-json\/wp\/v2\/pages"}],"about":[{"href":"https:\/\/elsa.no\/oslo\/wp-json\/wp\/v2\/types\/page"}],"author":[{"embeddable":true,"href":"https:\/\/elsa.no\/oslo\/wp-json\/wp\/v2\/users\/13"}],"replies":[{"embeddable":true,"href":"https:\/\/elsa.no\/oslo\/wp-json\/wp\/v2\/comments?post=744"}],"version-history":[{"count":20,"href":"https:\/\/elsa.no\/oslo\/wp-json\/wp\/v2\/pages\/744\/revisions"}],"predecessor-version":[{"id":3058,"href":"https:\/\/elsa.no\/oslo\/wp-json\/wp\/v2\/pages\/744\/revisions\/3058"}],"up":[{"embeddable":true,"href":"https:\/\/elsa.no\/oslo\/wp-json\/wp\/v2\/pages\/92"}],"wp:attachment":[{"href":"https:\/\/elsa.no\/oslo\/wp-json\/wp\/v2\/media?parent=744"}],"curies":[{"name":"wp","href":"https:\/\/api.w.org\/{rel}","templated":true}]}}