{"id":3262,"date":"2025-04-07T15:57:07","date_gmt":"2025-04-07T13:57:07","guid":{"rendered":"https:\/\/elsa.no\/oslo\/?page_id=3262"},"modified":"2026-03-07T15:15:47","modified_gmt":"2026-03-07T14:15:47","slug":"kalender","status":"publish","type":"page","link":"https:\/\/elsa.no\/oslo\/kalender\/","title":{"rendered":"Kalender"},"content":{"rendered":"\n<style type=\"text\/css\" data-created_by=\"avia_inline_auto\" id=\"style-css-av-m974tlum-eb8bd94ece6016642d3c1fdd56af8ee1\">\n#top .av-special-heading.av-m974tlum-eb8bd94ece6016642d3c1fdd56af8ee1{\npadding-bottom:10px;\n}\nbody .av-special-heading.av-m974tlum-eb8bd94ece6016642d3c1fdd56af8ee1 .av-special-heading-tag .heading-char{\nfont-size:25px;\n}\n.av-special-heading.av-m974tlum-eb8bd94ece6016642d3c1fdd56af8ee1 .av-subheading{\nfont-size:15px;\n}\n<\/style>\n<div  class='av-special-heading av-m974tlum-eb8bd94ece6016642d3c1fdd56af8ee1 av-special-heading-h3  avia-builder-el-0  el_before_av_textblock  avia-builder-el-first '><h3 class='av-special-heading-tag'  itemprop=\"headline\"  >Hva skjer i ELSA Oslo v\u00e5ren 2025?<\/h3><div class=\"special-heading-border\"><div class=\"special-heading-inner-border\"><\/div><\/div><\/div>\n<section  class='av_textblock_section av-m9755yym-062b409ec543af46c4998b95fd94b380'  itemscope=\"itemscope\" itemtype=\"https:\/\/schema.org\/CreativeWork\" ><div class='avia_textblock'  itemprop=\"text\" ><p>Under finner du en kort oversikt over hva som skjer i ELSA Oslo. Dette kun er et utvalg av alt det kjekke vi holder p\u00e5 med! De ulike undergruppene har dessuten egne events og m\u00f8ter. Gjerne ta kontakt med den aktuelle VP-en direkte dersom du har flere sp\u00f8rsm\u00e5l!<\/p>\n<\/div><\/section>\n<div id='av-masonry-1' class='av-masonry av-mmgemoa5-e4b58fe8ce40893badced82010ad8f6d noHover av-flex-size av-large-gap av-hover-overlay-active av-masonry-animation-active av-masonry-col-flexible av-caption-always av-caption-style- av-masonry-gallery '><div class=\"av-masonry-container isotope av-js-disabled\"><div class='av-masonry-entry isotope-item av-masonry-item-no-image '><\/div><a href=\"https:\/\/i0.wp.com\/elsa.no\/oslo\/files\/2026\/03\/Landsmote.png?fit=1030%2C1030&amp;ssl=1\" data-srcset=\"https:\/\/i0.wp.com\/elsa.no\/oslo\/files\/2026\/03\/Landsmote.png?w=1920&amp;ssl=1 1920w, https:\/\/i0.wp.com\/elsa.no\/oslo\/files\/2026\/03\/Landsmote.png?resize=300%2C300&amp;ssl=1 300w, https:\/\/i0.wp.com\/elsa.no\/oslo\/files\/2026\/03\/Landsmote.png?resize=1030%2C1030&amp;ssl=1 1030w, https:\/\/i0.wp.com\/elsa.no\/oslo\/files\/2026\/03\/Landsmote.png?resize=200%2C200&amp;ssl=1 200w, https:\/\/i0.wp.com\/elsa.no\/oslo\/files\/2026\/03\/Landsmote.png?resize=1536%2C1536&amp;ssl=1 1536w, https:\/\/i0.wp.com\/elsa.no\/oslo\/files\/2026\/03\/Landsmote.png?resize=36%2C36&amp;ssl=1 36w, https:\/\/i0.wp.com\/elsa.no\/oslo\/files\/2026\/03\/Landsmote.png?resize=180%2C180&amp;ssl=1 180w, https:\/\/i0.wp.com\/elsa.no\/oslo\/files\/2026\/03\/Landsmote.png?resize=1500%2C1500&amp;ssl=1 1500w, https:\/\/i0.wp.com\/elsa.no\/oslo\/files\/2026\/03\/Landsmote.png?resize=705%2C705&amp;ssl=1 705w\" data-sizes=\"(max-width: 1030px) 100vw, 1030px\"  aria-label=\"image Landsm\u00f8te\"  id='av-masonry-1-item-3500' data-av-masonry-item='3500' class='av-masonry-entry isotope-item post-3500 attachment type-attachment status-inherit hentry  av-masonry-item-with-image' title=\"Landsm\u00f8te\" alt=\"\"    itemprop=\"thumbnailUrl\" ><div class='av-inner-masonry-sizer'><\/div><figure class='av-inner-masonry main_color'><div class=\"av-masonry-outerimage-container\"><div class='av-masonry-image-container'   ><img decoding=\"async\" width=\"1920\" height=\"1920\" class=\"wp-image-3500 avia-img-lazy-loading-not-3500\"  src=\"https:\/\/i0.wp.com\/elsa.no\/oslo\/files\/2026\/03\/Landsmote.png?fit=705%2C705&ssl=1\" title=\"Landsm\u00f8te\" alt=\"\" srcset=\"https:\/\/i0.wp.com\/elsa.no\/oslo\/files\/2026\/03\/Landsmote.png?w=1920&amp;ssl=1 1920w, https:\/\/i0.wp.com\/elsa.no\/oslo\/files\/2026\/03\/Landsmote.png?resize=300%2C300&amp;ssl=1 300w, https:\/\/i0.wp.com\/elsa.no\/oslo\/files\/2026\/03\/Landsmote.png?resize=1030%2C1030&amp;ssl=1 1030w, https:\/\/i0.wp.com\/elsa.no\/oslo\/files\/2026\/03\/Landsmote.png?resize=200%2C200&amp;ssl=1 200w, https:\/\/i0.wp.com\/elsa.no\/oslo\/files\/2026\/03\/Landsmote.png?resize=1536%2C1536&amp;ssl=1 1536w, https:\/\/i0.wp.com\/elsa.no\/oslo\/files\/2026\/03\/Landsmote.png?resize=36%2C36&amp;ssl=1 36w, https:\/\/i0.wp.com\/elsa.no\/oslo\/files\/2026\/03\/Landsmote.png?resize=180%2C180&amp;ssl=1 180w, https:\/\/i0.wp.com\/elsa.no\/oslo\/files\/2026\/03\/Landsmote.png?resize=1500%2C1500&amp;ssl=1 1500w, https:\/\/i0.wp.com\/elsa.no\/oslo\/files\/2026\/03\/Landsmote.png?resize=705%2C705&amp;ssl=1 705w\" sizes=\"(max-width: 1500px) 100vw, 1500px\" \/><\/div><\/div><figcaption class='av-inner-masonry-content site-background'><div class='av-inner-masonry-content-pos'><div class='av-inner-masonry-content-pos-content'><div class='avia-arrow'><\/div><h3 class='av-masonry-entry-title entry-title '  itemprop=\"headline\" >Landsm\u00f8te<\/h3><\/div><\/div><\/figcaption><\/figure><\/a><!--end av-masonry entry--><a href=\"https:\/\/i0.wp.com\/elsa.no\/oslo\/files\/2026\/03\/GENERALFORSAMLING.png?fit=1030%2C687&amp;ssl=1\" data-srcset=\"https:\/\/i0.wp.com\/elsa.no\/oslo\/files\/2026\/03\/GENERALFORSAMLING.png?w=1920&amp;ssl=1 1920w, https:\/\/i0.wp.com\/elsa.no\/oslo\/files\/2026\/03\/GENERALFORSAMLING.png?resize=300%2C200&amp;ssl=1 300w, https:\/\/i0.wp.com\/elsa.no\/oslo\/files\/2026\/03\/GENERALFORSAMLING.png?resize=1030%2C687&amp;ssl=1 1030w, https:\/\/i0.wp.com\/elsa.no\/oslo\/files\/2026\/03\/GENERALFORSAMLING.png?resize=1536%2C1024&amp;ssl=1 1536w, https:\/\/i0.wp.com\/elsa.no\/oslo\/files\/2026\/03\/GENERALFORSAMLING.png?resize=1500%2C1000&amp;ssl=1 1500w, https:\/\/i0.wp.com\/elsa.no\/oslo\/files\/2026\/03\/GENERALFORSAMLING.png?resize=705%2C470&amp;ssl=1 705w\" data-sizes=\"(max-width: 1030px) 100vw, 1030px\"  aria-label=\"image GENERALFORSAMLING\"  id='av-masonry-1-item-3501' data-av-masonry-item='3501' class='av-masonry-entry isotope-item post-3501 attachment type-attachment status-inherit hentry  av-masonry-item-with-image' title=\"GENERALFORSAMLING\" alt=\"\"    itemprop=\"thumbnailUrl\" ><div class='av-inner-masonry-sizer'><\/div><figure class='av-inner-masonry main_color'><div class=\"av-masonry-outerimage-container\"><div class='av-masonry-image-container'   ><img decoding=\"async\" width=\"1920\" height=\"1280\" class=\"wp-image-3501 avia-img-lazy-loading-not-3501\"  src=\"https:\/\/i0.wp.com\/elsa.no\/oslo\/files\/2026\/03\/GENERALFORSAMLING.png?fit=705%2C470&ssl=1\" title=\"GENERALFORSAMLING\" alt=\"\" srcset=\"https:\/\/i0.wp.com\/elsa.no\/oslo\/files\/2026\/03\/GENERALFORSAMLING.png?w=1920&amp;ssl=1 1920w, https:\/\/i0.wp.com\/elsa.no\/oslo\/files\/2026\/03\/GENERALFORSAMLING.png?resize=300%2C200&amp;ssl=1 300w, https:\/\/i0.wp.com\/elsa.no\/oslo\/files\/2026\/03\/GENERALFORSAMLING.png?resize=1030%2C687&amp;ssl=1 1030w, https:\/\/i0.wp.com\/elsa.no\/oslo\/files\/2026\/03\/GENERALFORSAMLING.png?resize=1536%2C1024&amp;ssl=1 1536w, https:\/\/i0.wp.com\/elsa.no\/oslo\/files\/2026\/03\/GENERALFORSAMLING.png?resize=1500%2C1000&amp;ssl=1 1500w, https:\/\/i0.wp.com\/elsa.no\/oslo\/files\/2026\/03\/GENERALFORSAMLING.png?resize=705%2C470&amp;ssl=1 705w\" sizes=\"(max-width: 1500px) 100vw, 1500px\" \/><\/div><\/div><figcaption class='av-inner-masonry-content site-background'><div class='av-inner-masonry-content-pos'><div class='av-inner-masonry-content-pos-content'><div class='avia-arrow'><\/div><h3 class='av-masonry-entry-title entry-title '  itemprop=\"headline\" >GENERALFORSAMLING<\/h3><\/div><\/div><\/figcaption><\/figure><\/a><!--end av-masonry entry--><\/div><\/div>\n\n<style type=\"text\/css\" data-created_by=\"avia_inline_auto\" id=\"style-css-av-mmgeojk8-2f0aceebfc3a3bef31bedf38a41d56ca\">\n#top .avia-gallery.av-mmgeojk8-2f0aceebfc3a3bef31bedf38a41d56ca .avia-gallery-thumb a{\nwidth:20%;\n}\n<\/style>\n<div  class='avia-gallery av-mmgeojk8-2f0aceebfc3a3bef31bedf38a41d56ca avia_animate_when_visible  avia-builder-el-3  el_after_av_masonry_gallery  avia-builder-el-no-sibling  avia_lazyload avia-gallery-animate avia-gallery-1'  itemprop=\"image\" itemscope=\"itemscope\" itemtype=\"https:\/\/schema.org\/ImageObject\" ><meta itemprop=\"contentURL\" content=\"https:\/\/elsa.no\/oslo\/kalender\/\"><div class='avia-gallery-thumb'><a href=\"https:\/\/i0.wp.com\/elsa.no\/oslo\/files\/2026\/03\/GENERALFORSAMLING.png?fit=1030%2C687&amp;ssl=1\" data-srcset=\"https:\/\/i0.wp.com\/elsa.no\/oslo\/files\/2026\/03\/GENERALFORSAMLING.png?w=1920&amp;ssl=1 1920w, https:\/\/i0.wp.com\/elsa.no\/oslo\/files\/2026\/03\/GENERALFORSAMLING.png?resize=300%2C200&amp;ssl=1 300w, https:\/\/i0.wp.com\/elsa.no\/oslo\/files\/2026\/03\/GENERALFORSAMLING.png?resize=1030%2C687&amp;ssl=1 1030w, https:\/\/i0.wp.com\/elsa.no\/oslo\/files\/2026\/03\/GENERALFORSAMLING.png?resize=1536%2C1024&amp;ssl=1 1536w, https:\/\/i0.wp.com\/elsa.no\/oslo\/files\/2026\/03\/GENERALFORSAMLING.png?resize=1500%2C1000&amp;ssl=1 1500w, https:\/\/i0.wp.com\/elsa.no\/oslo\/files\/2026\/03\/GENERALFORSAMLING.png?resize=705%2C470&amp;ssl=1 705w\" data-sizes=\"(max-width: 1030px) 100vw, 1030px\" data-rel='gallery-1' data-prev-img='https:\/\/i0.wp.com\/elsa.no\/oslo\/files\/2026\/03\/GENERALFORSAMLING.png?resize=495%2C400&ssl=1' class='first_thumb lightbox ' data-onclick='1' title='GENERALFORSAMLING'  itemprop=\"thumbnailUrl\"  ><img decoding=\"async\" class=\"wp-image-3501 avia-img-lazy-loading-not-3501\"   src=\"https:\/\/i0.wp.com\/elsa.no\/oslo\/files\/2026\/03\/GENERALFORSAMLING.png?resize=495%2C400&ssl=1\" width=\"495\" height=\"400\"  title='GENERALFORSAMLING' alt='' srcset=\"https:\/\/i0.wp.com\/elsa.no\/oslo\/files\/2026\/03\/GENERALFORSAMLING.png?resize=495%2C400&amp;ssl=1 495w, https:\/\/i0.wp.com\/elsa.no\/oslo\/files\/2026\/03\/GENERALFORSAMLING.png?resize=845%2C684&amp;ssl=1 845w, https:\/\/i0.wp.com\/elsa.no\/oslo\/files\/2026\/03\/GENERALFORSAMLING.png?zoom=2&amp;resize=495%2C400&amp;ssl=1 990w, https:\/\/i0.wp.com\/elsa.no\/oslo\/files\/2026\/03\/GENERALFORSAMLING.png?zoom=3&amp;resize=495%2C400&amp;ssl=1 1485w\" sizes=\"(max-width: 495px) 100vw, 495px\" \/><div class='big-prev-fake'><img loading=\"lazy\" decoding=\"async\" class=\"wp-image-3501 avia-img-lazy-loading-3501\"  width=\"495\" height=\"400\" src=\"https:\/\/i0.wp.com\/elsa.no\/oslo\/files\/2026\/03\/GENERALFORSAMLING.png?resize=495%2C400&ssl=1\" title='GENERALFORSAMLING' alt='' srcset=\"https:\/\/i0.wp.com\/elsa.no\/oslo\/files\/2026\/03\/GENERALFORSAMLING.png?resize=495%2C400&amp;ssl=1 495w, https:\/\/i0.wp.com\/elsa.no\/oslo\/files\/2026\/03\/GENERALFORSAMLING.png?resize=845%2C684&amp;ssl=1 845w, https:\/\/i0.wp.com\/elsa.no\/oslo\/files\/2026\/03\/GENERALFORSAMLING.png?zoom=2&amp;resize=495%2C400&amp;ssl=1 990w, https:\/\/i0.wp.com\/elsa.no\/oslo\/files\/2026\/03\/GENERALFORSAMLING.png?zoom=3&amp;resize=495%2C400&amp;ssl=1 1485w\" sizes=\"auto, (max-width: 495px) 100vw, 495px\" \/><\/div><\/a><a href=\"https:\/\/i0.wp.com\/elsa.no\/oslo\/files\/2026\/03\/Landsmote.png?fit=1030%2C1030&amp;ssl=1\" data-srcset=\"https:\/\/i0.wp.com\/elsa.no\/oslo\/files\/2026\/03\/Landsmote.png?w=1920&amp;ssl=1 1920w, https:\/\/i0.wp.com\/elsa.no\/oslo\/files\/2026\/03\/Landsmote.png?resize=300%2C300&amp;ssl=1 300w, https:\/\/i0.wp.com\/elsa.no\/oslo\/files\/2026\/03\/Landsmote.png?resize=1030%2C1030&amp;ssl=1 1030w, https:\/\/i0.wp.com\/elsa.no\/oslo\/files\/2026\/03\/Landsmote.png?resize=200%2C200&amp;ssl=1 200w, https:\/\/i0.wp.com\/elsa.no\/oslo\/files\/2026\/03\/Landsmote.png?resize=1536%2C1536&amp;ssl=1 1536w, https:\/\/i0.wp.com\/elsa.no\/oslo\/files\/2026\/03\/Landsmote.png?resize=36%2C36&amp;ssl=1 36w, https:\/\/i0.wp.com\/elsa.no\/oslo\/files\/2026\/03\/Landsmote.png?resize=180%2C180&amp;ssl=1 180w, https:\/\/i0.wp.com\/elsa.no\/oslo\/files\/2026\/03\/Landsmote.png?resize=1500%2C1500&amp;ssl=1 1500w, https:\/\/i0.wp.com\/elsa.no\/oslo\/files\/2026\/03\/Landsmote.png?resize=705%2C705&amp;ssl=1 705w\" data-sizes=\"(max-width: 1030px) 100vw, 1030px\" data-rel='gallery-1' data-prev-img='https:\/\/i0.wp.com\/elsa.no\/oslo\/files\/2026\/03\/Landsmote.png?resize=495%2C400&ssl=1' class='lightbox ' data-onclick='2' title='Landsm\u00f8te'  itemprop=\"thumbnailUrl\"  ><img decoding=\"async\" class=\"wp-image-3500 avia-img-lazy-loading-not-3500\"   src=\"https:\/\/i0.wp.com\/elsa.no\/oslo\/files\/2026\/03\/Landsmote.png?resize=495%2C400&ssl=1\" width=\"495\" height=\"400\"  title='Landsm\u00f8te' alt='' srcset=\"https:\/\/i0.wp.com\/elsa.no\/oslo\/files\/2026\/03\/Landsmote.png?resize=495%2C400&amp;ssl=1 495w, https:\/\/i0.wp.com\/elsa.no\/oslo\/files\/2026\/03\/Landsmote.png?resize=845%2C684&amp;ssl=1 845w, https:\/\/i0.wp.com\/elsa.no\/oslo\/files\/2026\/03\/Landsmote.png?zoom=2&amp;resize=495%2C400&amp;ssl=1 990w, https:\/\/i0.wp.com\/elsa.no\/oslo\/files\/2026\/03\/Landsmote.png?zoom=3&amp;resize=495%2C400&amp;ssl=1 1485w\" sizes=\"(max-width: 495px) 100vw, 495px\" \/><div class='big-prev-fake'><img loading=\"lazy\" decoding=\"async\" class=\"wp-image-3500 avia-img-lazy-loading-3500\"  width=\"495\" height=\"400\" src=\"https:\/\/i0.wp.com\/elsa.no\/oslo\/files\/2026\/03\/Landsmote.png?resize=495%2C400&ssl=1\" title='Landsm\u00f8te' alt='' srcset=\"https:\/\/i0.wp.com\/elsa.no\/oslo\/files\/2026\/03\/Landsmote.png?resize=495%2C400&amp;ssl=1 495w, https:\/\/i0.wp.com\/elsa.no\/oslo\/files\/2026\/03\/Landsmote.png?resize=845%2C684&amp;ssl=1 845w, https:\/\/i0.wp.com\/elsa.no\/oslo\/files\/2026\/03\/Landsmote.png?zoom=2&amp;resize=495%2C400&amp;ssl=1 990w, https:\/\/i0.wp.com\/elsa.no\/oslo\/files\/2026\/03\/Landsmote.png?zoom=3&amp;resize=495%2C400&amp;ssl=1 1485w\" sizes=\"auto, (max-width: 495px) 100vw, 495px\" \/><\/div><\/a><\/div><\/div>\n","protected":false},"excerpt":{"rendered":"","protected":false},"author":13,"featured_media":0,"parent":0,"menu_order":0,"comment_status":"closed","ping_status":"closed","template":"","meta":{"jetpack_post_was_ever_published":false,"footnotes":""},"class_list":["post-3262","page","type-page","status-publish","hentry"],"jetpack_sharing_enabled":true,"jetpack_shortlink":"https:\/\/wp.me\/P7PccC-QC","jetpack-related-posts":[],"_links":{"self":[{"href":"https:\/\/elsa.no\/oslo\/wp-json\/wp\/v2\/pages\/3262","targetHints":{"allow":["GET"]}}],"collection":[{"href":"https:\/\/elsa.no\/oslo\/wp-json\/wp\/v2\/pages"}],"about":[{"href":"https:\/\/elsa.no\/oslo\/wp-json\/wp\/v2\/types\/page"}],"author":[{"embeddable":true,"href":"https:\/\/elsa.no\/oslo\/wp-json\/wp\/v2\/users\/13"}],"replies":[{"embeddable":true,"href":"https:\/\/elsa.no\/oslo\/wp-json\/wp\/v2\/comments?post=3262"}],"version-history":[{"count":5,"href":"https:\/\/elsa.no\/oslo\/wp-json\/wp\/v2\/pages\/3262\/revisions"}],"predecessor-version":[{"id":3503,"href":"https:\/\/elsa.no\/oslo\/wp-json\/wp\/v2\/pages\/3262\/revisions\/3503"}],"wp:attachment":[{"href":"https:\/\/elsa.no\/oslo\/wp-json\/wp\/v2\/media?parent=3262"}],"curies":[{"name":"wp","href":"https:\/\/api.w.org\/{rel}","templated":true}]}}