{"id":3204,"date":"2025-03-14T15:51:10","date_gmt":"2025-03-14T14:51:10","guid":{"rendered":"https:\/\/elsa.no\/oslo\/?page_id=3204"},"modified":"2025-03-14T16:15:14","modified_gmt":"2025-03-14T15:15:14","slug":"summer-elsa-law-schools-sels","status":"publish","type":"page","link":"https:\/\/elsa.no\/oslo\/summer-elsa-law-schools-sels\/","title":{"rendered":"SELS 2025"},"content":{"rendered":"<section  class='av_textblock_section av-m88waasa-8ac5fda57eef7247d2deff05e0b998f2'  itemscope=\"itemscope\" itemtype=\"https:\/\/schema.org\/CreativeWork\" ><div class='avia_textblock'  itemprop=\"text\" ><p><span style=\"font-weight: 400\">Klar for \u00e5 styrke din juridiske karriere og skape uforglemmelige sommerminner? <\/span><b>Summer ELSA Law Schools (SELS)<\/b><span style=\"font-weight: 400\">-programmet tilbyr en ekstraordin\u00e6r kombinasjon av spesialisert juridisk utdanning, kulturell utforskning og livslange forbindelser \u2013 alt designet for \u00e5 hjelpe deg med \u00e5 utmerke deg p\u00e5 det juridiske feltet!\u00a0<\/span><\/p>\n<p><span style=\"font-weight: 400\">SELS er ikke bare en utdanningsopplevelse \u2013 det er en reise som vil gi deg fantastiske minner og erfaringer som g\u00e5r langt utover klasserommet. Tenk deg \u00e5 l\u00e6re fra topp juridiske eksperter p\u00e5 dagtid, og utforske Europas vakre sommerlandskap, pulserende byer og rike tradisjoner p\u00e5 kveldene. Fra engasjerende workshops til spennende kulturelle arrangementer og sosiale aktiviteter, vil du skape livslange vennskap og dele uforglemmelige \u00f8yeblikk med et globalt fellesskap av andre jusstudenter. \u2728<\/span><\/p>\n<p><span style=\"font-weight: 400\">\u00a0<\/span><b>Hvorfor SELS er den perfekte muligheten for b\u00e5de karriere- og personlig vekst:<\/b><\/p>\n<p><b><br \/>\n<\/b><b>Spesialisert juridisk innsikt<\/b><span style=\"font-weight: 400\">: Fokuser p\u00e5 aktuelle juridiske temaer som internasjonal rett, menneskerettigheter, milj\u00f8rett og teknologirett \u2013 noe som gir deg ekspertise som vil skille deg ut i studiene og karrieren.<\/span><\/p>\n<p><b>Profesjonelt nettverk<\/b><span style=\"font-weight: 400\">: Bygg relasjoner med ledende juridiske fagfolk og studenter fra hele verden. Disse forbindelsene kan f\u00f8re til praksisplasser, karrieremuligheter eller internasjonale samarbeid.<\/span><\/p>\n<p><b>Kulturell kompetanse<\/b><span style=\"font-weight: 400\">: F\u00e5 innsikt i forskjellige rettssystemer og perspektiver, og styrk din evne til \u00e5 jobbe p\u00e5 tvers av kulturer i dagens globaliserte rettslandskap.<\/span><\/p>\n<p><b>Praktiske ferdigheter<\/b><span style=\"font-weight: 400\">: Utvikle essensielle ferdigheter som juridisk forskning, offentlig tale og probleml\u00f8sning i internasjonale sammenhenger \u2013 ferdigheter som gir deg et konkurransefortrinn i enhver juridisk karriere.<\/span><\/p>\n<p><b>Uforglemmelige opplevelser<\/b><span style=\"font-weight: 400\">: Byvandringer, lokal mat, sommerfestivaler og kulturelle feiringer \u2013 SELSA gir den perfekte balansen mellom arbeid og fritid, og sikrer at sommeren din fylles med moro, kultur og uforglemmelige minner. <\/span><span style=\"font-weight: 400\">Denne opplevelsen handler ikke bare om \u00e5 forbedre juridisk kunnskap, men ogs\u00e5 om \u00e5 skape minner for livet. Du vil g\u00e5 bort med et beriket globalt perspektiv, sterkere karrieremuligheter og nye venner fra hele verden! ????<\/span><\/p>\n<p><span style=\"font-weight: 400\">S\u00f8knadene er \u00e5pne for denne utrolige sommerreisen, men plassene er begrenset! Ikke g\u00e5 glipp av sjansen til \u00e5 kombinere utdanning, eventyr og karrierebygging i \u00e9n unik opplevelse. <\/span><\/p>\n<p><strong>S\u00f8knadsskjemaet ligger <a href=\"https:\/\/form.jotform.com\/250597606324359\">her<\/a>!<\/strong><\/p>\n<p><br style=\"font-weight: 400\" \/><br style=\"font-weight: 400\" \/><\/p>\n<\/div><\/section>\n<div  class='hr av-2yz8g4-124d420628c2cfcf08f7c2e0e643476e hr-default  avia-builder-el-1  el_after_av_textblock  avia-builder-el-last '><span class='hr-inner '><span class=\"hr-inner-style\"><\/span><\/span><\/div>\n","protected":false},"excerpt":{"rendered":"","protected":false},"author":13,"featured_media":0,"parent":0,"menu_order":0,"comment_status":"closed","ping_status":"closed","template":"","meta":{"jetpack_post_was_ever_published":false,"footnotes":""},"class_list":["post-3204","page","type-page","status-publish","hentry"],"jetpack_sharing_enabled":true,"jetpack_shortlink":"https:\/\/wp.me\/P7PccC-PG","jetpack-related-posts":[],"_links":{"self":[{"href":"https:\/\/elsa.no\/oslo\/wp-json\/wp\/v2\/pages\/3204","targetHints":{"allow":["GET"]}}],"collection":[{"href":"https:\/\/elsa.no\/oslo\/wp-json\/wp\/v2\/pages"}],"about":[{"href":"https:\/\/elsa.no\/oslo\/wp-json\/wp\/v2\/types\/page"}],"author":[{"embeddable":true,"href":"https:\/\/elsa.no\/oslo\/wp-json\/wp\/v2\/users\/13"}],"replies":[{"embeddable":true,"href":"https:\/\/elsa.no\/oslo\/wp-json\/wp\/v2\/comments?post=3204"}],"version-history":[{"count":7,"href":"https:\/\/elsa.no\/oslo\/wp-json\/wp\/v2\/pages\/3204\/revisions"}],"predecessor-version":[{"id":3224,"href":"https:\/\/elsa.no\/oslo\/wp-json\/wp\/v2\/pages\/3204\/revisions\/3224"}],"wp:attachment":[{"href":"https:\/\/elsa.no\/oslo\/wp-json\/wp\/v2\/media?parent=3204"}],"curies":[{"name":"wp","href":"https:\/\/api.w.org\/{rel}","templated":true}]}}