{"id":1642,"date":"2016-11-16T12:36:00","date_gmt":"2016-11-16T11:36:00","guid":{"rendered":"http:\/\/elsa.no\/oslo\/?page_id=1642"},"modified":"2021-11-23T14:08:07","modified_gmt":"2021-11-23T13:08:07","slug":"hvordan-soke-traineeship","status":"publish","type":"page","link":"https:\/\/elsa.no\/oslo\/pd\/hvordan-soke-traineeship\/","title":{"rendered":"Hvordan s\u00f8ke traineeship"},"content":{"rendered":"<p><strong>Slik s\u00f8ker du:<\/strong><\/p>\n<ul>\n<li>Du m\u00e5 v\u00e6re medlem av ELSA for \u00e5 s\u00f8ke. Men frykt ikke hvis du ikke er medlem, du kan enkelt bli det ved \u00e5 fylle inn dette skjemaet: <a href=\"https:\/\/elsa.no\/oslo\/meld-deg-inn-i-elsa-oslo\/\">https:\/\/elsa.no\/oslo\/meld-deg-inn-i-elsa-oslo\/<\/a>.<\/li>\n<li>G\u00e5 inn p\u00e5 <a href=\"https:\/\/traineeships.elsa.org\/\">https:\/\/traineeships.elsa.org\/<\/a> .<\/li>\n<li>\u00d8verst p\u00e5 siden finner du undermenyen \u00abELSA Traineeships\u00bb. Trykk p\u00e5\u00a0\u00abTraineeships categories&#8221;, og scroll ned for \u00e5 finne de ulike traineeshipene. Du kan s\u00f8ke p\u00e5 opptil 3 stykker.<\/li>\n<li>P\u00e5 den internasjonale hjemmesiden st\u00e5r det at man m\u00e5 kontakte den lokale PD-gruppa f\u00f8r man s\u00f8ker. Dette er ikke et krav for \u00e5 kunne s\u00f8ke i Norge.<\/li>\n<\/ul>\n<p>&nbsp;<\/p>\n<p>NB: Det er ikke lov \u00e5 kontakte arbeidsgiver direkte f\u00f8r resultatene publiseres.<\/p>\n<p>&nbsp;<\/p>\n<p><strong>Har du lyst p\u00e5 mer informasjon om ELSAs Traineeships f\u00f8r du s\u00f8ker? <\/strong><\/p>\n<ul>\n<li><span style=\"text-decoration: underline\"><a href=\"https:\/\/elsa.no\/oslo\/files\/2020\/11\/Go-International-informasjonspakke.pdf\">Her<\/a><\/span> kan du lese mer om ELSA Oslos internasjonale tilbud. P\u00e5 side 4-15 finner du en grundigere gjennomgang p\u00e5 hvordan du kan s\u00f8ke p\u00e5 traineeships med vedlegg av tidligere motivasjonsbrev. Lykke til med s\u00f8knadsprosessen!<\/li>\n<li>Les om Traineeships p\u00e5\u00a0<a href=\"https:\/\/traineeships.elsa.org\/\">https:\/\/traineeships.elsa.org\/<\/a><\/li>\n<li>Les gjerne <span style=\"text-decoration: underline\"><a href=\"https:\/\/elsa.no\/oslo\/2016\/11\/14\/reisebrev-fra-traineeship-irland\/\">dette<\/a><\/span> reisebrevet fra Dublin for inspirasjon om hvordan det er \u00e5 v\u00e6re med p\u00e5 STEP.<\/li>\n<li>Tilbakeholden p\u00e5 grunn av Covid? Det er fullt mulig \u00e5 s\u00f8ke p\u00e5 et <span style=\"text-decoration: underline\"><a href=\"https:\/\/elsa.no\/oslo\/2021\/04\/28\/step-it-up-ogsa-under-en-pandemi\/\">online traineeship<\/a><\/span>. Marlene hadde et\u00a0digitalt traineeship i CMS Zagreb.<\/li>\n<\/ul>\n<p>&nbsp;<\/p>\n<p><strong>Motivasjonsbrev og CV<\/strong><\/p>\n<p>Motivasjonsbrev og CV skal skrives p\u00e5 engelsk. Dette gjelder selv om du s\u00f8ker p\u00e5 et traineeship i Danmark eller Sverige.<\/p>\n<p>Skriv motivasjonsbrevet som en profesjonell jobbs\u00f8knad. Ettersom traineeship-tilbyderen ikke ser p\u00e5 karakterer, er det ekstra viktig med et godt motivasjonsbrev og CV. Hvis du s\u00f8ker p\u00e5 flere enn ett traineeship anbefaler vi sterkt at du tilpasser hver enkel s\u00f8knad til den du s\u00f8ker p\u00e5. B\u00e5de motivasjonsbrevet og CV fylles inn egne felt i s\u00f8knaden p\u00e5 hjemmesiden.<\/p>\n<p>&nbsp;<\/p>\n<p><strong>Krav til hvor langt du har kommet i studiel\u00f8pet <\/strong><\/p>\n<p>Kravene til \u00abstudy level\u00bb beregnes etter hvor langt du har kommet i studiet n\u00e5r du reiser p\u00e5 traineeshipet. Dersom du blir ferdig med 3 \u00e5r av jussen innen du drar, kan du alts\u00e5 krysse av p\u00e5 \u00abgraduate bachelor\u00bb, selv om du ikke har fullf\u00f8rt tre \u00e5r p\u00e5 s\u00f8knadstidspunktet. Det samme gjelder for fagkravene.<\/p>\n<p><strong>Undergraduate<\/strong>: Kreves at du g\u00e5r p\u00e5 et universitet, men stilles ikke krav til hvor langt i studiene du har kommet.<\/p>\n<p><strong>Graduate bachelor:<\/strong> Krav om fullf\u00f8rt bachelor eller tilsvarende. Fullf\u00f8rt 3. \u00e5r p\u00e5 juss i Oslo kvalifiserer til bachelor.<\/p>\n<p><strong>Graduate master:<\/strong> Ferdig med master<\/p>\n<p><strong>Postgraduate \u2013PhD:<\/strong> Begynt p\u00e5 en doktorgrad.<\/p>\n<p>&nbsp;<\/p>\n<p><strong>Fagkrav <\/strong><\/p>\n<p>I s\u00f8knaden skal du fylle ut det niv\u00e5et du mener du ligger p\u00e5 i de ulike fagene. Det er tre mulige niv\u00e5er: none \u2013 general \u2013 advanced. Merk at s\u00f8knaden kan bli underkjent hvis du har satt urealistisk mange fag som advanced. N\u00e5r det er sagt er det heller ikke lurt \u00e5 v\u00e6re for forsiktig, og ikke sette advanced p\u00e5 noen.<\/p>\n<p><strong>Viktig om fagkrav: <\/strong>Ved vurderingen av om du b\u00f8r sette general eller advanced level p\u00e5 et bestemt fag, kan du ta hensyn til flere faktorer enn hvor avansert undervisning du har hatt i faget. Alts\u00e5 kan du ha advanced kunnskap om et omr\u00e5det dersom du for eksempel har jobbet mye med det som trainee eller deltatt i en prosedyre- eller forhandlingskonkurranse p\u00e5 temaet. Det har ogs\u00e5 betydning hvor mye du har jobbet med et fag og om du har satt deg godt inn i faget p\u00e5 egenh\u00e5nd.<\/p>\n<p>Hvis ikke andre faktorer spiller inn, vil disse fagene normalt gi advanced level etter endt undervisning p\u00e5 Universitet i Oslo. Dette er basert p\u00e5 hvor omfattende undervisning det gis i faget. Merk at dette kun er ment som retningslinjer, og ikke er ment som fasit for hva du skal krysse av.<\/p>\n<p>Andre fag du har hatt undervisning i, kan du som hovedregel sette \u00abgeneral\u00bb p\u00e5. For valgfag m\u00e5 du selv vurdere hvor grundig kunnskap du besitter i faget.<\/p>\n<p>&nbsp;<\/p>\n<p><strong>Disse fagene anbefaler vi at du setter som \u00abadvanced\u00bb dersom du har v\u00e6rt gjennom dem i studiel\u00f8pet: <\/strong><\/p>\n<ul>\n<li><strong>Administrative law: <\/strong>Forvaltningsrett<\/li>\n<li><strong>Civil law: <\/strong>Privatrett<\/li>\n<li><strong>Civil procedur: <\/strong>Sivilprosess<\/li>\n<li><strong>Constitutional law: <\/strong>Statsrett<\/li>\n<li><strong>Contract law: <\/strong>Kontraktsrett\/avtalerett (etter at du har hatt det p\u00e5 tredje studie\u00e5r)<\/li>\n<li><strong>Criminal law: <\/strong>Strafferett<\/li>\n<li><strong>Criminal procedyre: <\/strong>Straffeprosess<\/li>\n<li><strong>Legal Theory:<\/strong> Rettskildel\u00e6re\/juridisk metode (etter at du har hatt det p\u00e5 fjerde studie\u00e5r)<\/li>\n<li><strong>Property law: <\/strong>Eiendomsrett\/tingsrett (etter at du har hatt det p\u00e5 tredje studie\u00e5r)<\/li>\n<\/ul>\n<p>&nbsp;<\/p>\n<p><strong>Oversettelse av fagkravene:<\/strong><\/p>\n<p><strong>Administrative law:\u00a0<\/strong>Forvaltningsrett<\/p>\n<p><strong>Banking law:\u00a0<\/strong>Bankrett, transaksjonsrett, finansavtaler, pengekravsret<\/p>\n<p><strong>Civil law:\u00a0<\/strong>Privatrett. En samlebetegnelse p\u00e5 alle privatrettslige fag, som en motsetning til offentligrettslige fag.<\/p>\n<p><strong>Civil procedure:\u00a0<\/strong>Sivilprosess<\/p>\n<p><strong>Corporate\u00a0law:\u00a0<\/strong>Selskapsrett<\/p>\n<p><strong>Commercial law:\u00a0<\/strong>Forretningsjuss<\/p>\n<p><strong>Comparative law:\u00a0<\/strong>Komparativ rett<\/p>\n<p><strong>Competition law:\u00a0<\/strong>Konkurranserett<\/p>\n<p><strong>Constitutional law:\u00a0<\/strong>Statsrett<\/p>\n<p><strong>Consumer protection law:\u00a0<\/strong>Forbrukerrett<\/p>\n<p><strong>Contract law:\u00a0<\/strong>Kontraktsrett\/avtalerett<\/p>\n<p><strong>Criminal law:\u00a0<\/strong>Strafferett<\/p>\n<p><strong>Environmental law:\u00a0<\/strong>Milj\u00f8rett<\/p>\n<p><strong>European competition law:\u00a0<\/strong>EU-konkurranserett<\/p>\n<p><strong>European constitutional law: \u00a0<\/strong>EU-rett<\/p>\n<p><strong>European economic law:\u00a0<\/strong>EU-forretningsjuss og kontraktsrett<\/p>\n<p><strong>Family and Inheritance law:\u00a0<\/strong>Familie- og arverett<\/p>\n<p><strong>Human rights:\u00a0<\/strong>Menneskerettigheter<\/p>\n<p><strong>Industrial and intellectual property law:\u00a0<\/strong>Immaterial rett<\/p>\n<p><strong>Information technology law:\u00a0<\/strong>IT-rett<\/p>\n<p><strong>Insolvency law:\u00a0<\/strong>Materiell og prosessuell gjeldsforf\u00f8lgning<\/p>\n<p><strong>Insurance law:\u00a0<\/strong>Forsikringsrett<\/p>\n<p><strong>International arbitration:\u00a0<\/strong>Internasjonal voldgift\/kontraktsrett<\/p>\n<p><strong>International Private law:\u00a0<\/strong>Internasjonal privatrett<\/p>\n<p><strong>International Taxation:\u00a0<\/strong>Internasjonal skatterett<\/p>\n<p><strong>Labour law:\u00a0<\/strong>Arbeidsrett<\/p>\n<p><strong>Legal history:\u00a0<\/strong>Rettshistorie<\/p>\n<p><strong>Legal Theory:\u00a0<\/strong>Rettskildel\u00e6re\/ juridisk metode<\/p>\n<p><strong>Maritime and transport law:\u00a0<\/strong>Sj\u00f8- og transportrett, shipping, petroleumsrett<\/p>\n<p><strong>Mergers and Acquisitions:\u00a0<\/strong>Sammenslutningsrett: Fusjon, fisjon, selskapsrett<\/p>\n<p><strong>Public international law:\u00a0<\/strong>Folkerett<\/p>\n<p><strong>Property law:\u00a0<\/strong>Eiendomsrett, tingsrett<\/p>\n<p><strong>Securities (shares, stocks, bonds):\u00a0<\/strong>Verdipapirer, kausjon, panterett, dynamisk tingsrett, pengekrav<\/p>\n<p><strong>Social security law:\u00a0<\/strong>Trygderett<\/p>\n<p><strong>Tax law:\u00a0<\/strong>Skatterett<\/p>\n<p><strong>Technology law:\u00a0<\/strong>Opphavsrett, panterett<\/p>\n<p><strong>Tort law:\u00a0<\/strong>Erstatningsrett<\/p>\n<p>&nbsp;<\/p>\n","protected":false},"excerpt":{"rendered":"<p>Slik s\u00f8ker du: Du m\u00e5 v\u00e6re medlem av ELSA for \u00e5 s\u00f8ke. Men frykt ikke hvis du ikke er medlem, du kan enkelt bli det ved \u00e5 fylle inn dette skjemaet: https:\/\/elsa.no\/oslo\/meld-deg-inn-i-elsa-oslo\/. G\u00e5 inn p\u00e5 https:\/\/traineeships.elsa.org\/ . \u00d8verst p\u00e5 siden finner du undermenyen \u00abELSA Traineeships\u00bb. Trykk p\u00e5\u00a0\u00abTraineeships categories&#8221;, og scroll ned for \u00e5 finne de [&hellip;]<\/p>\n","protected":false},"author":13,"featured_media":0,"parent":94,"menu_order":0,"comment_status":"closed","ping_status":"closed","template":"","meta":{"jetpack_post_was_ever_published":false,"footnotes":""},"class_list":["post-1642","page","type-page","status-publish","hentry"],"jetpack_sharing_enabled":true,"jetpack_shortlink":"https:\/\/wp.me\/P7PccC-qu","jetpack-related-posts":[],"_links":{"self":[{"href":"https:\/\/elsa.no\/oslo\/wp-json\/wp\/v2\/pages\/1642","targetHints":{"allow":["GET"]}}],"collection":[{"href":"https:\/\/elsa.no\/oslo\/wp-json\/wp\/v2\/pages"}],"about":[{"href":"https:\/\/elsa.no\/oslo\/wp-json\/wp\/v2\/types\/page"}],"author":[{"embeddable":true,"href":"https:\/\/elsa.no\/oslo\/wp-json\/wp\/v2\/users\/13"}],"replies":[{"embeddable":true,"href":"https:\/\/elsa.no\/oslo\/wp-json\/wp\/v2\/comments?post=1642"}],"version-history":[{"count":10,"href":"https:\/\/elsa.no\/oslo\/wp-json\/wp\/v2\/pages\/1642\/revisions"}],"predecessor-version":[{"id":2802,"href":"https:\/\/elsa.no\/oslo\/wp-json\/wp\/v2\/pages\/1642\/revisions\/2802"}],"up":[{"embeddable":true,"href":"https:\/\/elsa.no\/oslo\/wp-json\/wp\/v2\/pages\/94"}],"wp:attachment":[{"href":"https:\/\/elsa.no\/oslo\/wp-json\/wp\/v2\/media?parent=1642"}],"curies":[{"name":"wp","href":"https:\/\/api.w.org\/{rel}","templated":true}]}}