{"id":1457,"date":"2016-09-30T17:15:04","date_gmt":"2016-09-30T15:15:04","guid":{"rendered":"http:\/\/elsa.no\/oslo\/?page_id=1457"},"modified":"2023-05-22T00:56:31","modified_gmt":"2023-05-21T22:56:31","slug":"social","status":"publish","type":"page","link":"https:\/\/elsa.no\/oslo\/social\/","title":{"rendered":"Social"},"content":{"rendered":"\n<style type=\"text\/css\" data-created_by=\"avia_inline_auto\" id=\"style-css-av-9kydb5-4947a302c10ea1c471fd49573f9f96db\">\n.flex_column.av-9kydb5-4947a302c10ea1c471fd49573f9f96db{\n-webkit-border-radius:0px 0px 0px 0px;\n-moz-border-radius:0px 0px 0px 0px;\nborder-radius:0px 0px 0px 0px;\npadding:0px 0px 0px 0px;\n}\n<\/style>\n<div class='flex_column av-9kydb5-4947a302c10ea1c471fd49573f9f96db av_two_third  avia-builder-el-0  el_before_av_one_third  avia-builder-el-first  first flex_column_div av-zero-column-padding '     ><section  class='av_textblock_section av-70y1hd-8c2d78ca99c4297e0144153b5c5a5208'  itemscope=\"itemscope\" itemtype=\"https:\/\/schema.org\/CreativeWork\" ><div class='avia_textblock'  itemprop=\"text\" ><p>I tillegg til \u00e5 v\u00e6re en seri\u00f8s forening med faglig tyngde, finner vi p\u00e5 mye sosialt i ELSA Oslo. Blant annet har vi en hyttetur hvert semester, julebord, v\u00e5rfest, leilighetscrawl, og er ansvarlige for arrangeringen av fadderuken for de internasjonale studentene.<\/p>\n<p>Det er lav terskel for \u00e5 komme p\u00e5 de sosiale arrangementene v\u00e5re, du trenger ikke ha v\u00e6rt aktiv tidligere for \u00e5 bli med! Vi lover god stemning og et inkluderende fellesskap :)<\/p>\n<p>Vi trenger selvf\u00f8lgelig ogs\u00e5 noen til \u00e5 arrangere de sosiale arrangementene, ikke bare noen til \u00e5 v\u00e6re med p\u00e5 dem. Ta kontakt med VP Social p\u00e5 <a href=\"&#109;a&#105;l&#116;o&#x3a;s&#x6f;c&#x69;a&#x6c;&#46;&#x6f;s&#x6c;o&#x40;n&#x6f;&#46;&#x65;l&#x73;&#97;&#x2e;&#111;&#x72;&#103;\">&#x73;&#111;c&#x69;&#x61;&#108;&#46;&#x6f;&#x73;&#108;o&#x40;&#x6e;&#111;&#46;&#x65;&#x6c;&#115;a&#x2e;&#111;&#114;g<\/a> dersom du kunne tenke deg \u00e5 v\u00e6re med p\u00e5 dette.<\/p>\n<p>F\u00f8lg med p\u00e5\u00a0<a href=\"https:\/\/www.facebook.com\/elsaoslo\/?fref=ts\">facebooksiden v\u00e5r<\/a>\u00a0for mer informasjon om de sosiale arrangementene v\u00e5re.<\/p>\n<p>Vi gleder oss til \u00e5 se deg p\u00e5 v\u00e5rt neste arrangement!<\/p>\n<\/div><\/section><\/div>\n<style type=\"text\/css\" data-created_by=\"avia_inline_auto\" id=\"style-css-av-5olfg1-ce5f7f5a6859d0a6b66daeed0d61d67f\">\n.flex_column.av-5olfg1-ce5f7f5a6859d0a6b66daeed0d61d67f{\n-webkit-border-radius:0px 0px 0px 0px;\n-moz-border-radius:0px 0px 0px 0px;\nborder-radius:0px 0px 0px 0px;\npadding:0px 0px 0px 0px;\n}\n<\/style>\n<div class='flex_column av-5olfg1-ce5f7f5a6859d0a6b66daeed0d61d67f av_one_third  avia-builder-el-2  el_after_av_two_third  avia-builder-el-last  flex_column_div av-zero-column-padding '     ><p>\n<style type=\"text\/css\" data-created_by=\"avia_inline_auto\" id=\"style-css-av-3tdl8x-89c5e08f1d7475ca58039c138de732f9\">\n.avia-image-container.av-3tdl8x-89c5e08f1d7475ca58039c138de732f9 img.avia_image{\nbox-shadow:none;\n}\n.avia-image-container.av-3tdl8x-89c5e08f1d7475ca58039c138de732f9 .av-image-caption-overlay-center{\ncolor:#ffffff;\n}\n<\/style>\n<div  class='avia-image-container av-3tdl8x-89c5e08f1d7475ca58039c138de732f9 av-styling- avia-align-center  avia-builder-el-3  el_before_av_image  avia-builder-el-first '   itemprop=\"image\" itemscope=\"itemscope\" itemtype=\"https:\/\/schema.org\/ImageObject\" ><div class=\"avia-image-container-inner\"><div class=\"avia-image-overlay-wrap\"><img decoding=\"async\" class='wp-image-1406 avia-img-lazy-loading-not-1406 avia_image ' src=\"https:\/\/i0.wp.com\/elsa.no\/oslo\/files\/2016\/09\/IMG_8737.jpg?fit=300%2C200&ssl=1\" alt='' title='img_8737'  height=\"200\" width=\"300\"  itemprop=\"thumbnailUrl\" srcset=\"https:\/\/i0.wp.com\/elsa.no\/oslo\/files\/2016\/09\/IMG_8737.jpg?w=5184&amp;ssl=1 5184w, https:\/\/i0.wp.com\/elsa.no\/oslo\/files\/2016\/09\/IMG_8737.jpg?resize=300%2C200&amp;ssl=1 300w, https:\/\/i0.wp.com\/elsa.no\/oslo\/files\/2016\/09\/IMG_8737.jpg?resize=1030%2C687&amp;ssl=1 1030w, https:\/\/i0.wp.com\/elsa.no\/oslo\/files\/2016\/09\/IMG_8737.jpg?resize=1500%2C1000&amp;ssl=1 1500w, https:\/\/i0.wp.com\/elsa.no\/oslo\/files\/2016\/09\/IMG_8737.jpg?resize=705%2C470&amp;ssl=1 705w, https:\/\/i0.wp.com\/elsa.no\/oslo\/files\/2016\/09\/IMG_8737.jpg?resize=450%2C300&amp;ssl=1 450w, https:\/\/i0.wp.com\/elsa.no\/oslo\/files\/2016\/09\/IMG_8737.jpg?w=3000&amp;ssl=1 3000w, https:\/\/i0.wp.com\/elsa.no\/oslo\/files\/2016\/09\/IMG_8737.jpg?w=4500&amp;ssl=1 4500w\" sizes=\"(max-width: 300px) 100vw, 300px\" \/><\/div><\/div><\/div><br \/>\n\n<style type=\"text\/css\" data-created_by=\"avia_inline_auto\" id=\"style-css-av-26kltt-2fbc8894278ae0f2c07ff0f4b33e1966\">\n.avia-image-container.av-26kltt-2fbc8894278ae0f2c07ff0f4b33e1966 img.avia_image{\nbox-shadow:none;\n}\n.avia-image-container.av-26kltt-2fbc8894278ae0f2c07ff0f4b33e1966 .av-image-caption-overlay-center{\ncolor:#ffffff;\n}\n<\/style>\n<div  class='avia-image-container av-26kltt-2fbc8894278ae0f2c07ff0f4b33e1966 av-styling- avia-align-center  avia-builder-el-4  el_after_av_image  avia-builder-el-last '   itemprop=\"image\" itemscope=\"itemscope\" itemtype=\"https:\/\/schema.org\/ImageObject\" ><div class=\"avia-image-container-inner\"><div class=\"avia-image-overlay-wrap\"><img decoding=\"async\" class='wp-image-1398 avia-img-lazy-loading-not-1398 avia_image ' src=\"https:\/\/i0.wp.com\/elsa.no\/oslo\/files\/2016\/09\/nb6.jpg?fit=300%2C200&ssl=1\" alt='' title='nb6'  height=\"200\" width=\"300\"  itemprop=\"thumbnailUrl\" srcset=\"https:\/\/i0.wp.com\/elsa.no\/oslo\/files\/2016\/09\/nb6.jpg?w=5184&amp;ssl=1 5184w, https:\/\/i0.wp.com\/elsa.no\/oslo\/files\/2016\/09\/nb6.jpg?resize=300%2C200&amp;ssl=1 300w, https:\/\/i0.wp.com\/elsa.no\/oslo\/files\/2016\/09\/nb6.jpg?resize=1030%2C687&amp;ssl=1 1030w, https:\/\/i0.wp.com\/elsa.no\/oslo\/files\/2016\/09\/nb6.jpg?resize=1500%2C1000&amp;ssl=1 1500w, https:\/\/i0.wp.com\/elsa.no\/oslo\/files\/2016\/09\/nb6.jpg?resize=705%2C470&amp;ssl=1 705w, https:\/\/i0.wp.com\/elsa.no\/oslo\/files\/2016\/09\/nb6.jpg?resize=450%2C300&amp;ssl=1 450w, https:\/\/i0.wp.com\/elsa.no\/oslo\/files\/2016\/09\/nb6.jpg?w=3000&amp;ssl=1 3000w, https:\/\/i0.wp.com\/elsa.no\/oslo\/files\/2016\/09\/nb6.jpg?w=4500&amp;ssl=1 4500w\" sizes=\"(max-width: 300px) 100vw, 300px\" \/><\/div><\/div><\/div><\/p><\/div>\n","protected":false},"excerpt":{"rendered":"","protected":false},"author":13,"featured_media":0,"parent":0,"menu_order":0,"comment_status":"closed","ping_status":"closed","template":"","meta":{"jetpack_post_was_ever_published":false,"footnotes":""},"class_list":["post-1457","page","type-page","status-publish","hentry"],"jetpack_sharing_enabled":true,"jetpack_shortlink":"https:\/\/wp.me\/P7PccC-nv","jetpack-related-posts":[],"_links":{"self":[{"href":"https:\/\/elsa.no\/oslo\/wp-json\/wp\/v2\/pages\/1457","targetHints":{"allow":["GET"]}}],"collection":[{"href":"https:\/\/elsa.no\/oslo\/wp-json\/wp\/v2\/pages"}],"about":[{"href":"https:\/\/elsa.no\/oslo\/wp-json\/wp\/v2\/types\/page"}],"author":[{"embeddable":true,"href":"https:\/\/elsa.no\/oslo\/wp-json\/wp\/v2\/users\/13"}],"replies":[{"embeddable":true,"href":"https:\/\/elsa.no\/oslo\/wp-json\/wp\/v2\/comments?post=1457"}],"version-history":[{"count":14,"href":"https:\/\/elsa.no\/oslo\/wp-json\/wp\/v2\/pages\/1457\/revisions"}],"predecessor-version":[{"id":3062,"href":"https:\/\/elsa.no\/oslo\/wp-json\/wp\/v2\/pages\/1457\/revisions\/3062"}],"wp:attachment":[{"href":"https:\/\/elsa.no\/oslo\/wp-json\/wp\/v2\/media?parent=1457"}],"curies":[{"name":"wp","href":"https:\/\/api.w.org\/{rel}","templated":true}]}}