{"id":113,"date":"2012-09-17T17:45:31","date_gmt":"2012-09-17T15:45:31","guid":{"rendered":"http:\/\/elsa.no\/oslo\/?page_id=113"},"modified":"2025-04-08T14:04:50","modified_gmt":"2025-04-08T12:04:50","slug":"kontakt","status":"publish","type":"page","link":"https:\/\/elsa.no\/oslo\/kontakt\/","title":{"rendered":"Kontakt"},"content":{"rendered":"\n<style type=\"text\/css\" data-created_by=\"avia_inline_auto\" id=\"style-css-av-pwj2p-fe647c0aca335bf74787ec7605b3af72\">\n.flex_column.av-pwj2p-fe647c0aca335bf74787ec7605b3af72{\n-webkit-border-radius:0px 0px 0px 0px;\n-moz-border-radius:0px 0px 0px 0px;\nborder-radius:0px 0px 0px 0px;\npadding:0px 0px 0px 0px;\n}\n<\/style>\n<div class='flex_column av-pwj2p-fe647c0aca335bf74787ec7605b3af72 av_two_fifth  avia-builder-el-0  el_before_av_one_half  avia-builder-el-first  first flex_column_div av-zero-column-padding '     ><style type=\"text\/css\" data-created_by=\"avia_inline_auto\" id=\"style-css-av-23n2x-3280bcac61bd29f9f78b98a5f4893890\">\n.avia-image-container.av-23n2x-3280bcac61bd29f9f78b98a5f4893890 img.avia_image{\nbox-shadow:none;\n}\n.avia-image-container.av-23n2x-3280bcac61bd29f9f78b98a5f4893890 .av-image-caption-overlay-center{\ncolor:#ffffff;\n}\n<\/style>\n<div  class='avia-image-container av-23n2x-3280bcac61bd29f9f78b98a5f4893890 av-styling- avia-align-center  avia-builder-el-1  avia-builder-el-no-sibling '   itemprop=\"image\" itemscope=\"itemscope\" itemtype=\"https:\/\/schema.org\/ImageObject\" ><div class=\"avia-image-container-inner\"><div class=\"avia-image-overlay-wrap\"><img decoding=\"async\" class='wp-image-1428 avia-img-lazy-loading-not-1428 avia_image ' src=\"https:\/\/i0.wp.com\/elsa.no\/oslo\/files\/2016\/09\/ELSA-Oslo-profile-picture.png?fit=300%2C300&ssl=1\" alt='' title='elsa-oslo-profile-picture'  height=\"300\" width=\"300\"  itemprop=\"thumbnailUrl\" srcset=\"https:\/\/i0.wp.com\/elsa.no\/oslo\/files\/2016\/09\/ELSA-Oslo-profile-picture.png?w=1000&amp;ssl=1 1000w, https:\/\/i0.wp.com\/elsa.no\/oslo\/files\/2016\/09\/ELSA-Oslo-profile-picture.png?resize=200%2C200&amp;ssl=1 200w, https:\/\/i0.wp.com\/elsa.no\/oslo\/files\/2016\/09\/ELSA-Oslo-profile-picture.png?resize=300%2C300&amp;ssl=1 300w, https:\/\/i0.wp.com\/elsa.no\/oslo\/files\/2016\/09\/ELSA-Oslo-profile-picture.png?resize=36%2C36&amp;ssl=1 36w, https:\/\/i0.wp.com\/elsa.no\/oslo\/files\/2016\/09\/ELSA-Oslo-profile-picture.png?resize=180%2C180&amp;ssl=1 180w, https:\/\/i0.wp.com\/elsa.no\/oslo\/files\/2016\/09\/ELSA-Oslo-profile-picture.png?resize=705%2C705&amp;ssl=1 705w, https:\/\/i0.wp.com\/elsa.no\/oslo\/files\/2016\/09\/ELSA-Oslo-profile-picture.png?resize=120%2C120&amp;ssl=1 120w, https:\/\/i0.wp.com\/elsa.no\/oslo\/files\/2016\/09\/ELSA-Oslo-profile-picture.png?resize=450%2C450&amp;ssl=1 450w\" sizes=\"(max-width: 300px) 100vw, 300px\" \/><\/div><\/div><\/div><\/div>\n\n<style type=\"text\/css\" data-created_by=\"avia_inline_auto\" id=\"style-css-av-d13fl-c0b1864954afca128eeadbe0a6556ce5\">\n.flex_column.av-d13fl-c0b1864954afca128eeadbe0a6556ce5{\n-webkit-border-radius:0px 0px 0px 0px;\n-moz-border-radius:0px 0px 0px 0px;\nborder-radius:0px 0px 0px 0px;\npadding:0px 0px 0px 0px;\n}\n<\/style>\n<div class='flex_column av-d13fl-c0b1864954afca128eeadbe0a6556ce5 av_one_half  avia-builder-el-2  el_after_av_two_fifth  avia-builder-el-last  flex_column_div av-zero-column-padding '     ><section  class='av_textblock_section av-zhv5-4aa0a50ab9a567dda7db3fddf6501a42'  itemscope=\"itemscope\" itemtype=\"https:\/\/schema.org\/CreativeWork\" ><div class='avia_textblock'  itemprop=\"text\" ><p>Fyll ut kontaktskjemaet eller send en e-post til <strong><a href=\"&#x6d;a&#x69;&#108;t&#x6f;&#58;&#x73;&#x65;c&#x67;&#101;n&#x2e;&#111;&#x73;&#108;o&#x40;&#110;o&#x2e;&#101;&#x6c;&#115;a&#x2e;&#111;&#x72;&#x67;\">&#x73;&#101;&#x63;&#x67;&#101;&#x6e;&#x2e;&#111;&#x73;&#x6c;&#111;&#x40;&#x6e;o&#x2e;&#x65;l&#x73;&#97;&#46;&#x6f;&#114;g<\/a> <\/strong>hvis du har sp\u00f8rsm\u00e5l eller andre henvendelser. Vi vil ta kontakt med deg s\u00e5 fort som mulig!<\/p>\n<p>Vet du hvem du skal kontakte? Finn kontaktinformasjonen til de ulike omr\u00e5dene <a href=\"https:\/\/elsa.no\/oslo\/styret-i-elsa-oslo\/\">her.<\/a><\/p>\n\n<div class=\"wpcf7 no-js\" id=\"wpcf7-f106-o1\" lang=\"en-US\" dir=\"ltr\" data-wpcf7-id=\"106\">\n<div class=\"screen-reader-response\"><p role=\"status\" aria-live=\"polite\" aria-atomic=\"true\"><\/p> <ul><\/ul><\/div>\n<form action=\"\/oslo\/wp-json\/wp\/v2\/pages\/113#wpcf7-f106-o1\" method=\"post\" class=\"wpcf7-form init\" aria-label=\"Contact form\" novalidate=\"novalidate\" data-status=\"init\">\n<fieldset class=\"hidden-fields-container\"><input type=\"hidden\" name=\"_wpcf7\" value=\"106\" \/><input type=\"hidden\" name=\"_wpcf7_version\" value=\"6.1.5\" \/><input type=\"hidden\" name=\"_wpcf7_locale\" value=\"en_US\" \/><input type=\"hidden\" name=\"_wpcf7_unit_tag\" value=\"wpcf7-f106-o1\" \/><input type=\"hidden\" name=\"_wpcf7_container_post\" value=\"0\" \/><input type=\"hidden\" name=\"_wpcf7_posted_data_hash\" value=\"\" \/>\n<\/fieldset>\n<p>Ditt navn (obligatorisk)\n<\/p>\n<p><span class=\"wpcf7-form-control-wrap\" data-name=\"your-name\"><input size=\"40\" maxlength=\"400\" class=\"wpcf7-form-control wpcf7-text wpcf7-validates-as-required\" aria-required=\"true\" aria-invalid=\"false\" value=\"\" type=\"text\" name=\"your-name\" \/><\/span>\n<\/p>\n<p>E-post (obligatorisk)\n<\/p>\n<p><span class=\"wpcf7-form-control-wrap\" data-name=\"your-email\"><input size=\"40\" maxlength=\"400\" class=\"wpcf7-form-control wpcf7-email wpcf7-validates-as-required wpcf7-text wpcf7-validates-as-email\" aria-required=\"true\" aria-invalid=\"false\" value=\"\" type=\"email\" name=\"your-email\" \/><\/span>\n<\/p>\n<p>Emne\n<\/p>\n<p><span class=\"wpcf7-form-control-wrap\" data-name=\"your-subject\"><input size=\"40\" maxlength=\"400\" class=\"wpcf7-form-control wpcf7-text\" aria-invalid=\"false\" value=\"\" type=\"text\" name=\"your-subject\" \/><\/span>\n<\/p>\n<p>Melding\n<\/p>\n<p><span class=\"wpcf7-form-control-wrap\" data-name=\"your-message\"><textarea cols=\"40\" rows=\"10\" maxlength=\"2000\" class=\"wpcf7-form-control wpcf7-textarea\" aria-invalid=\"false\" name=\"your-message\"><\/textarea><\/span>\n<\/p>\n<p><input class=\"wpcf7-form-control wpcf7-submit has-spinner\" type=\"submit\" value=\"Send\" \/>\n<\/p><div class=\"wpcf7-response-output\" aria-hidden=\"true\"><\/div>\n<\/form>\n<\/div>\n\n<\/div><\/section><\/div>\n","protected":false},"excerpt":{"rendered":"","protected":false},"author":1,"featured_media":0,"parent":0,"menu_order":0,"comment_status":"closed","ping_status":"closed","template":"","meta":{"jetpack_post_was_ever_published":false,"footnotes":""},"class_list":["post-113","page","type-page","status-publish","hentry"],"jetpack_sharing_enabled":true,"jetpack_shortlink":"https:\/\/wp.me\/P7PccC-1P","jetpack-related-posts":[],"_links":{"self":[{"href":"https:\/\/elsa.no\/oslo\/wp-json\/wp\/v2\/pages\/113","targetHints":{"allow":["GET"]}}],"collection":[{"href":"https:\/\/elsa.no\/oslo\/wp-json\/wp\/v2\/pages"}],"about":[{"href":"https:\/\/elsa.no\/oslo\/wp-json\/wp\/v2\/types\/page"}],"author":[{"embeddable":true,"href":"https:\/\/elsa.no\/oslo\/wp-json\/wp\/v2\/users\/1"}],"replies":[{"embeddable":true,"href":"https:\/\/elsa.no\/oslo\/wp-json\/wp\/v2\/comments?post=113"}],"version-history":[{"count":17,"href":"https:\/\/elsa.no\/oslo\/wp-json\/wp\/v2\/pages\/113\/revisions"}],"predecessor-version":[{"id":3299,"href":"https:\/\/elsa.no\/oslo\/wp-json\/wp\/v2\/pages\/113\/revisions\/3299"}],"wp:attachment":[{"href":"https:\/\/elsa.no\/oslo\/wp-json\/wp\/v2\/media?parent=113"}],"curies":[{"name":"wp","href":"https:\/\/api.w.org\/{rel}","templated":true}]}}