{"id":102,"date":"2014-09-10T16:38:04","date_gmt":"2014-09-10T14:38:04","guid":{"rendered":"http:\/\/elsa.no\/oslo\/?page_id=102"},"modified":"2025-06-09T17:54:25","modified_gmt":"2025-06-09T15:54:25","slug":"prosedyrekonkurransen","status":"publish","type":"page","link":"https:\/\/elsa.no\/oslo\/aa\/prosedyrekonkurransen\/","title":{"rendered":"Prosedyrekonkurransen"},"content":{"rendered":"\n<style type=\"text\/css\" data-created_by=\"avia_inline_auto\" id=\"style-css-av-m9bkig58-31a7a3d8d5165f689302a9ac485723a6\">\n#top .av-special-heading.av-m9bkig58-31a7a3d8d5165f689302a9ac485723a6{\npadding-bottom:10px;\n}\nbody .av-special-heading.av-m9bkig58-31a7a3d8d5165f689302a9ac485723a6 .av-special-heading-tag .heading-char{\nfont-size:25px;\n}\n.av-special-heading.av-m9bkig58-31a7a3d8d5165f689302a9ac485723a6 .av-subheading{\nfont-size:15px;\n}\n<\/style>\n<div  class='av-special-heading av-m9bkig58-31a7a3d8d5165f689302a9ac485723a6 av-special-heading-h3  avia-builder-el-0  el_before_av_one_full  avia-builder-el-first '><h3 class='av-special-heading-tag'  itemprop=\"headline\"  >Prosedyrekonkurransen<\/h3><div class=\"special-heading-border\"><div class=\"special-heading-inner-border\"><\/div><\/div><\/div>\n\n<style type=\"text\/css\" data-created_by=\"avia_inline_auto\" id=\"style-css-av-1bf7ye-7baf6b41433a0b66ee6cda5b13b9ea6c\">\n.flex_column.av-1bf7ye-7baf6b41433a0b66ee6cda5b13b9ea6c{\n-webkit-border-radius:0px 0px 0px 0px;\n-moz-border-radius:0px 0px 0px 0px;\nborder-radius:0px 0px 0px 0px;\npadding:0px 0px 0px 0px;\n}\n<\/style>\n<div class='flex_column av-1bf7ye-7baf6b41433a0b66ee6cda5b13b9ea6c av_one_full  avia-builder-el-1  el_after_av_heading  el_before_av_one_third  first flex_column_div av-zero-column-padding '     ><section  class='av_textblock_section av-10vnlq-a77cacb80a4663424d852a36156ee29f'  itemscope=\"itemscope\" itemtype=\"https:\/\/schema.org\/CreativeWork\" ><div class='avia_textblock'  itemprop=\"text\" ><p>I samarbeid med <a href=\"http:\/\/hjort.no\">Advokatfirmaet Hjort<\/a> og <a href=\"http:\/\/advokatforeningen.no\">Advokatforeningen<\/a> arrangerer ELSA Oslo prosedyrekonkurranse i internasjonale emner, med fokus p\u00e5 E\u00d8S-rett, fast eiendoms rettsforhold og menneskerettigheter. Konkurransen er en unik mulighet til \u00e5 tilegne seg erfaringer man ikke f\u00e5r fra undervisningen. Det trengs ingen forkunnskaper innenfor prosedyre for \u00e5 delta.<\/p>\n<p>Konkurransen har form som en fiktiv rettssak, og man kan stille lag p\u00e5 inntil to personer. Det hele innledes av et kurs i prosedyreteknikk og en skriftlig selekteringsoppgave. De \u00e5tte beste lagene herfra g\u00e5r videre til de\u00a0 muntlige rundene og tildeles en veileder. Veilederne er gjerne erfarne prosedyreadvokater fra flere av landets fremste advokatfirmaer. Herfra st\u00e5r kvartfinalen, semifinalen og finalen for tur. I samtlige runder best\u00e5r dommerpanelet av fagdommere, universitetsprofessorer og advokater.<\/p>\n<p>Vinnerne f\u00e5r traineeships hos Hjort, samt en tur til New York med bes\u00f8k hos UDs FN-delegasjon. I tillegg f\u00e5r de delta p\u00e5 Hjorts prosedyreseminar. Vinnerlaget g\u00e5r ogs\u00e5 videre til <a href=\"http:\/\/elsa.no\/aa\/enp\">ELSAs Nasjonale Prosedyrekonkurranse.<\/a><\/p>\n<p>Sp\u00f8rsm\u00e5l kan sendes til &#x70;&#114;o&#x73;&#101;d&#x79;&#114;e&#x2e;&#x6f;&#115;&#x6c;&#x6f;&#64;n&#x6f;&#46;e&#x6c;&#115;a&#x2e;&#x6f;&#114;&#x67;<\/p>\n<\/div><\/section><\/div><div class='flex_column av-19dhmu-f6b0d006747009fd99d40463e092350e av_one_third  avia-builder-el-3  el_after_av_one_full  el_before_av_one_third  first flex_column_div column-top-margin'     ><p>\n<style type=\"text\/css\" data-created_by=\"avia_inline_auto\" id=\"style-css-av-m7lkm-f5429f700ff58454c2c7f148a7676621\">\n.avia-image-container.av-m7lkm-f5429f700ff58454c2c7f148a7676621 img.avia_image{\nbox-shadow:none;\n}\n.avia-image-container.av-m7lkm-f5429f700ff58454c2c7f148a7676621 .av-image-caption-overlay-center{\ncolor:#ffffff;\n}\n<\/style>\n<div  class='avia-image-container av-m7lkm-f5429f700ff58454c2c7f148a7676621 av-styling- avia-align-center  avia-builder-el-4  el_before_av_image  avia-builder-el-first '   itemprop=\"image\" itemscope=\"itemscope\" itemtype=\"https:\/\/schema.org\/ImageObject\" ><div class=\"avia-image-container-inner\"><div class=\"avia-image-overlay-wrap\"><img decoding=\"async\" class='wp-image-1569 avia-img-lazy-loading-not-1569 avia_image ' src=\"https:\/\/i0.wp.com\/elsa.no\/oslo\/files\/2016\/10\/14732263_1197210617020342_346589844530231223_n.jpg?fit=300%2C200&ssl=1\" alt='' title='14732263_1197210617020342_346589844530231223_n'  height=\"200\" width=\"300\"  itemprop=\"thumbnailUrl\" srcset=\"https:\/\/i0.wp.com\/elsa.no\/oslo\/files\/2016\/10\/14732263_1197210617020342_346589844530231223_n.jpg?w=960&amp;ssl=1 960w, https:\/\/i0.wp.com\/elsa.no\/oslo\/files\/2016\/10\/14732263_1197210617020342_346589844530231223_n.jpg?resize=300%2C200&amp;ssl=1 300w, https:\/\/i0.wp.com\/elsa.no\/oslo\/files\/2016\/10\/14732263_1197210617020342_346589844530231223_n.jpg?resize=705%2C470&amp;ssl=1 705w, https:\/\/i0.wp.com\/elsa.no\/oslo\/files\/2016\/10\/14732263_1197210617020342_346589844530231223_n.jpg?resize=450%2C300&amp;ssl=1 450w\" sizes=\"(max-width: 300px) 100vw, 300px\" \/><\/div><\/div><\/div><br \/>\n<\/p><\/div>\n<div class='flex_column av-127orq-9276b4fe42bea28d596d323af2497068 av_one_third  avia-builder-el-6  el_after_av_one_third  el_before_av_one_third  flex_column_div column-top-margin'     ><p>\n<style type=\"text\/css\" data-created_by=\"avia_inline_auto\" id=\"style-css-av-vhur2-77df908e360a3c2951876eefd23654ae\">\n.avia-image-container.av-vhur2-77df908e360a3c2951876eefd23654ae img.avia_image{\nbox-shadow:none;\n}\n.avia-image-container.av-vhur2-77df908e360a3c2951876eefd23654ae .av-image-caption-overlay-center{\ncolor:#ffffff;\n}\n<\/style>\n<div  class='avia-image-container av-vhur2-77df908e360a3c2951876eefd23654ae av-styling- avia-align-center  avia-builder-el-7  el_before_av_image  avia-builder-el-first '   itemprop=\"image\" itemscope=\"itemscope\" itemtype=\"https:\/\/schema.org\/ImageObject\" ><div class=\"avia-image-container-inner\"><div class=\"avia-image-overlay-wrap\"><img decoding=\"async\" class='wp-image-3050 avia-img-lazy-loading-not-3050 avia_image ' src=\"https:\/\/i0.wp.com\/elsa.no\/oslo\/files\/2023\/05\/ELSA-finale-22-16-scaled.jpg?fit=300%2C188&ssl=1\" alt='' title='ELSA finale 22 16'  height=\"188\" width=\"300\"  itemprop=\"thumbnailUrl\" srcset=\"https:\/\/i0.wp.com\/elsa.no\/oslo\/files\/2023\/05\/ELSA-finale-22-16-scaled.jpg?w=2560&amp;ssl=1 2560w, https:\/\/i0.wp.com\/elsa.no\/oslo\/files\/2023\/05\/ELSA-finale-22-16-scaled.jpg?resize=300%2C188&amp;ssl=1 300w, https:\/\/i0.wp.com\/elsa.no\/oslo\/files\/2023\/05\/ELSA-finale-22-16-scaled.jpg?resize=1030%2C646&amp;ssl=1 1030w, https:\/\/i0.wp.com\/elsa.no\/oslo\/files\/2023\/05\/ELSA-finale-22-16-scaled.jpg?resize=1536%2C964&amp;ssl=1 1536w, https:\/\/i0.wp.com\/elsa.no\/oslo\/files\/2023\/05\/ELSA-finale-22-16-scaled.jpg?resize=2048%2C1285&amp;ssl=1 2048w, https:\/\/i0.wp.com\/elsa.no\/oslo\/files\/2023\/05\/ELSA-finale-22-16-scaled.jpg?resize=1500%2C942&amp;ssl=1 1500w, https:\/\/i0.wp.com\/elsa.no\/oslo\/files\/2023\/05\/ELSA-finale-22-16-scaled.jpg?resize=705%2C443&amp;ssl=1 705w\" sizes=\"(max-width: 300px) 100vw, 300px\" \/><\/div><\/div><\/div><br \/>\n<\/p><\/div>\n<div class='flex_column av-l52zy-6cd443f5e8b8d008de388e167539a249 av_one_third  avia-builder-el-9  el_after_av_one_third  avia-builder-el-last  flex_column_div column-top-margin'     ><p>\n<style type=\"text\/css\" data-created_by=\"avia_inline_auto\" id=\"style-css-av-g1c12-f45d04dc2dcfc2e5d2ccbd0a8e2fd87d\">\n.avia-image-container.av-g1c12-f45d04dc2dcfc2e5d2ccbd0a8e2fd87d img.avia_image{\nbox-shadow:none;\n}\n.avia-image-container.av-g1c12-f45d04dc2dcfc2e5d2ccbd0a8e2fd87d .av-image-caption-overlay-center{\ncolor:#ffffff;\n}\n<\/style>\n<div  class='avia-image-container av-g1c12-f45d04dc2dcfc2e5d2ccbd0a8e2fd87d av-styling- avia-align-center  avia-builder-el-10  el_before_av_image  avia-builder-el-first '   itemprop=\"image\" itemscope=\"itemscope\" itemtype=\"https:\/\/schema.org\/ImageObject\" ><div class=\"avia-image-container-inner\"><div class=\"avia-image-overlay-wrap\"><img decoding=\"async\" class='wp-image-1568 avia-img-lazy-loading-not-1568 avia_image ' src=\"https:\/\/i0.wp.com\/elsa.no\/oslo\/files\/2016\/10\/14725458_1197210750353662_6704712630329034925_n.jpg?fit=300%2C200&ssl=1\" alt='' title='14725458_1197210750353662_6704712630329034925_n'  height=\"200\" width=\"300\"  itemprop=\"thumbnailUrl\" srcset=\"https:\/\/i0.wp.com\/elsa.no\/oslo\/files\/2016\/10\/14725458_1197210750353662_6704712630329034925_n.jpg?w=960&amp;ssl=1 960w, https:\/\/i0.wp.com\/elsa.no\/oslo\/files\/2016\/10\/14725458_1197210750353662_6704712630329034925_n.jpg?resize=300%2C200&amp;ssl=1 300w, https:\/\/i0.wp.com\/elsa.no\/oslo\/files\/2016\/10\/14725458_1197210750353662_6704712630329034925_n.jpg?resize=705%2C470&amp;ssl=1 705w, https:\/\/i0.wp.com\/elsa.no\/oslo\/files\/2016\/10\/14725458_1197210750353662_6704712630329034925_n.jpg?resize=450%2C300&amp;ssl=1 450w\" sizes=\"(max-width: 300px) 100vw, 300px\" \/><\/div><\/div><\/div><br \/>\n<\/p><\/div>\n","protected":false},"excerpt":{"rendered":"","protected":false},"author":1,"featured_media":0,"parent":90,"menu_order":0,"comment_status":"closed","ping_status":"closed","template":"","meta":{"jetpack_post_was_ever_published":false,"footnotes":""},"class_list":["post-102","page","type-page","status-publish","hentry"],"jetpack_sharing_enabled":true,"jetpack_shortlink":"https:\/\/wp.me\/P7PccC-1E","jetpack-related-posts":[],"_links":{"self":[{"href":"https:\/\/elsa.no\/oslo\/wp-json\/wp\/v2\/pages\/102","targetHints":{"allow":["GET"]}}],"collection":[{"href":"https:\/\/elsa.no\/oslo\/wp-json\/wp\/v2\/pages"}],"about":[{"href":"https:\/\/elsa.no\/oslo\/wp-json\/wp\/v2\/types\/page"}],"author":[{"embeddable":true,"href":"https:\/\/elsa.no\/oslo\/wp-json\/wp\/v2\/users\/1"}],"replies":[{"embeddable":true,"href":"https:\/\/elsa.no\/oslo\/wp-json\/wp\/v2\/comments?post=102"}],"version-history":[{"count":26,"href":"https:\/\/elsa.no\/oslo\/wp-json\/wp\/v2\/pages\/102\/revisions"}],"predecessor-version":[{"id":3355,"href":"https:\/\/elsa.no\/oslo\/wp-json\/wp\/v2\/pages\/102\/revisions\/3355"}],"up":[{"embeddable":true,"href":"https:\/\/elsa.no\/oslo\/wp-json\/wp\/v2\/pages\/90"}],"wp:attachment":[{"href":"https:\/\/elsa.no\/oslo\/wp-json\/wp\/v2\/media?parent=102"}],"curies":[{"name":"wp","href":"https:\/\/api.w.org\/{rel}","templated":true}]}}