{"id":32,"date":"2025-11-07T09:36:34","date_gmt":"2025-11-07T09:36:34","guid":{"rendered":"https:\/\/elsa.no\/kristiansand\/?page_id=32"},"modified":"2026-03-07T14:12:41","modified_gmt":"2026-03-07T14:12:41","slug":"forside","status":"publish","type":"page","link":"https:\/\/elsa.no\/kristiansand\/","title":{"rendered":"Forside"},"content":{"rendered":"<div id='full_slider_1'  class='avia-fullwidth-slider main_color avia-shadow   avia-builder-el-0  el_before_av_one_third  avia-builder-el-first   container_wrap fullsize'  ><div  class='avia-slideshow av-mhonkaul-16bc2bf4da30511f5ad1fbd9ada30f69 avia-slideshow-no scaling av_slideshow_full avia-slide-slider av-slideshow-ui av-control-default av-slideshow-manual av-loop-once av-loop-manual-endless av-default-height-applied   avia-slideshow-1' data-slideshow-options=\"{&quot;animation&quot;:&quot;slide&quot;,&quot;autoplay&quot;:false,&quot;loop_autoplay&quot;:&quot;once&quot;,&quot;interval&quot;:5,&quot;loop_manual&quot;:&quot;manual-endless&quot;,&quot;autoplay_stopper&quot;:false,&quot;noNavigation&quot;:false,&quot;bg_slider&quot;:false,&quot;keep_padding&quot;:false,&quot;hoverpause&quot;:false,&quot;show_slide_delay&quot;:0}\"  itemprop=\"image\" itemscope=\"itemscope\" itemtype=\"https:\/\/schema.org\/ImageObject\" ><ul class='avia-slideshow-inner ' style='padding-bottom: 28.671875%;'><li  class='avia-slideshow-slide av-mhonkaul-16bc2bf4da30511f5ad1fbd9ada30f69__0  av-single-slide slide-1 slide-odd'><div data-rel='slideshow-1' class='avia-slide-wrap '   ><img decoding=\"async\" class=\"wp-image-59 avia-img-lazy-loading-not-59\"  src=\"https:\/\/elsa.no\/kristiansand\/files\/2025\/11\/ELSA-Kristiansand-3-scaled.jpg\" width=\"2560\" height=\"734\" title='ELSA Kristiansand-3' alt=''  itemprop=\"thumbnailUrl\" srcset=\"https:\/\/elsa.no\/kristiansand\/files\/2025\/11\/ELSA-Kristiansand-3-scaled.jpg 2560w, https:\/\/elsa.no\/kristiansand\/files\/2025\/11\/ELSA-Kristiansand-3-300x86.jpg 300w, https:\/\/elsa.no\/kristiansand\/files\/2025\/11\/ELSA-Kristiansand-3-1024x294.jpg 1024w, https:\/\/elsa.no\/kristiansand\/files\/2025\/11\/ELSA-Kristiansand-3-768x220.jpg 768w, https:\/\/elsa.no\/kristiansand\/files\/2025\/11\/ELSA-Kristiansand-3-1536x440.jpg 1536w, https:\/\/elsa.no\/kristiansand\/files\/2025\/11\/ELSA-Kristiansand-3-2048x587.jpg 2048w, https:\/\/elsa.no\/kristiansand\/files\/2025\/11\/ELSA-Kristiansand-3-1500x430.jpg 1500w, https:\/\/elsa.no\/kristiansand\/files\/2025\/11\/ELSA-Kristiansand-3-705x202.jpg 705w\" sizes=\"(max-width: 2560px) 100vw, 2560px\" \/><\/div><\/li><\/ul><\/div><\/div><div id='after_full_slider_1'  class='main_color av_default_container_wrap container_wrap fullsize'  ><div class='container av-section-cont-open' ><div class='template-page content  av-content-full alpha units'><div class='post-entry post-entry-type-page post-entry-32'><div class='entry-content-wrapper clearfix'>\n<div class='flex_column av-27gd4-eee07c7057910c69f4e4ccd14553c71b av_one_third  avia-builder-el-1  el_after_av_slideshow_full  el_before_av_one_third  avia-builder-el-first  first flex_column_div '     ><article  class='iconbox iconbox_left av-mhuoddhn-32db073c2df50a53531710d40535e4e8  avia-builder-el-2  avia-builder-el-no-sibling '  itemscope=\"itemscope\" itemtype=\"https:\/\/schema.org\/CreativeWork\" ><div class=\"iconbox_content\"><header class=\"entry-content-header\"><div class=\"iconbox_icon heading-color\" aria-hidden='true' data-av_icon='\ue8c9' data-av_iconfont='entypo-fontello'><\/div><h3 class='iconbox_content_title '  itemprop=\"headline\" >ELSA<\/h3><\/header><div class='iconbox_content_container '  itemprop=\"text\" ><p>ELSA er verdens st\u00f8rste uavhengige organisasjon for jusstudenter, og har totalt 60 000 medlemmer fra 432 ulike studiesteder i Europa.<\/p>\n<\/div><\/div><footer class=\"entry-footer\"><\/footer><\/article><\/div>\n<div class='flex_column av-1f72w-91eb3821062c3080691762956cf6c3ee av_one_third  avia-builder-el-3  el_after_av_one_third  el_before_av_one_third  flex_column_div '     ><article  class='iconbox iconbox_left av-mhuofbbb-612ebd9902570ddb77b5eda73e00218a  avia-builder-el-4  avia-builder-el-no-sibling '  itemscope=\"itemscope\" itemtype=\"https:\/\/schema.org\/CreativeWork\" ><div class=\"iconbox_content\"><header class=\"entry-content-header\"><div class=\"iconbox_icon heading-color\" aria-hidden='true' data-av_icon='\ue8b1' data-av_iconfont='entypo-fontello'><\/div><h3 class='iconbox_content_title '  itemprop=\"headline\" >Internasjonale muligheter<\/h3><\/header><div class='iconbox_content_container '  itemprop=\"text\" ><p>Gjennom ELSAs aktiviteter f\u00e5r du mulighet til \u00e5 praktisere juss fra alle verdensdeler. Vi tilbyr unike internasjonale muligheter for v\u00e5re medlemmer.<\/p>\n<\/div><\/div><footer class=\"entry-footer\"><\/footer><\/article><\/div>\n<div class='flex_column av-t238-835635365e279ba157681382f4019c6f av_one_third  avia-builder-el-5  el_after_av_one_third  el_before_av_section  avia-builder-el-last  flex_column_div '     ><article  class='iconbox iconbox_left av-mhuog4q8-c280be40975bddcef352630998142ca7  avia-builder-el-6  avia-builder-el-no-sibling '  itemscope=\"itemscope\" itemtype=\"https:\/\/schema.org\/CreativeWork\" ><div class=\"iconbox_content\"><header class=\"entry-content-header\"><div class=\"iconbox_icon heading-color\" aria-hidden='true' data-av_icon='\ue80b' data-av_iconfont='entypo-fontello'><\/div><h3 class='iconbox_content_title '  itemprop=\"headline\" >Sosialt<\/h3><\/header><div class='iconbox_content_container '  itemprop=\"text\" ><p>ELSA bringer sammen jusstudenter i Norge og resten av Europa. Bygg et internasjonalt nettverk sammen med ELSA.<\/p>\n<\/div><\/div><footer class=\"entry-footer\"><\/footer><\/article><\/div>\n<\/div><\/div><\/div><!-- close content main div --><\/div><\/div>\n<style type=\"text\/css\" data-created_by=\"avia_inline_auto\" id=\"style-css-av-mhnl3kdc-c42df3c7cd5b1ef457e694d674edb373\">\n.avia-section.av-mhnl3kdc-c42df3c7cd5b1ef457e694d674edb373{\nbackground-color:#0a3087;\nbackground-image:unset;\n}\n<\/style>\n<div id='av_section_1'  class='avia-section av-mhnl3kdc-c42df3c7cd5b1ef457e694d674edb373 main_color avia-section-default avia-no-border-styling  avia-builder-el-7  el_after_av_one_third  el_before_av_one_full  avia-bg-style-scroll container_wrap fullsize'  ><div class='container av-section-cont-open' ><div class='template-page content  av-content-full alpha units'><div class='post-entry post-entry-type-page post-entry-32'><div class='entry-content-wrapper clearfix'>\n<div class='flex_column av-1d7bk-de3cdd37440ec2b03406aeb0798aa994 av_one_half  avia-builder-el-8  el_before_av_one_half  avia-builder-el-first  first flex_column_div '     ><div  class=\"avia-animated-number av-mhonq2fm-ac38da44cbdebcdaff780ec280e4f379 av-force-default-color avia_animate_when_visible  avia-builder-el-9  avia-builder-el-no-sibling  avia-color-font-light \" data-timer=\"3000\"><strong class=\"heading avia-animated-number-title\"><span class='avia-animated-number-icon av-icon-before-number av-icon-char' aria-hidden='true' data-av_icon='\ue8c9' data-av_iconfont='entypo-fontello'><\/span><span class=\"avia-single-number __av-single-number\" data-number_format=\" \" data-number=\"375\" data-start_from=\"0\">375<\/span><\/strong><div class=\"avia-animated-number-content\"><p>Juridiske fakultet<\/p>\n<\/div><\/div><\/div><div class='flex_column av-11lt0-0f5ada58ff439de07756f8fb9ecc19a0 av_one_half  avia-builder-el-10  el_after_av_one_half  avia-builder-el-last  flex_column_div '     ><div  class=\"avia-animated-number av-mhonqokj-7261e93d0550027fc7cff0d18203a435 av-force-default-color avia_animate_when_visible  avia-builder-el-11  avia-builder-el-no-sibling  avia-color-font-light \" data-timer=\"3000\"><strong class=\"heading avia-animated-number-title\"><span class='avia-animated-number-icon av-icon-before-number av-icon-char' aria-hidden='true' data-av_icon='\ue80a' data-av_iconfont='entypo-fontello'><\/span><span class=\"avia-single-number __av-single-number\" data-number_format=\" \" data-number=\"65000\" data-start_from=\"0\">65000<\/span><\/strong><div class=\"avia-animated-number-content\"><p>ELSA-medlemmer globalt<\/p>\n<\/div><\/div><\/div>\n<\/div><\/div><\/div><!-- close content main div --><\/div><\/div><div id='after_section_1'  class='main_color av_default_container_wrap container_wrap fullsize'  ><div class='container av-section-cont-open' ><div class='template-page content  av-content-full alpha units'><div class='post-entry post-entry-type-page post-entry-32'><div class='entry-content-wrapper clearfix'>\n<div class='flex_column av-av_one_full-7714eba142aeda1f8b5272a3c372b279 av_one_full  avia-builder-el-12  el_after_av_section  avia-builder-el-no-sibling  first flex_column_div '     ><div  data-slideshow-options=\"{&quot;animation&quot;:&quot;fade&quot;,&quot;autoplay&quot;:false,&quot;loop_autoplay&quot;:&quot;once&quot;,&quot;interval&quot;:&quot;5&quot;,&quot;loop_manual&quot;:&quot;manual-endless&quot;,&quot;autoplay_stopper&quot;:false,&quot;noNavigation&quot;:false,&quot;show_slide_delay&quot;:90}\" class='avia-content-slider avia-content-slider-active avia-content-slider1 avia-content-slider-odd  avia-builder-el-13  avia-builder-el-no-sibling  av-slideshow-ui av-control-default   av-no-slider-navigation av-slideshow-manual av-loop-once av-loop-manual-endless '  itemscope=\"itemscope\" itemtype=\"https:\/\/schema.org\/Blog\" ><div class=\"avia-content-slider-inner\"><div class=\"slide-entry-wrap\"><article class='slide-entry flex_column  post-entry post-entry-229 slide-entry-overview slide-loop-1 slide-parity-odd  av_one_third first real-thumbnail post-format-standard'  itemscope=\"itemscope\" itemtype=\"https:\/\/schema.org\/CreativeWork\" ><a href='https:\/\/elsa.no\/kristiansand\/2026\/04\/27\/bli-en-del-av-styret-2026-2027\/' data-rel='slide-1' class='slide-image' title='Bli en del av styret 2026\/2027!'><img decoding=\"async\" width=\"495\" height=\"400\" src=\"https:\/\/elsa.no\/kristiansand\/files\/2025\/11\/Styret-495x400.jpg\" class=\"wp-image-128 avia-img-lazy-loading-not-128 attachment-portfolio size-portfolio wp-post-image\" alt=\"\" srcset=\"https:\/\/elsa.no\/kristiansand\/files\/2025\/11\/Styret-495x400.jpg 495w, https:\/\/elsa.no\/kristiansand\/files\/2025\/11\/Styret-845x684.jpg 845w\" sizes=\"(max-width: 495px) 100vw, 495px\" \/><\/a><div class=\"slide-content\"><header class=\"entry-content-header\"><h3 class='slide-entry-title entry-title '  itemprop=\"headline\" ><a href='https:\/\/elsa.no\/kristiansand\/2026\/04\/27\/bli-en-del-av-styret-2026-2027\/' title='Bli en del av styret 2026\/2027!'>Bli en del av styret 2026\/2027!<\/a><\/h3><span class=\"av-vertical-delimiter\"><\/span><\/header><div class=\"slide-meta\"><div class=\"slide-meta-comments\"><a href='https:\/\/elsa.no\/kristiansand\/2026\/04\/27\/bli-en-del-av-styret-2026-2027\/#respond'>0 Comments<\/a><\/div><div class=\"slide-meta-del\">\/<\/div><time class='slide-meta-time updated'  itemprop=\"datePublished\" datetime=\"2026-04-27T09:54:56+00:00\" >April 27, 2026<\/time><\/div><div class='slide-entry-excerpt entry-content'  itemprop=\"text\" >\r\n\r\n\r\n\r\n\r\n\r\n\r\n\r\n<\/div><\/div><footer class=\"entry-footer\"><\/footer><span class='hidden'>\n\t\t\t\t<span class='av-structured-data'  itemprop=\"image\" itemscope=\"itemscope\" itemtype=\"https:\/\/schema.org\/ImageObject\" >\n\t\t\t\t\t\t<span itemprop='url'>https:\/\/elsa.no\/kristiansand\/files\/2025\/11\/Styret.jpg<\/span>\n\t\t\t\t\t\t<span itemprop='height'>1350<\/span>\n\t\t\t\t\t\t<span itemprop='width'>1080<\/span>\n\t\t\t\t<\/span>\n\t\t\t\t<span class='av-structured-data'  itemprop=\"publisher\" itemtype=\"https:\/\/schema.org\/Organization\" itemscope=\"itemscope\" >\n\t\t\t\t\t\t<span itemprop='name'>elsakristiansand<\/span>\n\t\t\t\t\t\t<span itemprop='logo' itemscope itemtype='https:\/\/schema.org\/ImageObject'>\n\t\t\t\t\t\t\t<span itemprop='url'>http:\/\/elsa.no\/kristiansand\/files\/2025\/11\/Untitled-design-300x138.jpg<\/span>\n\t\t\t\t\t\t <\/span>\n\t\t\t\t<\/span><span class='av-structured-data'  itemprop=\"author\" itemscope=\"itemscope\" itemtype=\"https:\/\/schema.org\/Person\" ><span itemprop='name'>elsakristiansand<\/span><\/span><span class='av-structured-data'  itemprop=\"datePublished\" datetime=\"2025-11-07T09:36:34+00:00\" >2026-04-27 09:54:56<\/span><span class='av-structured-data'  itemprop=\"dateModified\" itemtype=\"https:\/\/schema.org\/dateModified\" >2026-04-27 09:54:56<\/span><span class='av-structured-data'  itemprop=\"mainEntityOfPage\" itemtype=\"https:\/\/schema.org\/mainEntityOfPage\" ><span itemprop='name'>Bli en del av styret 2026\/2027!<\/span><\/span><\/span><\/article><article class='slide-entry flex_column  post-entry post-entry-212 slide-entry-overview slide-loop-2 slide-parity-even  av_one_third  real-thumbnail post-format-standard'  itemscope=\"itemscope\" itemtype=\"https:\/\/schema.org\/CreativeWork\" ><a href='https:\/\/elsa.no\/kristiansand\/2026\/03\/07\/forhandlingskonkurransen-2026\/' data-rel='slide-1' class='slide-image' title='Forhandlingskonkurransen 2026'><img decoding=\"async\" width=\"495\" height=\"400\" src=\"https:\/\/elsa.no\/kristiansand\/files\/2026\/03\/Forhandlingskonkurranse-varen-2026-495x400.png\" class=\"wp-image-215 avia-img-lazy-loading-not-215 attachment-portfolio size-portfolio wp-post-image\" alt=\"\" srcset=\"https:\/\/elsa.no\/kristiansand\/files\/2026\/03\/Forhandlingskonkurranse-varen-2026-495x400.png 495w, https:\/\/elsa.no\/kristiansand\/files\/2026\/03\/Forhandlingskonkurranse-varen-2026-845x684.png 845w\" sizes=\"(max-width: 495px) 100vw, 495px\" \/><\/a><div class=\"slide-content\"><header class=\"entry-content-header\"><h3 class='slide-entry-title entry-title '  itemprop=\"headline\" ><a href='https:\/\/elsa.no\/kristiansand\/2026\/03\/07\/forhandlingskonkurransen-2026\/' title='Forhandlingskonkurransen 2026'>Forhandlingskonkurransen 2026<\/a><\/h3><span class=\"av-vertical-delimiter\"><\/span><\/header><\/div><footer class=\"entry-footer\"><\/footer><span class='hidden'>\n\t\t\t\t<span class='av-structured-data'  itemprop=\"image\" itemscope=\"itemscope\" itemtype=\"https:\/\/schema.org\/ImageObject\" >\n\t\t\t\t\t\t<span itemprop='url'>https:\/\/elsa.no\/kristiansand\/files\/2026\/03\/Forhandlingskonkurranse-varen-2026.png<\/span>\n\t\t\t\t\t\t<span itemprop='height'>1350<\/span>\n\t\t\t\t\t\t<span itemprop='width'>1080<\/span>\n\t\t\t\t<\/span>\n\t\t\t\t<span class='av-structured-data'  itemprop=\"publisher\" itemtype=\"https:\/\/schema.org\/Organization\" itemscope=\"itemscope\" >\n\t\t\t\t\t\t<span itemprop='name'>elsakristiansand<\/span>\n\t\t\t\t\t\t<span itemprop='logo' itemscope itemtype='https:\/\/schema.org\/ImageObject'>\n\t\t\t\t\t\t\t<span itemprop='url'>http:\/\/elsa.no\/kristiansand\/files\/2025\/11\/Untitled-design-300x138.jpg<\/span>\n\t\t\t\t\t\t <\/span>\n\t\t\t\t<\/span><span class='av-structured-data'  itemprop=\"author\" itemscope=\"itemscope\" itemtype=\"https:\/\/schema.org\/Person\" ><span itemprop='name'>elsakristiansand<\/span><\/span><span class='av-structured-data'  itemprop=\"datePublished\" datetime=\"2025-11-07T09:36:34+00:00\" >2026-03-07 14:07:17<\/span><span class='av-structured-data'  itemprop=\"dateModified\" itemtype=\"https:\/\/schema.org\/dateModified\" >2026-03-07 14:15:45<\/span><span class='av-structured-data'  itemprop=\"mainEntityOfPage\" itemtype=\"https:\/\/schema.org\/mainEntityOfPage\" ><span itemprop='name'>Forhandlingskonkurransen 2026<\/span><\/span><\/span><\/article><article class='slide-entry flex_column  post-entry post-entry-134 slide-entry-overview slide-loop-3 slide-parity-odd  av_one_third  real-thumbnail post-format-standard'  itemscope=\"itemscope\" itemtype=\"https:\/\/schema.org\/CreativeWork\" ><a href='https:\/\/elsa.no\/kristiansand\/2025\/11\/11\/generalforsamling-hosten-2025\/' data-rel='slide-1' class='slide-image' title='Generalforsamling h\u00f8sten 2025'><img decoding=\"async\" width=\"495\" height=\"400\" src=\"https:\/\/elsa.no\/kristiansand\/files\/2025\/11\/GF-bilde-495x400.jpg\" class=\"wp-image-135 avia-img-lazy-loading-not-135 attachment-portfolio size-portfolio wp-post-image\" alt=\"\" \/><\/a><div class=\"slide-content\"><header class=\"entry-content-header\"><h3 class='slide-entry-title entry-title '  itemprop=\"headline\" ><a href='https:\/\/elsa.no\/kristiansand\/2025\/11\/11\/generalforsamling-hosten-2025\/' title='Generalforsamling h\u00f8sten 2025'>Generalforsamling h\u00f8sten 2025<\/a><\/h3><span class=\"av-vertical-delimiter\"><\/span><\/header><\/div><footer class=\"entry-footer\"><\/footer><span class='hidden'>\n\t\t\t\t<span class='av-structured-data'  itemprop=\"image\" itemscope=\"itemscope\" itemtype=\"https:\/\/schema.org\/ImageObject\" >\n\t\t\t\t\t\t<span itemprop='url'>https:\/\/elsa.no\/kristiansand\/files\/2025\/11\/GF-bilde.jpg<\/span>\n\t\t\t\t\t\t<span itemprop='height'>630<\/span>\n\t\t\t\t\t\t<span itemprop='width'>1200<\/span>\n\t\t\t\t<\/span>\n\t\t\t\t<span class='av-structured-data'  itemprop=\"publisher\" itemtype=\"https:\/\/schema.org\/Organization\" itemscope=\"itemscope\" >\n\t\t\t\t\t\t<span itemprop='name'>elsakristiansand<\/span>\n\t\t\t\t\t\t<span itemprop='logo' itemscope itemtype='https:\/\/schema.org\/ImageObject'>\n\t\t\t\t\t\t\t<span itemprop='url'>http:\/\/elsa.no\/kristiansand\/files\/2025\/11\/Untitled-design-300x138.jpg<\/span>\n\t\t\t\t\t\t <\/span>\n\t\t\t\t<\/span><span class='av-structured-data'  itemprop=\"author\" itemscope=\"itemscope\" itemtype=\"https:\/\/schema.org\/Person\" ><span itemprop='name'>elsakristiansand<\/span><\/span><span class='av-structured-data'  itemprop=\"datePublished\" datetime=\"2025-11-07T09:36:34+00:00\" >2025-11-11 14:49:15<\/span><span class='av-structured-data'  itemprop=\"dateModified\" itemtype=\"https:\/\/schema.org\/dateModified\" >2025-11-11 14:49:15<\/span><span class='av-structured-data'  itemprop=\"mainEntityOfPage\" itemtype=\"https:\/\/schema.org\/mainEntityOfPage\" ><span itemprop='name'>Generalforsamling h\u00f8sten 2025<\/span><\/span><\/span><\/article><\/div><div class=\"slide-entry-wrap\"><article class='slide-entry flex_column  post-entry post-entry-127 slide-entry-overview slide-loop-4 slide-parity-odd  post-entry-last  av_one_third first real-thumbnail post-format-standard'  itemscope=\"itemscope\" itemtype=\"https:\/\/schema.org\/CreativeWork\" ><a href='https:\/\/elsa.no\/kristiansand\/2025\/11\/11\/styret-i-elsa-kristiansand\/' data-rel='slide-1' class='slide-image' title='Styret i ELSA Kristiansand 2025\/2026'><img decoding=\"async\" width=\"495\" height=\"400\" src=\"https:\/\/elsa.no\/kristiansand\/files\/2025\/11\/Styret-495x400.jpg\" class=\"wp-image-128 avia-img-lazy-loading-not-128 attachment-portfolio size-portfolio wp-post-image\" alt=\"\" srcset=\"https:\/\/elsa.no\/kristiansand\/files\/2025\/11\/Styret-495x400.jpg 495w, https:\/\/elsa.no\/kristiansand\/files\/2025\/11\/Styret-845x684.jpg 845w\" sizes=\"(max-width: 495px) 100vw, 495px\" \/><\/a><div class=\"slide-content\"><header class=\"entry-content-header\"><h3 class='slide-entry-title entry-title '  itemprop=\"headline\" ><a href='https:\/\/elsa.no\/kristiansand\/2025\/11\/11\/styret-i-elsa-kristiansand\/' title='Styret i ELSA Kristiansand 2025\/2026'>Styret i ELSA Kristiansand 2025\/2026<\/a><\/h3><span class=\"av-vertical-delimiter\"><\/span><\/header><\/div><footer class=\"entry-footer\"><\/footer><span class='hidden'>\n\t\t\t\t<span class='av-structured-data'  itemprop=\"image\" itemscope=\"itemscope\" itemtype=\"https:\/\/schema.org\/ImageObject\" >\n\t\t\t\t\t\t<span itemprop='url'>https:\/\/elsa.no\/kristiansand\/files\/2025\/11\/Styret.jpg<\/span>\n\t\t\t\t\t\t<span itemprop='height'>1350<\/span>\n\t\t\t\t\t\t<span itemprop='width'>1080<\/span>\n\t\t\t\t<\/span>\n\t\t\t\t<span class='av-structured-data'  itemprop=\"publisher\" itemtype=\"https:\/\/schema.org\/Organization\" itemscope=\"itemscope\" >\n\t\t\t\t\t\t<span itemprop='name'>elsakristiansand<\/span>\n\t\t\t\t\t\t<span itemprop='logo' itemscope itemtype='https:\/\/schema.org\/ImageObject'>\n\t\t\t\t\t\t\t<span itemprop='url'>http:\/\/elsa.no\/kristiansand\/files\/2025\/11\/Untitled-design-300x138.jpg<\/span>\n\t\t\t\t\t\t <\/span>\n\t\t\t\t<\/span><span class='av-structured-data'  itemprop=\"author\" itemscope=\"itemscope\" itemtype=\"https:\/\/schema.org\/Person\" ><span itemprop='name'>elsakristiansand<\/span><\/span><span class='av-structured-data'  itemprop=\"datePublished\" datetime=\"2025-11-07T09:36:34+00:00\" >2025-11-11 14:46:51<\/span><span class='av-structured-data'  itemprop=\"dateModified\" itemtype=\"https:\/\/schema.org\/dateModified\" >2026-03-19 23:47:56<\/span><span class='av-structured-data'  itemprop=\"mainEntityOfPage\" itemtype=\"https:\/\/schema.org\/mainEntityOfPage\" ><span itemprop='name'>Styret i ELSA Kristiansand 2025\/2026<\/span><\/span><\/span><\/article><\/div><\/div><div class='avia-slideshow-arrows avia-slideshow-controls' ><a href='#prev' class='prev-slide ' aria-hidden='true' data-av_icon='\ue87c' data-av_iconfont='entypo-fontello'  tabindex='-1'>Previous<\/a><a href='#next' class='next-slide ' aria-hidden='true' data-av_icon='\ue87d' data-av_iconfont='entypo-fontello'  tabindex='-1'>Next<\/a><\/div><\/div><\/div>\n","protected":false},"excerpt":{"rendered":"","protected":false},"author":1,"featured_media":0,"parent":0,"menu_order":0,"comment_status":"closed","ping_status":"closed","template":"","meta":{"footnotes":""},"class_list":["post-32","page","type-page","status-publish","hentry"],"yoast_head":"<!-- This site is optimized with the Yoast SEO plugin v27.6 - https:\/\/yoast.com\/product\/yoast-seo-wordpress\/ -->\n<title>Forside - ELSA Kristiansand<\/title>\n<meta name=\"robots\" content=\"index, follow, max-snippet:-1, max-image-preview:large, max-video-preview:-1\" \/>\n<link rel=\"canonical\" href=\"https:\/\/elsa.no\/kristiansand\/forside\/\" \/>\n<meta property=\"og:locale\" content=\"en_US\" \/>\n<meta property=\"og:type\" content=\"article\" \/>\n<meta property=\"og:title\" content=\"Forside - ELSA Kristiansand\" \/>\n<meta property=\"og:url\" content=\"https:\/\/elsa.no\/kristiansand\/forside\/\" \/>\n<meta property=\"og:site_name\" content=\"ELSA Kristiansand\" \/>\n<meta property=\"article:modified_time\" content=\"2026-03-07T14:12:41+00:00\" \/>\n<meta name=\"twitter:card\" content=\"summary_large_image\" \/>\n<meta name=\"twitter:label1\" content=\"Est. reading time\" \/>\n\t<meta name=\"twitter:data1\" content=\"2 minutes\" \/>\n<script type=\"application\/ld+json\" class=\"yoast-schema-graph\">{\"@context\":\"https:\\\/\\\/schema.org\",\"@graph\":[{\"@type\":\"WebPage\",\"@id\":\"https:\\\/\\\/elsa.no\\\/kristiansand\\\/forside\\\/\",\"url\":\"https:\\\/\\\/elsa.no\\\/kristiansand\\\/forside\\\/\",\"name\":\"Forside - ELSA Kristiansand\",\"isPartOf\":{\"@id\":\"https:\\\/\\\/elsa.no\\\/kristiansand\\\/#website\"},\"datePublished\":\"2025-11-07T09:36:34+00:00\",\"dateModified\":\"2026-03-07T14:12:41+00:00\",\"breadcrumb\":{\"@id\":\"https:\\\/\\\/elsa.no\\\/kristiansand\\\/forside\\\/#breadcrumb\"},\"inLanguage\":\"en-US\",\"potentialAction\":[{\"@type\":\"ReadAction\",\"target\":[\"https:\\\/\\\/elsa.no\\\/kristiansand\\\/forside\\\/\"]}]},{\"@type\":\"BreadcrumbList\",\"@id\":\"https:\\\/\\\/elsa.no\\\/kristiansand\\\/forside\\\/#breadcrumb\",\"itemListElement\":[{\"@type\":\"ListItem\",\"position\":1,\"name\":\"Home\",\"item\":\"https:\\\/\\\/elsa.no\\\/kristiansand\\\/forside\\\/\"},{\"@type\":\"ListItem\",\"position\":2,\"name\":\"Forside\"}]},{\"@type\":\"WebSite\",\"@id\":\"https:\\\/\\\/elsa.no\\\/kristiansand\\\/#website\",\"url\":\"https:\\\/\\\/elsa.no\\\/kristiansand\\\/\",\"name\":\"ELSA Kristiansand\",\"description\":\"European Law Students&#039; Association Kristiansand\",\"potentialAction\":[{\"@type\":\"SearchAction\",\"target\":{\"@type\":\"EntryPoint\",\"urlTemplate\":\"https:\\\/\\\/elsa.no\\\/kristiansand\\\/?s={search_term_string}\"},\"query-input\":{\"@type\":\"PropertyValueSpecification\",\"valueRequired\":true,\"valueName\":\"search_term_string\"}}],\"inLanguage\":\"en-US\"}]}<\/script>\n<!-- \/ Yoast SEO plugin. -->","yoast_head_json":{"title":"Forside - ELSA Kristiansand","robots":{"index":"index","follow":"follow","max-snippet":"max-snippet:-1","max-image-preview":"max-image-preview:large","max-video-preview":"max-video-preview:-1"},"canonical":"https:\/\/elsa.no\/kristiansand\/forside\/","og_locale":"en_US","og_type":"article","og_title":"Forside - ELSA Kristiansand","og_url":"https:\/\/elsa.no\/kristiansand\/forside\/","og_site_name":"ELSA Kristiansand","article_modified_time":"2026-03-07T14:12:41+00:00","twitter_card":"summary_large_image","twitter_misc":{"Est. reading time":"2 minutes"},"schema":{"@context":"https:\/\/schema.org","@graph":[{"@type":"WebPage","@id":"https:\/\/elsa.no\/kristiansand\/forside\/","url":"https:\/\/elsa.no\/kristiansand\/forside\/","name":"Forside - ELSA Kristiansand","isPartOf":{"@id":"https:\/\/elsa.no\/kristiansand\/#website"},"datePublished":"2025-11-07T09:36:34+00:00","dateModified":"2026-03-07T14:12:41+00:00","breadcrumb":{"@id":"https:\/\/elsa.no\/kristiansand\/forside\/#breadcrumb"},"inLanguage":"en-US","potentialAction":[{"@type":"ReadAction","target":["https:\/\/elsa.no\/kristiansand\/forside\/"]}]},{"@type":"BreadcrumbList","@id":"https:\/\/elsa.no\/kristiansand\/forside\/#breadcrumb","itemListElement":[{"@type":"ListItem","position":1,"name":"Home","item":"https:\/\/elsa.no\/kristiansand\/forside\/"},{"@type":"ListItem","position":2,"name":"Forside"}]},{"@type":"WebSite","@id":"https:\/\/elsa.no\/kristiansand\/#website","url":"https:\/\/elsa.no\/kristiansand\/","name":"ELSA Kristiansand","description":"European Law Students&#039; Association Kristiansand","potentialAction":[{"@type":"SearchAction","target":{"@type":"EntryPoint","urlTemplate":"https:\/\/elsa.no\/kristiansand\/?s={search_term_string}"},"query-input":{"@type":"PropertyValueSpecification","valueRequired":true,"valueName":"search_term_string"}}],"inLanguage":"en-US"}]}},"jetpack_sharing_enabled":true,"_links":{"self":[{"href":"https:\/\/elsa.no\/kristiansand\/wp-json\/wp\/v2\/pages\/32","targetHints":{"allow":["GET"]}}],"collection":[{"href":"https:\/\/elsa.no\/kristiansand\/wp-json\/wp\/v2\/pages"}],"about":[{"href":"https:\/\/elsa.no\/kristiansand\/wp-json\/wp\/v2\/types\/page"}],"author":[{"embeddable":true,"href":"https:\/\/elsa.no\/kristiansand\/wp-json\/wp\/v2\/users\/1"}],"replies":[{"embeddable":true,"href":"https:\/\/elsa.no\/kristiansand\/wp-json\/wp\/v2\/comments?post=32"}],"version-history":[{"count":23,"href":"https:\/\/elsa.no\/kristiansand\/wp-json\/wp\/v2\/pages\/32\/revisions"}],"predecessor-version":[{"id":219,"href":"https:\/\/elsa.no\/kristiansand\/wp-json\/wp\/v2\/pages\/32\/revisions\/219"}],"wp:attachment":[{"href":"https:\/\/elsa.no\/kristiansand\/wp-json\/wp\/v2\/media?parent=32"}],"curies":[{"name":"wp","href":"https:\/\/api.w.org\/{rel}","templated":true}]}}