{"id":174,"date":"2025-11-23T20:24:15","date_gmt":"2025-11-23T20:24:15","guid":{"rendered":"https:\/\/elsa.no\/kristiansand\/?page_id=174"},"modified":"2025-11-28T22:54:54","modified_gmt":"2025-11-28T22:54:54","slug":"aktiviteter","status":"publish","type":"page","link":"https:\/\/elsa.no\/kristiansand\/aktiviteter\/","title":{"rendered":"Aktiviteter"},"content":{"rendered":"\n<style type=\"text\/css\" data-created_by=\"avia_inline_auto\" id=\"style-css-av-mijfubxk-d1525b6457c97039130c6a48af2f3b84\">\n#top .av_textblock_section.av-mijfubxk-d1525b6457c97039130c6a48af2f3b84 .avia_textblock{\nfont-size:20px;\n}\n<\/style>\n<section  class='av_textblock_section av-mijfubxk-d1525b6457c97039130c6a48af2f3b84'  itemscope=\"itemscope\" itemtype=\"https:\/\/schema.org\/CreativeWork\" ><div class='avia_textblock'  itemprop=\"text\" ><p><strong>Utforsk ELSAs aktiviteter ved \u00e5 klikke p\u00e5 en av undersidene.<\/strong><\/p>\n<\/div><\/section>\n<section  class='av_textblock_section av-mijgiovl-435ea3cfef887106b95653a922eebf19'  itemscope=\"itemscope\" itemtype=\"https:\/\/schema.org\/CreativeWork\" ><div class='avia_textblock'  itemprop=\"text\" ><p><strong>Vi legger stadig ut informasjon om v\u00e5re aktiviteter s\u00e5 f\u00f8lg med for mer spennende innhold!<\/strong><\/p>\n<p><strong>Informasjonen vil gi deg innsikt i ELSA som organisasjon og hvordan du kan engasjere deg.<\/strong><\/p>\n<\/div><\/section>\n","protected":false},"excerpt":{"rendered":"","protected":false},"author":26,"featured_media":0,"parent":0,"menu_order":0,"comment_status":"closed","ping_status":"closed","template":"","meta":{"footnotes":""},"class_list":["post-174","page","type-page","status-publish","hentry"],"yoast_head":"<!-- This site is optimized with the Yoast SEO plugin v27.5 - https:\/\/yoast.com\/product\/yoast-seo-wordpress\/ -->\n<title>Aktiviteter - ELSA Kristiansand<\/title>\n<meta name=\"robots\" content=\"index, follow, max-snippet:-1, max-image-preview:large, max-video-preview:-1\" \/>\n<link rel=\"canonical\" href=\"https:\/\/elsa.no\/kristiansand\/aktiviteter\/\" \/>\n<meta property=\"og:locale\" content=\"en_US\" \/>\n<meta property=\"og:type\" content=\"article\" \/>\n<meta property=\"og:title\" content=\"Aktiviteter - ELSA Kristiansand\" \/>\n<meta property=\"og:url\" content=\"https:\/\/elsa.no\/kristiansand\/aktiviteter\/\" \/>\n<meta property=\"og:site_name\" content=\"ELSA Kristiansand\" \/>\n<meta property=\"article:modified_time\" content=\"2025-11-28T22:54:54+00:00\" \/>\n<meta name=\"twitter:card\" content=\"summary_large_image\" \/>\n<meta name=\"twitter:label1\" content=\"Est. reading time\" \/>\n\t<meta name=\"twitter:data1\" content=\"1 minute\" \/>\n<script type=\"application\/ld+json\" class=\"yoast-schema-graph\">{\"@context\":\"https:\\\/\\\/schema.org\",\"@graph\":[{\"@type\":\"WebPage\",\"@id\":\"https:\\\/\\\/elsa.no\\\/kristiansand\\\/aktiviteter\\\/\",\"url\":\"https:\\\/\\\/elsa.no\\\/kristiansand\\\/aktiviteter\\\/\",\"name\":\"Aktiviteter - ELSA Kristiansand\",\"isPartOf\":{\"@id\":\"https:\\\/\\\/elsa.no\\\/kristiansand\\\/#website\"},\"datePublished\":\"2025-11-23T20:24:15+00:00\",\"dateModified\":\"2025-11-28T22:54:54+00:00\",\"breadcrumb\":{\"@id\":\"https:\\\/\\\/elsa.no\\\/kristiansand\\\/aktiviteter\\\/#breadcrumb\"},\"inLanguage\":\"en-US\",\"potentialAction\":[{\"@type\":\"ReadAction\",\"target\":[\"https:\\\/\\\/elsa.no\\\/kristiansand\\\/aktiviteter\\\/\"]}]},{\"@type\":\"BreadcrumbList\",\"@id\":\"https:\\\/\\\/elsa.no\\\/kristiansand\\\/aktiviteter\\\/#breadcrumb\",\"itemListElement\":[{\"@type\":\"ListItem\",\"position\":1,\"name\":\"Home\",\"item\":\"https:\\\/\\\/elsa.no\\\/kristiansand\\\/forside\\\/\"},{\"@type\":\"ListItem\",\"position\":2,\"name\":\"Aktiviteter\"}]},{\"@type\":\"WebSite\",\"@id\":\"https:\\\/\\\/elsa.no\\\/kristiansand\\\/#website\",\"url\":\"https:\\\/\\\/elsa.no\\\/kristiansand\\\/\",\"name\":\"ELSA Kristiansand\",\"description\":\"European Law Students&#039; Association Kristiansand\",\"potentialAction\":[{\"@type\":\"SearchAction\",\"target\":{\"@type\":\"EntryPoint\",\"urlTemplate\":\"https:\\\/\\\/elsa.no\\\/kristiansand\\\/?s={search_term_string}\"},\"query-input\":{\"@type\":\"PropertyValueSpecification\",\"valueRequired\":true,\"valueName\":\"search_term_string\"}}],\"inLanguage\":\"en-US\"}]}<\/script>\n<!-- \/ Yoast SEO plugin. -->","yoast_head_json":{"title":"Aktiviteter - ELSA Kristiansand","robots":{"index":"index","follow":"follow","max-snippet":"max-snippet:-1","max-image-preview":"max-image-preview:large","max-video-preview":"max-video-preview:-1"},"canonical":"https:\/\/elsa.no\/kristiansand\/aktiviteter\/","og_locale":"en_US","og_type":"article","og_title":"Aktiviteter - ELSA Kristiansand","og_url":"https:\/\/elsa.no\/kristiansand\/aktiviteter\/","og_site_name":"ELSA Kristiansand","article_modified_time":"2025-11-28T22:54:54+00:00","twitter_card":"summary_large_image","twitter_misc":{"Est. reading time":"1 minute"},"schema":{"@context":"https:\/\/schema.org","@graph":[{"@type":"WebPage","@id":"https:\/\/elsa.no\/kristiansand\/aktiviteter\/","url":"https:\/\/elsa.no\/kristiansand\/aktiviteter\/","name":"Aktiviteter - ELSA Kristiansand","isPartOf":{"@id":"https:\/\/elsa.no\/kristiansand\/#website"},"datePublished":"2025-11-23T20:24:15+00:00","dateModified":"2025-11-28T22:54:54+00:00","breadcrumb":{"@id":"https:\/\/elsa.no\/kristiansand\/aktiviteter\/#breadcrumb"},"inLanguage":"en-US","potentialAction":[{"@type":"ReadAction","target":["https:\/\/elsa.no\/kristiansand\/aktiviteter\/"]}]},{"@type":"BreadcrumbList","@id":"https:\/\/elsa.no\/kristiansand\/aktiviteter\/#breadcrumb","itemListElement":[{"@type":"ListItem","position":1,"name":"Home","item":"https:\/\/elsa.no\/kristiansand\/forside\/"},{"@type":"ListItem","position":2,"name":"Aktiviteter"}]},{"@type":"WebSite","@id":"https:\/\/elsa.no\/kristiansand\/#website","url":"https:\/\/elsa.no\/kristiansand\/","name":"ELSA Kristiansand","description":"European Law Students&#039; Association Kristiansand","potentialAction":[{"@type":"SearchAction","target":{"@type":"EntryPoint","urlTemplate":"https:\/\/elsa.no\/kristiansand\/?s={search_term_string}"},"query-input":{"@type":"PropertyValueSpecification","valueRequired":true,"valueName":"search_term_string"}}],"inLanguage":"en-US"}]}},"jetpack_sharing_enabled":true,"_links":{"self":[{"href":"https:\/\/elsa.no\/kristiansand\/wp-json\/wp\/v2\/pages\/174","targetHints":{"allow":["GET"]}}],"collection":[{"href":"https:\/\/elsa.no\/kristiansand\/wp-json\/wp\/v2\/pages"}],"about":[{"href":"https:\/\/elsa.no\/kristiansand\/wp-json\/wp\/v2\/types\/page"}],"author":[{"embeddable":true,"href":"https:\/\/elsa.no\/kristiansand\/wp-json\/wp\/v2\/users\/26"}],"replies":[{"embeddable":true,"href":"https:\/\/elsa.no\/kristiansand\/wp-json\/wp\/v2\/comments?post=174"}],"version-history":[{"count":4,"href":"https:\/\/elsa.no\/kristiansand\/wp-json\/wp\/v2\/pages\/174\/revisions"}],"predecessor-version":[{"id":193,"href":"https:\/\/elsa.no\/kristiansand\/wp-json\/wp\/v2\/pages\/174\/revisions\/193"}],"wp:attachment":[{"href":"https:\/\/elsa.no\/kristiansand\/wp-json\/wp\/v2\/media?parent=174"}],"curies":[{"name":"wp","href":"https:\/\/api.w.org\/{rel}","templated":true}]}}