{"id":62,"date":"2012-09-17T17:49:32","date_gmt":"2012-09-17T15:49:32","guid":{"rendered":"http:\/\/elsa.no\/bergen\/?page_id=62"},"modified":"2020-08-19T14:26:03","modified_gmt":"2020-08-19T12:26:03","slug":"kontakt","status":"publish","type":"page","link":"https:\/\/elsa.no\/bergen\/kontakt\/","title":{"rendered":"Kontakt"},"content":{"rendered":"<p>Fyll ut kontaktskjemaet eller send en e-post til <a href=\"&#x6d;&#97;i&#x6c;&#116;o&#x3a;&#115;e&#x63;&#103;e&#x6e;&#46;b&#x65;&#114;g&#x65;&#110;&#64;&#x65;&#108;s&#x61;&#46;n&#x6f;\">se&#99;&#103;&#101;&#x6e;&#x2e;&#x62;&#x65;rg&#101;&#110;&#64;&#x6e;&#x6f;&#x2e;&#x65;ls&#97;&#46;&#111;&#x72;&#x67;<\/a> hvis du har sp\u00f8rsm\u00e5l eller andre henvendelser. Vi vil ta kontakt med deg s\u00e5 fort som mulig. Du kan ogs\u00e5 ta direkte kontakt med de ansvarlige for v\u00e5re ulike undergrupper i oversikten til h\u00f8yre.<\/p>\n\n<div class=\"wpcf7 no-js\" id=\"wpcf7-f55-o1\" lang=\"en-US\" dir=\"ltr\" data-wpcf7-id=\"55\">\n<div class=\"screen-reader-response\"><p role=\"status\" aria-live=\"polite\" aria-atomic=\"true\"><\/p> <ul><\/ul><\/div>\n<form action=\"\/bergen\/wp-json\/wp\/v2\/pages\/62#wpcf7-f55-o1\" method=\"post\" class=\"wpcf7-form init\" aria-label=\"Contact form\" novalidate=\"novalidate\" data-status=\"init\">\n<fieldset class=\"hidden-fields-container\"><input type=\"hidden\" name=\"_wpcf7\" value=\"55\" \/><input type=\"hidden\" name=\"_wpcf7_version\" value=\"6.1.5\" \/><input type=\"hidden\" name=\"_wpcf7_locale\" value=\"en_US\" \/><input type=\"hidden\" name=\"_wpcf7_unit_tag\" value=\"wpcf7-f55-o1\" \/><input type=\"hidden\" name=\"_wpcf7_container_post\" value=\"0\" \/><input type=\"hidden\" name=\"_wpcf7_posted_data_hash\" value=\"\" \/>\n<\/fieldset>\n<p>Ditt navn (obligatorisk)\n<\/p>\n<p><span class=\"wpcf7-form-control-wrap\" data-name=\"your-name\"><input size=\"40\" maxlength=\"400\" class=\"wpcf7-form-control wpcf7-text wpcf7-validates-as-required\" aria-required=\"true\" aria-invalid=\"false\" value=\"\" type=\"text\" name=\"your-name\" \/><\/span>\n<\/p>\n<p>E-post (obligatorisk)\n<\/p>\n<p><span class=\"wpcf7-form-control-wrap\" data-name=\"your-email\"><input size=\"40\" maxlength=\"400\" class=\"wpcf7-form-control wpcf7-email wpcf7-validates-as-required wpcf7-text wpcf7-validates-as-email\" aria-required=\"true\" aria-invalid=\"false\" value=\"\" type=\"email\" name=\"your-email\" \/><\/span>\n<\/p>\n<p>Emne\n<\/p>\n<p><span class=\"wpcf7-form-control-wrap\" data-name=\"your-subject\"><input size=\"40\" maxlength=\"400\" class=\"wpcf7-form-control wpcf7-text\" aria-invalid=\"false\" value=\"\" type=\"text\" name=\"your-subject\" \/><\/span>\n<\/p>\n<p>Melding\n<\/p>\n<p><span class=\"wpcf7-form-control-wrap\" data-name=\"your-message\"><textarea cols=\"40\" rows=\"10\" maxlength=\"2000\" class=\"wpcf7-form-control wpcf7-textarea\" aria-invalid=\"false\" name=\"your-message\"><\/textarea><\/span>\n<\/p>\n<p><input class=\"wpcf7-form-control wpcf7-submit has-spinner\" type=\"submit\" value=\"Send\" \/>\n<\/p><div class=\"wpcf7-response-output\" aria-hidden=\"true\"><\/div>\n<\/form>\n<\/div>\n\n","protected":false},"excerpt":{"rendered":"<p>Fyll ut kontaktskjemaet eller send en e-post til &#115;&#x65;c&#x67;&#x65;&#110;&#x2e;b&#x65;&#x72;&#103;&#x65;n&#x40;&#x6e;&#111;&#x2e;e&#x6c;&#x73;&#97;&#x2e;o&#x72;&#x67; hvis du har sp\u00f8rsm\u00e5l eller andre henvendelser. Vi vil ta kontakt med deg s\u00e5 fort som mulig. Du kan ogs\u00e5 ta direkte kontakt med de ansvarlige for v\u00e5re ulike undergrupper i oversikten til h\u00f8yre.<\/p>\n","protected":false},"author":1,"featured_media":0,"parent":0,"menu_order":0,"comment_status":"closed","ping_status":"closed","template":"","meta":{"footnotes":""},"class_list":["post-62","page","type-page","status-publish","hentry"],"_links":{"self":[{"href":"https:\/\/elsa.no\/bergen\/wp-json\/wp\/v2\/pages\/62","targetHints":{"allow":["GET"]}}],"collection":[{"href":"https:\/\/elsa.no\/bergen\/wp-json\/wp\/v2\/pages"}],"about":[{"href":"https:\/\/elsa.no\/bergen\/wp-json\/wp\/v2\/types\/page"}],"author":[{"embeddable":true,"href":"https:\/\/elsa.no\/bergen\/wp-json\/wp\/v2\/users\/1"}],"replies":[{"embeddable":true,"href":"https:\/\/elsa.no\/bergen\/wp-json\/wp\/v2\/comments?post=62"}],"version-history":[{"count":9,"href":"https:\/\/elsa.no\/bergen\/wp-json\/wp\/v2\/pages\/62\/revisions"}],"predecessor-version":[{"id":3920,"href":"https:\/\/elsa.no\/bergen\/wp-json\/wp\/v2\/pages\/62\/revisions\/3920"}],"wp:attachment":[{"href":"https:\/\/elsa.no\/bergen\/wp-json\/wp\/v2\/media?parent=62"}],"curies":[{"name":"wp","href":"https:\/\/api.w.org\/{rel}","templated":true}]}}