{"id":5045,"date":"2025-01-17T22:13:26","date_gmt":"2025-01-17T21:13:26","guid":{"rendered":"https:\/\/elsa.no\/bergen\/?page_id=5045"},"modified":"2025-09-06T20:12:33","modified_gmt":"2025-09-06T18:12:33","slug":"bli-medlem","status":"publish","type":"page","link":"https:\/\/elsa.no\/bergen\/bli-medlem\/","title":{"rendered":"Bli medlem"},"content":{"rendered":"<div class='flex_column av-4kg16d-baef9a21551216750c9ca29d8b060dc9 av_one_half  avia-builder-el-0  el_before_av_one_half  avia-builder-el-first  first flex_column_div '     ><section  class='av_textblock_section av-m619ehl5-95bb7396418fa0df608b47822573895b'  itemscope=\"itemscope\" itemtype=\"https:\/\/schema.org\/CreativeWork\" ><div class='avia_textblock'  itemprop=\"text\" ><p>ELSA Bergen er under stadig utvikling. Vi trenger flere ambisi\u00f8se og engasjerte studenter til \u00e5 hjelpe til med denne utviklingen.<\/p>\n<p>Som medlem blir du del av et hyggelig og aktivt nettverk p\u00e5 juridisk fakultet i Bergen, med alt vi har \u00e5 tilby av sosiale og akademiske aktiviteter. Du f\u00e5r ogs\u00e5 tilgang til \u00e5 s\u00f8ke p\u00e5 arrangementer ELSA tilbyr nasjonalt og internasjonalt. Du kan dra som <a href=\"http:\/\/elsa.no\/oslo\/sc\/delegations\/\" target=\"_blank\" rel=\"noopener noreferrer\">delegat for ELSA<\/a>\u00a0til diverse internasjonale forum, s\u00f8ke p\u00e5\u00a0<a href=\"http:\/\/elsa.no\/oslo\/sc\/lawschools\/\" target=\"_blank\" rel=\"noopener noreferrer\">juridiske\u00a0sommerskoler<\/a>\u00a0arrangert av ELSA-grupper rundt om i Europa, delta p\u00e5 interne internasjonale m\u00f8ter i ELSA, delta p\u00e5\u00a0<a title=\"ELSA\u00a0Norge p\u00e5 studietur i Azerbaijan\" href=\"http:\/\/elsa.no\/oslo\/2014\/02\/07\/elsa-norge-pa-studietur-i-azerbaijan\/\" target=\"_blank\" rel=\"noopener noreferrer\">internasjonale studieturer<\/a>, s\u00f8ke p\u00e5\u00a0<a title=\"Student Trainee Exchange Programme (STEP)\" href=\"http:\/\/elsa.no\/oslo\/step\/\" target=\"_blank\" rel=\"noopener noreferrer\">traineopphold<\/a>\u00a0i mange ulike land i Europa og delta p\u00e5 ELSA Norges landsm\u00f8te.<\/p>\n<p>Du f\u00e5r ogs\u00e5 tale-, forslags- og stemmerett ved ELSA Bergens generalforsamlinger.<\/p>\n<p><strong>Merk at du m\u00e5 ha studierett ved Det juridiske fakultet i Bergen for \u00e5 bli medlem.\u00a0<\/strong><\/p>\n<p>Ferdig utdannede jurister kan f\u00e5 et personlig medlemskap i ELSA Norway inntil 18 m\u00e5neder etter at de ble ferdig utdannet, dette gj\u00f8res <a href=\"http:\/\/elsa.no\/personlig_medlemskap\/.\">her.<\/a>\u00a0Dette gjelder ogs\u00e5 studenter p\u00e5 3-\u00e5rig jusutdannelse.<\/p>\n<\/div><\/section><\/div>\n<div class='flex_column av-2ee3rp-3702eb3f6d6c8f1a04df141c9f17613c av_one_half  avia-builder-el-2  el_after_av_one_half  avia-builder-el-last  flex_column_div '     ><section  class='av_textblock_section av-m61a62su-36476558221080418bd6bdf1f1335ff7'  itemscope=\"itemscope\" itemtype=\"https:\/\/schema.org\/CreativeWork\" ><div class='avia_textblock'  itemprop=\"text\" ><p>For \u00e5 bli medlem i ELSA Bergen, registrer deg inn her:<\/p>\n<p><a href=\"https:\/\/app.rubic.no\/Account\/signup?organizationID=49790#\/form\/profile\">Medlemskap\/rubic<\/a><\/p>\n<\/div><\/section><\/div>\n","protected":false},"excerpt":{"rendered":"","protected":false},"author":1,"featured_media":0,"parent":0,"menu_order":0,"comment_status":"closed","ping_status":"closed","template":"","meta":{"footnotes":""},"class_list":["post-5045","page","type-page","status-publish","hentry"],"_links":{"self":[{"href":"https:\/\/elsa.no\/bergen\/wp-json\/wp\/v2\/pages\/5045","targetHints":{"allow":["GET"]}}],"collection":[{"href":"https:\/\/elsa.no\/bergen\/wp-json\/wp\/v2\/pages"}],"about":[{"href":"https:\/\/elsa.no\/bergen\/wp-json\/wp\/v2\/types\/page"}],"author":[{"embeddable":true,"href":"https:\/\/elsa.no\/bergen\/wp-json\/wp\/v2\/users\/1"}],"replies":[{"embeddable":true,"href":"https:\/\/elsa.no\/bergen\/wp-json\/wp\/v2\/comments?post=5045"}],"version-history":[{"count":5,"href":"https:\/\/elsa.no\/bergen\/wp-json\/wp\/v2\/pages\/5045\/revisions"}],"predecessor-version":[{"id":5172,"href":"https:\/\/elsa.no\/bergen\/wp-json\/wp\/v2\/pages\/5045\/revisions\/5172"}],"wp:attachment":[{"href":"https:\/\/elsa.no\/bergen\/wp-json\/wp\/v2\/media?parent=5045"}],"curies":[{"name":"wp","href":"https:\/\/api.w.org\/{rel}","templated":true}]}}