{"id":4640,"date":"2022-08-23T21:17:47","date_gmt":"2022-08-23T19:17:47","guid":{"rendered":"https:\/\/elsa.no\/bergen\/?page_id=4640"},"modified":"2022-08-23T21:20:08","modified_gmt":"2022-08-23T19:20:08","slug":"researchgruppen","status":"publish","type":"page","link":"https:\/\/elsa.no\/bergen\/competitions\/academic-activities-aa\/researchgruppen\/","title":{"rendered":"Researchgruppen"},"content":{"rendered":"\n<p>Researchgruppen skriver dybdeartikler om viktige menneskerettighetstemaer. De belyser menneskerettighetsbrudd man ikke h\u00f8rer s\u00e5 mye om i media. Artiklene er ogs\u00e5 spisset inn mot det overordnede menneskerettighetstemaet som blir bestemt av ELSA International hvert \u00e5r. I skole\u00e5ret 2021\/2022 var for eksempel det overordnede temaet personvern og menneskerettigheter. I april 2022 publiserte gruppen en artikkel i skoleavisen Injuria som het \u00abTenker du f\u00f8r du trykker godta?\u00bb som handlet om videresalg av personopplysningsdata p\u00e5 nett.<\/p>\n\n\n\n<p>Gruppen jobber ogs\u00e5 for \u00e5 f\u00e5 p\u00e5 plass en studentdreven podcast om menneskerettigheter.<\/p>\n\n\n\n<p>Se ELSA Bergen p\u00e5 facebook og ELSA Human Rights sin egen instagramkonto elsahumanrights.bergen for jevnlige oppdateringer om Human Rights sitt arbeid og fremtidige arrangementer.<\/p>\n\n\n\n<div style=\"height:50px\" aria-hidden=\"true\" class=\"wp-block-spacer\"><\/div>\n\n\n\n<p><em>English version<\/em><\/p>\n\n\n\n<p>The Research Group writes in-depth articles on important human rights topics. They highlight human rights violations that are not often heard about in the media. The articles are also focused on the overriding human rights topic decided by ELSA International each year. In the school year 2021\/2022, for instance, the overriding topic was privacy in the digital age. I April 2022, the group published an article in the school newspaper <em>Injuria<\/em> titled \u201cDo you think before your press \u201caccept\u201d?\u201d which was about resale of personal data online.<\/p>\n\n\n\n<p>The Research Group is also working to create a student-driven podcast on human rights.<\/p>\n\n\n\n<p>See ELSA Bergen on Facebook and ELSA Human Rights\u2019 own Instagram account elsahumanrights.bergen for regular updates on ELSA Human Rights\u2019 work and future events.<\/p>\n","protected":false},"excerpt":{"rendered":"<p>Researchgruppen skriver dybdeartikler om viktige menneskerettighetstemaer. De belyser menneskerettighetsbrudd man ikke h\u00f8rer s\u00e5 mye om i media. Artiklene er ogs\u00e5 spisset inn mot det overordnede menneskerettighetstemaet som blir bestemt av ELSA International hvert \u00e5r. I skole\u00e5ret 2021\/2022 var for eksempel det overordnede temaet personvern og menneskerettigheter. I april 2022 publiserte gruppen en artikkel i skoleavisen [&hellip;]<\/p>\n","protected":false},"author":12,"featured_media":0,"parent":4238,"menu_order":0,"comment_status":"closed","ping_status":"closed","template":"","meta":{"footnotes":""},"class_list":["post-4640","page","type-page","status-publish","hentry"],"_links":{"self":[{"href":"https:\/\/elsa.no\/bergen\/wp-json\/wp\/v2\/pages\/4640","targetHints":{"allow":["GET"]}}],"collection":[{"href":"https:\/\/elsa.no\/bergen\/wp-json\/wp\/v2\/pages"}],"about":[{"href":"https:\/\/elsa.no\/bergen\/wp-json\/wp\/v2\/types\/page"}],"author":[{"embeddable":true,"href":"https:\/\/elsa.no\/bergen\/wp-json\/wp\/v2\/users\/12"}],"replies":[{"embeddable":true,"href":"https:\/\/elsa.no\/bergen\/wp-json\/wp\/v2\/comments?post=4640"}],"version-history":[{"count":2,"href":"https:\/\/elsa.no\/bergen\/wp-json\/wp\/v2\/pages\/4640\/revisions"}],"predecessor-version":[{"id":4642,"href":"https:\/\/elsa.no\/bergen\/wp-json\/wp\/v2\/pages\/4640\/revisions\/4642"}],"up":[{"embeddable":true,"href":"https:\/\/elsa.no\/bergen\/wp-json\/wp\/v2\/pages\/4238"}],"wp:attachment":[{"href":"https:\/\/elsa.no\/bergen\/wp-json\/wp\/v2\/media?parent=4640"}],"curies":[{"name":"wp","href":"https:\/\/api.w.org\/{rel}","templated":true}]}}