{"id":32,"date":"2012-08-07T21:29:10","date_gmt":"2012-08-07T19:29:10","guid":{"rendered":"http:\/\/elsa.no\/bergen\/?page_id=32"},"modified":"2024-11-02T17:05:14","modified_gmt":"2024-11-02T16:05:14","slug":"pd","status":"publish","type":"page","link":"https:\/\/elsa.no\/bergen\/pd\/","title":{"rendered":"Professional Development (PD)"},"content":{"rendered":"<div class=\"su-box su-box-style-default\" id=\"\" style=\"border-color:#260abd;border-radius:3px;max-width:none\"><div class=\"su-box-title\" style=\"background-color:#593df0;color:#fffeff;border-top-left-radius:1px;border-top-right-radius:1px\">Traineeships v\u00e5ren 2022<\/div><div class=\"su-box-content su-u-clearfix su-u-trim\" style=\"border-bottom-left-radius:1px;border-bottom-right-radius:1px\"><a href=\"https:\/\/elsa.no\/bergen\/files\/2021\/11\/ELSA-Traineeships-V\u00e5r-2022.pdf\">Traineeship-oversikt V22<\/a><\/div><\/div>\n<p><strong>Professional Development<br \/>\n<\/strong>Professional Development er et av fire keyareas i ELSA Bergen som er under gradvis utvikling, og som med tiden vil omfatte flere spennende prosjekter!<\/p>\n<p>Hovedprosjektet under Professional Development er ELSA Traineeships (tidl. STEP).Finn mer informasjon om ELSA Traineeships her (https:\/\/elsa.no\/bergen\/elsa-traineeships\/).\u00a0 Form\u00e5let er \u00e5 gi jusstudenter internasjonal arbeidserfaring ved \u00e5 tilbringe en periode hos en juridisk arbeidsgiver i et annet land. Her vil man f\u00e5 kjennskap til et annet rettssystem og samtidig forbedre sine spr\u00e5klige og profesjonelle ferdigheter. Like viktig er det at man kommer p\u00e5 innsiden av et annet lands kultur ved \u00e5 v\u00e6re en del av hverdagen hos en arbeidsgiver.<\/p>\n<p>Lokale ELSA-grupper i hele Europa samarbeider med ulike juridiske arbeidsgivere og oppretter trainee-stillinger som utelukkende er \u00e5pne for ELSA-medlemmer. Disse trainee-stillingene skreddersys etter arbeidsgivers behov og \u00f8nsker, og hvert traineeship er derfor unikt n\u00e5r det kommer til varighet og arbeidsoppgaver. Oppholdene kan vare mellom to uker og to \u00e5r.<\/p>\n<p>Den lokale ELSA-gruppen f\u00f8lger opp traineen f\u00f8r og under oppholdet ved \u00e5 ordne med bolig og alt annet praktisk, og ved \u00e5 integrere traineen i sosiale aktiviteter.<\/p>\n<p>Her p\u00e5 nettsiden kan du som s\u00f8ker lese mer om hvordan du finner et traineeship som passer for deg,\u00a0<a href=\"https:\/\/elsa.no\/step\/hvordan-soke\/\">hvordan du s\u00f8ker<\/a>, eller lese om\u00a0<a href=\"https:\/\/elsa.no\/step\/reisebrev\/\">tidligere traineers erfaringer<\/a>.<\/p>\n<p>Du er velkommen til \u00e5 ta kontakt med PD-ansvarlig p\u00e5\u00a0<a href=\"&#109;&#x61;&#x69;l&#116;&#x6f;&#x3a;p&#114;&#x6f;f&#101;&#x73;&#x73;i&#111;&#x6e;a&#108;&#x64;&#x65;v&#101;&#x6c;&#x6f;&#112;&#x6d;&#x65;n&#116;&#x2e;&#x62;e&#114;&#x67;e&#110;&#x40;&#x6e;o&#46;&#x65;l&#115;&#x61;&#x2e;o&#114;&#x67;\">&#112;&#x72;&#x6f;f&#101;&#x73;s&#105;&#x6f;&#x6e;a&#108;&#x64;e&#118;&#x65;&#x6c;o&#112;&#x6d;e&#110;&#x74;&#x2e;&#98;&#101;&#x72;g&#101;&#x6e;&#x40;&#110;&#x6f;&#x2e;e&#108;&#x73;a&#46;&#x6f;&#x72;g<\/a> for mer informasjon.<\/p>\n<p><strong>ENGLISH VERSION<\/strong><\/p>\n<p>Professional development is a new key area in ELSA. It is under constant development and will with time consist of many exciting projects!<\/p>\n<p>The main project within the professional development area is ELSA Traineeships (previously named STEP). Find more information about ELSA Traineeships here: <a href=\"https:\/\/elsa.no\/bergen\/elsa-traineeships\/\">https:\/\/elsa.no\/bergen\/elsa-traineeships\/<\/a>. The goal is to give law students international work experience by spending time with a law related employer in other countries. This gives an opportunity to become familiar with a different judicial system, while also improving both language and professional skills. Of equal importance is the insight into a new culture, by being a part of everyday life.<\/p>\n<p>Local ELSA-groups cooperates with a variety of employers across Europe to create traineeships that are exclusively open for ELSA-members. The traineeships are tailored to fit the employers needs and wishes. Therefore, the traineeships have a broad variety regarding both duration and tasks. The traineeships can last between two weeks and two years.<\/p>\n<p>The local ELSA-group will help the trainee both prior and during the visit by fixing housing and other practicalities. The trainee will also be integrated in social activities.<\/p>\n<p>If you wish to apply for a traineeship, you can read more about \u201chow to apply\u201d or \u201cformer trainees experience\u201d on this website.<\/p>\n<p>Do not hesitate to contact the VP Professional Development by mail: <a href=\"&#x6d;&#97;&#105;l&#x74;&#x6f;&#58;p&#x72;&#x6f;&#102;e&#x73;&#x73;&#105;o&#x6e;&#x61;&#108;d&#x65;&#x76;&#101;l&#x6f;&#x70;&#109;&#101;n&#x74;&#x2e;&#98;e&#x72;&#x67;&#101;n&#x40;&#x6e;&#111;&#46;&#x65;&#x6c;&#115;a&#x2e;&#x6f;&#114;g\">&#x70;&#x72;&#x6f;&#x66;&#x65;&#x73;&#x73;&#x69;&#x6f;&#x6e;&#x61;&#x6c;&#x64;&#x65;&#x76;&#x65;&#x6c;&#x6f;&#x70;&#x6d;&#x65;&#x6e;&#116;&#46;&#98;&#101;&#114;&#103;&#101;&#110;&#64;&#110;&#111;&#46;&#101;&#108;&#115;a&#46;org<\/a> if you have further questions.<\/p>\n","protected":false},"excerpt":{"rendered":"<p>Professional Development Professional Development er et av fire keyareas i ELSA Bergen som er under gradvis utvikling, og som med tiden vil omfatte flere spennende prosjekter! Hovedprosjektet under Professional Development er ELSA Traineeships (tidl. STEP).Finn mer informasjon om ELSA Traineeships her (https:\/\/elsa.no\/bergen\/elsa-traineeships\/).\u00a0 Form\u00e5let er \u00e5 gi jusstudenter internasjonal arbeidserfaring ved \u00e5 tilbringe en periode hos [&hellip;]<\/p>\n","protected":false},"author":1,"featured_media":0,"parent":0,"menu_order":0,"comment_status":"closed","ping_status":"closed","template":"","meta":{"footnotes":""},"class_list":["post-32","page","type-page","status-publish","hentry"],"_links":{"self":[{"href":"https:\/\/elsa.no\/bergen\/wp-json\/wp\/v2\/pages\/32","targetHints":{"allow":["GET"]}}],"collection":[{"href":"https:\/\/elsa.no\/bergen\/wp-json\/wp\/v2\/pages"}],"about":[{"href":"https:\/\/elsa.no\/bergen\/wp-json\/wp\/v2\/types\/page"}],"author":[{"embeddable":true,"href":"https:\/\/elsa.no\/bergen\/wp-json\/wp\/v2\/users\/1"}],"replies":[{"embeddable":true,"href":"https:\/\/elsa.no\/bergen\/wp-json\/wp\/v2\/comments?post=32"}],"version-history":[{"count":96,"href":"https:\/\/elsa.no\/bergen\/wp-json\/wp\/v2\/pages\/32\/revisions"}],"predecessor-version":[{"id":4871,"href":"https:\/\/elsa.no\/bergen\/wp-json\/wp\/v2\/pages\/32\/revisions\/4871"}],"wp:attachment":[{"href":"https:\/\/elsa.no\/bergen\/wp-json\/wp\/v2\/media?parent=32"}],"curies":[{"name":"wp","href":"https:\/\/api.w.org\/{rel}","templated":true}]}}