{"id":2674,"date":"2018-10-02T17:29:23","date_gmt":"2018-10-02T15:29:23","guid":{"rendered":"http:\/\/elsa.no\/bergen\/?page_id=2674"},"modified":"2024-11-09T22:50:06","modified_gmt":"2024-11-09T21:50:06","slug":"go-international","status":"publish","type":"page","link":"https:\/\/elsa.no\/bergen\/sc\/go-international\/","title":{"rendered":"Go International"},"content":{"rendered":"<p>I tillegg til \u00e5 tilrettelegge for&nbsp;<a href=\"https:\/\/elsa.no\/bergen\/step\/\">traineeships<\/a>&nbsp;i utlandet, \u00f8nsker vi i ELSA Bergen gjennom Go International-prosjektet v\u00e5rt \u00e5 gi alle medlemmer muligheten til \u00e5 reise som delegat p\u00e5 konferanser i FN og andre internasjonale organisasjoner, samt \u00e5 kunne dra p\u00e5 ELSA Law Schools.<\/p>\n<p><strong>Delegations<\/strong><strong><br \/>\n<\/strong>ELSA Delegations er muligheten for studenter til representere ELSA p\u00e5 konferanser i organisasjoner som FN, WTO, Europar\u00e5det, WIPO, CICC, og OECD, for \u00e5 nevne noen.&nbsp; Som delegat reiser du normalt med fire andre ELSA-medlemmer fra Europa, og sammen representerer dere ELSA p\u00e5 konferansen. ELSA \u00e5pner for flere delegats\u00f8knader i l\u00f8pet av \u00e5ret p\u00e5&nbsp;<a href=\"https:\/\/delegations.elsa.org\/\">delegations.elsa.org<\/a>, og for \u00e5 s\u00f8ke er det ingen karakterkrav. Vi hjelper deg ogs\u00e5 gjerne med s\u00f8knaden!<\/p>\n<p>\u00c5 v\u00e6re delegat passer perfekt p\u00e5 deg som \u00f8nsker \u00e5 komme tett inn p\u00e5 internasjonal storpolitikk, og som har lyst til \u00e5 se hvordan internasjonal rett foreg\u00e5r i praksis. Som delegat har du observat\u00f8rstilling, som vil si at du f\u00e5r muligheten til \u00e5 observere hvordan diplomater, politikere og jurister jobber. En virkelig unik opplevelse med sterke inntrykk!<\/p>\n<p>I 2018 dro bergensstudent Helena Baugst\u00f8 p\u00e5 to ulike delegations.<a href=\"https:\/\/elsa.no\/bergen\/2018\/10\/02\/reisebrev-fra-fns-barnekomite\/\"> Les mer om hennes opplevelser fra FNs barnekomit\u00e9<\/a><\/p>\n<p><strong>ELSA Law Schools<\/strong><strong><br \/>\n<\/strong>ELSA gir reisest\u00f8tte til de som deltar p\u00e5 ELSA Law Schools, og det<br \/>\ner en fastsatt pris p\u00e5 350\u20ac for 7 dager. Dette er inkludert opphold, mat og faglig og sosialt opplegg. I tillegg kan man velge \u00e5 betale for \u00e5 delta p\u00e5 arrangementer som galla. Flybilletter er det eneste<br \/>\ndu m\u00e5 organisere selv.<\/p>\n<p>ELSA Law Schools arrangeres sommer og vinter og varer normalt mellom 7 og 14 dager. \u00c5 delta p\u00e5 en Law School er en fantastisk mulighet til \u00e5 bli kjent med studenter fra hele verden, og du f\u00e5r ogs\u00e5 muligheten til \u00e5 l\u00e6re mer om juridiske temaer som interesserer deg.&nbsp;<a href=\"https:\/\/elsa.no\/bergen\/2019\/03\/11\/reisebrev-fra-law-school-i-innsbruck\/\">HER<\/a>&nbsp;kan du lese om hvordan Celine Skjensvold Bellamy opplevde det \u00e5 reise p\u00e5 ELSA Winter Law School i Innsbruck i 2019.<\/p>\n<p><strong>St\u00f8tteordning til Delegations og Law Schools<br \/>\n<\/strong>Dersom du er jusstudent ved UiB og har eller skal delta p\u00e5 en av ELSAs internasjonale tilbud, s\u00e5 har du n\u00e5 muligheten til \u00e5 f\u00e5 tilbakebetalt deler av utgiftene.<\/p>\n<p>Tilbakebetalingen gjelder for deg som h\u00f8sten 2021 eller v\u00e5ren\/sommeren 2022 har deltatt p\u00e5 winter\/summer law school, delegations eller hatt et traineeship.<\/p>\n<p>Kostnader som kan dekkes er:<\/p>\n<ul>\n<li>deltageravgiften for law school<\/li>\n<li>sosialavgift til bankett som arrangeres av law school\u2019en<\/li>\n<li>flybillett til og fra.<\/li>\n<li>Tur\/retur flyplassen.<\/li>\n<\/ul>\n<p>For at ELSA Bergen skal dekke utgiftene m\u00e5 f\u00f8lgende vilk\u00e5r oppfylles:<\/p>\n<ul>\n<li>Kvittering for nevnte utgifter. Det kreves at du fyller ut vedlagt utleggsskjema for hvert utlegg.<\/li>\n<li>Du m\u00e5 skrive et reisebrev som skal inkludere bilder fra oppholdet, og som skal kunne benyttes til fremtidig markedsf\u00f8ring av law schools og delegations.<\/li>\n<li>Kunne delta p\u00e5 foredrag, takeover p\u00e5 instagram o.l for \u00e5 formidle din opplevelse til medstudentene.<\/li>\n<\/ul>\n<p><strong>S\u00f8knadsfrist er 1. juli. 2022<\/strong><strong>.<br \/>\n<\/strong>Mail med motivasjonsbrev, bilder og utleggsskjema sendes til <a href=\"&#x6d;a&#x69;&#108;&#x74;&#x6f;:&#x67;&#111;&#x69;&#x6e;t&#x65;&#114;&#x6e;&#x61;t&#x69;&#111;&#x6e;&#x61;l&#x2e;&#98;&#x65;&#x72;g&#x65;&#110;&#x40;&#x6e;o&#x2e;&#101;&#x6c;&#x73;a&#x2e;&#111;&#x72;&#x67;\">&#x67;&#x6f;&#x69;&#x6e;&#x74;&#x65;&#x72;&#x6e;&#x61;&#x74;&#x69;&#x6f;&#x6e;&#x61;&#x6c;&#x2e;&#x62;&#x65;&#x72;&#x67;&#x65;&#x6e;&#64;&#110;&#111;&#46;&#101;&#108;&#115;&#97;&#46;&#111;&#114;&#103;<\/a><\/p>\n<p>*For dere som reiser til utlandet etter 1.juli vil det v\u00e6re mulig \u00e5 s\u00f8ke ved en senere anledning<\/p>\n<p>*Hvor stor andel av utgiftene som blir refundert betinges av antall deltagere, og ELSA Bergen kan ikke garantere at alle utgifter dekkes.<\/p>\n<p>Link til utleggsskjema: <a href=\"https:\/\/docs.google.com\/document\/d\/1hgBRbxtHmOVVHuWiNnDlpPvQ1ImME-RZ\/edit?rtpof=true&amp;sd=true\">https:\/\/docs.google.com\/document\/d\/1hgBRbxtHmOVVHuWiNnDlpPvQ1ImME-RZ\/edit?rtpof=true&amp;sd=true<\/a><\/p>\n<p>(du m\u00e5 laste ned utleggsskjemaet, og lage et skjema for hvert utlegg)<\/p>\n<p><strong>S\u00f8knad<br \/>\n<\/strong>For mer informasjon, beskrivelse av s\u00f8knadsprosessen og tips til motivasjonsbrev for Law Schools, delegations og Professional Development (PD) kan du laste ned Go International-informasjonspakken&nbsp;<a href=\"https:\/\/lawschools.elsa.org\/winter-portfolio-2\/?fbclid=IwAR1kTlHlqS7Vo4RG3PWpBs_-_0Omh74T7ypEEz4OpYrUwWs5_JJuWvqrwzI\"><strong>HER<\/strong><\/a>.<\/p>\n<p>Som student p\u00e5 Det Juridiske Fakultetet ved Universitetet i Bergen er du automatisk medlem av ELSA. Lykke til med s\u00f8knaden!<\/p>\n<p><strong>English below \u2014\u2014\u2014\u2014\u2014\u2014\u2014\u2014\u2014\u2014\u2014\u2014\u2014\u2014\u2014\u2014\u2014\u2014\u2014\u2014\u2014-<\/strong><\/p>\n<p>In addition to organising&nbsp;<a href=\"https:\/\/elsa.no\/bergen\/step\/\">traineeships<\/a>&nbsp;in Europe, we at ELSA Bergen aim to give all our members the opportunity to attend fascinating conferences as a delegate or participate in ELSA Law Schools through our Go International project.<\/p>\n<p><strong>Delegations<br \/>\n<\/strong>ELSA Delegations is an unique opportunity for students to attend conferences in organizations such as the UN, WTO, The Council of Europe, WIPO, CICC or the OECD, to name a few. As a delegate for ELSA you will usually travel with four other European ELSA members, and together you will be ELSAs representatives. To apply for ELSA delegations you need to fill out the application form at&nbsp;<a href=\"https:\/\/delegations.elsa.org\/\">delegations.elsa.org<\/a>. There are no grade requirements to apply. Application for delegations opens multiple times throughout the year. We are also very happy to help with your application if you have any questions.<\/p>\n<p>Being a delegate is perfect for those who want to get a closer look at international politics, and who want to gain first hand experience of international decision making. As you travel as an observer, you will also have the opportunity to see how diplomats, politicians and lawyers work. A truly unique experience!<\/p>\n<p>In 2018, Bergen student Helena Baugst\u00f8 went on two different ELSA Delegations.&nbsp;<a href=\"https:\/\/elsa.no\/bergen\/2018\/10\/02\/reisebrev-fra-fns-barnekomite\/\">Read about her experiences from the UN Committee on the Rights of the Child.<\/a><\/p>\n<p><strong>ELSA Law Schools<br \/>\n<\/strong>ELSA Law Schools offer trips to various law faculties throughout Europe. These trips will be published twice a year on&nbsp;<a href=\"https:\/\/lawschools.elsa.org\/\">lawschools.elsa.org<\/a>. To apply you will only need to fill out the application form and attach a motivational letter. We will be happy to help if you have any further questions.<\/p>\n<p>ELSA Law Schools are held twice a year, both in the summer and in the winter. The Law Schools normally last between 7 and 14 days, and include a variety of academic and social activities. Attending an ELSA Law School is a great opportunity to meet students from all over the world, and you will also get the opportunity to learn about topics that you are especially interested in.&nbsp;<a href=\"https:\/\/elsa.no\/bergen\/2019\/03\/11\/reisebrev-fra-law-school-i-innsbruck\/\">HER<\/a>E you can read about Celine Skjensvold Bellamy\u2019s experience attending the ELSA Winter Law School in Innsbruck in 2019.<\/p>\n<p><strong>Economic Support for Delegations and Law Schools<br \/>\n<\/strong>If you are a law student at UiB and have or will participate in one of ELSA&#8217;s international offers, you now have the opportunity to be reimbursed part of the expenses.<\/p>\n<p>The refund applies to you who in the autumn of 2021 or the spring\/summer of 2022 have attended winter\/summer law school, delegations or had a traineeship.<\/p>\n<p>Costs that can be covered are:<\/p>\n<ul>\n<li>the participation fee for law school<\/li>\n<li>social tax for banquets arranged by the Law School<\/li>\n<li>flight ticket to and from the Law School<\/li>\n<li>Round trip to and from the airport<\/li>\n<\/ul>\n<p>In order for ELSA Bergen to cover the expenses, the following conditions must be met:<\/p>\n<ul>\n<li>Receipt for the mentioned expenses. You are required to fill out the attached disbursement form for each disbursement.<\/li>\n<li>You must write a travel letter that will include photos from the stay, and which can be used for future marketing of law schools and delegations.<\/li>\n<li>Be able to attend lectures, takeovers on instagram, etc. to convey your experience to fellow students.<\/li>\n<\/ul>\n<p><strong>The application deadline is 1 July. 2022<br \/>\n<\/strong>The email containing a motivation letter, photos and disbursement form is sent to <a href=\"m&#97;&#105;&#x6c;&#x74;&#x6f;:&#103;&#111;&#x69;&#x6e;&#x74;er&#110;&#x61;&#x74;&#x69;on&#97;&#108;&#x2e;&#x62;&#x65;r&#103;&#101;&#x6e;&#x40;&#x6e;o&#46;&#101;&#x6c;&#x73;&#x61;&#46;o&#114;&#x67;\">&#103;&#x6f;&#x69;n&#116;&#x65;&#x72;n&#97;&#x74;i&#111;&#x6e;&#x61;l&#46;&#x62;e&#114;&#x67;&#x65;n&#64;&#x6e;&#x6f;&#46;&#x65;&#x6c;s&#97;&#x2e;&#x6f;r&#103;<\/a>.<\/p>\n<p>* For those of you who travel abroad after 1 July, it will be possible to apply on a later occasion<\/p>\n<p>* The proportion of the expenses that are reimbursed is determined by the number of participants, and ELSA Bergen cannot guarantee that all expenses are covered.<\/p>\n<p>Link to disbursement form: <a href=\"https:\/\/docs.google.com\/document\/d\/1hgBRbxtHmOVVHuWiNnDlpPvQ1ImME-RZ\/edit?rtpof=true&amp;sd=true\">https:\/\/docs.google.com\/document\/d\/1hgBRbxtHmOVVHuWiNnDlpPvQ1ImME-RZ\/edit?rtpof=true&amp;sd=true<\/a><\/p>\n<p>(you must download the disbursement form, and create a form for each disbursement)<\/p>\n<p><strong>Application<br \/>\n<\/strong>For more information about ELSA Delegations, Law Schools and our Professional Development (PD) program, you can download the Go International information package&nbsp;<a href=\"https:\/\/lawschools.elsa.org\/winter-portfolio-2\/?fbclid=IwAR1kTlHlqS7Vo4RG3PWpBs_-_0Omh74T7ypEEz4OpYrUwWs5_JJuWvqrwzI\"><strong>HER<\/strong><\/a>E. You will also find a more detailed description of the application process, as well as tips for motivational letters.<\/p>\n<p>As a student at the Faculty of Law at the University of Bergen , you are automatically a member of ELSA. If you are an exchange student, you can sign up for free on the ELSA website. Good luck!<\/p>\n","protected":false},"excerpt":{"rendered":"<p>I tillegg til \u00e5 tilrettelegge for&nbsp;traineeships&nbsp;i utlandet, \u00f8nsker vi i ELSA Bergen gjennom Go International-prosjektet v\u00e5rt \u00e5 gi alle medlemmer muligheten til \u00e5 reise som delegat p\u00e5 konferanser i FN og andre internasjonale organisasjoner, samt \u00e5 kunne dra p\u00e5 ELSA Law Schools. Delegations ELSA Delegations er muligheten for studenter til representere ELSA p\u00e5 konferanser i [&hellip;]<\/p>\n","protected":false},"author":12,"featured_media":0,"parent":30,"menu_order":3,"comment_status":"closed","ping_status":"closed","template":"","meta":{"footnotes":""},"class_list":["post-2674","page","type-page","status-publish","hentry"],"_links":{"self":[{"href":"https:\/\/elsa.no\/bergen\/wp-json\/wp\/v2\/pages\/2674","targetHints":{"allow":["GET"]}}],"collection":[{"href":"https:\/\/elsa.no\/bergen\/wp-json\/wp\/v2\/pages"}],"about":[{"href":"https:\/\/elsa.no\/bergen\/wp-json\/wp\/v2\/types\/page"}],"author":[{"embeddable":true,"href":"https:\/\/elsa.no\/bergen\/wp-json\/wp\/v2\/users\/12"}],"replies":[{"embeddable":true,"href":"https:\/\/elsa.no\/bergen\/wp-json\/wp\/v2\/comments?post=2674"}],"version-history":[{"count":63,"href":"https:\/\/elsa.no\/bergen\/wp-json\/wp\/v2\/pages\/2674\/revisions"}],"predecessor-version":[{"id":4993,"href":"https:\/\/elsa.no\/bergen\/wp-json\/wp\/v2\/pages\/2674\/revisions\/4993"}],"up":[{"embeddable":true,"href":"https:\/\/elsa.no\/bergen\/wp-json\/wp\/v2\/pages\/30"}],"wp:attachment":[{"href":"https:\/\/elsa.no\/bergen\/wp-json\/wp\/v2\/media?parent=2674"}],"curies":[{"name":"wp","href":"https:\/\/api.w.org\/{rel}","templated":true}]}}