{"id":2160,"date":"2018-03-06T13:05:40","date_gmt":"2018-03-06T12:05:40","guid":{"rendered":"http:\/\/elsa.no\/bergen\/?page_id=2160"},"modified":"2018-03-06T22:47:08","modified_gmt":"2018-03-06T21:47:08","slug":"hittegods","status":"publish","type":"page","link":"https:\/\/elsa.no\/bergen\/kontakt\/hittegods\/","title":{"rendered":"Hittegods"},"content":{"rendered":"<h4>Mistet eller glemt noe?<\/h4>\n<p>Har du mistet eller glemt noe p\u00e5 <strong><a href=\"http:\/\/s.mazemap.com\/2nnCtxQ\" target=\"_blank\" rel=\"noopener\">v\u00e5rt kontor<\/a><\/strong>?<\/p>\n<h4>Dette skjer med det du glemmer<\/h4>\n<p>Gjenstander som glemmes p\u00e5 v\u00e5rt kontor blir oppbevart en stund. Ta kontakt med oss hvis det er noe du savner. Dersom ingen etterlyser eller gj\u00f8r krav p\u00e5 tingene innen rimelig tid, blir gjenstandene gitt til <a href=\"http:\/\/www.uib.no\/jur\/23767\/informasjonssenteret-ved-det-juridiske-fakultet\" target=\"_blank\" rel=\"noopener\">informasjonsenteret<\/a> som h\u00e5ndterer det som hittegods p\u00e5 vanlig m\u00e5te.<\/p>\n<h4>Oversikt over gjenglemte ting<\/h4>\n<p>Her finner du en oversikt over noen av tingene som er gjenglemt. De f\u00f8lgende tingene blir levert til informasjonsenteret <strong>3. april 2018<\/strong>:<\/p>\n<div id=\"attachment_2170\" style=\"width: 276px\" class=\"wp-caption aligncenter\"><img loading=\"lazy\" decoding=\"async\" aria-describedby=\"caption-attachment-2170\" class=\"size-medium wp-image-2170\" src=\"https:\/\/elsa.no\/bergen\/files\/2018\/03\/IMG_1709-266x300.jpg\" alt=\"\" width=\"266\" height=\"300\" srcset=\"https:\/\/elsa.no\/bergen\/files\/2018\/03\/IMG_1709-266x300.jpg 266w, https:\/\/elsa.no\/bergen\/files\/2018\/03\/IMG_1709-768x866.jpg 768w, https:\/\/elsa.no\/bergen\/files\/2018\/03\/IMG_1709-913x1030.jpg 913w, https:\/\/elsa.no\/bergen\/files\/2018\/03\/IMG_1709-1330x1500.jpg 1330w, https:\/\/elsa.no\/bergen\/files\/2018\/03\/IMG_1709-625x705.jpg 625w, https:\/\/elsa.no\/bergen\/files\/2018\/03\/IMG_1709-450x507.jpg 450w\" sizes=\"auto, (max-width: 266px) 100vw, 266px\" \/><p id=\"caption-attachment-2170\" class=\"wp-caption-text\">Joggesko<\/p><\/div>\n<div id=\"attachment_2169\" style=\"width: 215px\" class=\"wp-caption aligncenter\"><img loading=\"lazy\" decoding=\"async\" aria-describedby=\"caption-attachment-2169\" class=\"size-medium wp-image-2169\" src=\"https:\/\/elsa.no\/bergen\/files\/2018\/03\/IMG_4065-205x300.jpg\" alt=\"\" width=\"205\" height=\"300\" srcset=\"https:\/\/elsa.no\/bergen\/files\/2018\/03\/IMG_4065-205x300.jpg 205w, https:\/\/elsa.no\/bergen\/files\/2018\/03\/IMG_4065-768x1124.jpg 768w, https:\/\/elsa.no\/bergen\/files\/2018\/03\/IMG_4065-704x1030.jpg 704w, https:\/\/elsa.no\/bergen\/files\/2018\/03\/IMG_4065-1025x1500.jpg 1025w, https:\/\/elsa.no\/bergen\/files\/2018\/03\/IMG_4065-482x705.jpg 482w, https:\/\/elsa.no\/bergen\/files\/2018\/03\/IMG_4065-450x658.jpg 450w\" sizes=\"auto, (max-width: 205px) 100vw, 205px\" \/><p id=\"caption-attachment-2169\" class=\"wp-caption-text\">Skjerf<\/p><\/div>\n<div id=\"attachment_2171\" style=\"width: 310px\" class=\"wp-caption aligncenter\"><img loading=\"lazy\" decoding=\"async\" aria-describedby=\"caption-attachment-2171\" src=\"https:\/\/elsa.no\/bergen\/files\/2018\/03\/IMG_1886-300x218.jpg\" alt=\"\" width=\"300\" height=\"218\" class=\"size-medium wp-image-2171\" srcset=\"https:\/\/elsa.no\/bergen\/files\/2018\/03\/IMG_1886-300x218.jpg 300w, https:\/\/elsa.no\/bergen\/files\/2018\/03\/IMG_1886-768x557.jpg 768w, https:\/\/elsa.no\/bergen\/files\/2018\/03\/IMG_1886-1030x747.jpg 1030w, https:\/\/elsa.no\/bergen\/files\/2018\/03\/IMG_1886-1500x1088.jpg 1500w, https:\/\/elsa.no\/bergen\/files\/2018\/03\/IMG_1886-705x511.jpg 705w, https:\/\/elsa.no\/bergen\/files\/2018\/03\/IMG_1886-450x326.jpg 450w\" sizes=\"auto, (max-width: 300px) 100vw, 300px\" \/><p id=\"caption-attachment-2171\" class=\"wp-caption-text\">Luer med hodelykt<\/p><\/div>\n<div id=\"attachment_2172\" style=\"width: 310px\" class=\"wp-caption aligncenter\"><img loading=\"lazy\" decoding=\"async\" aria-describedby=\"caption-attachment-2172\" class=\"size-medium wp-image-2172\" src=\"https:\/\/elsa.no\/bergen\/files\/2018\/03\/IMG_1211-300x274.jpg\" alt=\"\" width=\"300\" height=\"274\" srcset=\"https:\/\/elsa.no\/bergen\/files\/2018\/03\/IMG_1211-300x274.jpg 300w, https:\/\/elsa.no\/bergen\/files\/2018\/03\/IMG_1211-768x702.jpg 768w, https:\/\/elsa.no\/bergen\/files\/2018\/03\/IMG_1211-1030x942.jpg 1030w, https:\/\/elsa.no\/bergen\/files\/2018\/03\/IMG_1211-705x645.jpg 705w, https:\/\/elsa.no\/bergen\/files\/2018\/03\/IMG_1211-450x411.jpg 450w, https:\/\/elsa.no\/bergen\/files\/2018\/03\/IMG_1211.jpg 1283w\" sizes=\"auto, (max-width: 300px) 100vw, 300px\" \/><p id=\"caption-attachment-2172\" class=\"wp-caption-text\">Refleksb\u00e5nd med lys<\/p><\/div>\n<div id=\"attachment_2167\" style=\"width: 310px\" class=\"wp-caption aligncenter\"><img loading=\"lazy\" decoding=\"async\" aria-describedby=\"caption-attachment-2167\" class=\"size-medium wp-image-2167\" src=\"https:\/\/elsa.no\/bergen\/files\/2018\/03\/IMG_4236-300x143.jpg\" alt=\"\" width=\"300\" height=\"143\" srcset=\"https:\/\/elsa.no\/bergen\/files\/2018\/03\/IMG_4236-300x143.jpg 300w, https:\/\/elsa.no\/bergen\/files\/2018\/03\/IMG_4236-768x367.jpg 768w, https:\/\/elsa.no\/bergen\/files\/2018\/03\/IMG_4236-1030x492.jpg 1030w, https:\/\/elsa.no\/bergen\/files\/2018\/03\/IMG_4236-1500x717.jpg 1500w, https:\/\/elsa.no\/bergen\/files\/2018\/03\/IMG_4236-705x337.jpg 705w, https:\/\/elsa.no\/bergen\/files\/2018\/03\/IMG_4236-450x215.jpg 450w\" sizes=\"auto, (max-width: 300px) 100vw, 300px\" \/><p id=\"caption-attachment-2167\" class=\"wp-caption-text\">Kameraveske e.l.<\/p><\/div>\n<div id=\"attachment_2168\" style=\"width: 310px\" class=\"wp-caption aligncenter\"><img loading=\"lazy\" decoding=\"async\" aria-describedby=\"caption-attachment-2168\" class=\"size-medium wp-image-2168\" src=\"https:\/\/elsa.no\/bergen\/files\/2018\/03\/IMG_6978-300x225.jpg\" alt=\"\" width=\"300\" height=\"225\" srcset=\"https:\/\/elsa.no\/bergen\/files\/2018\/03\/IMG_6978-300x225.jpg 300w, https:\/\/elsa.no\/bergen\/files\/2018\/03\/IMG_6978-768x576.jpg 768w, https:\/\/elsa.no\/bergen\/files\/2018\/03\/IMG_6978-1030x773.jpg 1030w, https:\/\/elsa.no\/bergen\/files\/2018\/03\/IMG_6978-1500x1125.jpg 1500w, https:\/\/elsa.no\/bergen\/files\/2018\/03\/IMG_6978-705x529.jpg 705w, https:\/\/elsa.no\/bergen\/files\/2018\/03\/IMG_6978-450x338.jpg 450w\" sizes=\"auto, (max-width: 300px) 100vw, 300px\" \/><p id=\"caption-attachment-2168\" class=\"wp-caption-text\">Pennal<\/p><\/div>\n<div id=\"attachment_2173\" style=\"width: 310px\" class=\"wp-caption aligncenter\"><img loading=\"lazy\" decoding=\"async\" aria-describedby=\"caption-attachment-2173\" class=\"size-medium wp-image-2173\" src=\"https:\/\/elsa.no\/bergen\/files\/2018\/03\/IMG_4592-300x225.jpg\" alt=\"\" width=\"300\" height=\"225\" srcset=\"https:\/\/elsa.no\/bergen\/files\/2018\/03\/IMG_4592-300x225.jpg 300w, https:\/\/elsa.no\/bergen\/files\/2018\/03\/IMG_4592-768x576.jpg 768w, https:\/\/elsa.no\/bergen\/files\/2018\/03\/IMG_4592-1030x772.jpg 1030w, https:\/\/elsa.no\/bergen\/files\/2018\/03\/IMG_4592-1500x1124.jpg 1500w, https:\/\/elsa.no\/bergen\/files\/2018\/03\/IMG_4592-705x528.jpg 705w, https:\/\/elsa.no\/bergen\/files\/2018\/03\/IMG_4592-450x337.jpg 450w\" sizes=\"auto, (max-width: 300px) 100vw, 300px\" \/><p id=\"caption-attachment-2173\" class=\"wp-caption-text\">Gensere med navn<\/p><\/div>\n","protected":false},"excerpt":{"rendered":"<p>Mistet eller glemt noe? Har du mistet eller glemt noe p\u00e5 v\u00e5rt kontor? Dette skjer med det du glemmer Gjenstander som glemmes p\u00e5 v\u00e5rt kontor blir oppbevart en stund. Ta kontakt med oss hvis det er noe du savner. Dersom ingen etterlyser eller gj\u00f8r krav p\u00e5 tingene innen rimelig tid, blir gjenstandene gitt til informasjonsenteret [&hellip;]<\/p>\n","protected":false},"author":12,"featured_media":0,"parent":62,"menu_order":0,"comment_status":"closed","ping_status":"closed","template":"","meta":{"footnotes":""},"class_list":["post-2160","page","type-page","status-publish","hentry"],"_links":{"self":[{"href":"https:\/\/elsa.no\/bergen\/wp-json\/wp\/v2\/pages\/2160","targetHints":{"allow":["GET"]}}],"collection":[{"href":"https:\/\/elsa.no\/bergen\/wp-json\/wp\/v2\/pages"}],"about":[{"href":"https:\/\/elsa.no\/bergen\/wp-json\/wp\/v2\/types\/page"}],"author":[{"embeddable":true,"href":"https:\/\/elsa.no\/bergen\/wp-json\/wp\/v2\/users\/12"}],"replies":[{"embeddable":true,"href":"https:\/\/elsa.no\/bergen\/wp-json\/wp\/v2\/comments?post=2160"}],"version-history":[{"count":15,"href":"https:\/\/elsa.no\/bergen\/wp-json\/wp\/v2\/pages\/2160\/revisions"}],"predecessor-version":[{"id":2204,"href":"https:\/\/elsa.no\/bergen\/wp-json\/wp\/v2\/pages\/2160\/revisions\/2204"}],"up":[{"embeddable":true,"href":"https:\/\/elsa.no\/bergen\/wp-json\/wp\/v2\/pages\/62"}],"wp:attachment":[{"href":"https:\/\/elsa.no\/bergen\/wp-json\/wp\/v2\/media?parent=2160"}],"curies":[{"name":"wp","href":"https:\/\/api.w.org\/{rel}","templated":true}]}}