{"id":20,"date":"2012-08-07T21:22:33","date_gmt":"2012-08-07T19:22:33","guid":{"rendered":"http:\/\/elsa.no\/bergen\/?page_id=20"},"modified":"2026-01-04T16:33:02","modified_gmt":"2026-01-04T15:33:02","slug":"om-elsa-bergen","status":"publish","type":"page","link":"https:\/\/elsa.no\/bergen\/om-elsa-bergen\/","title":{"rendered":"Om ELSA Bergen"},"content":{"rendered":"<section  class='av_textblock_section av-la8qpn6b-bdf7396f3d6ae257d18e4fb899583a57'  itemscope=\"itemscope\" itemtype=\"https:\/\/schema.org\/CreativeWork\" ><div class='avia_textblock'  itemprop=\"text\" ><div id=\"attachment_5158\" style=\"width: 2058px\" class=\"wp-caption aligncenter\"><a href=\"https:\/\/elsa.no\/bergen\/files\/2025\/08\/Styret-pa-museplassen.png\"><img loading=\"lazy\" decoding=\"async\" aria-describedby=\"caption-attachment-5158\" class=\"wp-image-5158 size-full\" src=\"https:\/\/elsa.no\/bergen\/files\/2025\/08\/Styret-pa-museplassen.png\" alt=\"\" width=\"2048\" height=\"1365\" srcset=\"https:\/\/elsa.no\/bergen\/files\/2025\/08\/Styret-pa-museplassen.png 2048w, https:\/\/elsa.no\/bergen\/files\/2025\/08\/Styret-pa-museplassen-300x200.png 300w, https:\/\/elsa.no\/bergen\/files\/2025\/08\/Styret-pa-museplassen-1030x686.png 1030w, https:\/\/elsa.no\/bergen\/files\/2025\/08\/Styret-pa-museplassen-768x512.png 768w, https:\/\/elsa.no\/bergen\/files\/2025\/08\/Styret-pa-museplassen-1536x1024.png 1536w, https:\/\/elsa.no\/bergen\/files\/2025\/08\/Styret-pa-museplassen-1500x1000.png 1500w, https:\/\/elsa.no\/bergen\/files\/2025\/08\/Styret-pa-museplassen-705x470.png 705w\" sizes=\"auto, (max-width: 2048px) 100vw, 2048px\" \/><\/a><p id=\"caption-attachment-5158\" class=\"wp-caption-text\">Styret 2025\/2026<\/p><\/div>\n<p style=\"text-align: left\" data-wp-editing=\"1\">ELSA Bergen er en del av den internasjonale studentorganisasjonen <a href=\"https:\/\/elsa.org\/\">The European\u00a0Law Students\u2019 Association<\/a>, verdens st\u00f8rste uavhengige organisasjon for jusstudenter.<\/p>\n<p>ELSA Bergen har fire undergrupper ogs\u00e5 kalt Key Areas: Competitions (<a href=\"https:\/\/elsa.no\/bergen\/competitions\/\">Competitions<\/a>), Seminars &amp; Conferences (<a href=\"https:\/\/elsa.no\/bergen\/sc\/\">S&amp;C<\/a>), Professional Development (<a href=\"https:\/\/elsa.no\/bergen\/pd\/\">PD<\/a>) og Academic Activities (<a href=\"https:\/\/elsa.no\/bergen\/competitions\/academic-activities-aa\/\">AA<\/a>). Disse gruppene arrangerer prosedyre- og forhandlingskonkurranser, studieturer, bedriftsbes\u00f8k, kurs, dagsaktuelle foredrag, formidler traineeships og gir deg mulighet til \u00e5 bli kjent med utvekslingsstudentene ved fakultetet i Bergen. I tillegg har vi en sosialgruppe som organiserer quizer, hytteturer, julebord, sommeravslutning m.m.<\/p>\n<p>For \u00e5 bli medlem i ELSA Bergen og kunne delta p\u00e5 v\u00e5re arrangementer kreves det innmelding p\u00e5 nettsiden v\u00e5r under &laquo;Bli medlem&raquo;. Dette er spesielt viktig \u00e5 merke seg dersom du \u00f8nsker \u00e5 delta p\u00e5 Generalforsamlingen v\u00e5r og kunne ha m\u00f8te-, tale-, og stemmerett. Medlemskap i ELSA Bergen er helt gratis!<\/p>\n<p>Som aktivt medlem i ELSA Bergen har du mulighet til \u00e5 v\u00e6re med p\u00e5 \u00e5 planlegge disse arrangementene og v\u00e6re med p\u00e5 \u00e5 bestemme hva foredragene skal handle om og hvor turene skal g\u00e5. I tillegg f\u00e5r du mulighet til \u00e5 bli del av det sosiale milj\u00f8et p\u00e5 tvers av undergruppene.<\/p>\n<p>Dersom du har sp\u00f8rsm\u00e5l, ikke n\u00f8l med \u00e5 <strong><a href=\"https:\/\/elsa.no\/bergen\/kontakt\/\" target=\"_blank\" rel=\"noopener\">ta kontakt<\/a><\/strong>!<\/p>\n<p>Kontoret v\u00e5rt ligger i rom 206 i gamlebygget, andre etasje. Se innend\u00f8rs kart <strong><a href=\"http:\/\/s.mazemap.com\/2nnCtxQ\" target=\"_blank\" rel=\"noopener\">HER<\/a><\/strong>.<\/p>\n<p>ELSA Bergens vedtekter og arbeidsregler finner du <a href=\"https:\/\/doc-0c-1c-apps-viewer.googleusercontent.com\/viewer\/secure\/pdf\/th1t2afr696hp2qns72h57u90ir6830n\/34nkm2rbr92lj6mqiohgkf08t8t85f0k\/1767540675000\/drive\/07523432892853459266\/ACFrOgBOd70yhwwMjwvUnTjtZLeC2AlzkEjp8OnntTLDW6IMr9IjtiRbLPgoRmL9Kx1kxzV07VYSSzCjKVFKb-j8202dc8sRTL4E7-FUPq8Hg6-U33KdcUpDU2x0RCnRxK96zgtU2UGdT8tGegmgpL3T99k53U43AAIbAp0W4sI9uvNFqeC7P3DGV1uQjj-y51U0UvTUA1gEbZzQbuSPMn36WJ1M9nwFuJdo6p0H6WSo5zEXn5c7VUWZiP8b-wHTNDsaN-FQJhYyppKdOyilxAV60sLckHD5DmZATirOVA==?print=true&amp;nonce=5hf86bdrne8ri&amp;user=07523432892853459266&amp;hash=endq03n9r90ckhndt5et32e0aca65ocf\"><strong>HER<\/strong><\/a><\/p>\n<h4>Information in English<\/h4>\n<p>ELSA Bergen is the local group of The European Law Students\u2019 Association (ELSA) in the <a href=\"https:\/\/youtu.be\/bQOU8sPcbvE\" target=\"_blank\" rel=\"noopener\">World Heritage City of Bergen<\/a>. To become member of ELSA Bergen submit the form &laquo;Bli medlem&raquo;. ELSA is an international, independent, non-political, non-profit making organization run by and for students and recent graduates, who are interested in achieving academic and personal excellence in addition to their legal or law-related studies at university. Please feel free to <strong><a href=\"https:\/\/elsa.no\/bergen\/kontakt\/\" target=\"_blank\" rel=\"noopener\">contact us<\/a><\/strong> if you need any further information about ELSA Bergen.<\/p>\n<\/div><\/section>\n","protected":false},"excerpt":{"rendered":"","protected":false},"author":1,"featured_media":0,"parent":0,"menu_order":0,"comment_status":"closed","ping_status":"closed","template":"","meta":{"footnotes":""},"class_list":["post-20","page","type-page","status-publish","hentry"],"_links":{"self":[{"href":"https:\/\/elsa.no\/bergen\/wp-json\/wp\/v2\/pages\/20","targetHints":{"allow":["GET"]}}],"collection":[{"href":"https:\/\/elsa.no\/bergen\/wp-json\/wp\/v2\/pages"}],"about":[{"href":"https:\/\/elsa.no\/bergen\/wp-json\/wp\/v2\/types\/page"}],"author":[{"embeddable":true,"href":"https:\/\/elsa.no\/bergen\/wp-json\/wp\/v2\/users\/1"}],"replies":[{"embeddable":true,"href":"https:\/\/elsa.no\/bergen\/wp-json\/wp\/v2\/comments?post=20"}],"version-history":[{"count":63,"href":"https:\/\/elsa.no\/bergen\/wp-json\/wp\/v2\/pages\/20\/revisions"}],"predecessor-version":[{"id":5228,"href":"https:\/\/elsa.no\/bergen\/wp-json\/wp\/v2\/pages\/20\/revisions\/5228"}],"wp:attachment":[{"href":"https:\/\/elsa.no\/bergen\/wp-json\/wp\/v2\/media?parent=20"}],"curies":[{"name":"wp","href":"https:\/\/api.w.org\/{rel}","templated":true}]}}