{"id":1859,"date":"2022-01-17T12:00:37","date_gmt":"2022-01-17T11:00:37","guid":{"rendered":"http:\/\/elsa.no\/bergen\/?page_id=1859"},"modified":"2025-01-31T13:56:58","modified_gmt":"2025-01-31T12:56:58","slug":"pamelding","status":"publish","type":"page","link":"https:\/\/elsa.no\/bergen\/competitions\/pamelding\/","title":{"rendered":"Forhandlingskonkurransen"},"content":{"rendered":"<p><span style=\"font-family: garamond, times new roman, serif\">Hvert \u00e5r arrangere<span class=\"gmail_default\">r Competitions<\/span> Forhandlingskonkurransen.<\/span><\/p>\n<p style=\"margin: 0in;font-family: garamond;font-size: 9.75pt;color: #333333\"><span style=\"background: white\">Det er kun et f\u00e5tall av juridiske konflikter som ender i retten, og forhandlinger er en del av hverdagen til jurister. I Forhandlingskonkurransen vil ikke deltakerne pr\u00f8ves i juridisk metode, men i forhandlingsteknikk.\u00a0Konkurransen gir dermed en god mulighet til \u00e5 \u00f8ve seg p\u00e5 en yrkesrelevant situasjon, som i liten grad ellers er tilgjengelig i l\u00f8pet av studiet.\u00a0<\/span><\/p>\n<p style=\"margin: 0in;font-family: Calibri;font-size: 11.0pt\">\n<p style=\"margin: 0in;font-family: garamond;font-size: 9.75pt;color: #333333\"><span style=\"background: white\">Dette er dermed en konkurranse der alle studenter stiller med like utgangspunkt p\u00e5 tvers av avdelingene.<\/span><\/p>\n<p><span style=\"font-family: garamond, times new roman, serif\">Alt du trenger \u00e5 gj\u00f8re for \u00e5 melde deg og en venn p\u00e5 kurset, er \u00e5 fylle ut p\u00e5meldingsskjemaet som\u00a0blir publisert p\u00e5 denne siden, men ogs\u00e5 p\u00e5\u00a0<span class=\"gmail_default\">facebooksiden<\/span>\u00a0til\u00a0<a href=\"https:\/\/elsa.no\/bergen\/\" target=\"_blank\" rel=\"noopener\" data-saferedirecturl=\"https:\/\/www.google.com\/url?q=https:\/\/elsa.no\/bergen\/&amp;source=gmail&amp;ust=1738075538744000&amp;usg=AOvVaw2euP8LFBLOUbFHtK_guN8e\">ELSA Bergen<\/a>\u00a0<b>mandag fredag 31. januar 12:00.<\/b><b><\/b><\/span><\/p>\n<p><span style=\"font-family: garamond, times new roman, serif\">Utfyllende informasjon om konkurranses gang finner du nedenfor.<\/span><\/p>\n<h3><b><span style=\"font-family: garamond, times new roman, serif\">Innledende runde \u2013 torsdag 13. februar 2025 klokken 17:00-19:00 (tidspunkt kan endres)<\/span><\/b><\/h3>\n<p><span style=\"font-family: garamond, times new roman, serif\">Den innledende runden vil avholdes i Schj\u00f8dt sine lokaler 10. februar Dette vil v\u00e6re en lukket runde hvor kun de 8 p\u00e5meldte lagene til selve konkurransen f\u00e5r delta. Hvilke av lagene som m\u00f8ter hverandre i konkurransen vil avgj\u00f8res basert p\u00e5 loddtrekning.<\/span><\/p>\n<p><span style=\"font-family: garamond, times new roman, serif\">Runden vil starte med en kort introduksjon av temaet som vil ber\u00f8res i oppgaven. Oppgaven vil best\u00e5 av et felles faktum om kjerne i saken, hvilket danner rammene for forhandlingene. Det felles faktum vil deles ut et par timer i forveien slik at lagene har mulighet til \u00e5 sette seg inn i faktum. Deretter f\u00e5r deltakerne p\u00e5 hver side vil ogs\u00e5 utdelt et ark med hemmelig informasjon som sier noe mer om faktum sett fra deres klients st\u00e5sted, eksempelvis svakheter ved standpunktene, beviser som foreligger, forhandlingsrom (bel\u00f8p mv.), viktigheten av saken, samt annen relevant informasjon som b\u00f8r tas hensyn til i forhandlingene.<\/span><\/p>\n<p><span style=\"font-family: garamond, times new roman, serif\">Lagene f\u00e5r deretter tid til \u00e5 forberede oppgaven og sin forhandlingsstrategi i et eget rom. Fire dommere fra\u00a0<a href=\"https:\/\/www.schjodt.no\/karriere\/\" target=\"_blank\" rel=\"noopener\" data-saferedirecturl=\"https:\/\/www.google.com\/url?q=https:\/\/www.schjodt.no\/karriere\/&amp;source=gmail&amp;ust=1738075538745000&amp;usg=AOvVaw1j-s7LHsmEngSEH4wrmneP\">Schj\u00f8dt<\/a>\u00a0vil v\u00e6re til stede i lokalene og gi de enkelte lagene tips underveis. Forberedelsestiden vil v\u00e6re om lag \u00e9n time.<\/span><\/p>\n<p><span style=\"font-family: garamond, times new roman, serif\">Etter endt forberedelse m\u00f8tes to og to lag til forhandlinger. Dommere fra Schj\u00f8dt vil ved endt forhandling avgj\u00f8re hvilke fire lag som g\u00e5r videre til semifinalen. Selve forhandlingen vil ta omtrent tre kvarter.<\/span><\/p>\n<p><span style=\"font-family: garamond, times new roman, serif\">Det vil bli enkel servering av mat<span class=\"gmail_default\">\u00a0og\u00a0<\/span>drikke underveis i konkurransen. Den innledende runden vil avsluttes ca. klokken 19:00.<\/span><\/p>\n<h3><b><span style=\"font-family: garamond, times new roman, serif\">Semifinale \u2013 onsdag mandag 17. februar 2025 klokken 17:00-19:00 (tidspunkt kan endres)<\/span><\/b><\/h3>\n<p><span style=\"font-family: garamond, times new roman, serif\">De fire beste lagene fra den innledende runden g\u00e5r videre til semifinalen 17. februar, som ogs\u00e5 vil foreg\u00e5 i Schj\u00f8dt sine lokaler. Hvilke lag som m\u00f8ter hverandre i semifinalen vil avgj\u00f8res ved loddtrekning.<\/span><\/p>\n<p><span style=\"font-family: garamond, times new roman, serif\">Lagene vil i denne runden ogs\u00e5 f\u00e5 utdelt oppgaven med felles faktum f\u00f8r selve konkurransen starter, om lag klokken 15:00 samme dag, og vil deretter f\u00e5 tid til forberedelser ogs\u00e5 i denne runden. Den hemmelige informasjonen vil imidlertid deles ut ved semifinalens start klokken 17:00, og lagene har deretter litt over \u00e9n time til \u00e5 ferdigstille forberedelsene. Som ved den innledende runden vil dommere fra Schj\u00f8dt v\u00e6re til stede i lokalene og gi lagene tips underveis.<\/span><\/p>\n<p><span style=\"font-family: garamond, times new roman, serif\">Etter endt forberedelse m\u00f8tes lagene til forhandlinger, og disse forhandlingene vil ta om lag tre kvarter. To dommere fra Schj\u00f8dt avgj\u00f8r hvilke to lag som g\u00e5r videre til finalen.<\/span><\/p>\n<p><span style=\"font-family: garamond, times new roman, serif\">Det vil ogs\u00e5 underveis i semifinalen bli enkel servering av mat<span class=\"gmail_default\">\u00a0og\u00a0<\/span>drikke<span class=\"gmail_default\">. K<\/span>onkurransen avsluttes ca. klokken 20:00.<\/span><\/p>\n<h3><b><span style=\"font-family: garamond, times new roman, serif\">Finale \u2013 torsdag 20. februar 2025 klokken 17:00<\/span><\/b><\/h3>\n<p><span style=\"font-family: garamond, times new roman, serif\">Finalen er \u00e5pen for publikum og avholdes ogs\u00e5 i Schj\u00f8dt sine lokaler. Det er de to beste lagene fra semifinalen som f\u00e5r delta i finalen. I finalen vil de to lagene f\u00e5 utdelt oppgaven (med den hemmelige informasjonen) p\u00e5 forh\u00e5nd. Oppgavene vil bli sendt til lagene tirsdag ettermiddag, og lagene vil s\u00e5ledes f\u00e5 en dag til forberedelse.<\/span><\/p>\n<p><span style=\"font-family: garamond, times new roman, serif\">Dommerpanelet i finalen vil best\u00e5 av advokat fra Schj\u00f8dt og partner i Wikborg Rein Filip Truyen<span class=\"gmail_default\">.<\/span><\/span><\/p>\n<p><span style=\"font-family: garamond, times new roman, serif\">Ved finalestart vil dommerne holde en liten innledning\/presentasjon av oppgaven for publikum, slik at de fremm\u00f8tte f\u00e5r vite rammene for forhandlingene. Deretter vil lagene starte rett p\u00e5 selve forhandlingene, som vil vare i om lag \u00e9n time. Etter endte forhandlinger f\u00e5r deltakerne litt tid til \u00e5 reflektere over deres forhandlinger og fortelle om deres strategi og eventuelt hva de kunne gjort annerledes. Ved endte forhandlinger og refleksjoner vil dommerne avsl\u00f8re den hemmelige informasjonen, og avgj\u00f8re hvilket av lagene som g\u00e5r seirende ut av finalen.<\/span><\/p>\n<p><span style=\"font-family: garamond, times new roman, serif\">Vinnerne av finalen en pengepremie p\u00e5 6000 kr. Vinnerlaget er ogs\u00e5 videre til den nasjonale forhandlingskonkurransen, i regi av ELSA Norway.\u00a0<span class=\"gmail_default\">Her m\u00f8ter man vinnerlag fra Oslo og Troms\u00f8.\u00a0<\/span><\/span><\/p>\n<p><span style=\"font-family: garamond, times new roman, serif\">Andreplassen mottar et bygavekort p\u00e5 2000 kr hver.\u00a0<\/span><\/p>\n<p><span style=\"font-family: garamond, times new roman, serif\">Det vil under finalen bli servering av mat og drikke til de fremm\u00f8tte.\u00a0<\/span><\/p>\n","protected":false},"excerpt":{"rendered":"<p>Hvert \u00e5r arrangerer Competitions Forhandlingskonkurransen. Det er kun et f\u00e5tall av juridiske konflikter som ender i retten, og forhandlinger er en del av hverdagen til jurister. I Forhandlingskonkurransen vil ikke deltakerne pr\u00f8ves i juridisk metode, men i forhandlingsteknikk.\u00a0Konkurransen gir dermed en god mulighet til \u00e5 \u00f8ve seg p\u00e5 en yrkesrelevant situasjon, som i liten grad [&hellip;]<\/p>\n","protected":false},"author":12,"featured_media":0,"parent":29,"menu_order":0,"comment_status":"closed","ping_status":"closed","template":"","meta":{"footnotes":""},"class_list":["post-1859","page","type-page","status-publish","hentry"],"_links":{"self":[{"href":"https:\/\/elsa.no\/bergen\/wp-json\/wp\/v2\/pages\/1859","targetHints":{"allow":["GET"]}}],"collection":[{"href":"https:\/\/elsa.no\/bergen\/wp-json\/wp\/v2\/pages"}],"about":[{"href":"https:\/\/elsa.no\/bergen\/wp-json\/wp\/v2\/types\/page"}],"author":[{"embeddable":true,"href":"https:\/\/elsa.no\/bergen\/wp-json\/wp\/v2\/users\/12"}],"replies":[{"embeddable":true,"href":"https:\/\/elsa.no\/bergen\/wp-json\/wp\/v2\/comments?post=1859"}],"version-history":[{"count":46,"href":"https:\/\/elsa.no\/bergen\/wp-json\/wp\/v2\/pages\/1859\/revisions"}],"predecessor-version":[{"id":5070,"href":"https:\/\/elsa.no\/bergen\/wp-json\/wp\/v2\/pages\/1859\/revisions\/5070"}],"up":[{"embeddable":true,"href":"https:\/\/elsa.no\/bergen\/wp-json\/wp\/v2\/pages\/29"}],"wp:attachment":[{"href":"https:\/\/elsa.no\/bergen\/wp-json\/wp\/v2\/media?parent=1859"}],"curies":[{"name":"wp","href":"https:\/\/api.w.org\/{rel}","templated":true}]}}