{"id":1849,"date":"2022-01-17T12:00:31","date_gmt":"2022-01-17T11:00:31","guid":{"rendered":"http:\/\/elsa.no\/bergen\/?page_id=1849"},"modified":"2025-02-03T21:41:23","modified_gmt":"2025-02-03T20:41:23","slug":"kurs","status":"publish","type":"page","link":"https:\/\/elsa.no\/bergen\/competitions\/forhandlingskonkurransen\/kurs\/","title":{"rendered":"Forhandlingskurset"},"content":{"rendered":"<h3>Forhandlingskurs 2025<\/h3>\n<p>I forbindelse med Forhandlingskonkurransen 2025 arrangerer Advokatfirmaet Schj\u00f8dt forhandlingskurs! Forhandlingskurset avholdes mandag 10. februar kl 17.00 i Schj\u00f8dt sine lokaler i C. Sundts gate 17. Kurset holdes av advokat Torkel Hope og Tobias \u00d8ren.<\/p>\n<p>Forhandlingssituasjoner er noe de fleste jurister regelmessig vil m\u00f8te p\u00e5 i l\u00f8pet av karrieren. Forhandlinger st\u00e5r sentralt i kompliserte transaksjoner og i tvister som ikke ender opp hos domstolene. Sannsynligheten for \u00e5 forhandle frem et godt resultat \u00f8ker dersom man har kunnskap og erfaring med forhandlingsteknikk. P\u00e5 forhandlingskurset vil man f\u00e5 et innblikk i nettopp dette, noe som kan komme godt med i arbeidslivet!<\/p>\n<p>Alle studenter ved alle \u00e5rskull er velkommen til \u00e5 delta p\u00e5 kurset. Det er ikke krav om deltakelse i konkurransen for \u00e5 v\u00e6re med p\u00e5 kurset.<\/p>\n<p>Det serveres pizza og brus.<\/p>\n<p>P\u00e5melding til kurset \u00e5pner onsdag 5. februar kl. 12.00 i Facebook-arrangementet.<br \/>\nDet er begrenset antall plasser, s\u00e5 sitt klar n\u00e5r p\u00e5meldingen \u00e5pner!<\/p>\n<p>Studentene som melder seg p\u00e5 selve konkurransen vil i tillegg f\u00e5 oppf\u00f8lgning og veiledning fra erfarne Schj\u00f8dt-advokater i forkant av forhandlingene.<\/p>\n<p>I Forhandlingskonkurransen er det plass til \u00e5tte lag best\u00e5ende av to studenter.<br \/>\nOppgavene stiller ikke krav til forkunnskaper om s\u00e6rskilte rettsomr\u00e5der. Konkurransen gir verdifull kunnskap som ikke tilegnes under alminnelig studiel\u00f8p, og er et sted hvor studenter fra alle kull kan briljere.<\/p>\n<p>Vinnerne av konkurransen f\u00e5r en pengepremie p\u00e5 6000 kr. Andreplassen vinner et bygavekort hver p\u00e5 2000 kr.<\/p>\n<p>Forhandlingskonkurransen avholdes p\u00e5 ettermiddagen p\u00e5 f\u00f8lgende datoer:<br \/>\n\u2013 Forhandlingskurs: 10. februar<\/p>\n<p>\u2013 Innledende runde: 13. februar<\/p>\n<p>\u2013 Semifinaler: 17. februar<\/p>\n<p>\u2013 Finale: 21. februar<\/p>\n<p>Sjekk ut arrangementet p\u00e5 Facebook for p\u00e5melding til selve Forhandlingskonkurransen: \u00a0<a href=\"https:\/\/fb.me\/e\/GD1NtogLQ\u200b\">Forhandlingskonkurransen\u200b-link<\/a><\/p>\n","protected":false},"excerpt":{"rendered":"<p>Forhandlingskurs 2025 I forbindelse med Forhandlingskonkurransen 2025 arrangerer Advokatfirmaet Schj\u00f8dt forhandlingskurs! Forhandlingskurset avholdes mandag 10. februar kl 17.00 i Schj\u00f8dt sine lokaler i C. Sundts gate 17. Kurset holdes av advokat Torkel Hope og Tobias \u00d8ren. Forhandlingssituasjoner er noe de fleste jurister regelmessig vil m\u00f8te p\u00e5 i l\u00f8pet av karrieren. Forhandlinger st\u00e5r sentralt i kompliserte [&hellip;]<\/p>\n","protected":false},"author":12,"featured_media":0,"parent":1748,"menu_order":0,"comment_status":"closed","ping_status":"closed","template":"","meta":{"footnotes":""},"class_list":["post-1849","page","type-page","status-publish","hentry"],"_links":{"self":[{"href":"https:\/\/elsa.no\/bergen\/wp-json\/wp\/v2\/pages\/1849","targetHints":{"allow":["GET"]}}],"collection":[{"href":"https:\/\/elsa.no\/bergen\/wp-json\/wp\/v2\/pages"}],"about":[{"href":"https:\/\/elsa.no\/bergen\/wp-json\/wp\/v2\/types\/page"}],"author":[{"embeddable":true,"href":"https:\/\/elsa.no\/bergen\/wp-json\/wp\/v2\/users\/12"}],"replies":[{"embeddable":true,"href":"https:\/\/elsa.no\/bergen\/wp-json\/wp\/v2\/comments?post=1849"}],"version-history":[{"count":25,"href":"https:\/\/elsa.no\/bergen\/wp-json\/wp\/v2\/pages\/1849\/revisions"}],"predecessor-version":[{"id":5074,"href":"https:\/\/elsa.no\/bergen\/wp-json\/wp\/v2\/pages\/1849\/revisions\/5074"}],"up":[{"embeddable":true,"href":"https:\/\/elsa.no\/bergen\/wp-json\/wp\/v2\/pages\/1748"}],"wp:attachment":[{"href":"https:\/\/elsa.no\/bergen\/wp-json\/wp\/v2\/media?parent=1849"}],"curies":[{"name":"wp","href":"https:\/\/api.w.org\/{rel}","templated":true}]}}