{"id":1597,"date":"2017-11-05T16:10:47","date_gmt":"2017-11-05T15:10:47","guid":{"rendered":"http:\/\/elsa.no\/bergen\/?page_id=1597"},"modified":"2025-09-06T20:03:02","modified_gmt":"2025-09-06T18:03:02","slug":"samarbeidspartnere","status":"publish","type":"page","link":"https:\/\/elsa.no\/bergen\/samarbeidspartnere\/","title":{"rendered":"Samarbeidspartnere"},"content":{"rendered":"<section  class='av_textblock_section av-m3ai30ec-31aa255b253aecea5ce0ec096d0aa96d'  itemscope=\"itemscope\" itemtype=\"https:\/\/schema.org\/CreativeWork\" ><div class='avia_textblock'  itemprop=\"text\" ><h3><\/h3>\n<h3><span style=\"font-size: 1.17em;line-height: 1.5em\">Hovedsamarbeidspartner for ELSA Bergens Prosedyrekonkurranse<\/span><\/h3>\n<h3><a href=\"https:\/\/elsa.no\/bergen\/files\/2025\/08\/CMS_Kluge_Teal_RGB_PNG.png\"><img loading=\"lazy\" decoding=\"async\" class=\"size-full wp-image-5140 aligncenter\" src=\"https:\/\/elsa.no\/bergen\/files\/2025\/08\/CMS_Kluge_Teal_RGB_PNG.png\" alt=\"\" width=\"568\" height=\"100\" srcset=\"https:\/\/elsa.no\/bergen\/files\/2025\/08\/CMS_Kluge_Teal_RGB_PNG.png 568w, https:\/\/elsa.no\/bergen\/files\/2025\/08\/CMS_Kluge_Teal_RGB_PNG-300x53.png 300w\" sizes=\"auto, (max-width: 568px) 100vw, 568px\" \/><\/a><\/h3>\n<h3><\/h3>\n<p style=\"font-weight: 400\">ELSA Bergens hovedsamarbeidspartner for prosedyrekonkurransen er CMS Kluge Advokatfirma. CMS Kluge er et fullservice forretningsadvokatfirma, med kontorer i Oslo, Stavanger og Bergen. Kluge ble etablert i Stavanger i 1923 og har siden v\u00e6rt en historie om kontinuerlig vekst. CMS Kluge er en foretrukken r\u00e5dgiver og diskusjonspartner for mange av de mest sentrale akt\u00f8rene i norsk n\u00e6ringsliv, og har et solid internasjonalt nettverk.<\/p>\n<p style=\"font-weight: 400\">CMS Kluges klienter er i f\u00f8rste rekke store og mellomstore private n\u00e6ringslivsbedrifter. I tillegg bist\u00e5r firmaet offentlige etater p\u00e5 en rekke oppdrag.<\/p>\n<p style=\"font-weight: 400\"><a name=\"jfbund\"><\/a>Les mer om CMS Kluge og deres studenttilbud p\u00e5<strong> <a title=\"https:\/\/cms.law\/no\/nor\/jobbmuligheter\/jobb-for-cms-kluge\" href=\"https:\/\/cms.law\/no\/nor\/jobbmuligheter\/jobb-for-cms-kluge\" data-ogsc=\"\">cms.law\/karriere.<\/a> <\/strong><\/p>\n<h3><\/h3>\n<hr \/>\n<h3>Samarbeidspartner<\/h3>\n<p><a href=\"http:\/\/www.advokatforeningen.no\/\" target=\"_blank\" rel=\"noopener\"><img decoding=\"async\" class=\"aligncenter wp-image-4988 size-full\" src=\"https:\/\/elsa.no\/bergen\/files\/2024\/11\/AF-Logo-RGB.svg\" alt=\"Advokatforeningen\" \/><\/a><\/p>\n<p style=\"text-align: center\">\n<p>Advokatforeningen er advokatenes profesjons- og interesseorganisasjon i Norge.\u00a0Deres m\u00e5l er en advokatstand med h\u00f8y faglig standard, god yrkesetikk og med gode rammevilk\u00e5r. Foreningen skal v\u00e6re advokatenes fremste arena for rettspolitisk engasjement.<\/p>\n<p>Foreningen har fire satsningsomr\u00e5der:<\/p>\n<ul>\n<li>Sikre advokater gode rammevilk\u00e5r<\/li>\n<\/ul>\n<ul>\n<li>Fremme rettssikkerhet og rettsstatlige prinsipper<\/li>\n<\/ul>\n<ul>\n<li>Utvikle regler for god advokatskikk og drive advokatenes disiplin\u00e6rordning<\/li>\n<\/ul>\n<ul>\n<li>Gi medlemsservice i form av r\u00e5dgivning og medlemstilbud<\/li>\n<\/ul>\n<p><a name=\"norli\"><\/a>Les mer om Advokatforeningen p\u00e5\u00a0<strong><a href=\"http:\/\/www.advokatforeningen.no\/\" target=\"_blank\" rel=\"noopener\">www.advokatforeningen.no<\/a><\/strong><\/p>\n<p><a href=\"https:\/\/elsa.no\/bergen\/files\/2024\/11\/af-logo-rgbwhite-sml.png\"><img loading=\"lazy\" decoding=\"async\" class=\"alignright size-full wp-image-5001\" src=\"https:\/\/elsa.no\/bergen\/files\/2024\/11\/af-logo-rgbwhite-sml.png\" alt=\"\" width=\"576\" height=\"71\" srcset=\"https:\/\/elsa.no\/bergen\/files\/2024\/11\/af-logo-rgbwhite-sml.png 576w, https:\/\/elsa.no\/bergen\/files\/2024\/11\/af-logo-rgbwhite-sml-300x37.png 300w\" sizes=\"auto, (max-width: 576px) 100vw, 576px\" \/><\/a><\/p>\n<hr \/>\n<\/div><\/section>\n","protected":false},"excerpt":{"rendered":"","protected":false},"author":12,"featured_media":0,"parent":0,"menu_order":0,"comment_status":"closed","ping_status":"closed","template":"","meta":{"footnotes":""},"class_list":["post-1597","page","type-page","status-publish","hentry"],"_links":{"self":[{"href":"https:\/\/elsa.no\/bergen\/wp-json\/wp\/v2\/pages\/1597","targetHints":{"allow":["GET"]}}],"collection":[{"href":"https:\/\/elsa.no\/bergen\/wp-json\/wp\/v2\/pages"}],"about":[{"href":"https:\/\/elsa.no\/bergen\/wp-json\/wp\/v2\/types\/page"}],"author":[{"embeddable":true,"href":"https:\/\/elsa.no\/bergen\/wp-json\/wp\/v2\/users\/12"}],"replies":[{"embeddable":true,"href":"https:\/\/elsa.no\/bergen\/wp-json\/wp\/v2\/comments?post=1597"}],"version-history":[{"count":31,"href":"https:\/\/elsa.no\/bergen\/wp-json\/wp\/v2\/pages\/1597\/revisions"}],"predecessor-version":[{"id":5168,"href":"https:\/\/elsa.no\/bergen\/wp-json\/wp\/v2\/pages\/1597\/revisions\/5168"}],"wp:attachment":[{"href":"https:\/\/elsa.no\/bergen\/wp-json\/wp\/v2\/media?parent=1597"}],"curies":[{"name":"wp","href":"https:\/\/api.w.org\/{rel}","templated":true}]}}