{"id":1456,"date":"2017-09-27T11:30:23","date_gmt":"2017-09-27T09:30:23","guid":{"rendered":"http:\/\/elsa.no\/bergen\/?page_id=1456"},"modified":"2025-08-25T01:10:41","modified_gmt":"2025-08-24T23:10:41","slug":"prosedyrekonkurranse","status":"publish","type":"page","link":"https:\/\/elsa.no\/bergen\/competitions\/prosedyrekonkurranse\/","title":{"rendered":"Prosedyrekonkurransen"},"content":{"rendered":"<h3><strong>ELSA Bergens <\/strong><strong>Regionale Prosedyrekonkurranse<\/strong><\/h3>\n<p>En prosedyrekonkurranse er i korte trekk en fiktiv rettssak, som gir jusstudentene en forsmak p\u00e5 hvordan det er \u00e5 opptre p\u00e5 vegne av en klient foran en domstol. Som advokat er det n\u00f8dvendig \u00e5 kunne representere sin sak p\u00e5 best mulig m\u00e5te, men i l\u00f8pet av jusstudiet er det lite fokus p\u00e5 prosedyre.<\/p>\n<p>ELSA sin prosedyrekonkurranse bidrar til at flere studenter f\u00e5r erfaring og kjennskap til denne viktige ferdigheten, og i samarbeid med CMS Kluge Advokatfirma har vi gleden av \u00e5 arrangere ELSA Bergen Regionale Prosedyrekonkurranse.<\/p>\n<p>Prosedyrekonkurransen er en krevende konkurranse, og mye arbeid legges ned av deltagerne. Det er derfor en glede for oss \u00e5 kunne premiere vinnerlaget ved fakultetet i Bergen med praktikantopphold hos Kluge Advokatfirma, 10 studiepoeng og en pengepremie.<\/p>\n<p>I tillegg vil semifinalelagene motta invitasjon til CMS Kluges prosedyrekurs. Kurset er i CMS Kluges lokaler i Bergen sentrum og holdes av to drevne prosedyreadvokater. Det vil v\u00e6re servering av mat og drikke, og du vil f\u00e5 anledning til \u00e5 stille de sp\u00f8rsm\u00e5lene du m\u00e5tte ha om temaet.<\/p>\n<p>ELSA Bergens hovedsamarbeidspartner i Prosedyrekonkurransen:<\/p>\n<p><a href=\"https:\/\/elsa.no\/bergen\/files\/2025\/08\/CMS_Kluge_Teal_RGB_PNG.png\"><img loading=\"lazy\" decoding=\"async\" class=\"wp-image-5140 size-full aligncenter\" src=\"https:\/\/elsa.no\/bergen\/files\/2025\/08\/CMS_Kluge_Teal_RGB_PNG.png\" alt=\"\" width=\"568\" height=\"100\" srcset=\"https:\/\/elsa.no\/bergen\/files\/2025\/08\/CMS_Kluge_Teal_RGB_PNG.png 568w, https:\/\/elsa.no\/bergen\/files\/2025\/08\/CMS_Kluge_Teal_RGB_PNG-300x53.png 300w\" sizes=\"auto, (max-width: 568px) 100vw, 568px\" \/><\/a><\/p>\n<p style=\"font-weight: 400\"><em>ELSA Bergens hovedsamarbeidspartner for prosedyrekonkurransen er CMS Kluge Advokatfirma. CMS Kluge er et fullservice forretningsadvokatfirma, med kontorer i Oslo, Stavanger og Bergen. Kluge ble etablert i Stavanger i 1923 og har siden v\u00e6rt en historie om kontinuerlig vekst. CMS Kluge er en foretrukken r\u00e5dgiver og diskusjonspartner for mange av de mest sentrale akt\u00f8rene i norsk n\u00e6ringsliv, og har et solid internasjonalt nettverk.<\/em><\/p>\n<p style=\"font-weight: 400\"><em>CMS Kluge har en sterk posisjon innen energi, eiendom, infrastruktur, teknologi og offentlig sektor. I 2021 ble Kluge en del av CMS, noe som har bidratt til \u00e5 styrke den internasjonale tilstedev\u00e6relsen betydelig. CMS Kluges kompetanseomr\u00e5der er selskapsrett\/M&amp;A, energi og klima, commercial, immaterialrett, teknologi\/media og kommunikasjon, eiendom og entreprise, infrastruktur og prosjekter, bank og finans, restrukturering og insolvens, b\u00f8rs\/verdipapirrett, private equity, tvistel\u00f8sning, arbeidsrett, konkurranse- og EU-rett, offentlige anskaffelser, forsikringsrett, life sciences &amp; helse, ESG og skatterett.<\/em><\/p>\n<p>Les mer om CMS Kluge og deres studenttilbud: <a title=\"https:\/\/cms.law\/no\/nor\/jobbmuligheter\/jobb-for-cms-kluge\" href=\"https:\/\/cms.law\/no\/nor\/jobbmuligheter\/jobb-for-cms-kluge\" data-ogsc=\"\">cms.law\/karriere.<\/a><\/p>\n<p>I l\u00f8pet av h\u00f8sten vil fire prosederinngslag ved fakultet i Bergen bli til ett, og vinnerlaget blir sendt videre til den nasjonale finalen.<\/p>\n<h4><strong>Konkurransens gang<\/strong><\/h4>\n<p>Deltagerne skal f\u00f8rst gjennom en skriftlig innledende runde, hvor studentene har \u00e9n uke p\u00e5 \u00e5 besvare en praktikumsoppgave med en ramme p\u00e5 2000 ord. De fire beste bidragene g\u00e5r videre til neste runde etter n\u00f8ye evaluering. Den videre prosessen best\u00e5r av to muntlige prosederingsrunder hvor lagene prosederer foran et dommerpanel best\u00e5ende av kunnskapsrike, profilerte jurister, med bakgrunn fra b\u00e5de advokat- og dommeryrket. Videre vil CMS Kluge Advokatfirma holde et prosedyrekurs. I tillegg til selve kurset vil deltakerne ha anledning til \u00e5 stille de sp\u00f8rsm\u00e5l de m\u00e5tte ha.<\/p>\n<p>I semifinalen f\u00e5r to og to lag prosedere for dommerpanelet. Med utgangspunkt i gitt oppgave f\u00e5r alle lagene prosedert, enten p\u00e5 vegne av saks\u00f8ker eller saks\u00f8kte. Dommerpanelet skal s\u00e5 velge de to beste lagene som g\u00e5r videre til den store finalen.<\/p>\n<p>I finalen er det et nytt dommerpanel, og de to lagene skal prosedere p\u00e5 vegne av saks\u00f8ker eller saks\u00f8kte. Etter at dommerne har utnevnt vinnerlaget og etter premiering, arrangeres det bankett for finalister, veiledere og dommere.<\/p>\n<h4><strong>Datoer for ELSA Bergen Regionale Prosedyrekonkurranse 2024<\/strong><\/h4>\n<p>Oppgaven til innledende runde blir publisert mandag 23. september, med innleveringsfrist s\u00f8ndag 29. september kl. 23.59. Semifinalen vil avholdes p\u00e5 Det juridiske fakultet onsdag 6. november og finalen finner sted 22.november i auditorium 1.<\/p>\n<div class=\"gmail_default\">Studenter og andre interesserte er hjertelig velkommen som publikum, s\u00e5 hold av datoene og bli med p\u00e5 h\u00f8stens st\u00f8rste begivenhet!<\/div>\n<p>F\u00f8lg <a href=\"https:\/\/www.facebook.com\/ELSABergenNorway\/\" target=\"_blank\" rel=\"noopener\">ELSA Bergen p\u00e5 Facebook<\/a> for oppdateringer.<\/p>\n","protected":false},"excerpt":{"rendered":"<p>ELSA Bergens Regionale Prosedyrekonkurranse En prosedyrekonkurranse er i korte trekk en fiktiv rettssak, som gir jusstudentene en forsmak p\u00e5 hvordan det er \u00e5 opptre p\u00e5 vegne av en klient foran en domstol. Som advokat er det n\u00f8dvendig \u00e5 kunne representere sin sak p\u00e5 best mulig m\u00e5te, men i l\u00f8pet av jusstudiet er det lite fokus [&hellip;]<\/p>\n","protected":false},"author":12,"featured_media":0,"parent":29,"menu_order":0,"comment_status":"closed","ping_status":"closed","template":"","meta":{"footnotes":""},"class_list":["post-1456","page","type-page","status-publish","hentry"],"_links":{"self":[{"href":"https:\/\/elsa.no\/bergen\/wp-json\/wp\/v2\/pages\/1456","targetHints":{"allow":["GET"]}}],"collection":[{"href":"https:\/\/elsa.no\/bergen\/wp-json\/wp\/v2\/pages"}],"about":[{"href":"https:\/\/elsa.no\/bergen\/wp-json\/wp\/v2\/types\/page"}],"author":[{"embeddable":true,"href":"https:\/\/elsa.no\/bergen\/wp-json\/wp\/v2\/users\/12"}],"replies":[{"embeddable":true,"href":"https:\/\/elsa.no\/bergen\/wp-json\/wp\/v2\/comments?post=1456"}],"version-history":[{"count":13,"href":"https:\/\/elsa.no\/bergen\/wp-json\/wp\/v2\/pages\/1456\/revisions"}],"predecessor-version":[{"id":5147,"href":"https:\/\/elsa.no\/bergen\/wp-json\/wp\/v2\/pages\/1456\/revisions\/5147"}],"up":[{"embeddable":true,"href":"https:\/\/elsa.no\/bergen\/wp-json\/wp\/v2\/pages\/29"}],"wp:attachment":[{"href":"https:\/\/elsa.no\/bergen\/wp-json\/wp\/v2\/media?parent=1456"}],"curies":[{"name":"wp","href":"https:\/\/api.w.org\/{rel}","templated":true}]}}