{"id":1388,"date":"2017-08-23T20:12:17","date_gmt":"2017-08-23T18:12:17","guid":{"rendered":"http:\/\/elsa.no\/bergen\/?page_id=1388"},"modified":"2018-03-11T00:43:35","modified_gmt":"2018-03-10T23:43:35","slug":"pameldinger","status":"publish","type":"page","link":"https:\/\/elsa.no\/bergen\/pameldinger\/","title":{"rendered":"P\u00e5meldinger"},"content":{"rendered":"<p><strong>20. august til 1. september 2018<\/strong> arrangerer ELSA Bergen studietur til Kambodsja. P\u00e5meldingsfrist er mandag den 29. januar klokken 23:59. <a href=\"https:\/\/elsa.no\/bergen\/2018\/01\/06\/studietur-til-kambodsja\/\" target=\"_blank\" rel=\"noopener\">Les mer her<\/a>.<\/p>\n<p>&nbsp;<\/p>\n<p><strong>6. til 8. april 2018<\/strong> arrangeres ELSA Norges landsm\u00f8te i Bergen. <a href=\"https:\/\/elsa.no\/bergen\/landsmote\/\">Les mer her<\/a>.<\/p>\n<p>&nbsp;<\/p>\n<p><strong>3. til 6. mai 2018<\/strong> arrangerer ELSA Bergen en liten studietur til Madrid. <strong>P\u00e5meldingen er n\u00e5 stengt<\/strong>. Les mer <strong><a href=\"https:\/\/elsa.no\/bergen\/2018\/03\/01\/bli-med-elsa-til-madrid\/\">her<\/a><\/strong>.<\/p>\n<p>&nbsp;<\/p>\n<p><strong>4. til 5. mai 2018<\/strong> arrangerer ELSA Bergen hyttetur til Varegghytten p\u00e5 Kvamskogen. <strong>P\u00e5meldingsfrist er 23. mars<\/strong>. Les mer <strong><a href=\"https:\/\/elsa.no\/bergen\/2018\/03\/06\/tid-for-hyttetur\/\">her<\/a><\/strong>.<\/p>\n<p>&nbsp;<\/p>\n<h5>Arrangementer som ikke krever p\u00e5melding:<\/h5>\n<p><strong>19. mars<\/strong> arrangerer ELSA Bergen \u00e5rets f\u00f8rste quiz. <a href=\"https:\/\/elsa.no\/bergen\/2018\/03\/11\/tid-for-quiz\/\">Les mer her<\/a>.<\/p>\n<p>F\u00f8lg med her og p\u00e5 <a href=\"https:\/\/www.facebook.com\/ELSABergenNorway\/\" target=\"_blank\" rel=\"noopener\">Facebook<\/a> for flere lenker til arrangement i regi av ELSA Bergen.<\/p>\n","protected":false},"excerpt":{"rendered":"<p>20. august til 1. september 2018 arrangerer ELSA Bergen studietur til Kambodsja. P\u00e5meldingsfrist er mandag den 29. januar klokken 23:59. Les mer her. &nbsp; 6. til 8. april 2018 arrangeres ELSA Norges landsm\u00f8te i Bergen. Les mer her. &nbsp; 3. til 6. mai 2018 arrangerer ELSA Bergen en liten studietur til Madrid. P\u00e5meldingen er n\u00e5 [&hellip;]<\/p>\n","protected":false},"author":12,"featured_media":0,"parent":0,"menu_order":0,"comment_status":"closed","ping_status":"closed","template":"","meta":{"footnotes":""},"class_list":["post-1388","page","type-page","status-publish","hentry"],"_links":{"self":[{"href":"https:\/\/elsa.no\/bergen\/wp-json\/wp\/v2\/pages\/1388","targetHints":{"allow":["GET"]}}],"collection":[{"href":"https:\/\/elsa.no\/bergen\/wp-json\/wp\/v2\/pages"}],"about":[{"href":"https:\/\/elsa.no\/bergen\/wp-json\/wp\/v2\/types\/page"}],"author":[{"embeddable":true,"href":"https:\/\/elsa.no\/bergen\/wp-json\/wp\/v2\/users\/12"}],"replies":[{"embeddable":true,"href":"https:\/\/elsa.no\/bergen\/wp-json\/wp\/v2\/comments?post=1388"}],"version-history":[{"count":40,"href":"https:\/\/elsa.no\/bergen\/wp-json\/wp\/v2\/pages\/1388\/revisions"}],"predecessor-version":[{"id":2256,"href":"https:\/\/elsa.no\/bergen\/wp-json\/wp\/v2\/pages\/1388\/revisions\/2256"}],"wp:attachment":[{"href":"https:\/\/elsa.no\/bergen\/wp-json\/wp\/v2\/media?parent=1388"}],"curies":[{"name":"wp","href":"https:\/\/api.w.org\/{rel}","templated":true}]}}